{"id":5519,"date":"2025-12-03T17:19:16","date_gmt":"2025-12-03T16:19:16","guid":{"rendered":"https:\/\/paripesa.app\/program-partnerski\/"},"modified":"2026-01-03T11:45:21","modified_gmt":"2026-01-03T10:45:21","slug":"chuong-trinh-tiep-thi-lien-ket","status":"publish","type":"page","link":"https:\/\/paripesa.app\/vi\/chuong-trinh-tiep-thi-lien-ket\/","title":{"rendered":"Ch\u01b0\u01a1ng tr\u00ecnh ti\u1ebfp th\u1ecb li\u00ean k\u1ebft Paripesa"},"content":{"rendered":"\n<h1 class=\"wp-block-heading\">\ud83d\udcbcCh\u01b0\u01a1ng tr\u00ecnh ti\u1ebfp th\u1ecb li\u00ean k\u1ebft Paripesa: tham gia Paripesa Partners v\u00e0 ki\u1ebfm ti\u1ec1n online<br><br><\/h1>\n\n\n\n<p>Ch\u01b0\u01a1ng tr\u00ecnh ti\u1ebfp th\u1ecb li\u00ean k\u1ebft Paripesa l\u00e0 c\u01a1 h\u1ed9i tuy\u1ec7t v\u1eddi cho b\u1ea5t k\u1ef3 ai mu\u1ed1n t\u1ea1o thu nh\u1eadp th\u1ee5 \u0111\u1ed9ng b\u1eb1ng c\u00e1ch qu\u1ea3ng b\u00e1 m\u1ed9t th\u01b0\u01a1ng hi\u1ec7u online uy t\u00edn. D\u00f9 b\u1ea1n l\u00e0 blogger, influencer hay l\u00e0m marketing s\u1ed1, ch\u01b0\u01a1ng tr\u00ecnh mang \u0111\u1ebfn m\u00f4 h\u00ecnh hoa h\u1ed3ng linh ho\u1ea1t, theo d\u00f5i theo th\u1eddi gian th\u1ef1c v\u00e0 b\u1ed9 c\u00f4ng c\u1ee5 qu\u1ea3ng b\u00e1 chuy\u00ean nghi\u1ec7p gi\u00fap b\u1ea1n d\u1ec5 d\u00e0ng t\u0103ng l\u01b0\u1ee3t ti\u1ebfp c\u1eadn v\u00e0 thu nh\u1eadp.<br><\/p>\n\n\n\n<div class=\"wp-block-buttons is-content-justification-center is-layout-flex wp-container-core-buttons-is-layout-16018d1d wp-block-buttons-is-layout-flex\">\n<div class=\"wp-block-button\"><a class=\"wp-block-button__link wp-element-button\" href=\"https:\/\/combodef.com\/L?tag=d_4824720m_147506c_&#038;site=4824720&#038;ad=147506\">Tham gia ngay<\/a><\/div>\n<\/div>\n\n\n\n<p>Paripesa Partners cung c\u1ea5p \u0111\u1ea7y \u0111\u1ee7 m\u1ecdi th\u1ee9 b\u1ea1n c\u1ea7n \u0111\u1ec3 th\u00e0nh c\u00f4ng \u2014 t\u1eeb ph\u00e2n t\u00edch chi ti\u1ebft tr\u00ean Paripesa Global \u0111\u1ebfn h\u1ed7 tr\u1ee3 c\u00e1 nh\u00e2n v\u00e0 thanh to\u00e1n nhanh. Sau khi \u0111\u0103ng k\u00fd, b\u1ea1n s\u1ebd nh\u1eadn \u0111\u01b0\u1ee3c m\u1ed9t li\u00ean k\u1ebft ti\u1ebfp th\u1ecb li\u00ean k\u1ebft ri\u00eang \u0111\u1ec3 chia s\u1ebb tr\u00ean m\u1ecdi n\u1ec1n t\u1ea3ng c\u1ee7a m\u00ecnh. Khi ng\u01b0\u1eddi d\u00f9ng \u0111\u0103ng k\u00fd qua li\u00ean k\u1ebft c\u1ee7a b\u1ea1n, b\u1ea1n s\u1ebd nh\u1eadn hoa h\u1ed3ng d\u1ef1a tr\u00ean m\u1ee9c \u0111\u1ed9 ho\u1ea1t \u0111\u1ed9ng c\u1ee7a h\u1ecd. V\u1edbi th\u01b0\u1edfng theo hi\u1ec7u su\u1ea5t v\u00e0 nhi\u1ec1u ph\u01b0\u01a1ng th\u1ee9c thanh to\u00e1n, \u0111\u00e2y l\u00e0 c\u00e1ch th\u00f4ng minh \u0111\u1ec3 ki\u1ebfm ti\u1ec1n t\u1eeb s\u1ef1 hi\u1ec7n di\u1ec7n online c\u1ee7a b\u1ea1n.<\/p>\n","protected":false},"excerpt":{"rendered":"<p>\ud83d\udcbcCh\u01b0\u01a1ng tr\u00ecnh ti\u1ebfp th\u1ecb li\u00ean k\u1ebft Paripesa: tham gia Paripesa Partners v\u00e0 ki\u1ebfm ti\u1ec1n online Ch\u01b0\u01a1ng tr\u00ecnh ti\u1ebfp th\u1ecb li\u00ean k\u1ebft Paripesa l\u00e0 c\u01a1 h\u1ed9i tuy\u1ec7t v\u1eddi cho b\u1ea5t k\u1ef3 ai mu\u1ed1n t\u1ea1o thu nh\u1eadp th\u1ee5 \u0111\u1ed9ng b\u1eb1ng c\u00e1ch qu\u1ea3ng b\u00e1 m\u1ed9t th\u01b0\u01a1ng hi\u1ec7u online uy t\u00edn. D\u00f9 b\u1ea1n l\u00e0 blogger, influencer hay l\u00e0m marketing [&hellip;]<\/p>\n","protected":false},"author":1,"featured_media":0,"parent":0,"menu_order":0,"comment_status":"closed","ping_status":"closed","template":"","meta":{"_sitemap_exclude":false,"_sitemap_priority":"","_sitemap_frequency":"","_monsterinsights_skip_tracking":false,"_monsterinsights_sitenote_active":false,"_monsterinsights_sitenote_note":"","_monsterinsights_sitenote_category":0,"footnotes":""},"class_list":["post-5519","page","type-page","status-publish","hentry"],"acf":[],"yoast_head":"<!-- This site is optimized with the Yoast SEO plugin v27.4 - https:\/\/yoast.com\/product\/yoast-seo-wordpress\/ -->\n<title>Ch\u01b0\u01a1ng tr\u00ecnh ti\u1ebfp th\u1ecb li\u00ean k\u1ebft Paripesa \u2013 tham gia Paripesa Partners v\u00e0 ki\u1ebfm ti\u1ec1n online<\/title>\n<meta name=\"description\" content=\"Kh\u00e1m ph\u00e1 ch\u01b0\u01a1ng tr\u00ecnh ti\u1ebfp th\u1ecb li\u00ean k\u1ebft Paripesa v\u00e0 b\u1eaft \u0111\u1ea7u c\u00f9ng Paripesa Partners. T\u1eadn d\u1ee5ng hoa h\u1ed3ng linh ho\u1ea1t, theo d\u00f5i theo th\u1eddi gian th\u1ef1c v\u00e0 h\u1ed7 tr\u1ee3 chuy\u00ean nghi\u1ec7p \u0111\u1ec3 t\u0103ng thu nh\u1eadp c\u1ee7a b\u1ea1n m\u1ed9t c\u00e1ch hi\u1ec7u qu\u1ea3.\" \/>\n<meta name=\"robots\" content=\"index, follow, max-snippet:-1, max-image-preview:large, max-video-preview:-1\" \/>\n<meta property=\"og:locale\" content=\"vi_VN\" \/>\n<meta property=\"og:type\" content=\"article\" \/>\n<meta property=\"og:url\" content=\"https:\/\/paripesa.app\/vi\/chuong-trinh-tiep-thi-lien-ket\/\" \/>\n<meta property=\"article:modified_time\" content=\"2026-01-03T10:45:21+00:00\" \/>\n<meta name=\"twitter:card\" content=\"summary_large_image\" \/>\n<meta name=\"twitter:label1\" content=\"Est. reading time\" \/>\n\t<meta name=\"twitter:data1\" content=\"1 minute\" \/>\n<!-- \/ Yoast SEO plugin. -->","yoast_head_json":{"title":"Ch\u01b0\u01a1ng tr\u00ecnh ti\u1ebfp th\u1ecb li\u00ean k\u1ebft Paripesa \u2013 tham gia Paripesa Partners v\u00e0 ki\u1ebfm ti\u1ec1n online","description":"Kh\u00e1m ph\u00e1 ch\u01b0\u01a1ng tr\u00ecnh ti\u1ebfp th\u1ecb li\u00ean k\u1ebft Paripesa v\u00e0 b\u1eaft \u0111\u1ea7u c\u00f9ng Paripesa Partners. T\u1eadn d\u1ee5ng hoa h\u1ed3ng linh ho\u1ea1t, theo d\u00f5i theo th\u1eddi gian th\u1ef1c v\u00e0 h\u1ed7 tr\u1ee3 chuy\u00ean nghi\u1ec7p \u0111\u1ec3 t\u0103ng thu nh\u1eadp c\u1ee7a b\u1ea1n m\u1ed9t c\u00e1ch hi\u1ec7u qu\u1ea3.","robots":{"index":"index","follow":"follow","max-snippet":"max-snippet:-1","max-image-preview":"max-image-preview:large","max-video-preview":"max-video-preview:-1"},"og_locale":"vi_VN","og_type":"article","og_url":"https:\/\/paripesa.app\/vi\/chuong-trinh-tiep-thi-lien-ket\/","article_modified_time":"2026-01-03T10:45:21+00:00","twitter_card":"summary_large_image","twitter_misc":{"Est. reading time":"1 minute"},"schema":{"@context":"https:\/\/schema.org","@graph":[{"@type":"WebPage","@id":"https:\/\/paripesa.app\/vi\/chuong-trinh-tiep-thi-lien-ket\/","url":"https:\/\/paripesa.app\/vi\/chuong-trinh-tiep-thi-lien-ket\/","name":"Ch\u01b0\u01a1ng tr\u00ecnh ti\u1ebfp th\u1ecb li\u00ean k\u1ebft Paripesa \u2013 tham gia Paripesa Partners v\u00e0 ki\u1ebfm ti\u1ec1n online","isPartOf":{"@id":"https:\/\/paripesa.app\/#website"},"datePublished":"2025-12-03T16:19:16+00:00","dateModified":"2026-01-03T10:45:21+00:00","description":"Kh\u00e1m ph\u00e1 ch\u01b0\u01a1ng tr\u00ecnh ti\u1ebfp th\u1ecb li\u00ean k\u1ebft Paripesa v\u00e0 b\u1eaft \u0111\u1ea7u c\u00f9ng Paripesa Partners. T\u1eadn d\u1ee5ng hoa h\u1ed3ng linh ho\u1ea1t, theo d\u00f5i theo th\u1eddi gian th\u1ef1c v\u00e0 h\u1ed7 tr\u1ee3 chuy\u00ean nghi\u1ec7p \u0111\u1ec3 t\u0103ng thu nh\u1eadp c\u1ee7a b\u1ea1n m\u1ed9t c\u00e1ch hi\u1ec7u qu\u1ea3.","breadcrumb":{"@id":"https:\/\/paripesa.app\/vi\/chuong-trinh-tiep-thi-lien-ket\/#breadcrumb"},"inLanguage":"vi-VN","potentialAction":[{"@type":"ReadAction","target":["https:\/\/paripesa.app\/vi\/chuong-trinh-tiep-thi-lien-ket\/"]}]},{"@type":"WebSite","@id":"https:\/\/paripesa.app\/#website","url":"https:\/\/paripesa.app\/","name":"paripesa","description":"Paripesa App download","publisher":{"@id":"https:\/\/paripesa.app\/#organization"},"potentialAction":[],"inLanguage":"vi-VN"},{"@type":"Organization","@id":"https:\/\/paripesa.app\/#organization","name":"paripesa","url":"https:\/\/paripesa.app\/","logo":{"@type":"ImageObject","inLanguage":"vi-VN","@id":"https:\/\/paripesa.app\/#\/schema\/logo\/image\/","url":"https:\/\/paripesa.app\/wp-content\/uploads\/2024\/10\/cropped-logo.png","contentUrl":"https:\/\/paripesa.app\/wp-content\/uploads\/2024\/10\/cropped-logo.png","width":281,"height":44,"caption":"paripesa"},"image":{"@id":"https:\/\/paripesa.app\/#\/schema\/logo\/image\/"}}]}},"_links":{"self":[{"href":"https:\/\/paripesa.app\/vi\/wp-json\/wp\/v2\/pages\/5519","targetHints":{"allow":["GET"]}}],"collection":[{"href":"https:\/\/paripesa.app\/vi\/wp-json\/wp\/v2\/pages"}],"about":[{"href":"https:\/\/paripesa.app\/vi\/wp-json\/wp\/v2\/types\/page"}],"author":[{"embeddable":true,"href":"https:\/\/paripesa.app\/vi\/wp-json\/wp\/v2\/users\/1"}],"replies":[{"embeddable":true,"href":"https:\/\/paripesa.app\/vi\/wp-json\/wp\/v2\/comments?post=5519"}],"version-history":[{"count":4,"href":"https:\/\/paripesa.app\/vi\/wp-json\/wp\/v2\/pages\/5519\/revisions"}],"predecessor-version":[{"id":5532,"href":"https:\/\/paripesa.app\/vi\/wp-json\/wp\/v2\/pages\/5519\/revisions\/5532"}],"wp:attachment":[{"href":"https:\/\/paripesa.app\/vi\/wp-json\/wp\/v2\/media?parent=5519"}],"curies":[{"name":"wp","href":"https:\/\/api.w.org\/{rel}","templated":true}]}}