{"id":5461,"date":"2025-12-03T16:53:21","date_gmt":"2025-12-03T15:53:21","guid":{"rendered":"https:\/\/paripesa.app\/responsible-gambling\/"},"modified":"2026-01-13T14:26:44","modified_gmt":"2026-01-13T13:26:44","slug":"danh-bac-co-trach-nhiem","status":"publish","type":"page","link":"https:\/\/paripesa.app\/vi\/danh-bac-co-trach-nhiem\/","title":{"rendered":"\u0110\u00e1nh b\u1ea1c c\u00f3 tr\u00e1ch nhi\u1ec7m"},"content":{"rendered":"\n<h1 class=\"wp-block-heading\"><span class=\"ez-toc-section\" id=\"Choi_co_trach_nhiem\"><\/span>Ch\u01a1i c\u00f3 tr\u00e1ch nhi\u1ec7m<span class=\"ez-toc-section-end\"><\/span><\/h1>\n\n\n<div id=\"ez-toc-container\" class=\"ez-toc-v2_0_82_2 counter-hierarchy ez-toc-counter ez-toc-custom ez-toc-container-direction\">\n<div class=\"ez-toc-title-container\">\n<p class=\"ez-toc-title\" style=\"cursor:inherit\">Table of Contents<\/p>\n<span class=\"ez-toc-title-toggle\"><a href=\"#\" class=\"ez-toc-pull-right ez-toc-btn ez-toc-btn-xs ez-toc-btn-default ez-toc-toggle\" aria-label=\"Toggle Table of Content\"><span class=\"ez-toc-js-icon-con\"><span class=\"\"><span class=\"eztoc-hide\" style=\"display:none;\">Toggle<\/span><span class=\"ez-toc-icon-toggle-span\"><svg style=\"fill: #999;color:#999\" xmlns=\"http:\/\/www.w3.org\/2000\/svg\" class=\"list-377408\" width=\"20px\" height=\"20px\" viewBox=\"0 0 24 24\" fill=\"none\"><path d=\"M6 6H4v2h2V6zm14 0H8v2h12V6zM4 11h2v2H4v-2zm16 0H8v2h12v-2zM4 16h2v2H4v-2zm16 0H8v2h12v-2z\" fill=\"currentColor\"><\/path><\/svg><svg style=\"fill: #999;color:#999\" class=\"arrow-unsorted-368013\" xmlns=\"http:\/\/www.w3.org\/2000\/svg\" width=\"10px\" height=\"10px\" viewBox=\"0 0 24 24\" version=\"1.2\" baseProfile=\"tiny\"><path d=\"M18.2 9.3l-6.2-6.3-6.2 6.3c-.2.2-.3.4-.3.7s.1.5.3.7c.2.2.4.3.7.3h11c.3 0 .5-.1.7-.3.2-.2.3-.5.3-.7s-.1-.5-.3-.7zM5.8 14.7l6.2 6.3 6.2-6.3c.2-.2.3-.5.3-.7s-.1-.5-.3-.7c-.2-.2-.4-.3-.7-.3h-11c-.3 0-.5.1-.7.3-.2.2-.3.5-.3.7s.1.5.3.7z\"\/><\/svg><\/span><\/span><\/span><\/a><\/span><\/div>\n<nav><ul class='ez-toc-list ez-toc-list-level-1 eztoc-toggle-hide-by-default' ><li class='ez-toc-page-1 ez-toc-heading-level-1'><a class=\"ez-toc-link ez-toc-heading-1\" href=\"https:\/\/paripesa.app\/vi\/danh-bac-co-trach-nhiem\/#Choi_co_trach_nhiem\" >Ch\u01a1i c\u00f3 tr\u00e1ch nhi\u1ec7m<\/a><ul class='ez-toc-list-level-3' ><li class='ez-toc-heading-level-3'><ul class='ez-toc-list-level-3' ><li class='ez-toc-heading-level-3'><a class=\"ez-toc-link ez-toc-heading-2\" href=\"https:\/\/paripesa.app\/vi\/danh-bac-co-trach-nhiem\/#Cam_ket_cua_chung_toi\" >Cam k\u1ebft c\u1ee7a ch\u00fang t\u00f4i<\/a><\/li><li class='ez-toc-page-1 ez-toc-heading-level-3'><a class=\"ez-toc-link ez-toc-heading-3\" href=\"https:\/\/paripesa.app\/vi\/danh-bac-co-trach-nhiem\/#Bao_ve_tre_em\" >B\u1ea3o v\u1ec7 tr\u1ebb em<\/a><\/li><li class='ez-toc-page-1 ez-toc-heading-level-3'><a class=\"ez-toc-link ez-toc-heading-4\" href=\"https:\/\/paripesa.app\/vi\/danh-bac-co-trach-nhiem\/#Ban_co_can_kiem_tra_thoi_quen_choi_cua_minh_khong\" >B\u1ea1n c\u00f3 c\u1ea7n ki\u1ec3m tra th\u00f3i quen ch\u01a1i c\u1ee7a m\u00ecnh kh\u00f4ng?<\/a><\/li><li class='ez-toc-page-1 ez-toc-heading-level-3'><a class=\"ez-toc-link ez-toc-heading-5\" href=\"https:\/\/paripesa.app\/vi\/danh-bac-co-trach-nhiem\/#Meo_de_choi_an_toan_hon\" >M\u1eb9o \u0111\u1ec3 ch\u01a1i an to\u00e0n h\u01a1n<\/a><\/li><li class='ez-toc-page-1 ez-toc-heading-level-3'><a class=\"ez-toc-link ez-toc-heading-6\" href=\"https:\/\/paripesa.app\/vi\/danh-bac-co-trach-nhiem\/#Dat_gioi_han_va_tu_loai_tru\" >\u0110\u1eb7t gi\u1edbi h\u1ea1n v\u00e0 t\u1ef1 lo\u1ea1i tr\u1eeb<\/a><\/li><li class='ez-toc-page-1 ez-toc-heading-level-3'><a class=\"ez-toc-link ez-toc-heading-7\" href=\"https:\/\/paripesa.app\/vi\/danh-bac-co-trach-nhiem\/#Nguon_ho_tro_choi_co_trach_nhiem\" >Ngu\u1ed3n h\u1ed7 tr\u1ee3 ch\u01a1i c\u00f3 tr\u00e1ch nhi\u1ec7m<\/a><\/li><\/ul><\/li><\/ul><\/li><\/ul><\/nav><\/div>\n\n\n\n\n<p>Ch\u01a1i tr\u00ean <a href=\"https:\/\/paripesa.app\/vi\/\">Paripesa APP<\/a> l\u00e0 vui \u2013 l\u00e0 m\u1ed9t h\u00ecnh th\u1ee9c gi\u1ea3i tr\u00ed, kh\u00f4ng ph\u1ea3i c\u00e1ch \u0111\u1ec3 ki\u1ebfm ti\u1ec1n hay gi\u1ea3i quy\u1ebft v\u1ea5n \u0111\u1ec1 t\u00e0i ch\u00ednh. Khi vi\u1ec7c ch\u01a1i kh\u00f4ng c\u00f2n mang l\u1ea1i ni\u1ec1m vui v\u00e0 b\u1eaft \u0111\u1ea7u g\u00e2y c\u0103ng th\u1eb3ng, n\u1ee3 n\u1ea7n ho\u1eb7c m\u00e2u thu\u1eabn v\u1edbi ng\u01b0\u1eddi th\u00e2n, \u0111\u00f3 c\u00f3 th\u1ec3 l\u00e0 d\u1ea5u hi\u1ec7u c\u1ee7a v\u1ea5n \u0111\u1ec1 li\u00ean quan \u0111\u1ebfn c\u1edd b\u1ea1c.<\/p>\n\n\n\n<p>Ch\u01a1i qu\u00e1 m\u1ee9c c\u00f3 th\u1ec3 li\u00ean quan \u0111\u1ebfn s\u1ee9c kh\u1ecfe tinh th\u1ea7n k\u00e9m, bao g\u1ed3m lo \u00e2u, tr\u1ea7m c\u1ea3m v\u00e0 th\u1eadm ch\u00ed \u00fd ngh\u0129 t\u1ef1 t\u1eed. N\u00f3 c\u0169ng c\u00f3 th\u1ec3 \u1ea3nh h\u01b0\u1edfng \u0111\u1ebfn m\u1ed1i quan h\u1ec7 gia \u0111\u00ecnh, c\u00f4ng vi\u1ec7c ho\u1eb7c h\u1ecdc t\u1eadp, v\u00e0 d\u1eabn \u0111\u1ebfn kh\u00f3 kh\u0103n t\u00e0i ch\u00ednh nghi\u00eam tr\u1ecdng.<\/p>\n\n\n\n<h3 class=\"wp-block-heading\"><span class=\"ez-toc-section\" id=\"Cam_ket_cua_chung_toi\"><\/span>Cam k\u1ebft c\u1ee7a ch\u00fang t\u00f4i<span class=\"ez-toc-section-end\"><\/span><\/h3>\n\n\n\n<ul class=\"wp-block-list\">\n<li>Ch\u00fang t\u00f4i kh\u00f4ng cho ph\u00e9p ng\u01b0\u1eddi ch\u01b0a \u0111\u1ee7 tu\u1ed5i tham gia. D\u1ecbch v\u1ee5 c\u1ee7a ch\u00fang t\u00f4i ch\u1ec9 d\u00e0nh cho ng\u01b0\u1eddi tr\u01b0\u1edfng th\u00e0nh (t\u1ed1i thi\u1ec3u 18+ v\u00e0\/ho\u1eb7c theo \u0111\u1ed9 tu\u1ed5i h\u1ee3p ph\u00e1p t\u1ea1i Vi\u1ec7t Nam t\u00f9y t\u1eebng h\u00ecnh th\u1ee9c). L\u01b0u \u00fd: m\u1ed9t s\u1ed1 ho\u1ea1t \u0111\u1ed9ng\/\u0111\u1ecba \u0111i\u1ec3m h\u1ee3p ph\u00e1p t\u1ea1i Vi\u1ec7t Nam c\u00f3 th\u1ec3 y\u00eau c\u1ea7u 21+ (v\u00ed d\u1ee5, c\u00f4ng d\u00e2n Vi\u1ec7t Nam tham gia casino theo ch\u01b0\u01a1ng tr\u00ecnh th\u00ed \u0111i\u1ec3m ph\u1ea3i t\u1eeb \u0111\u1ee7 21 tu\u1ed5i v\u00e0 \u0111\u00e1p \u1ee9ng \u0111i\u1ec1u ki\u1ec7n theo quy \u0111\u1ecbnh). <\/li>\n\n\n\n<li>Ch\u00fang t\u00f4i kh\u00f4ng nh\u1eafm m\u1ee5c ti\u00eau \u0111\u1ebfn tr\u1ebb v\u1ecb th\u00e0nh ni\u00ean ho\u1eb7c nh\u00f3m d\u1ec5 t\u1ed5n th\u01b0\u01a1ng trong qu\u1ea3ng c\u00e1o, t\u00e0i tr\u1ee3 ho\u1eb7c ho\u1ea1t \u0111\u1ed9ng marketing.<\/li>\n\n\n\n<li>Ch\u00fang t\u00f4i th\u01b0\u1eddng xuy\u00ean x\u00e1c minh \u0111\u1ed9 tu\u1ed5i c\u1ee7a kh\u00e1ch h\u00e0ng. N\u1ebfu kh\u00f4ng th\u1ec3 x\u00e1c nh\u1eadn, ch\u00fang t\u00f4i s\u1ebd y\u00eau c\u1ea7u cung c\u1ea5p th\u00eam gi\u1ea5y t\u1edd.<\/li>\n\n\n\n<li>Cho \u0111\u1ebfn khi \u0111\u1ed9 tu\u1ed5i \u0111\u01b0\u1ee3c x\u00e1c minh, quy\u1ec1n truy c\u1eadp t\u00e0i kho\u1ea3n c\u00f3 th\u1ec3 b\u1ecb h\u1ea1n ch\u1ebf v\u00e0 ti\u1ec1n c\u00f3 th\u1ec3 b\u1ecb t\u1ea1m gi\u1eef \u0111\u1ec3 \u0111\u1ea3m b\u1ea3o b\u1ea1n \u0111\u1ee7 \u0111i\u1ec1u ki\u1ec7n ph\u00e1p l\u00fd s\u1eed d\u1ee5ng d\u1ecbch v\u1ee5.<\/li>\n\n\n\n<li>Qu\u1ea3ng c\u00e1o c\u1ee7a ch\u00fang t\u00f4i kh\u00f4ng h\u1ee9a h\u1eb9n th\u1eafng ch\u1eafc ho\u1eb7c che gi\u1ea5u r\u1ee7i ro c\u1ee7a c\u1edd b\u1ea1c. Ch\u00fang t\u00f4i khuy\u1ebfn kh\u00edch ch\u01a1i \u0111i\u1ec1u \u0111\u1ed9 v\u00e0 c\u00f3 tr\u00e1ch nhi\u1ec7m.<\/li>\n<\/ul>\n\n\n\n<h3 class=\"wp-block-heading\"><span class=\"ez-toc-section\" id=\"Bao_ve_tre_em\"><\/span>B\u1ea3o v\u1ec7 tr\u1ebb em<span class=\"ez-toc-section-end\"><\/span><\/h3>\n\n\n\n<p>N\u1ebfu b\u1ea1n d\u00f9ng chung m\u00e1y t\u00ednh ho\u1eb7c thi\u1ebft b\u1ecb di \u0111\u1ed9ng v\u1edbi ng\u01b0\u1eddi d\u01b0\u1edbi 18 tu\u1ed5i, vui l\u00f2ng \u0111\u1ea3m b\u1ea3o:<\/p>\n\n\n\n<ul class=\"wp-block-list\">\n<li>T\u00ean \u0111\u0103ng nh\u1eadp, m\u1eadt kh\u1ea9u v\u00e0 th\u00f4ng tin ng\u00e2n h\u00e0ng c\u1ee7a b\u1ea1n \u0111\u01b0\u1ee3c gi\u1eef k\u00edn v\u00e0 an to\u00e0n.<\/li>\n\n\n\n<li>Lu\u00f4n \u0111\u0103ng xu\u1ea5t kh\u1ecfi t\u00e0i kho\u1ea3n sau khi ch\u01a1i.<\/li>\n\n\n\n<li>C\u00e2n nh\u1eafc s\u1eed d\u1ee5ng ph\u1ea7n m\u1ec1m l\u1ecdc n\u1ed9i dung ho\u1eb7c ki\u1ec3m so\u00e1t c\u1ee7a ph\u1ee5 huynh (v\u00ed d\u1ee5: NetNanny ho\u1eb7c CyberPatrol) \u0111\u1ec3 ch\u1eb7n c\u00e1c trang web c\u1edd b\u1ea1c tr\u00ean thi\u1ebft b\u1ecb d\u00f9ng chung.<\/li>\n<\/ul>\n\n\n\n<h3 class=\"wp-block-heading\"><span class=\"ez-toc-section\" id=\"Ban_co_can_kiem_tra_thoi_quen_choi_cua_minh_khong\"><\/span>B\u1ea1n c\u00f3 c\u1ea7n ki\u1ec3m tra th\u00f3i quen ch\u01a1i c\u1ee7a m\u00ecnh kh\u00f4ng?<span class=\"ez-toc-section-end\"><\/span><\/h3>\n\n\n\n<p>H\u00e3y t\u1ef1 h\u1ecfi c\u00e1c c\u00e2u d\u01b0\u1edbi \u0111\u00e2y v\u00e0 tr\u1ea3 l\u1eddi \u201cC\u00f3\u201d ho\u1eb7c \u201cKh\u00f4ng\u201d m\u1ed9t c\u00e1ch trung th\u1ef1c:<\/p>\n\n\n\n<ul class=\"wp-block-list\">\n<li>Chi ti\u00eau cho vi\u1ec7c ch\u01a1i c\u1ee7a b\u1ea1n c\u00f3 \u0111ang b\u1eaft \u0111\u1ea7u v\u01b0\u1ee3t kh\u1ecfi t\u1ea7m ki\u1ec3m so\u00e1t kh\u00f4ng?<\/li>\n\n\n\n<li>B\u1ea1n \u0111\u00e3 t\u1eebng vay ti\u1ec1n ho\u1eb7c l\u1ea5y tr\u1ed9m \u0111\u1ec3 ti\u1ebfp t\u1ee5c ch\u01a1i ch\u01b0a?<\/li>\n\n\n\n<li>B\u1ea1n c\u00f3 d\u00e0nh \u00edt th\u1eddi gian h\u01a1n cho gia \u0111\u00ecnh v\u00e0 b\u1ea1n b\u00e8 v\u00ec c\u1edd b\u1ea1c kh\u00f4ng?<\/li>\n\n\n\n<li>Nh\u1eadn x\u00e9t c\u1ee7a ng\u01b0\u1eddi kh\u00e1c v\u1ec1 vi\u1ec7c b\u1ea1n ch\u01a1i c\u00f3 khi\u1ebfn b\u1ea1n c\u00e1u g\u1eaft ho\u1eb7c ph\u00f2ng th\u1ee7 kh\u00f4ng?<\/li>\n\n\n\n<li>B\u1ea1n c\u00f3 m\u1ea5t h\u1ee9ng th\u00fa v\u1edbi c\u00e1c s\u1edf th\u00edch\/ho\u1ea1t \u0111\u1ed9ng tr\u01b0\u1edbc \u0111\u00e2y t\u1eebng th\u00edch kh\u00f4ng?<\/li>\n\n\n\n<li>B\u1ea1n c\u00f3 c\u1ea3m th\u1ea5y bu\u1ed3n b\u00e3, tuy\u1ec7t v\u1ecdng ho\u1eb7c c\u00f3 \u00fd ngh\u0129 t\u1ef1 t\u1eed v\u00ec thua l\u1ed7 kh\u00f4ng?<\/li>\n\n\n\n<li>B\u1ea1n c\u00f3 t\u1eebng n\u00f3i d\u1ed1i v\u1ec1 th\u1eddi gian ho\u1eb7c s\u1ed1 ti\u1ec1n b\u1ea1n d\u00f9ng \u0111\u1ec3 ch\u01a1i kh\u00f4ng?<\/li>\n<\/ul>\n\n\n\n<p>N\u1ebfu b\u1ea1n tr\u1ea3 l\u1eddi \u201cC\u00f3\u201d cho ph\u1ea7n l\u1edbn c\u00e1c c\u00e2u h\u1ecfi tr\u00ean, b\u1ea1n c\u00f3 th\u1ec3 \u0111ang g\u1eb7p v\u1ea5n \u0111\u1ec1 v\u1edbi c\u1edd b\u1ea1c. B\u1ea1n kh\u00f4ng \u0111\u01a1n \u0111\u1ed9c, v\u00e0 lu\u00f4n c\u00f3 s\u1ef1 h\u1ed7 tr\u1ee3.<\/p>\n\n\n\n<h3 class=\"wp-block-heading\"><span class=\"ez-toc-section\" id=\"Meo_de_choi_an_toan_hon\"><\/span>M\u1eb9o \u0111\u1ec3 ch\u01a1i an to\u00e0n h\u01a1n<span class=\"ez-toc-section-end\"><\/span><\/h3>\n\n\n\n<ul class=\"wp-block-list\">\n<li>\u0110\u1eebng xem c\u1edd b\u1ea1c l\u00e0 ngu\u1ed3n thu nh\u1eadp ch\u00ednh.<\/li>\n\n\n\n<li>\u0110\u1eb7t ng\u00e2n s\u00e1ch v\u00e0 gi\u1edbi h\u1ea1n th\u1eddi gian tr\u01b0\u1edbc khi ch\u01a1i \u2013 v\u00e0 tu\u00e2n th\u1ee7 ch\u00fang.<\/li>\n\n\n\n<li>Ch\u1ec9 ch\u01a1i b\u1eb1ng s\u1ed1 ti\u1ec1n b\u1ea1n c\u00f3 th\u1ec3 ch\u1ea5p nh\u1eadn m\u1ea5t.<\/li>\n\n\n\n<li>\u0110\u1eebng c\u1ed1 g\u1ee1 thua \u2013 h\u00e3y coi thua l\u1ed7 l\u00e0 m\u1ed9t ph\u1ea7n c\u1ee7a cu\u1ed9c ch\u01a1i.<\/li>\n\n\n\n<li>Kh\u00f4ng ch\u01a1i khi b\u1ea1n m\u1ec7t m\u1ecfi, c\u0103ng th\u1eb3ng, \u0111ang ch\u1ecbu \u1ea3nh h\u01b0\u1edfng c\u1ee7a r\u01b0\u1ee3u\/bia ho\u1eb7c ch\u1ea5t k\u00edch th\u00edch, hay \u0111ang c\u00f3 t\u00e2m tr\u1ea1ng t\u1ec7.<\/li>\n<\/ul>\n\n\n\n<h3 class=\"wp-block-heading\"><span class=\"ez-toc-section\" id=\"Dat_gioi_han_va_tu_loai_tru\"><\/span>\u0110\u1eb7t gi\u1edbi h\u1ea1n v\u00e0 t\u1ef1 lo\u1ea1i tr\u1eeb<span class=\"ez-toc-section-end\"><\/span><\/h3>\n\n\n\n<p>N\u1ebfu b\u1ea1n c\u1ea3m th\u1ea5y vi\u1ec7c ch\u01a1i \u0111ang tr\u1edf th\u00e0nh v\u1ea5n \u0111\u1ec1, ch\u00fang t\u00f4i khuy\u1ebfn kh\u00edch b\u1ea1n s\u1eed d\u1ee5ng c\u00e1c c\u00f4ng c\u1ee5 ch\u01a1i an to\u00e0n h\u01a1n:<\/p>\n\n\n\n<ul class=\"wp-block-list\">\n<li><strong>Gi\u1edbi h\u1ea1n n\u1ea1p ti\u1ec1n v\u00e0 m\u1ee9c c\u01b0\u1ee3c:<\/strong> B\u1ea1n c\u00f3 th\u1ec3 \u0111\u1eb7t gi\u1edbi h\u1ea1n cho s\u1ed1 ti\u1ec1n b\u1ea1n \u0111\u1eb7t c\u01b0\u1ee3c. Vi\u1ec7c thay \u0111\u1ed5i c\u00e1c gi\u1edbi h\u1ea1n n\u00e0y c\u00f3 th\u1ec3 m\u1ea5t \u0111\u1ebfn 24 gi\u1edd \u0111\u1ec3 c\u00f3 hi\u1ec7u l\u1ef1c.<\/li>\n\n\n\n<li><strong>T\u1ef1 lo\u1ea1i tr\u1eeb:<\/strong> B\u1ea1n c\u00f3 th\u1ec3 y\u00eau c\u1ea7u t\u1ea1m th\u1eddi \u0111\u00f3ng t\u00e0i kho\u1ea3n ho\u1eb7c h\u1ea1n ch\u1ebf quy\u1ec1n truy c\u1eadp v\u00e0o ho\u1ea1t \u0111\u1ed9ng c\u1edd b\u1ea1c trong m\u1ed9t kho\u1ea3ng th\u1eddi gian b\u1ea1n ch\u1ecdn (v\u00ed d\u1ee5: 6 th\u00e1ng, 9 th\u00e1ng ho\u1eb7c 1 n\u0103m). Trong th\u1eddi gian n\u00e0y, b\u1ea1n kh\u00f4ng \u0111\u01b0\u1ee3c c\u1ed1 g\u1eafng m\u1edf t\u00e0i kho\u1ea3n m\u1edbi.<\/li>\n\n\n\n<li>Khi th\u1eddi h\u1ea1n t\u1ef1 lo\u1ea1i tr\u1eeb k\u1ebft th\u00fac, b\u1ea1n c\u00f3 th\u1ec3 li\u00ean h\u1ec7 v\u1edbi ch\u00fang t\u00f4i n\u1ebfu mu\u1ed1n s\u1eed d\u1ee5ng l\u1ea1i d\u1ecbch v\u1ee5. Y\u00eau c\u1ea7u g\u1ee1 h\u1ea1n ch\u1ebf tr\u01b0\u1edbc th\u1eddi h\u1ea1n s\u1ebd \u0111\u01b0\u1ee3c xem x\u00e9t c\u1ea9n tr\u1ecdng v\u00e0 c\u00f3 th\u1ec3 b\u1ecb t\u1eeb ch\u1ed1i.<\/li>\n\n\n\n<li>\u0110\u1ec3 \u0111\u1eb7t gi\u1edbi h\u1ea1n ho\u1eb7c y\u00eau c\u1ea7u t\u1ef1 lo\u1ea1i tr\u1eeb, vui l\u00f2ng li\u00ean h\u1ec7 \u0111\u1ed9i ng\u0169 H\u1ed7 tr\u1ee3 Kh\u00e1ch h\u00e0ng. Ch\u00fang t\u00f4i lu\u00f4n s\u1eb5n s\u00e0ng gi\u00fap b\u1ea1n ki\u1ec3m so\u00e1t vi\u1ec7c ch\u01a1i.<\/li>\n<\/ul>\n\n\n\n<h3 class=\"wp-block-heading\"><span class=\"ez-toc-section\" id=\"Nguon_ho_tro_choi_co_trach_nhiem\"><\/span>Ngu\u1ed3n h\u1ed7 tr\u1ee3 ch\u01a1i c\u00f3 tr\u00e1ch nhi\u1ec7m<span class=\"ez-toc-section-end\"><\/span><\/h3>\n\n\n\n<p>N\u1ebfu b\u1ea1n lo l\u1eafng v\u1ec1 vi\u1ec7c ch\u01a1i c\u1ee7a m\u00ecnh ho\u1eb7c c\u1ee7a ng\u01b0\u1eddi kh\u00e1c, lu\u00f4n c\u00f3 c\u00e1c h\u1ed7 tr\u1ee3 chuy\u00ean nghi\u1ec7p v\u00e0 b\u1ea3o m\u1eadt. D\u01b0\u1edbi \u0111\u00e2y l\u00e0 m\u1ed9t s\u1ed1 t\u1ed5 ch\u1ee9c\/ngu\u1ed3n h\u1ed7 tr\u1ee3 \u0111\u01b0\u1ee3c c\u00f4ng nh\u1eadn:<\/p>\n\n\n\n<ul class=\"wp-block-list\">\n<li><a href=\"https:\/\/www.gamblingtherapy.org\" target=\"_blank\" rel=\"noreferrer noopener\">Gambling Therapy<\/a> \u2013 H\u1ed7 tr\u1ee3 tr\u1ef1c tuy\u1ebfn mi\u1ec5n ph\u00ed v\u00e0 chat tr\u1ef1c ti\u1ebfp cho ng\u01b0\u1eddi b\u1ecb \u1ea3nh h\u01b0\u1edfng b\u1edfi c\u1edd b\u1ea1c tr\u00ean to\u00e0n th\u1ebf gi\u1edbi.<\/li>\n\n\n\n<li><a href=\"https:\/\/www.gamcare.org.uk\" target=\"_blank\" rel=\"noreferrer noopener\">GamCare<\/a> \u2013 Th\u00f4ng tin, t\u01b0 v\u1ea5n v\u00e0 h\u1ed7 tr\u1ee3 (bao g\u1ed3m chat tr\u1ef1c ti\u1ebfp v\u00e0 \u0111\u01b0\u1eddng d\u00e2y n\u00f3ng) cho ng\u01b0\u1eddi ch\u01a1i v\u00e0 gia \u0111\u00ecnh.<\/li>\n\n\n\n<li><a href=\"https:\/\/www.begambleaware.org\" target=\"_blank\" rel=\"noreferrer noopener\">BeGambleAware<\/a> \u2013 C\u00f4ng c\u1ee5, b\u00e0i t\u1ef1 \u0111\u00e1nh gi\u00e1 v\u00e0 h\u01b0\u1edbng d\u1eabn \u0111\u1ec3 ki\u1ec3m so\u00e1t vi\u1ec7c ch\u01a1i.<\/li>\n\n\n\n<li><a href=\"https:\/\/www.ncpgambling.org\" target=\"_blank\" rel=\"noreferrer noopener\">National Council on Problem Gambling (NCPG)<\/a> \u2013 T\u00e0i nguy\u00ean v\u00e0 \u0111\u01b0\u1eddng d\u00e2y h\u1ed7 tr\u1ee3, \u0111\u1eb7c bi\u1ec7t d\u00e0nh cho ng\u01b0\u1eddi ch\u01a1i t\u1ea1i Hoa K\u1ef3.<\/li>\n<\/ul>\n\n\n\n<p><strong>H\u1ed7 tr\u1ee3 kh\u1ea9n c\u1ea5p t\u1ea1i Vi\u1ec7t Nam:<\/strong> N\u1ebfu b\u1ea1n ho\u1eb7c ai \u0111\u00f3 c\u00f3 nguy c\u01a1 t\u1ef1 l\u00e0m h\u1ea1i b\u1ea3n th\u00e2n, h\u00e3y g\u1ecdi ngay s\u1ed1 c\u1ea5p c\u1ee9u \u0111\u1ecba ph\u01b0\u01a1ng. T\u1ea1i Vi\u1ec7t Nam th\u01b0\u1eddng d\u00f9ng: <strong>115<\/strong> (c\u1ea5p c\u1ee9u y t\u1ebf\/xe c\u1ee9u th\u01b0\u01a1ng), <strong>113<\/strong> (c\u00f4ng an), <strong>114<\/strong> (c\u1ee9u h\u1ecfa), v\u00e0 <strong>112<\/strong> (kh\u1ea9n c\u1ea5p chung tr\u00ean di \u0111\u1ed9ng). <\/p>\n\n\n\n<p><strong>\u0110\u01b0\u1eddng d\u00e2y h\u1ed7 tr\u1ee3 kh\u1ee7ng ho\u1ea3ng\/tinh th\u1ea7n (Vi\u1ec7t Nam):<\/strong> B\u1ea1n c\u0169ng c\u00f3 th\u1ec3 li\u00ean h\u1ec7 c\u00e1c k\u00eanh h\u1ed7 tr\u1ee3 sau (b\u1ea3o m\u1eadt, t\u00f9y d\u1ecbch v\u1ee5): <strong>1900 6233<\/strong> (Tam Ng\u00e0y Tr\u00f2 Chuy\u1ec7n \u2013 h\u1ed7 tr\u1ee3 kh\u1ee7ng ho\u1ea3ng), <strong>111<\/strong> (T\u1ed5ng \u0111\u00e0i Qu\u1ed1c gia B\u1ea3o v\u1ec7 Tr\u1ebb em), ho\u1eb7c c\u00e1c d\u1ecbch v\u1ee5 t\u01b0 v\u1ea5n\/\u0111\u01b0\u1eddng d\u00e2y n\u00f3ng \u0111\u01b0\u1ee3c li\u1ec7t k\u00ea theo t\u1eebng ch\u1ee7 \u0111\u1ec1 t\u1ea1i c\u00e1c danh b\u1ea1 h\u1ed7 tr\u1ee3 trong n\u01b0\u1edbc.<\/p>\n\n\n\n<p><\/p>\n\n","protected":false},"excerpt":{"rendered":"<p>Ch\u01a1i c\u00f3 tr\u00e1ch nhi\u1ec7m Ch\u01a1i tr\u00ean Paripesa APP l\u00e0 vui \u2013 l\u00e0 m\u1ed9t h\u00ecnh th\u1ee9c gi\u1ea3i tr\u00ed, kh\u00f4ng ph\u1ea3i c\u00e1ch \u0111\u1ec3 ki\u1ebfm ti\u1ec1n hay gi\u1ea3i quy\u1ebft v\u1ea5n \u0111\u1ec1 t\u00e0i ch\u00ednh. Khi vi\u1ec7c ch\u01a1i kh\u00f4ng c\u00f2n mang l\u1ea1i ni\u1ec1m vui v\u00e0 b\u1eaft \u0111\u1ea7u g\u00e2y c\u0103ng th\u1eb3ng, n\u1ee3 n\u1ea7n ho\u1eb7c m\u00e2u thu\u1eabn v\u1edbi ng\u01b0\u1eddi th\u00e2n, \u0111\u00f3 c\u00f3 [&hellip;]<\/p>\n","protected":false},"author":1,"featured_media":0,"parent":0,"menu_order":0,"comment_status":"closed","ping_status":"closed","template":"","meta":{"_sitemap_exclude":false,"_sitemap_priority":"","_sitemap_frequency":"","_monsterinsights_skip_tracking":false,"_monsterinsights_sitenote_active":false,"_monsterinsights_sitenote_note":"","_monsterinsights_sitenote_category":0,"footnotes":""},"class_list":["post-5461","page","type-page","status-publish","hentry"],"acf":[],"yoast_head":"<!-- This site is optimized with the Yoast SEO plugin v27.4 - https:\/\/yoast.com\/product\/yoast-seo-wordpress\/ -->\n<title>Ch\u01a1i C\u00f3 Tr\u00e1ch Nhi\u1ec7m | Paripesa Vi\u1ec7t Nam<\/title>\n<meta name=\"description\" content=\"T\u00ecm hi\u1ec3u v\u1ec1 ch\u01a1i c\u00f3 tr\u00e1ch nhi\u1ec7m t\u1ea1i Paripesa Vi\u1ec7t Nam: \u0111\u1eb7t gi\u1edbi h\u1ea1n, qu\u1ea3n l\u00fd th\u1eddi gian v\u00e0 ng\u00e2n s\u00e1ch, t\u1ef1 lo\u1ea1i tr\u1eeb v\u00e0 c\u00e1c ngu\u1ed3n h\u1ed7 tr\u1ee3 \u0111\u1ec3 ch\u01a1i an to\u00e0n v\u00e0 c\u00f3 ki\u1ec3m so\u00e1t.\" \/>\n<meta name=\"robots\" content=\"index, follow, max-snippet:-1, max-image-preview:large, max-video-preview:-1\" \/>\n<meta property=\"og:locale\" content=\"vi_VN\" \/>\n<meta property=\"og:type\" content=\"article\" \/>\n<meta property=\"og:url\" content=\"https:\/\/paripesa.app\/vi\/danh-bac-co-trach-nhiem\/\" \/>\n<meta property=\"article:modified_time\" content=\"2026-01-13T13:26:44+00:00\" \/>\n<meta name=\"twitter:card\" content=\"summary_large_image\" \/>\n<meta name=\"twitter:label1\" content=\"Est. reading time\" \/>\n\t<meta name=\"twitter:data1\" content=\"5 minutes\" \/>\n<!-- \/ Yoast SEO plugin. -->","yoast_head_json":{"title":"Ch\u01a1i C\u00f3 Tr\u00e1ch Nhi\u1ec7m | Paripesa Vi\u1ec7t Nam","description":"T\u00ecm hi\u1ec3u v\u1ec1 ch\u01a1i c\u00f3 tr\u00e1ch nhi\u1ec7m t\u1ea1i Paripesa Vi\u1ec7t Nam: \u0111\u1eb7t gi\u1edbi h\u1ea1n, qu\u1ea3n l\u00fd th\u1eddi gian v\u00e0 ng\u00e2n s\u00e1ch, t\u1ef1 lo\u1ea1i tr\u1eeb v\u00e0 c\u00e1c ngu\u1ed3n h\u1ed7 tr\u1ee3 \u0111\u1ec3 ch\u01a1i an to\u00e0n v\u00e0 c\u00f3 ki\u1ec3m so\u00e1t.","robots":{"index":"index","follow":"follow","max-snippet":"max-snippet:-1","max-image-preview":"max-image-preview:large","max-video-preview":"max-video-preview:-1"},"og_locale":"vi_VN","og_type":"article","og_url":"https:\/\/paripesa.app\/vi\/danh-bac-co-trach-nhiem\/","article_modified_time":"2026-01-13T13:26:44+00:00","twitter_card":"summary_large_image","twitter_misc":{"Est. reading time":"5 minutes"},"schema":{"@context":"https:\/\/schema.org","@graph":[{"@type":"WebPage","@id":"https:\/\/paripesa.app\/vi\/danh-bac-co-trach-nhiem\/","url":"https:\/\/paripesa.app\/vi\/danh-bac-co-trach-nhiem\/","name":"Ch\u01a1i C\u00f3 Tr\u00e1ch Nhi\u1ec7m | Paripesa Vi\u1ec7t Nam","isPartOf":{"@id":"https:\/\/paripesa.app\/#website"},"datePublished":"2025-12-03T15:53:21+00:00","dateModified":"2026-01-13T13:26:44+00:00","description":"T\u00ecm hi\u1ec3u v\u1ec1 ch\u01a1i c\u00f3 tr\u00e1ch nhi\u1ec7m t\u1ea1i Paripesa Vi\u1ec7t Nam: \u0111\u1eb7t gi\u1edbi h\u1ea1n, qu\u1ea3n l\u00fd th\u1eddi gian v\u00e0 ng\u00e2n s\u00e1ch, t\u1ef1 lo\u1ea1i tr\u1eeb v\u00e0 c\u00e1c ngu\u1ed3n h\u1ed7 tr\u1ee3 \u0111\u1ec3 ch\u01a1i an to\u00e0n v\u00e0 c\u00f3 ki\u1ec3m so\u00e1t.","breadcrumb":{"@id":"https:\/\/paripesa.app\/vi\/danh-bac-co-trach-nhiem\/#breadcrumb"},"inLanguage":"vi-VN","potentialAction":[{"@type":"ReadAction","target":["https:\/\/paripesa.app\/vi\/danh-bac-co-trach-nhiem\/"]}]},{"@type":"WebSite","@id":"https:\/\/paripesa.app\/#website","url":"https:\/\/paripesa.app\/","name":"paripesa","description":"Paripesa App download","publisher":{"@id":"https:\/\/paripesa.app\/#organization"},"potentialAction":[],"inLanguage":"vi-VN"},{"@type":"Organization","@id":"https:\/\/paripesa.app\/#organization","name":"paripesa","url":"https:\/\/paripesa.app\/","logo":{"@type":"ImageObject","inLanguage":"vi-VN","@id":"https:\/\/paripesa.app\/#\/schema\/logo\/image\/","url":"https:\/\/paripesa.app\/wp-content\/uploads\/2024\/10\/cropped-logo.png","contentUrl":"https:\/\/paripesa.app\/wp-content\/uploads\/2024\/10\/cropped-logo.png","width":281,"height":44,"caption":"paripesa"},"image":{"@id":"https:\/\/paripesa.app\/#\/schema\/logo\/image\/"}}]}},"_links":{"self":[{"href":"https:\/\/paripesa.app\/vi\/wp-json\/wp\/v2\/pages\/5461","targetHints":{"allow":["GET"]}}],"collection":[{"href":"https:\/\/paripesa.app\/vi\/wp-json\/wp\/v2\/pages"}],"about":[{"href":"https:\/\/paripesa.app\/vi\/wp-json\/wp\/v2\/types\/page"}],"author":[{"embeddable":true,"href":"https:\/\/paripesa.app\/vi\/wp-json\/wp\/v2\/users\/1"}],"replies":[{"embeddable":true,"href":"https:\/\/paripesa.app\/vi\/wp-json\/wp\/v2\/comments?post=5461"}],"version-history":[{"count":4,"href":"https:\/\/paripesa.app\/vi\/wp-json\/wp\/v2\/pages\/5461\/revisions"}],"predecessor-version":[{"id":5790,"href":"https:\/\/paripesa.app\/vi\/wp-json\/wp\/v2\/pages\/5461\/revisions\/5790"}],"wp:attachment":[{"href":"https:\/\/paripesa.app\/vi\/wp-json\/wp\/v2\/media?parent=5461"}],"curies":[{"name":"wp","href":"https:\/\/api.w.org\/{rel}","templated":true}]}}