{"id":5052,"date":"2025-12-25T16:40:23","date_gmt":"2025-12-25T15:40:23","guid":{"rendered":"https:\/\/paripesa.app\/jetx\/"},"modified":"2025-12-30T14:27:05","modified_gmt":"2025-12-30T13:27:05","slug":"jetx","status":"publish","type":"page","link":"https:\/\/paripesa.app\/vi\/jetx\/","title":{"rendered":"JetX"},"content":{"rendered":"\n<h1 class=\"wp-block-heading\">\u0110\u00e1nh gi\u00e1 tr\u00f2 ch\u01a1i JetX: C\u00e1i nh\u00ecn chi ti\u1ebft v\u1ec1 m\u1ed9t trong nh\u1eefng game Crash kinh \u0111i\u1ec3n \u0111\u1ea7u ti\u00ean<\/h1>\n\n\n\n<p>JetX l\u00e0 m\u1ed9t trong nh\u1eefng tr\u00f2 ch\u01a1i casino thu\u1ed9c th\u1ec3 lo\u1ea1i crash ph\u1ed5 bi\u1ebfn nh\u1ea5t nh\u1edd c\u01a1 ch\u1ebf \u0111\u01a1n gi\u1ea3n, t\u1ed1c \u0111\u1ed9 nhanh v\u00e0 t\u00ednh minh b\u1ea1ch cao. C\u00e1ch ch\u01a1i r\u1ea5t d\u1ec5 hi\u1ec3u: b\u1ea1n \u0111\u1eb7t c\u01b0\u1ee3c JetX v\u00e0 r\u00fat ti\u1ec1n tr\u01b0\u1edbc khi m\u00e1y bay ph\u00e1t n\u1ed5. JetX c\u0169ng l\u00e0 m\u1ed9t trong nh\u1eefng game crash \u0111\u1ea7u ti\u00ean gi\u1edbi thi\u1ec7u skin m\u00e1y bay NFT \u2014 xu h\u01b0\u1edbng sau n\u00e0y \u0111\u00e3 \u0111\u01b0\u1ee3c nhi\u1ec1u tr\u00f2 ch\u01a1i kh\u00e1c tr\u00ean to\u00e0n c\u1ea7u \u00e1p d\u1ee5ng.<\/p>\n\n\n<div class=\"wp-block-image\">\n<figure class=\"aligncenter size-full\"><img loading=\"lazy\" decoding=\"async\" width=\"600\" height=\"400\" src=\"https:\/\/paripesa.app\/wp-content\/uploads\/2025\/12\/jetx-casino-game.jpg\" alt=\"jetx casino game\" class=\"wp-image-4835\" srcset=\"https:\/\/paripesa.app\/wp-content\/uploads\/2025\/12\/jetx-casino-game.jpg 600w, https:\/\/paripesa.app\/wp-content\/uploads\/2025\/12\/jetx-casino-game-300x200.jpg 300w\" sizes=\"auto, (max-width: 600px) 100vw, 600px\" \/><\/figure><\/div>\n\n\n<p>Trong c\u00e1c ph\u1ea7n ti\u1ebfp theo, ch\u00fang ta s\u1ebd ph\u00e2n t\u00edch \u01b0u \u0111i\u1ec3m, nh\u01b0\u1ee3c \u0111i\u1ec3m, lu\u1eadt ch\u01a1i v\u00e0 chi\u1ebfn l\u01b0\u1ee3c ph\u1ed5 bi\u1ebfn c\u1ee7a tr\u00f2 ch\u01a1i n\u00e0y.<\/p>\n\n\n\n<div class=\"wp-block-buttons is-content-justification-center is-layout-flex wp-container-core-buttons-is-layout-16018d1d wp-block-buttons-is-layout-flex\">\n  <div class=\"wp-block-button\">\n    <a class=\"wp-block-button__link wp-element-button\" href=\"https:\/\/combodef.com\/L?tag=d_4824720m_147506c_&#038;site=4824720&#038;ad=147506\">Ch\u01a1i ngay<\/a>\n  <\/div>\n<\/div>\n\n\n\n<h2 class=\"wp-block-heading\">V\u00ec sao JetX tr\u1edf th\u00e0nh tr\u00f2 ch\u01a1i n\u1ed5i b\u1eadt trong th\u1ec3 lo\u1ea1i Crash?<\/h2>\n\n\n\n<p>Tr\u00f2 ch\u01a1i JetX \u0111\u01b0\u1ee3c ph\u00e1t tri\u1ec3n v\u00e0o n\u0103m 2018, l\u1ea5y c\u1ea3m h\u1ee9ng t\u1eeb c\u00e1c tr\u00f2 ch\u01a1i arcade h\u00e0ng kh\u00f4ng c\u1ed5 \u0111i\u1ec3n. M\u1ed7i v\u00f2ng ch\u01a1i b\u1eaft \u0111\u1ea7u khi m\u00e1y bay c\u1ea5t c\u00e1nh v\u00e0 h\u1ec7 s\u1ed1 nh\u00e2n b\u1eaft \u0111\u1ea7u t\u0103ng. Nhi\u1ec7m v\u1ee5 c\u1ee7a b\u1ea1n l\u00e0 r\u00fat ti\u1ec1n \u0111\u00fang l\u00fac tr\u01b0\u1edbc khi m\u00e1y bay ph\u00e1t n\u1ed5.<\/p>\n\n\n\n<p>Giao di\u1ec7n tr\u00f2 ch\u01a1i g\u1ecdn g\u00e0ng, hi\u1ec7u \u1ee9ng m\u01b0\u1ee3t m\u00e0. \u0110\u1ec3 ch\u01a1i JetX hi\u1ec7u qu\u1ea3, ng\u01b0\u1eddi ch\u01a1i c\u1ea7n k\u1ebft h\u1ee3p th\u1eddi \u0111i\u1ec3m h\u1ee3p l\u00fd, k\u1ef9 n\u0103ng v\u00e0 m\u1ed9t ch\u00fat may m\u1eafn.<\/p>\n\n\n\n<h3 class=\"wp-block-heading\">T\u00ednh n\u0103ng n\u1ed5i b\u1eadt d\u00e0nh cho ng\u01b0\u1eddi ch\u01a1i Vi\u1ec7t Nam<\/h3>\n\n\n\n<p>M\u1eb7c d\u00f9 JetX l\u00e0 tr\u00f2 ch\u01a1i casino tr\u1ef1c tuy\u1ebfn, nh\u01b0ng n\u00f3 m\u00f4 ph\u1ecfng v\u1eadt l\u00fd th\u1eddi gian th\u1ef1c, t\u1ea1o ra k\u1ebft qu\u1ea3 ho\u00e0n to\u00e0n kh\u00f3 \u0111o\u00e1n. M\u1ed7i v\u00f2ng di\u1ec5n ra nhanh, cho ph\u00e9p \u0111\u1eb7t nhi\u1ec1u c\u01b0\u1ee3c c\u00f9ng l\u00fac, hi\u1ec3n th\u1ecb l\u1ecbch s\u1eed h\u1ec7 s\u1ed1 g\u1ea7n nh\u1ea5t v\u00e0 h\u1ed7 tr\u1ee3 ch\u01a1i tr\u00ean \u0111i\u1ec7n tho\u1ea1i, m\u00e1y t\u00ednh b\u1ea3ng, laptop v\u00e0 PC.<\/p>\n\n\n\n<p>JetX ho\u1ea1t \u0111\u1ed9ng d\u1ef1a tr\u00ean c\u01a1 ch\u1ebf ph\u1ea7n th\u01b0\u1edfng ti\u1ebfn tr\u00ecnh, cho ph\u00e9p ng\u01b0\u1eddi ch\u01a1i nh\u1eadn c\u00e1c bonus nh\u1ecf t\u01b0\u01a1ng t\u1ef1 nh\u01b0 slot. Ngo\u00e0i ra, JetX tr\u00ean <a href=\"https:\/\/paripesa.app\/vi\/\">PariPesa<\/a> c\u00f2n n\u1ed5i b\u1eadt nh\u1edd c\u00e1c gi\u1ea3i \u0111\u1ea5u v\u00e0 th\u1eed th\u00e1ch c\u1ed9ng \u0111\u1ed3ng.<\/p>\n\n\n\n<h2 class=\"wp-block-heading\">\u0110i\u1ec1u g\u00ec khi\u1ebfn JetX kh\u00e1c bi\u1ec7t so v\u1edbi c\u00e1c game crash kh\u00e1c?<\/h2>\n\n\n\n<p>JetX n\u1ed5i b\u1eadt nh\u1edd h\u1ec7 s\u1ed1 nh\u00e2n t\u0103ng theo th\u1eddi gian th\u1ef1c. M\u1ed9t s\u1ed1 \u0111i\u1ec3m \u0111\u00e1ng ch\u00fa \u00fd:<\/p>\n\n\n\n<ul class=\"wp-block-list\">\n  <li>H\u1ec7 s\u1ed1 kh\u00f4ng t\u0103ng theo \u0111\u01b0\u1eddng th\u1eb3ng, m\u1ed7i v\u00f2ng ch\u01a1i \u0111\u1ec1u mang t\u00ednh b\u1ea5t ng\u1edd cao.<\/li>\n  <li>C\u00f3 chat to\u00e0n c\u1ea7u v\u00e0 b\u1ea3ng x\u1ebfp h\u1ea1ng ng\u01b0\u1eddi ch\u01a1i tr\u1ef1c tuy\u1ebfn.<\/li>\n  <li>M\u1ed7i v\u00f2ng ch\u01a1i \u0111\u01b0\u1ee3c t\u1ea1o b\u1eb1ng thu\u1eadt to\u00e1n m\u00e3 h\u00f3a c\u00f3 th\u1ec3 ki\u1ec3m ch\u1ee9ng.<\/li>\n<\/ul>\n\n\n\n<p>JetX c\u0169ng h\u1ed7 tr\u1ee3 auto bet v\u00e0 auto cash-out, gi\u00fap ng\u01b0\u1eddi ch\u01a1i ki\u1ec3m so\u00e1t r\u1ee7i ro t\u1ed1t h\u01a1n.<\/p>\n\n\n\n<div class=\"wp-block-buttons is-content-justification-center is-layout-flex wp-container-core-buttons-is-layout-16018d1d wp-block-buttons-is-layout-flex\">\n  <div class=\"wp-block-button\">\n    <a class=\"wp-block-button__link wp-element-button\" href=\"https:\/\/combodef.com\/L?tag=d_4824720m_147506c_&#038;site=4824720&#038;ad=147506\">Ch\u01a1i ngay<\/a>\n  <\/div>\n<\/div>\n\n\n\n<h2 class=\"wp-block-heading\">H\u01b0\u1edbng d\u1eabn ch\u01a1i JetX<\/h2>\n\n\n\n<p>JetX s\u1edf h\u1eefu h\u1ec7 th\u1ed1ng tr\u1ea3 th\u01b0\u1edfng nhi\u1ec1u c\u1ea5p c\u00f9ng \u0111\u01b0\u1eddng bay ho\u1ea1t h\u00ecnh m\u00f4 ph\u1ecfng h\u00e0ng kh\u00f4ng th\u1ef1c t\u1ebf. B\u1ea1n c\u00f3 th\u1ec3 ch\u01a1i qua tr\u00ecnh duy\u1ec7t ho\u1eb7c t\u1ea3i JetX v\u1ec1 \u0111i\u1ec7n tho\u1ea1i\/m\u00e1y t\u00ednh b\u1ea3ng.<\/p>\n\n\n\n<p>Ng\u01b0\u1eddi m\u1edbi c\u00f3 th\u1ec3 th\u1eed JetX \u1edf ch\u1ebf \u0111\u1ed9 demo, tuy nhi\u00ean tr\u1ea3i nghi\u1ec7m ti\u1ec1n th\u1eadt s\u1ebd gi\u00fap b\u1ea1n hi\u1ec3u r\u00f5 h\u01a1n v\u1ec1 nh\u1ecbp \u0111\u1ed9 v\u00e0 chi\u1ebfn thu\u1eadt.<\/p>\n\n\n\n<h3 class=\"wp-block-heading\">C\u00e1ch \u0111\u1eb7t c\u01b0\u1ee3c JetX<\/h3>\n\n\n\n<p>\u0110\u1ec3 b\u1eaft \u0111\u1ea7u ch\u01a1i JetX, h\u00e3y l\u00e0m theo c\u00e1c b\u01b0\u1edbc sau:<\/p>\n\n\n\n<ol class=\"wp-block-list\">\n  <li>\u0110\u1eb7t c\u01b0\u1ee3c tr\u01b0\u1edbc khi m\u00e1y bay b\u1eaft \u0111\u1ea7u c\u1ea5t c\u00e1nh.<\/li>\n  <li>H\u1ec7 s\u1ed1 t\u0103ng d\u1ea7n \u2014 r\u00fat ti\u1ec1n tr\u01b0\u1edbc khi m\u00e1y bay ph\u00e1t n\u1ed5 \u0111\u1ec3 th\u1eafng.<\/li>\n  <li>Thi\u1ebft l\u1eadp auto cash-out \u0111\u1ec3 h\u1ea1n ch\u1ebf thua l\u1ed7.<\/li>\n<\/ol>\n\n\n\n<h3 class=\"wp-block-heading\">Chi\u1ebfn l\u01b0\u1ee3c JetX ph\u1ed5 bi\u1ebfn \u0111\u1ec3 qu\u1ea3n l\u00fd r\u1ee7i ro<\/h3>\n\n\n\n<p>Thua l\u1ed7 l\u00e0 \u0111i\u1ec1u b\u00ecnh th\u01b0\u1eddng trong JetX. \u0110\u1eebng c\u1ed1 g\u1ee1 g\u1ea1c v\u00ec \u0111i\u1ec1u n\u00e0y th\u01b0\u1eddng d\u1eabn \u0111\u1ebfn sai l\u1ea7m l\u1edbn h\u01a1n.<\/p>\n\n\n\n<p>D\u01b0\u1edbi \u0111\u00e2y l\u00e0 m\u1ed9t s\u1ed1 chi\u1ebfn l\u01b0\u1ee3c \u0111\u01b0\u1ee3c nhi\u1ec1u ng\u01b0\u1eddi ch\u01a1i \u00e1p d\u1ee5ng:<\/p>\n\n\n\n<figure class=\"wp-block-table\">\n<table class=\"has-fixed-layout\">\n<tbody>\n<tr><td>R\u1ee7i ro th\u1ea5p<\/td><td>C\u01b0\u1ee3c nh\u1ecf, h\u1ec7 s\u1ed1 x1.20 \u2013 x1.40<\/td><\/tr>\n<tr><td>R\u1ee7i ro trung b\u00ecnh<\/td><td>C\u01b0\u1ee3c v\u1eeba, h\u1ec7 s\u1ed1 kho\u1ea3ng x2<\/td><\/tr>\n<tr><td>R\u1ee7i ro cao<\/td><td>C\u01b0\u1ee3c l\u1edbn, nh\u1eafm t\u1edbi h\u1ec7 s\u1ed1 x10+<\/td><\/tr>\n<\/tbody>\n<\/table>\n<\/figure>\n\n\n\n<h2 class=\"wp-block-heading\">Bonus v\u00e0 khuy\u1ebfn m\u00e3i JetX tr\u00ean PariPesa<\/h2>\n\n\n\n<p>Ng\u01b0\u1eddi ch\u01a1i m\u1edbi t\u1ea1i <a href=\"https:\/\/paripesa.app\/vi\/\">PariPesa<\/a> s\u1ebd nh\u1eadn g\u00f3i th\u01b0\u1edfng ch\u00e0o m\u1eebng h\u1ea5p d\u1eabn.<\/p>\n\n\n\n<p>PariPesa th\u01b0\u1eddng xuy\u00ean cung c\u1ea5p th\u01b0\u1edfng JetX nh\u01b0 \u0111i\u1ec3m loyalty, qu\u00e0 sinh nh\u1eadt, ho\u00e0n ti\u1ec1n v\u00e0 c\u00e1c \u01b0u \u0111\u00e3i \u0111\u1eb7c bi\u1ec7t kh\u00e1c.<\/p>\n\n\n\n<p>S\u1eed d\u1ee5ng m\u00e3 bonus <strong>JBVIP<\/strong> \u0111\u1ec3 nh\u1eadn \u01b0u \u0111\u00e3i ch\u00e0o m\u1eebng t\u1ed1t h\u01a1n.<\/p>\n\n\n\n<h3 class=\"wp-block-heading\">T\u00ednh minh b\u1ea1ch v\u00e0 c\u00f4ng b\u1eb1ng<\/h3>\n\n\n\n<p>JetX s\u1eed d\u1ee5ng thu\u1eadt to\u00e1n m\u00e3 h\u00f3a c\u00f3 th\u1ec3 ki\u1ec3m ch\u1ee9ng, \u0111\u1ea3m b\u1ea3o k\u1ebft qu\u1ea3 m\u1ed7i v\u00f2ng \u0111\u01b0\u1ee3c x\u00e1c \u0111\u1ecbnh tr\u01b0\u1edbc v\u00e0 kh\u00f4ng th\u1ec3 thay \u0111\u1ed5i.<\/p>\n\n\n\n<p>SmartSoft Gaming \u00e1p d\u1ee5ng thu\u1eadt to\u00e1n SHA-256 \u2014 ti\u00eau chu\u1ea9n b\u1ea3o m\u1eadt \u0111\u01b0\u1ee3c s\u1eed d\u1ee5ng trong blockchain v\u00e0 h\u1ec7 th\u1ed1ng ng\u00e2n h\u00e0ng.<\/p>\n\n\n\n<h2 class=\"wp-block-heading\">T\u1ed5ng k\u1ebft<\/h2>\n\n\n\n<p>Trong b\u00e0i \u0111\u00e1nh gi\u00e1 JetX n\u00e0y, ch\u00fang t\u00f4i \u0111\u00e3 ph\u00e2n t\u00edch lu\u1eadt ch\u01a1i, chi\u1ebfn l\u01b0\u1ee3c, bonus v\u00e0 kh\u1ea3 n\u0103ng ch\u01a1i tr\u00ean di \u0111\u1ed9ng t\u1ea1i PariPesa.<\/p>\n\n\n\n<p>N\u1ebfu b\u1ea1n c\u00f2n c\u00e2u h\u1ecfi, \u0111\u1ed9i ng\u0169 h\u1ed7 tr\u1ee3 c\u1ee7a ch\u00fang t\u00f4i lu\u00f4n s\u1eb5n s\u00e0ng qua:<\/p>\n\n\n\n<ul class=\"wp-block-list\">\n  <li>Live chat<\/li>\n  <li>Email: support-en@PariPesa.com<\/li>\n  <li>Instagram<\/li>\n  <li>Telegram<\/li>\n  <li>Discord<\/li>\n<\/ul>\n\n","protected":false},"excerpt":{"rendered":"<p>\u0110\u00e1nh gi\u00e1 tr\u00f2 ch\u01a1i JetX: C\u00e1i nh\u00ecn chi ti\u1ebft v\u1ec1 m\u1ed9t trong nh\u1eefng game Crash kinh \u0111i\u1ec3n \u0111\u1ea7u ti\u00ean JetX l\u00e0 m\u1ed9t trong nh\u1eefng tr\u00f2 ch\u01a1i casino thu\u1ed9c th\u1ec3 lo\u1ea1i crash ph\u1ed5 bi\u1ebfn nh\u1ea5t nh\u1edd c\u01a1 ch\u1ebf \u0111\u01a1n gi\u1ea3n, t\u1ed1c \u0111\u1ed9 nhanh v\u00e0 t\u00ednh minh b\u1ea1ch cao. C\u00e1ch ch\u01a1i r\u1ea5t d\u1ec5 hi\u1ec3u: b\u1ea1n \u0111\u1eb7t c\u01b0\u1ee3c [&hellip;]<\/p>\n","protected":false},"author":1,"featured_media":0,"parent":0,"menu_order":0,"comment_status":"closed","ping_status":"closed","template":"","meta":{"_sitemap_exclude":false,"_sitemap_priority":"","_sitemap_frequency":"","_monsterinsights_skip_tracking":false,"_monsterinsights_sitenote_active":false,"_monsterinsights_sitenote_note":"","_monsterinsights_sitenote_category":0,"footnotes":""},"class_list":["post-5052","page","type-page","status-publish","hentry"],"acf":[],"yoast_head":"<!-- This site is optimized with the Yoast SEO plugin v27.4 - https:\/\/yoast.com\/product\/yoast-seo-wordpress\/ -->\n<title>JetX Crash Game \u2013 \u0110\u00e1nh Gi\u00e1, C\u00e1ch Ch\u01a1i, Chi\u1ebfn L\u01b0\u1ee3c &amp; Bonus | PariPesa<\/title>\n<meta name=\"description\" content=\"JetX l\u00e0 tr\u00f2 ch\u01a1i crash ph\u1ed5 bi\u1ebfn v\u1edbi h\u1ec7 s\u1ed1 t\u0103ng theo th\u1eddi gian th\u1ef1c. T\u00ecm hi\u1ec3u c\u00e1ch ch\u01a1i JetX, chi\u1ebfn l\u01b0\u1ee3c qu\u1ea3n l\u00fd r\u1ee7i ro, t\u00ednh minh b\u1ea1ch v\u00e0 bonus h\u1ea5p d\u1eabn tr\u00ean PariPesa.\" \/>\n<meta name=\"robots\" content=\"index, follow, max-snippet:-1, max-image-preview:large, max-video-preview:-1\" \/>\n<meta property=\"og:locale\" content=\"vi_VN\" \/>\n<meta property=\"og:type\" content=\"article\" \/>\n<meta property=\"og:url\" content=\"https:\/\/paripesa.app\/vi\/jetx\/\" \/>\n<meta property=\"article:modified_time\" content=\"2025-12-30T13:27:05+00:00\" \/>\n<meta property=\"og:image\" content=\"https:\/\/paripesa.app\/wp-content\/uploads\/2025\/12\/jetx.jpg\" \/>\n\t<meta property=\"og:image:width\" content=\"200\" \/>\n\t<meta property=\"og:image:height\" content=\"66\" \/>\n\t<meta property=\"og:image:type\" content=\"image\/jpeg\" \/>\n<meta name=\"twitter:card\" content=\"summary_large_image\" \/>\n<meta name=\"twitter:label1\" content=\"Est. reading time\" \/>\n\t<meta name=\"twitter:data1\" content=\"4 minutes\" \/>\n<!-- \/ Yoast SEO plugin. -->","yoast_head_json":{"title":"JetX Crash Game \u2013 \u0110\u00e1nh Gi\u00e1, C\u00e1ch Ch\u01a1i, Chi\u1ebfn L\u01b0\u1ee3c & Bonus | PariPesa","description":"JetX l\u00e0 tr\u00f2 ch\u01a1i crash ph\u1ed5 bi\u1ebfn v\u1edbi h\u1ec7 s\u1ed1 t\u0103ng theo th\u1eddi gian th\u1ef1c. T\u00ecm hi\u1ec3u c\u00e1ch ch\u01a1i JetX, chi\u1ebfn l\u01b0\u1ee3c qu\u1ea3n l\u00fd r\u1ee7i ro, t\u00ednh minh b\u1ea1ch v\u00e0 bonus h\u1ea5p d\u1eabn tr\u00ean PariPesa.","robots":{"index":"index","follow":"follow","max-snippet":"max-snippet:-1","max-image-preview":"max-image-preview:large","max-video-preview":"max-video-preview:-1"},"og_locale":"vi_VN","og_type":"article","og_url":"https:\/\/paripesa.app\/vi\/jetx\/","article_modified_time":"2025-12-30T13:27:05+00:00","og_image":[{"width":200,"height":66,"url":"https:\/\/paripesa.app\/wp-content\/uploads\/2025\/12\/jetx.jpg","type":"image\/jpeg"}],"twitter_card":"summary_large_image","twitter_misc":{"Est. reading time":"4 minutes"},"schema":{"@context":"https:\/\/schema.org","@graph":[{"@type":"WebPage","@id":"https:\/\/paripesa.app\/vi\/jetx\/","url":"https:\/\/paripesa.app\/vi\/jetx\/","name":"JetX Crash Game \u2013 \u0110\u00e1nh Gi\u00e1, C\u00e1ch Ch\u01a1i, Chi\u1ebfn L\u01b0\u1ee3c & Bonus | PariPesa","isPartOf":{"@id":"https:\/\/paripesa.app\/#website"},"primaryImageOfPage":{"@id":"https:\/\/paripesa.app\/vi\/jetx\/#primaryimage"},"image":{"@id":"https:\/\/paripesa.app\/vi\/jetx\/#primaryimage"},"thumbnailUrl":"https:\/\/paripesa.app\/wp-content\/uploads\/2025\/12\/jetx-casino-game.jpg","datePublished":"2025-12-25T15:40:23+00:00","dateModified":"2025-12-30T13:27:05+00:00","description":"JetX l\u00e0 tr\u00f2 ch\u01a1i crash ph\u1ed5 bi\u1ebfn v\u1edbi h\u1ec7 s\u1ed1 t\u0103ng theo th\u1eddi gian th\u1ef1c. T\u00ecm hi\u1ec3u c\u00e1ch ch\u01a1i JetX, chi\u1ebfn l\u01b0\u1ee3c qu\u1ea3n l\u00fd r\u1ee7i ro, t\u00ednh minh b\u1ea1ch v\u00e0 bonus h\u1ea5p d\u1eabn tr\u00ean PariPesa.","breadcrumb":{"@id":"https:\/\/paripesa.app\/vi\/jetx\/#breadcrumb"},"inLanguage":"vi-VN","potentialAction":[{"@type":"ReadAction","target":["https:\/\/paripesa.app\/vi\/jetx\/"]}]},{"@type":"ImageObject","inLanguage":"vi-VN","@id":"https:\/\/paripesa.app\/vi\/jetx\/#primaryimage","url":"https:\/\/paripesa.app\/wp-content\/uploads\/2025\/12\/jetx-casino-game.jpg","contentUrl":"https:\/\/paripesa.app\/wp-content\/uploads\/2025\/12\/jetx-casino-game.jpg"},{"@type":"WebSite","@id":"https:\/\/paripesa.app\/#website","url":"https:\/\/paripesa.app\/","name":"paripesa","description":"Paripesa App download","publisher":{"@id":"https:\/\/paripesa.app\/#organization"},"potentialAction":[],"inLanguage":"vi-VN"},{"@type":"Organization","@id":"https:\/\/paripesa.app\/#organization","name":"paripesa","url":"https:\/\/paripesa.app\/","logo":{"@type":"ImageObject","inLanguage":"vi-VN","@id":"https:\/\/paripesa.app\/#\/schema\/logo\/image\/","url":"https:\/\/paripesa.app\/wp-content\/uploads\/2024\/10\/cropped-logo.png","contentUrl":"https:\/\/paripesa.app\/wp-content\/uploads\/2024\/10\/cropped-logo.png","width":281,"height":44,"caption":"paripesa"},"image":{"@id":"https:\/\/paripesa.app\/#\/schema\/logo\/image\/"}}]}},"_links":{"self":[{"href":"https:\/\/paripesa.app\/vi\/wp-json\/wp\/v2\/pages\/5052","targetHints":{"allow":["GET"]}}],"collection":[{"href":"https:\/\/paripesa.app\/vi\/wp-json\/wp\/v2\/pages"}],"about":[{"href":"https:\/\/paripesa.app\/vi\/wp-json\/wp\/v2\/types\/page"}],"author":[{"embeddable":true,"href":"https:\/\/paripesa.app\/vi\/wp-json\/wp\/v2\/users\/1"}],"replies":[{"embeddable":true,"href":"https:\/\/paripesa.app\/vi\/wp-json\/wp\/v2\/comments?post=5052"}],"version-history":[{"count":2,"href":"https:\/\/paripesa.app\/vi\/wp-json\/wp\/v2\/pages\/5052\/revisions"}],"predecessor-version":[{"id":5256,"href":"https:\/\/paripesa.app\/vi\/wp-json\/wp\/v2\/pages\/5052\/revisions\/5256"}],"wp:attachment":[{"href":"https:\/\/paripesa.app\/vi\/wp-json\/wp\/v2\/media?parent=5052"}],"curies":[{"name":"wp","href":"https:\/\/api.w.org\/{rel}","templated":true}]}}