{"id":5507,"date":"2025-12-03T17:19:16","date_gmt":"2025-12-03T16:19:16","guid":{"rendered":"https:\/\/paripesa.app\/program-partnerski\/"},"modified":"2026-01-13T13:45:32","modified_gmt":"2026-01-13T12:45:32","slug":"affiliateprogram","status":"publish","type":"page","link":"https:\/\/paripesa.app\/sv\/affiliateprogram\/","title":{"rendered":"affiliateprogram"},"content":{"rendered":"\n<h1 class=\"wp-block-heading\">\ud83d\udcbcParipesas affiliateprogram: G\u00e5 med i Paripesa Partners och tj\u00e4na pengar online<br><br><\/h1>\n\n\n\n<p>Paripesas affiliateprogram \u00e4r en utm\u00e4rkt m\u00f6jlighet f\u00f6r alla som vill skapa en passiv inkomst genom att marknadsf\u00f6ra ett p\u00e5litligt varum\u00e4rke online. Oavsett om du \u00e4r bloggare, influencer eller arbetar med digital marknadsf\u00f6ring erbjuder programmet flexibla provisionsmodeller, sp\u00e5rning i realtid och professionellt marknadsf\u00f6ringsmaterial som g\u00f6r det enklare att \u00f6ka b\u00e5de r\u00e4ckvidd och int\u00e4kter.<br><\/p>\n\n\n\n<div class=\"wp-block-buttons is-content-justification-center is-layout-flex wp-container-core-buttons-is-layout-16018d1d wp-block-buttons-is-layout-flex\">\n<div class=\"wp-block-button\"><a class=\"wp-block-button__link wp-element-button\" href=\"https:\/\/combodef.com\/L?tag=d_4824720m_147506c_&#038;site=4824720&#038;ad=147506\">G\u00e5 med nu<\/a><\/div>\n<\/div>\n\n\n\n<p>Paripesa Partners zapewnia wszystko, czego potrzebujesz, aby osi\u0105gn\u0105\u0107 sukces \u2014 od szczeg\u00f3\u0142owych analiz w Paripesa Global, przez indywidualne wsparcie, a\u017c po szybkie wyp\u0142aty. Po rejestracji otrzymasz unikalny link partnerski, kt\u00f3ry mo\u017cesz udost\u0119pnia\u0107 na wszystkich swoich platformach. Gdy u\u017cytkownicy rejestruj\u0105 si\u0119 za pomoc\u0105 Twojego linku, zarabiasz prowizje w zale\u017cno\u015bci od ich aktywno\u015bci. Dzi\u0119ki nagrodom opartym na wynikach i wielu opcjom wyp\u0142at to sprytny spos\u00f3b na monetyzacj\u0119 Twojej obecno\u015bci online.<\/p>\n","protected":false},"excerpt":{"rendered":"<p>\ud83d\udcbcParipesas affiliateprogram: G\u00e5 med i Paripesa Partners och tj\u00e4na pengar online Paripesas affiliateprogram \u00e4r en utm\u00e4rkt m\u00f6jlighet f\u00f6r alla som vill skapa en passiv inkomst genom att marknadsf\u00f6ra ett p\u00e5litligt varum\u00e4rke online. Oavsett om du \u00e4r bloggare, influencer eller arbetar med digital marknadsf\u00f6ring erbjuder programmet flexibla provisionsmodeller, sp\u00e5rning i realtid och professionellt marknadsf\u00f6ringsmaterial som g\u00f6r [&hellip;]<\/p>\n","protected":false},"author":1,"featured_media":0,"parent":0,"menu_order":0,"comment_status":"closed","ping_status":"closed","template":"","meta":{"_sitemap_exclude":false,"_sitemap_priority":"","_sitemap_frequency":"","_monsterinsights_skip_tracking":false,"_monsterinsights_sitenote_active":false,"_monsterinsights_sitenote_note":"","_monsterinsights_sitenote_category":0,"footnotes":""},"class_list":["post-5507","page","type-page","status-publish","hentry"],"acf":[],"yoast_head":"<!-- This site is optimized with the Yoast SEO plugin v27.4 - https:\/\/yoast.com\/product\/yoast-seo-wordpress\/ -->\n<title>Paripesas affiliateprogram \u2013 g\u00e5 med i Paripesa Partners och tj\u00e4na pengar online<\/title>\n<meta name=\"description\" content=\"Uppt\u00e4ck Paripesas affiliateprogram och kom ig\u00e5ng med Paripesa Partners. Dra nytta av flexibla provisioner, sp\u00e5rning i realtid och professionellt st\u00f6d f\u00f6r att \u00f6ka dina int\u00e4kter p\u00e5 ett effektivt s\u00e4tt.\" \/>\n<meta name=\"robots\" content=\"index, follow, max-snippet:-1, max-image-preview:large, max-video-preview:-1\" \/>\n<meta property=\"og:locale\" content=\"sv_SE\" \/>\n<meta property=\"og:type\" content=\"article\" \/>\n<meta property=\"og:url\" content=\"https:\/\/paripesa.app\/sv\/affiliateprogram\/\" \/>\n<meta property=\"article:modified_time\" content=\"2026-01-13T12:45:32+00:00\" \/>\n<meta name=\"twitter:card\" content=\"summary_large_image\" \/>\n<meta name=\"twitter:label1\" content=\"Ber\u00e4knad l\u00e4stid\" \/>\n\t<meta name=\"twitter:data1\" content=\"1 minut\" \/>\n<!-- \/ Yoast SEO plugin. -->","yoast_head_json":{"title":"Paripesas affiliateprogram \u2013 g\u00e5 med i Paripesa Partners och tj\u00e4na pengar online","description":"Uppt\u00e4ck Paripesas affiliateprogram och kom ig\u00e5ng med Paripesa Partners. Dra nytta av flexibla provisioner, sp\u00e5rning i realtid och professionellt st\u00f6d f\u00f6r att \u00f6ka dina int\u00e4kter p\u00e5 ett effektivt s\u00e4tt.","robots":{"index":"index","follow":"follow","max-snippet":"max-snippet:-1","max-image-preview":"max-image-preview:large","max-video-preview":"max-video-preview:-1"},"og_locale":"sv_SE","og_type":"article","og_url":"https:\/\/paripesa.app\/sv\/affiliateprogram\/","article_modified_time":"2026-01-13T12:45:32+00:00","twitter_card":"summary_large_image","twitter_misc":{"Ber\u00e4knad l\u00e4stid":"1 minut"},"schema":{"@context":"https:\/\/schema.org","@graph":[{"@type":"WebPage","@id":"https:\/\/paripesa.app\/sv\/affiliateprogram\/","url":"https:\/\/paripesa.app\/sv\/affiliateprogram\/","name":"Paripesas affiliateprogram \u2013 g\u00e5 med i Paripesa Partners och tj\u00e4na pengar online","isPartOf":{"@id":"https:\/\/paripesa.app\/#website"},"datePublished":"2025-12-03T16:19:16+00:00","dateModified":"2026-01-13T12:45:32+00:00","description":"Uppt\u00e4ck Paripesas affiliateprogram och kom ig\u00e5ng med Paripesa Partners. Dra nytta av flexibla provisioner, sp\u00e5rning i realtid och professionellt st\u00f6d f\u00f6r att \u00f6ka dina int\u00e4kter p\u00e5 ett effektivt s\u00e4tt.","breadcrumb":{"@id":"https:\/\/paripesa.app\/sv\/affiliateprogram\/#breadcrumb"},"inLanguage":"sv-SE","potentialAction":[{"@type":"ReadAction","target":["https:\/\/paripesa.app\/sv\/affiliateprogram\/"]}]},{"@type":"WebSite","@id":"https:\/\/paripesa.app\/#website","url":"https:\/\/paripesa.app\/","name":"paripesa","description":"Paripesa App download","publisher":{"@id":"https:\/\/paripesa.app\/#organization"},"potentialAction":[],"inLanguage":"sv-SE"},{"@type":"Organization","@id":"https:\/\/paripesa.app\/#organization","name":"paripesa","url":"https:\/\/paripesa.app\/","logo":{"@type":"ImageObject","inLanguage":"sv-SE","@id":"https:\/\/paripesa.app\/#\/schema\/logo\/image\/","url":"https:\/\/paripesa.app\/wp-content\/uploads\/2024\/10\/cropped-logo.png","contentUrl":"https:\/\/paripesa.app\/wp-content\/uploads\/2024\/10\/cropped-logo.png","width":281,"height":44,"caption":"paripesa"},"image":{"@id":"https:\/\/paripesa.app\/#\/schema\/logo\/image\/"}}]}},"_links":{"self":[{"href":"https:\/\/paripesa.app\/sv\/wp-json\/wp\/v2\/pages\/5507","targetHints":{"allow":["GET"]}}],"collection":[{"href":"https:\/\/paripesa.app\/sv\/wp-json\/wp\/v2\/pages"}],"about":[{"href":"https:\/\/paripesa.app\/sv\/wp-json\/wp\/v2\/types\/page"}],"author":[{"embeddable":true,"href":"https:\/\/paripesa.app\/sv\/wp-json\/wp\/v2\/users\/1"}],"replies":[{"embeddable":true,"href":"https:\/\/paripesa.app\/sv\/wp-json\/wp\/v2\/comments?post=5507"}],"version-history":[{"count":3,"href":"https:\/\/paripesa.app\/sv\/wp-json\/wp\/v2\/pages\/5507\/revisions"}],"predecessor-version":[{"id":5747,"href":"https:\/\/paripesa.app\/sv\/wp-json\/wp\/v2\/pages\/5507\/revisions\/5747"}],"wp:attachment":[{"href":"https:\/\/paripesa.app\/sv\/wp-json\/wp\/v2\/media?parent=5507"}],"curies":[{"name":"wp","href":"https:\/\/api.w.org\/{rel}","templated":true}]}}