{"id":5505,"date":"2025-12-03T17:19:16","date_gmt":"2025-12-03T16:19:16","guid":{"rendered":"https:\/\/paripesa.app\/program-partnerski\/"},"modified":"2026-01-13T11:30:06","modified_gmt":"2026-01-13T10:30:06","slug":"programa-de-afiliados","status":"publish","type":"page","link":"https:\/\/paripesa.app\/pt-pt\/programa-de-afiliados\/","title":{"rendered":"Programa de afiliados"},"content":{"rendered":"\n<h1 class=\"wp-block-heading\">\ud83d\udcbcPrograma de afiliados Paripesa: junte-se \u00e0 Paripesa Partners e ganhe dinheiro online<br><br><\/h1>\n\n\n\n<p>O Programa de afiliados Paripesa \u00e9 uma excelente oportunidade para quem quer gerar rendimento passivo ao promover uma marca online de confian\u00e7a. Seja voc\u00ea blogger, influencer ou profissional de marketing digital, o programa oferece modelos de comiss\u00e3o flex\u00edveis, acompanhamento em tempo real e materiais promocionais profissionais, tornando mais f\u00e1cil aumentar o seu alcance e os seus ganhos.<br><\/p>\n\n\n\n<div class=\"wp-block-buttons is-content-justification-center is-layout-flex wp-container-core-buttons-is-layout-16018d1d wp-block-buttons-is-layout-flex\">\n<div class=\"wp-block-button\"><a class=\"wp-block-button__link wp-element-button\" href=\"https:\/\/combodef.com\/L?tag=d_4824720m_147506c_&#038;site=4824720&#038;ad=147506\">Junte-se agora<\/a><\/div>\n<\/div>\n\n\n\n<p>A Paripesa Partners oferece tudo o que voc\u00ea precisa para ter sucesso \u2014 desde an\u00e1lises detalhadas no Paripesa Global at\u00e9 suporte personalizado e pagamentos r\u00e1pidos. Ap\u00f3s o registo, voc\u00ea recebe um link de afiliado exclusivo para partilhar em todas as suas plataformas. Quando os utilizadores se registam atrav\u00e9s do seu link, voc\u00ea ganha comiss\u00f5es com base na atividade deles. Com recompensas baseadas no desempenho e v\u00e1rias op\u00e7\u00f5es de pagamento, \u00e9 uma forma inteligente de monetizar a sua presen\u00e7a online.<\/p>\n","protected":false},"excerpt":{"rendered":"<p>\ud83d\udcbcPrograma de afiliados Paripesa: junte-se \u00e0 Paripesa Partners e ganhe dinheiro online O Programa de afiliados Paripesa \u00e9 uma excelente oportunidade para quem quer gerar rendimento passivo ao promover uma marca online de confian\u00e7a. Seja voc\u00ea blogger, influencer ou profissional de marketing digital, o programa oferece modelos de comiss\u00e3o flex\u00edveis, acompanhamento em tempo real e [&hellip;]<\/p>\n","protected":false},"author":1,"featured_media":0,"parent":0,"menu_order":0,"comment_status":"closed","ping_status":"closed","template":"","meta":{"_sitemap_exclude":false,"_sitemap_priority":"","_sitemap_frequency":"","_monsterinsights_skip_tracking":false,"_monsterinsights_sitenote_active":false,"_monsterinsights_sitenote_note":"","_monsterinsights_sitenote_category":0,"footnotes":""},"class_list":["post-5505","page","type-page","status-publish","hentry"],"acf":[],"yoast_head":"<!-- This site is optimized with the Yoast SEO plugin v27.4 - https:\/\/yoast.com\/product\/yoast-seo-wordpress\/ -->\n<title>Programa de afiliados Paripesa \u2013 junte-se \u00e0 Paripesa Partners e ganhe dinheiro online<\/title>\n<meta name=\"description\" content=\"Descubra o Programa de afiliados Paripesa e comece a crescer com a Paripesa Partners. Aproveite comiss\u00f5es flex\u00edveis, acompanhamento em tempo real e suporte profissional para aumentar os seus ganhos de forma eficaz.\" \/>\n<meta name=\"robots\" content=\"index, follow, max-snippet:-1, max-image-preview:large, max-video-preview:-1\" \/>\n<meta property=\"og:locale\" content=\"pt_PT\" \/>\n<meta property=\"og:type\" content=\"article\" \/>\n<meta property=\"og:url\" content=\"https:\/\/paripesa.app\/pt-pt\/programa-de-afiliados\/\" \/>\n<meta property=\"article:modified_time\" content=\"2026-01-13T10:30:06+00:00\" \/>\n<meta name=\"twitter:card\" content=\"summary_large_image\" \/>\n<meta name=\"twitter:label1\" content=\"Tempo estimado de leitura\" \/>\n\t<meta name=\"twitter:data1\" content=\"1 minuto\" \/>\n<!-- \/ Yoast SEO plugin. -->","yoast_head_json":{"title":"Programa de afiliados Paripesa \u2013 junte-se \u00e0 Paripesa Partners e ganhe dinheiro online","description":"Descubra o Programa de afiliados Paripesa e comece a crescer com a Paripesa Partners. Aproveite comiss\u00f5es flex\u00edveis, acompanhamento em tempo real e suporte profissional para aumentar os seus ganhos de forma eficaz.","robots":{"index":"index","follow":"follow","max-snippet":"max-snippet:-1","max-image-preview":"max-image-preview:large","max-video-preview":"max-video-preview:-1"},"og_locale":"pt_PT","og_type":"article","og_url":"https:\/\/paripesa.app\/pt-pt\/programa-de-afiliados\/","article_modified_time":"2026-01-13T10:30:06+00:00","twitter_card":"summary_large_image","twitter_misc":{"Tempo estimado de leitura":"1 minuto"},"schema":{"@context":"https:\/\/schema.org","@graph":[{"@type":"WebPage","@id":"https:\/\/paripesa.app\/pt-pt\/programa-de-afiliados\/","url":"https:\/\/paripesa.app\/pt-pt\/programa-de-afiliados\/","name":"Programa de afiliados Paripesa \u2013 junte-se \u00e0 Paripesa Partners e ganhe dinheiro online","isPartOf":{"@id":"https:\/\/paripesa.app\/#website"},"datePublished":"2025-12-03T16:19:16+00:00","dateModified":"2026-01-13T10:30:06+00:00","description":"Descubra o Programa de afiliados Paripesa e comece a crescer com a Paripesa Partners. Aproveite comiss\u00f5es flex\u00edveis, acompanhamento em tempo real e suporte profissional para aumentar os seus ganhos de forma eficaz.","breadcrumb":{"@id":"https:\/\/paripesa.app\/pt-pt\/programa-de-afiliados\/#breadcrumb"},"inLanguage":"pt-PT","potentialAction":[{"@type":"ReadAction","target":["https:\/\/paripesa.app\/pt-pt\/programa-de-afiliados\/"]}]},{"@type":"WebSite","@id":"https:\/\/paripesa.app\/#website","url":"https:\/\/paripesa.app\/","name":"paripesa","description":"Paripesa App download","publisher":{"@id":"https:\/\/paripesa.app\/#organization"},"potentialAction":[],"inLanguage":"pt-PT"},{"@type":"Organization","@id":"https:\/\/paripesa.app\/#organization","name":"paripesa","url":"https:\/\/paripesa.app\/","logo":{"@type":"ImageObject","inLanguage":"pt-PT","@id":"https:\/\/paripesa.app\/#\/schema\/logo\/image\/","url":"https:\/\/paripesa.app\/wp-content\/uploads\/2024\/10\/cropped-logo.png","contentUrl":"https:\/\/paripesa.app\/wp-content\/uploads\/2024\/10\/cropped-logo.png","width":281,"height":44,"caption":"paripesa"},"image":{"@id":"https:\/\/paripesa.app\/#\/schema\/logo\/image\/"}}]}},"_links":{"self":[{"href":"https:\/\/paripesa.app\/pt-pt\/wp-json\/wp\/v2\/pages\/5505","targetHints":{"allow":["GET"]}}],"collection":[{"href":"https:\/\/paripesa.app\/pt-pt\/wp-json\/wp\/v2\/pages"}],"about":[{"href":"https:\/\/paripesa.app\/pt-pt\/wp-json\/wp\/v2\/types\/page"}],"author":[{"embeddable":true,"href":"https:\/\/paripesa.app\/pt-pt\/wp-json\/wp\/v2\/users\/1"}],"replies":[{"embeddable":true,"href":"https:\/\/paripesa.app\/pt-pt\/wp-json\/wp\/v2\/comments?post=5505"}],"version-history":[{"count":3,"href":"https:\/\/paripesa.app\/pt-pt\/wp-json\/wp\/v2\/pages\/5505\/revisions"}],"predecessor-version":[{"id":5734,"href":"https:\/\/paripesa.app\/pt-pt\/wp-json\/wp\/v2\/pages\/5505\/revisions\/5734"}],"wp:attachment":[{"href":"https:\/\/paripesa.app\/pt-pt\/wp-json\/wp\/v2\/media?parent=5505"}],"curies":[{"name":"wp","href":"https:\/\/api.w.org\/{rel}","templated":true}]}}