{"id":4740,"date":"2025-12-25T15:18:40","date_gmt":"2025-12-25T14:18:40","guid":{"rendered":"https:\/\/paripesa.app\/?page_id=4740"},"modified":"2025-12-25T15:44:32","modified_gmt":"2025-12-25T14:44:32","slug":"aviatrix","status":"publish","type":"page","link":"https:\/\/paripesa.app\/pt-pt\/aviatrix\/","title":{"rendered":"Aviatrix"},"content":{"rendered":"\n<h1 class=\"wp-block-heading\">Aviatrix Casino \u2013 Jogue e Transforme Apostas em Dinheiro no Melhor Jogo Crash <\/h1>\n\n\n\n<p>O <strong>Aviatrix&nbsp;Casino<\/strong> \u00e9 um crash game bem conhecido nos casinos de Portugal. Sua popularidade se deu pela jogabilidade f\u00e1cil, resultados r\u00e1pidos e pr\u00eamio m\u00e1ximo de 10.000x. Al\u00e9m disso, possui um design amig\u00e1vel, com saque autom\u00e1tico e jogada dupla.<\/p>\n\n\n\n<p>N\u00f3s do <a href=\"https:\/\/paripesa.app\/pt-pt\/\">PariPesa<\/a> disponibilizamos o slot que recebe muitos cliques, sendo um destaque em 2025. Por isso, nesse artigo vamos abordar dicas e estrat\u00e9gias para que nossos utilizadores entendam a funcionalidade e aprendam como jogar Aviatrix.<\/p>\n\n\n\n<div class=\"wp-block-buttons is-content-justification-center is-layout-flex wp-container-core-buttons-is-layout-16018d1d wp-block-buttons-is-layout-flex\">\n<div class=\"wp-block-button\"><a class=\"wp-block-button__link wp-element-button\" href=\"https:\/\/combodef.com\/L?tag=d_4824720m_147506c_&#038;site=4824720&#038;ad=147506\">Jogar agora<\/a><\/div>\n<\/div>\n\n\n<div class=\"wp-block-image\">\n<figure class=\"aligncenter size-full\"><img loading=\"lazy\" decoding=\"async\" width=\"600\" height=\"352\" src=\"https:\/\/paripesa.app\/wp-content\/uploads\/2025\/12\/aviatrix-casino.jpg\" alt=\"aviatrix casino\" class=\"wp-image-4744\" srcset=\"https:\/\/paripesa.app\/wp-content\/uploads\/2025\/12\/aviatrix-casino.jpg 600w, https:\/\/paripesa.app\/wp-content\/uploads\/2025\/12\/aviatrix-casino-300x176.jpg 300w\" sizes=\"auto, (max-width: 600px) 100vw, 600px\" \/><\/figure><\/div>\n\n\n<h2 class=\"wp-block-heading\">Aprenda Como Jogar Aviatrix e Receber Pr\u00e9mios<\/h2>\n\n\n\n<p>Para dar in\u00edcio aos palpites no jogo Aviatrix\u00a0\u00e9 simples e f\u00e1cil. Inicialmente, os utilizadores precisam fazer seu cadastro no nosso site <a href=\"https:\/\/paripesa.app\/pt-pt\/\">PariPesa APP<\/a>. Veja o passo a passo:<\/p>\n\n\n\n<ol class=\"wp-block-list\">\n<li>Acesse nosso site oficial;<\/li>\n\n\n\n<li>Pressione \u201cCadastro\u201d;<\/li>\n\n\n\n<li>Escolha um dos m\u00e9todos de cadastro dispon\u00edveis;<\/li>\n\n\n\n<li>Preencha os espa\u00e7os com seus dados;<\/li>\n\n\n\n<li>Caso tenha um c\u00f3digo promocional, insira no espa\u00e7o reservado;<\/li>\n\n\n\n<li>Ap\u00f3s ler os termos e condi\u00e7\u00f5es de uso, confirme o cadastro.<\/li>\n<\/ol>\n\n\n\n<h3 class=\"wp-block-heading\">Passo a Passo para Apostar no Aviatrix Jogo<\/h3>\n\n\n\n<p>Dar o pontap\u00e9 no jogo do avi\u00e3o n\u00e3o tem mist\u00e9rio, pois oferecemos uma navega\u00e7\u00e3o intuitiva. Comece com os passos a seguir:<\/p>\n\n\n\n<ol class=\"wp-block-list\">\n<li>Fa\u00e7a login na sua conta;<\/li>\n\n\n\n<li>Na barra superior, clique em \u201cjogos de Crash\u201d;<\/li>\n\n\n\n<li>Clique no Aviatrix jogo;<\/li>\n\n\n\n<li>Personalize seu avi\u00e3o clicando em \u201cConstruir\u201d;<\/li>\n\n\n\n<li>Defina o valor da sua aposta;<\/li>\n\n\n\n<li>Explore as op\u00e7\u00f5es de jogada dupla e aposta autom\u00e1tica, se quiser;<\/li>\n\n\n\n<li>Encerre a aposta antes do crash para ter vit\u00f3ria.<\/li>\n<\/ol>\n\n\n\n<h3 class=\"wp-block-heading\">Entenda os Multiplicadores, Funcionalidade Crash e Saque Autom\u00e1tico<\/h3>\n\n\n\n<p>A mec\u00e2nica do Aviatrix gaming&nbsp;\u00e9 baseada em multiplicadores que pode chegar at\u00e9 10.000x em uma partida. No in\u00edcio do jogo ele estar\u00e1 em 1.00x e aumenta a medida que o avi\u00e3o sobe para o espa\u00e7o. Para ganhar, o jogador deve encerrar a aposta antes que o crash aconte\u00e7a.<\/p>\n\n\n\n<p>Por isso, o saque autom\u00e1tico \u00e9 uma \u00f3tima op\u00e7\u00e3o para definir o momento ideal do encerramento. Para ativar basta colocar a partida autom\u00e1tica e escolher o multiplicador final. Caso encerre antes do crash, o saque \u00e9 feito automaticamente e o jogador poder\u00e1 fazer uma nova aposta Aviatrix.<\/p>\n\n\n\n<div class=\"wp-block-buttons is-content-justification-center is-layout-flex wp-container-core-buttons-is-layout-16018d1d wp-block-buttons-is-layout-flex\">\n<div class=\"wp-block-button\"><a class=\"wp-block-button__link wp-element-button\" href=\"https:\/\/combodef.com\/L?tag=d_4824720m_147506c_&#038;site=4824720&#038;ad=147506\">Jogar agora<\/a><\/div>\n<\/div>\n\n\n\n<h2 class=\"wp-block-heading\">Motivos que Fazem o Jogo Aviatrix Ser um Sucesso em Portugal<\/h2>\n\n\n\n<p>O Aviatrix Game&nbsp;vai al\u00e9m de um jogo de crash tradicional, pois oferece aquilo que os jogadores mais buscam, como premia\u00e7\u00f5es reais, velocidade, transpar\u00eancia, design envolvente e jogabilidade f\u00e1cil.<\/p>\n\n\n\n<p>O jogador se sente no controle, pois \u00e9 poss\u00edvel personalizar o avi\u00e3o e as apostas, com op\u00e7\u00e3o de jogo duplo e saque autom\u00e1tico. Al\u00e9m disso, \u00e9 poss\u00edvel acompanhar os resultados de partidas anteriores, facilitando as pr\u00f3ximas escolhas com base nos \u00faltimos multiplicadores.<\/p>\n\n\n\n<h3 class=\"wp-block-heading\">O Uso das Criptomoedas no Aviatrix Aposta<\/h3>\n\n\n\n<p>O Aviatrix no Cassino&nbsp;PariPesa \u00e9 um jogo revolucion\u00e1rio, que superou os m\u00e9todos de pagamento fechado e atingiu o blockchain. Por isso, \u00e9 totalmente poss\u00edvel apostar com criptomoedas e aproveitar as vantagens:<\/p>\n\n\n\n<ul class=\"wp-block-list\">\n<li>Pagamentos instant\u00e2neos no Aviatrix aposta;<\/li>\n\n\n\n<li>Transa\u00e7\u00f5es que n\u00e3o precisam de um banco intermedi\u00e1rio;<\/li>\n\n\n\n<li>Sem cobran\u00e7a de taxas ou com taxa m\u00ednima baixa;<\/li>\n\n\n\n<li>Acesso em qualquer lugar do mundo;<\/li>\n\n\n\n<li>Saque r\u00e1pido;<\/li>\n\n\n\n<li>Seguran\u00e7a e sigilo em todas as opera\u00e7\u00f5es.<\/li>\n<\/ul>\n\n\n\n<h3 class=\"wp-block-heading\">Caracter\u00edsticas Exclusivas Aviatrix Bet<\/h3>\n\n\n\n<p>Ap\u00f3s entender o Aviatrix como jogar, o utilizador compreende os motivos que fazem dele um destaque em Portugal. A come\u00e7ar pela experi\u00eancia personalizada em nosso sistema que d\u00e1 a sensa\u00e7\u00e3o de dom\u00ednio, cercada pelos demais benef\u00edcios:<\/p>\n\n\n\n<ul class=\"wp-block-list\">\n<li>Recompensa elevada de 10.000x;<\/li>\n\n\n\n<li>Jogabilidade simples e acess\u00edvel;<\/li>\n\n\n\n<li>Painel intuitivo e confort\u00e1vel;<\/li>\n\n\n\n<li>Acesso m\u00f3vel;<\/li>\n\n\n\n<li>NFTs com progress\u00e3o real;<\/li>\n\n\n\n<li>Avi\u00e3o personalizado conforme a prefer\u00eancia do jogador.<\/li>\n<\/ul>\n\n\n<div class=\"wp-block-image\">\n<figure class=\"aligncenter size-full\"><img loading=\"lazy\" decoding=\"async\" width=\"600\" height=\"400\" src=\"https:\/\/paripesa.app\/wp-content\/uploads\/2025\/12\/aviatrix-bet.jpg\" alt=\"aviatrix bet\" class=\"wp-image-4758\" srcset=\"https:\/\/paripesa.app\/wp-content\/uploads\/2025\/12\/aviatrix-bet.jpg 600w, https:\/\/paripesa.app\/wp-content\/uploads\/2025\/12\/aviatrix-bet-300x200.jpg 300w\" sizes=\"auto, (max-width: 600px) 100vw, 600px\" \/><\/figure><\/div>\n\n\n<h2 class=\"wp-block-heading\">Recursos do Aviatrix Jogo de Aposta e B\u00f3nus Aumentam os Ganhos<\/h2>\n\n\n\n<p>O Aviatrix&nbsp;slot conta com uma variedade de recursos. Aqui no PariPesa essa experi\u00eancia pode ser prolongada ativando uma das op\u00e7\u00f5es de b\u00f4nus dispon\u00edveis. Assim, o jogador vai poder explorar as principais funcionalidades:<\/p>\n\n\n\n<ul class=\"wp-block-list\">\n<li>Aposta dupla na mesma rodada;<\/li>\n\n\n\n<li>Modo leve para deixar o layout mais limpo;<\/li>\n\n\n\n<li>Hist\u00f3rico de partidas anteriores;<\/li>\n\n\n\n<li>Saque autom\u00e1tico;<\/li>\n\n\n\n<li>Jogo demonstrativo para novo utilizador treinar;<\/li>\n\n\n\n<li>B\u00f3nus de boas-vindas e outras ofertas para jogadores PariPesa.<\/li>\n<\/ul>\n\n\n\n<h3 class=\"wp-block-heading\">Vers\u00e3o Demonstrativa, RTP e Lucros Reais no Aviatrix Casino<\/h3>\n\n\n\n<p>Durante uma aposta, o jogador pode alcan\u00e7ar o RTP de 97% e o multiplicador m\u00e1ximo de 10.000x. Mas essa n\u00e3o \u00e9 uma tarefa f\u00e1cil. Por isso, nossa recomenda\u00e7\u00e3o \u00e9 o uso do Aviatrix demo, uma vers\u00e3o experimental para:<\/p>\n\n\n\n<ul class=\"wp-block-list\">\n<li>Conhecer a mec\u00e2nica do Aviatrix aposta;<\/li>\n\n\n\n<li>Verificar o hist\u00f3rico de partidas anteriores;<\/li>\n\n\n\n<li>Observar os tipos de aposta;<\/li>\n\n\n\n<li>Entender a personaliza\u00e7\u00e3o do jogo;<\/li>\n\n\n\n<li>Criar estrat\u00e9gias pr\u00f3prias para o jogo real;<\/li>\n\n\n\n<li>Perceber que \u00e9 necess\u00e1rio definir limites de palpites.<\/li>\n<\/ul>\n\n\n\n<h3 class=\"wp-block-heading\">B\u00f3nus de Boas-Vindas e Outros Pr\u00e9mios para Jogadores Portugueses<\/h3>\n\n\n\n<p>Para adicionar mais aventura \u00e0s suas partidas, n\u00f3s do PariPesa Bonus&nbsp;disponibilizamos uma variedade de op\u00e7\u00f5es que v\u00e3o contribuir com mais ganhos nas suas apostas. Veja algumas ofertas aptas:<\/p>\n\n\n\n<ul class=\"wp-block-list\">\n<li>Pacote de boas-vindas com retorno de at\u00e9 1.500 EUR + 150 FS;<\/li>\n\n\n\n<li>Club VIP com diversos benef\u00edcios;<\/li>\n\n\n\n<li>Cashback exclusivo para casino;<\/li>\n\n\n\n<li>Ganhe 15% de retorno convidando um amigo.<\/li>\n<\/ul>\n\n\n\n<div class=\"wp-block-buttons is-content-justification-center is-layout-flex wp-container-core-buttons-is-layout-16018d1d wp-block-buttons-is-layout-flex\">\n<div class=\"wp-block-button\"><a class=\"wp-block-button__link wp-element-button\" href=\"https:\/\/combodef.com\/L?tag=d_4824720m_147506c_&#038;site=4824720&#038;ad=147506\">Jogar agora<\/a><\/div>\n<\/div>\n\n\n\n<h2 class=\"wp-block-heading\">Estrat\u00e9gias para Obter mais Lucro no Aviatrix Casino<\/h2>\n\n\n\n<p>Na aposta Aviatrix&nbsp;o jogador deve adotar algumas estrat\u00e9gias para maximizar o seu lucro. Separamos algumas dicas que podem ajudar a aumentar os ganhos:<\/p>\n\n\n\n<ul class=\"wp-block-list\">\n<li>Administre o seu saldo e n\u00e3o fa\u00e7a escolhas baseada na emo\u00e7\u00e3o;<\/li>\n\n\n\n<li>Explore ao m\u00e1ximo o Aviatrix demo;<\/li>\n\n\n\n<li>Aumente o valor da aposta aos poucos;<\/li>\n\n\n\n<li>N\u00e3o corra atr\u00e1s das perdas;<\/li>\n\n\n\n<li>Analise o hist\u00f3rico de partidas anteriores para fazer a pr\u00f3xima escolha;<\/li>\n\n\n\n<li>Facilite a aposta ativando o modo autom\u00e1tico;<\/li>\n\n\n\n<li>Explore recursos como aposta dupla com valores diferentes de cash out.<\/li>\n<\/ul>\n\n\n\n<h3 class=\"wp-block-heading\">Administrando o Saldo e os Riscos do Aviatrix Aposta<\/h3>\n\n\n\n<p>N\u00f3s do PariPesa nos preocupamos com a forma que o jogador utiliza o seu saldo no jogo Aviatrix. Por isso, separamos as seguintes dicas para administrar a banca:<\/p>\n\n\n\n<ul class=\"wp-block-list\">\n<li>N\u00e3o fa\u00e7a escolhas baseadas na emo\u00e7\u00e3o;<\/li>\n\n\n\n<li>Utilize entre 1% a 3% do seu saldo em uma aposta;<\/li>\n\n\n\n<li>Pause suas apostas se ocorrerem perdas sequenciais;<\/li>\n\n\n\n<li>Em caso de multiplicadores elevados em sequ\u00eancia, n\u00e3o aposte valores altos no Aviatrix jogo de aposta.<\/li>\n<\/ul>\n\n\n\n<h3 class=\"wp-block-heading\">Ative o Saque Autom\u00e1tico e Conquiste Vit\u00f3rias<\/h3>\n\n\n\n<p>O saque autom\u00e1tico \u00e9 um dos recursos que mais ajuda o jogador do Aviatrix Slot. Definir o momento certo de encerrar a aposta garante mais seguran\u00e7a no jogo. Por isso, nossa recomenda\u00e7\u00e3o \u00e9 ativar o cash out autom\u00e1tico e aproveitar os benef\u00edcios:<\/p>\n\n\n\n<ul class=\"wp-block-list\">\n<li>Menor chance de errar o momento de encerrar a aposta;<\/li>\n\n\n\n<li>Ganhos pequenos e sequenciais se tornam o padr\u00e3o;<\/li>\n\n\n\n<li>Para quem tem saldo pequeno, \u00e9 a op\u00e7\u00e3o mais vi\u00e1vel;<\/li>\n\n\n\n<li>Apostas conservadoras protegem melhor seu saldo.<\/li>\n<\/ul>\n\n\n\n<h2 class=\"wp-block-heading\">Aviatrix Casino M\u00f3vel e M\u00e9todos de Pagamento<\/h2>\n\n\n\n<p>Para quem busca Aviatrix como jogar&nbsp;em celular ou tablet, n\u00f3s do PariPesa disponibilizamos um acesso m\u00f3vel com conforto e qualidade. Seja no desktop ou dispositivos m\u00f3veis, a p\u00e1gina mant\u00e9m a qualidade, com todos os recursos dispon\u00edveis, incluindo dep\u00f3sitos e saques.<\/p>\n\n\n\n<h3 class=\"wp-block-heading\">Apostas Aviatrix no Android, iOS ou Navegador<\/h3>\n\n\n\n<p>Fazer apostas Aviatrix&nbsp;n\u00e3o est\u00e1 limitado ao uso de um computador. O PariPesa App&nbsp;\u00e9 uma ferramenta que pode ser utilizada em dispositivos Android, baixado diretamente do nosso site oficial. Ocupando pouco espa\u00e7o de armazenamento, o aplicativo te oferece navega\u00e7\u00e3o completa e de qualidade.<\/p>\n\n\n\n<p>Os usu\u00e1rios do sistema iOS n\u00e3o v\u00e3o encontrar um aplicativo de aposta para o jogo Aviatrix. Mas pode utilizar diretamente do navegador padr\u00e3o, que a experi\u00eancia mant\u00e9m os mesmos benef\u00edcios.<\/p>\n\n\n\n<h3 class=\"wp-block-heading\">Velocidade nas Transa\u00e7\u00f5es em EUR e Criptomoedas no Aviatrix Apostas<\/h3>\n\n\n\n<p>As apostas no Aviatrix Gaming&nbsp;se tornaram ainda mais atrativas ap\u00f3s a adapta\u00e7\u00e3o do jogo a m\u00e9todos de pagamento moderno. No PariPesa o jogador encontra diversas op\u00e7\u00f5es de saque r\u00e1pido, incluindo criptomoedas e carteiras digitais. Os m\u00e9todos de pagamento instant\u00e2neos, com destaque para as op\u00e7\u00f5es:<\/p>\n\n\n\n<figure class=\"wp-block-table\"><table class=\"has-fixed-layout\"><tbody><tr><td><strong>M\u00c9TODO<\/strong><strong><\/strong><\/td><td><strong>VALOR M\u00cdNIMO<\/strong><strong><\/strong><\/td><\/tr><tr><td>Tron<\/td><td>0.36 mBT<\/td><\/tr><tr><td>Tether<\/td><td>3.00 USDT<\/td><\/tr><tr><td>XRP<\/td><td>10.00 XRP<\/td><\/tr><\/tbody><\/table><\/figure>\n\n\n\n<h2 class=\"wp-block-heading\">Considera\u00e7\u00f5es Finais \u2013 Aviatrix \u00e9 o Melhor Crash em Portugal?<\/h2>\n\n\n\n<p>O Aviatrix Bet&nbsp;\u00e9 um crash que faz muito sucesso, ocupando um lugar de destaque em Portugal, especialmente pela experi\u00eancia personaliz\u00e1vel oferecida. Os jogadores encontram ganho m\u00e1ximo de 10.000x, al\u00e9m de op\u00e7\u00f5es como jogo duplo, saque autom\u00e1tico e jogadas personalizadas conforme a prefer\u00eancia do utilizador.<\/p>\n\n\n\n<p>No PariPesa PT&nbsp;n\u00f3s adicionamos uma camada a mais de emo\u00e7\u00e3o no Aviatrix, pois o jogo pode ser aproveitado com ofertas de b\u00f3nus, adicionando mais oportunidades de ganhos. Tudo isso com transpar\u00eancia e seguran\u00e7a, garantindo a prote\u00e7\u00e3o dos usu\u00e1rios. Esses fatores fazem o jogo ser a melhor op\u00e7\u00e3o de crash em Portugal. &nbsp;<\/p>\n\n\n\n<h2 class=\"wp-block-heading\">Perguntas Frequentes \u2013 Aviatrix Apostas Portugal 2025<\/h2>\n\n\n\n<h3 class=\"wp-block-heading\">O Aviatrix Game Hack&nbsp;realmente funciona?<\/h3>\n\n\n\n<p>N\u00e3o, o Aviatrix game hack&nbsp;n\u00e3o funciona. O jogo utiliza algoritmos provably fair baseados em grandes volumes de dados, tornando imposs\u00edvel qualquer previs\u00e3o. Todos os hacks dispon\u00edveis s\u00e3o scam.<\/p>\n\n\n\n<h3 class=\"wp-block-heading\">Posso fazer Aviatrix apostas pelo celular?<\/h3>\n\n\n\n<p>Sim. N\u00f3s do PariPesa disponibilizamos um aplicativo para navega\u00e7\u00e3o m\u00f3vel que funciona no celular ou tablet.<\/p>\n\n\n\n<h3 class=\"wp-block-heading\">Como encontrar o Aviatrix Cassino?<\/h3>\n\n\n\n<p>Acesse o PariPesa e busque por jogos de crash. Em seguida clique no Aviatrix game e comece suas apostas.<\/p>\n\n\n\n<h3 class=\"wp-block-heading\">\u00c9 poss\u00edvel aumentar os ganhos no Aviatrix Game?<\/h3>\n\n\n\n<p>A melhor forma de garantir ganhos \u00e9 utilizar a aposta autom\u00e1tica, assim o jogador n\u00e3o perde o momento de encerrar a aposta. Al\u00e9m disso, acompanhar o hist\u00f3rico de partidas tamb\u00e9m ajuda a fazer melhores escolhas e alcan\u00e7ar mais ganhos.<\/p>\n","protected":false},"excerpt":{"rendered":"<p>Aviatrix Casino \u2013 Jogue e Transforme Apostas em Dinheiro no Melhor Jogo Crash O Aviatrix&nbsp;Casino \u00e9 um crash game bem conhecido nos casinos de Portugal. Sua popularidade se deu pela jogabilidade f\u00e1cil, resultados r\u00e1pidos e pr\u00eamio m\u00e1ximo de 10.000x. Al\u00e9m disso, possui um design amig\u00e1vel, com saque autom\u00e1tico e jogada dupla. N\u00f3s do PariPesa disponibilizamos [&hellip;]<\/p>\n","protected":false},"author":1,"featured_media":0,"parent":0,"menu_order":0,"comment_status":"closed","ping_status":"closed","template":"","meta":{"_sitemap_exclude":false,"_sitemap_priority":"","_sitemap_frequency":"","_monsterinsights_skip_tracking":false,"_monsterinsights_sitenote_active":false,"_monsterinsights_sitenote_note":"","_monsterinsights_sitenote_category":0,"footnotes":""},"class_list":["post-4740","page","type-page","status-publish","hentry"],"acf":[],"yoast_head":"<!-- This site is optimized with the Yoast SEO plugin v27.4 - https:\/\/yoast.com\/product\/yoast-seo-wordpress\/ -->\n<title>Aviatrix Casino Como Jogar e Ganhar no Crash Game<\/title>\n<meta name=\"description\" content=\"Aprenda Aviatrix como jogar passo a passo, evite erros comuns e aproveite melhor os multiplicadores em Aviatrix Casino.\" \/>\n<meta name=\"robots\" content=\"index, follow, max-snippet:-1, max-image-preview:large, max-video-preview:-1\" \/>\n<meta property=\"og:locale\" content=\"pt_PT\" \/>\n<meta property=\"og:type\" content=\"article\" \/>\n<meta property=\"og:url\" content=\"https:\/\/paripesa.app\/pt-pt\/aviatrix\/\" \/>\n<meta property=\"article:modified_time\" content=\"2025-12-25T14:44:32+00:00\" \/>\n<meta property=\"og:image\" content=\"https:\/\/paripesa.app\/wp-content\/uploads\/2025\/12\/aviatrix-casino.jpg\" \/>\n\t<meta property=\"og:image:width\" content=\"600\" \/>\n\t<meta property=\"og:image:height\" content=\"352\" \/>\n\t<meta property=\"og:image:type\" content=\"image\/jpeg\" \/>\n<meta name=\"twitter:card\" content=\"summary_large_image\" \/>\n<meta name=\"twitter:label1\" content=\"Tempo estimado de leitura\" \/>\n\t<meta name=\"twitter:data1\" content=\"7 minutos\" \/>\n<!-- \/ Yoast SEO plugin. -->","yoast_head_json":{"title":"Aviatrix Casino Como Jogar e Ganhar no Crash Game","description":"Aprenda Aviatrix como jogar passo a passo, evite erros comuns e aproveite melhor os multiplicadores em Aviatrix Casino.","robots":{"index":"index","follow":"follow","max-snippet":"max-snippet:-1","max-image-preview":"max-image-preview:large","max-video-preview":"max-video-preview:-1"},"og_locale":"pt_PT","og_type":"article","og_url":"https:\/\/paripesa.app\/pt-pt\/aviatrix\/","article_modified_time":"2025-12-25T14:44:32+00:00","og_image":[{"width":600,"height":352,"url":"https:\/\/paripesa.app\/wp-content\/uploads\/2025\/12\/aviatrix-casino.jpg","type":"image\/jpeg"}],"twitter_card":"summary_large_image","twitter_misc":{"Tempo estimado de leitura":"7 minutos"},"schema":{"@context":"https:\/\/schema.org","@graph":[{"@type":"WebPage","@id":"https:\/\/paripesa.app\/pt-pt\/aviatrix\/","url":"https:\/\/paripesa.app\/pt-pt\/aviatrix\/","name":"Aviatrix Casino Como Jogar e Ganhar no Crash Game","isPartOf":{"@id":"https:\/\/paripesa.app\/#website"},"primaryImageOfPage":{"@id":"https:\/\/paripesa.app\/pt-pt\/aviatrix\/#primaryimage"},"image":{"@id":"https:\/\/paripesa.app\/pt-pt\/aviatrix\/#primaryimage"},"thumbnailUrl":"https:\/\/paripesa.app\/wp-content\/uploads\/2025\/12\/aviatrix-casino.jpg","datePublished":"2025-12-25T14:18:40+00:00","dateModified":"2025-12-25T14:44:32+00:00","description":"Aprenda Aviatrix como jogar passo a passo, evite erros comuns e aproveite melhor os multiplicadores em Aviatrix Casino.","breadcrumb":{"@id":"https:\/\/paripesa.app\/pt-pt\/aviatrix\/#breadcrumb"},"inLanguage":"pt-PT","potentialAction":[{"@type":"ReadAction","target":["https:\/\/paripesa.app\/pt-pt\/aviatrix\/"]}]},{"@type":"ImageObject","inLanguage":"pt-PT","@id":"https:\/\/paripesa.app\/pt-pt\/aviatrix\/#primaryimage","url":"https:\/\/paripesa.app\/wp-content\/uploads\/2025\/12\/aviatrix-casino.jpg","contentUrl":"https:\/\/paripesa.app\/wp-content\/uploads\/2025\/12\/aviatrix-casino.jpg"},{"@type":"WebSite","@id":"https:\/\/paripesa.app\/#website","url":"https:\/\/paripesa.app\/","name":"paripesa","description":"Paripesa App download","publisher":{"@id":"https:\/\/paripesa.app\/#organization"},"potentialAction":[],"inLanguage":"pt-PT"},{"@type":"Organization","@id":"https:\/\/paripesa.app\/#organization","name":"paripesa","url":"https:\/\/paripesa.app\/","logo":{"@type":"ImageObject","inLanguage":"pt-PT","@id":"https:\/\/paripesa.app\/#\/schema\/logo\/image\/","url":"https:\/\/paripesa.app\/wp-content\/uploads\/2024\/10\/cropped-logo.png","contentUrl":"https:\/\/paripesa.app\/wp-content\/uploads\/2024\/10\/cropped-logo.png","width":281,"height":44,"caption":"paripesa"},"image":{"@id":"https:\/\/paripesa.app\/#\/schema\/logo\/image\/"}}]}},"_links":{"self":[{"href":"https:\/\/paripesa.app\/pt-pt\/wp-json\/wp\/v2\/pages\/4740","targetHints":{"allow":["GET"]}}],"collection":[{"href":"https:\/\/paripesa.app\/pt-pt\/wp-json\/wp\/v2\/pages"}],"about":[{"href":"https:\/\/paripesa.app\/pt-pt\/wp-json\/wp\/v2\/types\/page"}],"author":[{"embeddable":true,"href":"https:\/\/paripesa.app\/pt-pt\/wp-json\/wp\/v2\/users\/1"}],"replies":[{"embeddable":true,"href":"https:\/\/paripesa.app\/pt-pt\/wp-json\/wp\/v2\/comments?post=4740"}],"version-history":[{"count":6,"href":"https:\/\/paripesa.app\/pt-pt\/wp-json\/wp\/v2\/pages\/4740\/revisions"}],"predecessor-version":[{"id":4785,"href":"https:\/\/paripesa.app\/pt-pt\/wp-json\/wp\/v2\/pages\/4740\/revisions\/4785"}],"wp:attachment":[{"href":"https:\/\/paripesa.app\/pt-pt\/wp-json\/wp\/v2\/media?parent=4740"}],"curies":[{"name":"wp","href":"https:\/\/api.w.org\/{rel}","templated":true}]}}