{"id":5393,"date":"2025-12-03T17:19:16","date_gmt":"2025-12-03T16:19:16","guid":{"rendered":"https:\/\/paripesa.app\/affiliateprogram\/"},"modified":"2026-01-13T11:26:03","modified_gmt":"2026-01-13T10:26:03","slug":"program-partnerski","status":"publish","type":"page","link":"https:\/\/paripesa.app\/pl\/program-partnerski\/","title":{"rendered":"Program partnerski"},"content":{"rendered":"\n<h1 class=\"wp-block-heading\">\ud83d\udcbcProgram partnerski Paripesa: Do\u0142\u0105cz do Paripesa Partners i zarabiaj online<br><br><\/h1>\n\n\n\n<p>Program partnerski Paripesa to \u015bwietna szansa dla ka\u017cdego, kto chce budowa\u0107 pasywny doch\u00f3d, promuj\u0105c zaufan\u0105 mark\u0119 online. Niezale\u017cnie od tego, czy jeste\u015b blogerem, influencerem czy zajmujesz si\u0119 marketingiem cyfrowym, program oferuje elastyczne modele prowizji, \u015bledzenie w czasie rzeczywistym oraz profesjonalne materia\u0142y promocyjne, kt\u00f3re u\u0142atwiaj\u0105 zwi\u0119kszanie zasi\u0119gu i zarobk\u00f3w.<br><\/p>\n\n\n\n<div class=\"wp-block-buttons is-content-justification-center is-layout-flex wp-container-core-buttons-is-layout-16018d1d wp-block-buttons-is-layout-flex\">\n<div class=\"wp-block-button\"><a class=\"wp-block-button__link wp-element-button\" href=\"https:\/\/combodef.com\/L?tag=d_4824720m_147506c_&#038;site=4824720&#038;ad=147506\">Do\u0142\u0105cz teraz<\/a><\/div>\n<\/div>\n\n\n\n<p>Paripesa Partners zapewnia wszystko, czego potrzebujesz, aby osi\u0105gn\u0105\u0107 sukces \u2014 od szczeg\u00f3\u0142owych analiz w Paripesa Global, przez indywidualne wsparcie, a\u017c po szybkie wyp\u0142aty. Po rejestracji otrzymasz unikalny link partnerski, kt\u00f3ry mo\u017cesz udost\u0119pnia\u0107 na wszystkich swoich platformach. Gdy u\u017cytkownicy rejestruj\u0105 si\u0119 za pomoc\u0105 Twojego linku, zarabiasz prowizje w zale\u017cno\u015bci od ich aktywno\u015bci. Dzi\u0119ki nagrodom opartym na wynikach i wielu opcjom wyp\u0142at to sprytny spos\u00f3b na monetyzacj\u0119 Twojej obecno\u015bci online.<\/p>\n","protected":false},"excerpt":{"rendered":"<p>\ud83d\udcbcProgram partnerski Paripesa: Do\u0142\u0105cz do Paripesa Partners i zarabiaj online Program partnerski Paripesa to \u015bwietna szansa dla ka\u017cdego, kto chce budowa\u0107 pasywny doch\u00f3d, promuj\u0105c zaufan\u0105 mark\u0119 online. Niezale\u017cnie od tego, czy jeste\u015b blogerem, influencerem czy zajmujesz si\u0119 marketingiem cyfrowym, program oferuje elastyczne modele prowizji, \u015bledzenie w czasie rzeczywistym oraz profesjonalne materia\u0142y promocyjne, kt\u00f3re u\u0142atwiaj\u0105 zwi\u0119kszanie [&hellip;]<\/p>\n","protected":false},"author":1,"featured_media":0,"parent":0,"menu_order":0,"comment_status":"closed","ping_status":"closed","template":"","meta":{"_sitemap_exclude":false,"_sitemap_priority":"","_sitemap_frequency":"","_monsterinsights_skip_tracking":false,"_monsterinsights_sitenote_active":false,"_monsterinsights_sitenote_note":"","_monsterinsights_sitenote_category":0,"footnotes":""},"class_list":["post-5393","page","type-page","status-publish","hentry"],"acf":[],"yoast_head":"<!-- This site is optimized with the Yoast SEO plugin v27.4 - https:\/\/yoast.com\/product\/yoast-seo-wordpress\/ -->\n<title>Paripesa affiliateprogram \u2013 bli med i Paripesa Partners og tjen penger p\u00e5 nett<\/title>\n<meta name=\"description\" content=\"Odkryj program partnerski Paripesa i zacznij dzia\u0142a\u0107 z Paripesa Partners. Korzystaj z elastycznych prowizji, \u015bledzenia w czasie rzeczywistym i profesjonalnego wsparcia, aby skutecznie zwi\u0119ksza\u0107 swoje dochody.\" \/>\n<meta name=\"robots\" content=\"index, follow, max-snippet:-1, max-image-preview:large, max-video-preview:-1\" \/>\n<meta property=\"og:locale\" content=\"pl_PL\" \/>\n<meta property=\"og:type\" content=\"article\" \/>\n<meta property=\"og:url\" content=\"https:\/\/paripesa.app\/pl\/program-partnerski\/\" \/>\n<meta property=\"article:modified_time\" content=\"2026-01-13T10:26:03+00:00\" \/>\n<meta name=\"twitter:card\" content=\"summary_large_image\" \/>\n<meta name=\"twitter:label1\" content=\"Szacowany czas czytania\" \/>\n\t<meta name=\"twitter:data1\" content=\"1 minuta\" \/>\n<!-- \/ Yoast SEO plugin. -->","yoast_head_json":{"title":"Paripesa affiliateprogram \u2013 bli med i Paripesa Partners og tjen penger p\u00e5 nett","description":"Odkryj program partnerski Paripesa i zacznij dzia\u0142a\u0107 z Paripesa Partners. Korzystaj z elastycznych prowizji, \u015bledzenia w czasie rzeczywistym i profesjonalnego wsparcia, aby skutecznie zwi\u0119ksza\u0107 swoje dochody.","robots":{"index":"index","follow":"follow","max-snippet":"max-snippet:-1","max-image-preview":"max-image-preview:large","max-video-preview":"max-video-preview:-1"},"og_locale":"pl_PL","og_type":"article","og_url":"https:\/\/paripesa.app\/pl\/program-partnerski\/","article_modified_time":"2026-01-13T10:26:03+00:00","twitter_card":"summary_large_image","twitter_misc":{"Szacowany czas czytania":"1 minuta"},"schema":{"@context":"https:\/\/schema.org","@graph":[{"@type":"WebPage","@id":"https:\/\/paripesa.app\/pl\/program-partnerski\/","url":"https:\/\/paripesa.app\/pl\/program-partnerski\/","name":"Paripesa affiliateprogram \u2013 bli med i Paripesa Partners og tjen penger p\u00e5 nett","isPartOf":{"@id":"https:\/\/paripesa.app\/#website"},"datePublished":"2025-12-03T16:19:16+00:00","dateModified":"2026-01-13T10:26:03+00:00","description":"Odkryj program partnerski Paripesa i zacznij dzia\u0142a\u0107 z Paripesa Partners. Korzystaj z elastycznych prowizji, \u015bledzenia w czasie rzeczywistym i profesjonalnego wsparcia, aby skutecznie zwi\u0119ksza\u0107 swoje dochody.","breadcrumb":{"@id":"https:\/\/paripesa.app\/pl\/program-partnerski\/#breadcrumb"},"inLanguage":"pl-PL","potentialAction":[{"@type":"ReadAction","target":["https:\/\/paripesa.app\/pl\/program-partnerski\/"]}]},{"@type":"WebSite","@id":"https:\/\/paripesa.app\/#website","url":"https:\/\/paripesa.app\/","name":"paripesa","description":"Paripesa App download","publisher":{"@id":"https:\/\/paripesa.app\/#organization"},"potentialAction":[],"inLanguage":"pl-PL"},{"@type":"Organization","@id":"https:\/\/paripesa.app\/#organization","name":"paripesa","url":"https:\/\/paripesa.app\/","logo":{"@type":"ImageObject","inLanguage":"pl-PL","@id":"https:\/\/paripesa.app\/#\/schema\/logo\/image\/","url":"https:\/\/paripesa.app\/wp-content\/uploads\/2024\/10\/cropped-logo.png","contentUrl":"https:\/\/paripesa.app\/wp-content\/uploads\/2024\/10\/cropped-logo.png","width":281,"height":44,"caption":"paripesa"},"image":{"@id":"https:\/\/paripesa.app\/#\/schema\/logo\/image\/"}}]}},"_links":{"self":[{"href":"https:\/\/paripesa.app\/pl\/wp-json\/wp\/v2\/pages\/5393","targetHints":{"allow":["GET"]}}],"collection":[{"href":"https:\/\/paripesa.app\/pl\/wp-json\/wp\/v2\/pages"}],"about":[{"href":"https:\/\/paripesa.app\/pl\/wp-json\/wp\/v2\/types\/page"}],"author":[{"embeddable":true,"href":"https:\/\/paripesa.app\/pl\/wp-json\/wp\/v2\/users\/1"}],"replies":[{"embeddable":true,"href":"https:\/\/paripesa.app\/pl\/wp-json\/wp\/v2\/comments?post=5393"}],"version-history":[{"count":3,"href":"https:\/\/paripesa.app\/pl\/wp-json\/wp\/v2\/pages\/5393\/revisions"}],"predecessor-version":[{"id":5729,"href":"https:\/\/paripesa.app\/pl\/wp-json\/wp\/v2\/pages\/5393\/revisions\/5729"}],"wp:attachment":[{"href":"https:\/\/paripesa.app\/pl\/wp-json\/wp\/v2\/media?parent=5393"}],"curies":[{"name":"wp","href":"https:\/\/api.w.org\/{rel}","templated":true}]}}