{"id":5398,"date":"2025-12-03T16:10:02","date_gmt":"2025-12-03T15:10:02","guid":{"rendered":"https:\/\/paripesa.app\/terms-and-conditions\/"},"modified":"2026-01-13T11:19:00","modified_gmt":"2026-01-13T10:19:00","slug":"termini-e-condizioni","status":"publish","type":"page","link":"https:\/\/paripesa.app\/it\/termini-e-condizioni\/","title":{"rendered":"Termini e Condizioni"},"content":{"rendered":"\n\n<div class=\"wp-block-group alignfull has-text-color has-background\" style=\"color:#000000;background-color:#ffffff\"><div class=\"wp-block-group__inner-container is-layout-flow wp-block-group-is-layout-flow\">\n<div style=\"height:64px\" aria-hidden=\"true\" class=\"wp-block-spacer\"><\/div>\n\n\n\n\n<p class=\"has-text-align-center has-small-font-size\" style=\"line-height:.9\"><strong>Termini Generali<\/strong><\/p>\n\n\n\n\n<h1 class=\"wp-block-heading has-text-align-center\" id=\"schedule-a-visit\" style=\"font-size:59px;line-height:1.15\"><span class=\"ez-toc-section\" id=\"Termini_e_Condizioni_di_Paripesa\"><\/span>Termini e Condizioni di Paripesa<span class=\"ez-toc-section-end\"><\/span><\/h1>\n\n\n\n\n<div class=\"wp-block-buttons is-horizontal is-content-justification-center is-layout-flex wp-container-core-buttons-is-layout-499968f5 wp-block-buttons-is-layout-flex\">\n<div class=\"wp-block-button has-custom-width wp-block-button__width-50\"><a class=\"wp-block-button__link has-text-color has-background wp-element-button\" href=\"https:\/\/combodef.com\/L?tag=d_4824720m_147506c_&#038;site=4824720&#038;ad=147506\" style=\"border-radius:50px;color:#ffffff;background-color:#000000\">Leggi di pi\u00f9<\/a><\/div>\n<\/div>\n\n\n\n\n<div style=\"height:64px\" aria-hidden=\"true\" class=\"wp-block-spacer\"><\/div>\n<\/div><\/div>\n\n\n<div id=\"ez-toc-container\" class=\"ez-toc-v2_0_82_2 counter-hierarchy ez-toc-counter ez-toc-custom ez-toc-container-direction\">\n<div class=\"ez-toc-title-container\">\n<p class=\"ez-toc-title\" style=\"cursor:inherit\">Table of Contents<\/p>\n<span class=\"ez-toc-title-toggle\"><a href=\"#\" class=\"ez-toc-pull-right ez-toc-btn ez-toc-btn-xs ez-toc-btn-default ez-toc-toggle\" aria-label=\"Toggle Table of Content\"><span class=\"ez-toc-js-icon-con\"><span class=\"\"><span class=\"eztoc-hide\" style=\"display:none;\">Toggle<\/span><span class=\"ez-toc-icon-toggle-span\"><svg style=\"fill: #999;color:#999\" xmlns=\"http:\/\/www.w3.org\/2000\/svg\" class=\"list-377408\" width=\"20px\" height=\"20px\" viewBox=\"0 0 24 24\" fill=\"none\"><path d=\"M6 6H4v2h2V6zm14 0H8v2h12V6zM4 11h2v2H4v-2zm16 0H8v2h12v-2zM4 16h2v2H4v-2zm16 0H8v2h12v-2z\" fill=\"currentColor\"><\/path><\/svg><svg style=\"fill: #999;color:#999\" class=\"arrow-unsorted-368013\" xmlns=\"http:\/\/www.w3.org\/2000\/svg\" width=\"10px\" height=\"10px\" viewBox=\"0 0 24 24\" version=\"1.2\" baseProfile=\"tiny\"><path d=\"M18.2 9.3l-6.2-6.3-6.2 6.3c-.2.2-.3.4-.3.7s.1.5.3.7c.2.2.4.3.7.3h11c.3 0 .5-.1.7-.3.2-.2.3-.5.3-.7s-.1-.5-.3-.7zM5.8 14.7l6.2 6.3 6.2-6.3c.2-.2.3-.5.3-.7s-.1-.5-.3-.7c-.2-.2-.4-.3-.7-.3h-11c-.3 0-.5.1-.7.3-.2.2-.3.5-.3.7s.1.5.3.7z\"\/><\/svg><\/span><\/span><\/span><\/a><\/span><\/div>\n<nav><ul class='ez-toc-list ez-toc-list-level-1 eztoc-toggle-hide-by-default' ><li class='ez-toc-page-1 ez-toc-heading-level-1'><a class=\"ez-toc-link ez-toc-heading-1\" href=\"https:\/\/paripesa.app\/it\/termini-e-condizioni\/#Termini_e_Condizioni_di_Paripesa\" >Termini e Condizioni di Paripesa<\/a><ul class='ez-toc-list-level-3' ><li class='ez-toc-heading-level-3'><ul class='ez-toc-list-level-3' ><li class='ez-toc-heading-level-3'><a class=\"ez-toc-link ez-toc-heading-2\" href=\"https:\/\/paripesa.app\/it\/termini-e-condizioni\/#%F0%9F%93%8B_Panoramica_Generale\" >\ud83d\udccb Panoramica Generale<\/a><\/li><li class='ez-toc-page-1 ez-toc-heading-level-3'><a class=\"ez-toc-link ez-toc-heading-3\" href=\"https:\/\/paripesa.app\/it\/termini-e-condizioni\/#%F0%9F%92%BC_Regole_dellAccount_e_Verifica\" >\ud83d\udcbc Regole dell\u2019Account e Verifica<\/a><\/li><li class='ez-toc-page-1 ez-toc-heading-level-3'><a class=\"ez-toc-link ez-toc-heading-4\" href=\"https:\/\/paripesa.app\/it\/termini-e-condizioni\/#%F0%9F%92%B8_Vincite_e_Reclami\" >\ud83d\udcb8 Vincite e Reclami<\/a><\/li><li class='ez-toc-page-1 ez-toc-heading-level-3'><a class=\"ez-toc-link ez-toc-heading-5\" href=\"https:\/\/paripesa.app\/it\/termini-e-condizioni\/#%F0%9F%8C%8D_Accesso_Regionale_e_Responsabilita_Legale_Italia\" >\ud83c\udf0d Accesso Regionale e Responsabilit\u00e0 Legale (Italia)<\/a><\/li><\/ul><\/li><li class='ez-toc-page-1 ez-toc-heading-level-2'><a class=\"ez-toc-link ez-toc-heading-6\" href=\"https:\/\/paripesa.app\/it\/termini-e-condizioni\/#FAQ_%E2%80%93_Termini_e_Condizioni_di_Paripesa\" >FAQ \u2013 Termini e Condizioni di Paripesa<\/a><ul class='ez-toc-list-level-3' ><li class='ez-toc-heading-level-3'><a class=\"ez-toc-link ez-toc-heading-7\" href=\"https:\/\/paripesa.app\/it\/termini-e-condizioni\/#1_Cosa_sono_i_Termini_e_Condizioni_di_Paripesa\" >1. Cosa sono i Termini e Condizioni di Paripesa?<\/a><\/li><li class='ez-toc-page-1 ez-toc-heading-level-3'><a class=\"ez-toc-link ez-toc-heading-8\" href=\"https:\/\/paripesa.app\/it\/termini-e-condizioni\/#2_Perche_devo_accettare_i_Termini_e_Condizioni\" >2. Perch\u00e9 devo accettare i Termini e Condizioni?<\/a><\/li><li class='ez-toc-page-1 ez-toc-heading-level-3'><a class=\"ez-toc-link ez-toc-heading-9\" href=\"https:\/\/paripesa.app\/it\/termini-e-condizioni\/#3_I_Termini_e_Condizioni_sono_diversi_per_ogni_Paese\" >3. I Termini e Condizioni sono diversi per ogni Paese?<\/a><\/li><li class='ez-toc-page-1 ez-toc-heading-level-3'><a class=\"ez-toc-link ez-toc-heading-10\" href=\"https:\/\/paripesa.app\/it\/termini-e-condizioni\/#4_Come_posso_trovare_la_versione_piu_recente_dei_Termini_e_Condizioni\" >4. Come posso trovare la versione pi\u00f9 recente dei Termini e Condizioni?<\/a><\/li><li class='ez-toc-page-1 ez-toc-heading-level-3'><a class=\"ez-toc-link ez-toc-heading-11\" href=\"https:\/\/paripesa.app\/it\/termini-e-condizioni\/#5_Cosa_succede_se_violi_i_Termini_e_Condizioni\" >5. Cosa succede se violi i Termini e Condizioni?<\/a><\/li><li class='ez-toc-page-1 ez-toc-heading-level-3'><a class=\"ez-toc-link ez-toc-heading-12\" href=\"https:\/\/paripesa.app\/it\/termini-e-condizioni\/#6_Paripesa_puo_aggiornare_i_Termini_e_Condizioni\" >6. Paripesa pu\u00f2 aggiornare i Termini e Condizioni?<\/a><\/li><li class='ez-toc-page-1 ez-toc-heading-level-3'><a class=\"ez-toc-link ez-toc-heading-13\" href=\"https:\/\/paripesa.app\/it\/termini-e-condizioni\/#7_Cosa_devo_fare_se_non_sono_daccordo_con_i_Termini_e_Condizioni_aggiornati\" >7. Cosa devo fare se non sono d\u2019accordo con i Termini e Condizioni aggiornati?<\/a><\/li><li class='ez-toc-page-1 ez-toc-heading-level-3'><a class=\"ez-toc-link ez-toc-heading-14\" href=\"https:\/\/paripesa.app\/it\/termini-e-condizioni\/#8_Ci_sono_limiti_di_eta_nei_Termini_e_Condizioni\" >8. Ci sono limiti di et\u00e0 nei Termini e Condizioni?<\/a><\/li><li class='ez-toc-page-1 ez-toc-heading-level-3'><a class=\"ez-toc-link ez-toc-heading-15\" href=\"https:\/\/paripesa.app\/it\/termini-e-condizioni\/#9_I_Termini_spiegano_i_bonus_e_le_regole_di_scommessa_wagering\" >9. I Termini spiegano i bonus e le regole di scommessa (wagering)?<\/a><\/li><li class='ez-toc-page-1 ez-toc-heading-level-3'><a class=\"ez-toc-link ez-toc-heading-16\" href=\"https:\/\/paripesa.app\/it\/termini-e-condizioni\/#10_Chi_posso_contattare_se_ho_domande_sui_Termini_e_Condizioni\" >10. Chi posso contattare se ho domande sui Termini e Condizioni?<\/a><\/li><\/ul><\/li><\/ul><\/li><\/ul><\/nav><\/div>\n\n\n\n\n\n<h3 class=\"wp-block-heading\"><span class=\"ez-toc-section\" id=\"%F0%9F%93%8B_Panoramica_Generale\"><\/span>\ud83d\udccb Panoramica Generale<span class=\"ez-toc-section-end\"><\/span><\/h3>\n\n\n\n\n<p><a href=\"https:\/\/paripesa.app\/it\/\">Paripesa<\/a> offre un\u2019ampia gamma di opzioni per scommettere su sport e su vari eventi globali. Per utilizzare la piattaforma, gli utenti devono avere <strong>almeno 18 anni<\/strong> o aver raggiunto l\u2019et\u00e0 legale richiesta nel proprio Paese. Alcune persone \u2014 come atleti, allenatori, arbitri e altri soggetti direttamente coinvolti negli eventi \u2014 sono rigorosamente <strong>proibite dal piazzare scommesse<\/strong> per garantire l\u2019equit\u00e0.<\/p>\n\n\n\n\n<p>La societ\u00e0 si riserva il diritto di <strong>rifiutare qualsiasi scommessa<\/strong>, soprattutto in caso di sospette violazioni delle regole o condotte inappropriate. Le scommesse possono essere annullate o dichiarate nulle se effettuate in circostanze sospette, inclusi l\u2019uso di informazioni privilegiate o attivit\u00e0 fraudolente.<\/p>\n\n\n\n\n<div class=\"wp-block-buttons is-content-justification-center is-layout-flex wp-container-core-buttons-is-layout-16018d1d wp-block-buttons-is-layout-flex\">\n<div class=\"wp-block-button\"><a class=\"wp-block-button__link wp-element-button\" href=\"https:\/\/combodef.com\/L?tag=d_4824720m_147506c_&#038;site=4824720&#038;ad=147506\">LEGGI DI PI\u00d9<\/a><\/div>\n<\/div>\n\n\n\n\n<hr class=\"wp-block-separator has-alpha-channel-opacity\"\/>\n\n\n\n\n<h3 class=\"wp-block-heading\"><span class=\"ez-toc-section\" id=\"%F0%9F%92%BC_Regole_dellAccount_e_Verifica\"><\/span>\ud83d\udcbc Regole dell\u2019Account e Verifica<span class=\"ez-toc-section-end\"><\/span><\/h3>\n\n\n\n\n<p>Ogni utente pu\u00f2 avere solo <strong>un account<\/strong>, che deve essere registrato con dati personali accurati. Non \u00e8 consentito creare pi\u00f9 account, usare documenti falsi o aprire account per conto di altre persone. Paripesa pu\u00f2 richiedere la <strong>verifica dell\u2019identit\u00e0<\/strong>, inclusi videochiamate o invio di documenti, soprattutto in caso di attivit\u00e0 sospette.<\/p>\n\n\n\n\n<p>Se un account rimane <strong>inattivo per pi\u00f9 di 3 mesi<\/strong>, pu\u00f2 essere bloccato automaticamente. La riattivazione richiede il contatto con il team di sicurezza della piattaforma. La piattaforma pu\u00f2 inoltre richiedere la verifica dell\u2019ID prima di consentire modifiche come l\u2019aggiornamento della valuta.<\/p>\n\n\n\n\n<hr class=\"wp-block-separator has-alpha-channel-opacity\"\/>\n\n\n\n\n<h3 class=\"wp-block-heading\"><span class=\"ez-toc-section\" id=\"%F0%9F%92%B8_Vincite_e_Reclami\"><\/span>\ud83d\udcb8 Vincite e Reclami<span class=\"ez-toc-section-end\"><\/span><\/h3>\n\n\n\n\n<p>Le scommesse vengono regolate in base ai risultati ufficiali delle partite e ai dati verificati. Le vincite sono in genere disponibili per il <strong>prelievo entro 60 giorni<\/strong>. Se gli utenti hanno dubbi su un risultato o su un pagamento, devono inviare un reclamo dettagliato entro <strong>10 giorni<\/strong>, oppure entro <strong>72 ore<\/strong> per alcuni giochi come Cyber-Live.<\/p>\n\n\n\n\n<p>Paripesa consente la risoluzione delle controversie tramite una procedura stragiudiziale. Se non viene raggiunta una soluzione equa, la questione pu\u00f2 essere portata in sede legale, in base alla giurisdizione della sede legale registrata della societ\u00e0.<\/p>\n\n\n\n\n<hr class=\"wp-block-separator has-alpha-channel-opacity\"\/>\n\n\n\n\n<h3 class=\"wp-block-heading\"><span class=\"ez-toc-section\" id=\"%F0%9F%8C%8D_Accesso_Regionale_e_Responsabilita_Legale_Italia\"><\/span>\ud83c\udf0d Accesso Regionale e Responsabilit\u00e0 Legale (Italia)<span class=\"ez-toc-section-end\"><\/span><\/h3>\n\n\n\n\n<p>Prima di registrarsi, gli utenti devono assicurarsi che il gioco d\u2019azzardo online sia <strong>legale nel proprio Paese<\/strong>. Paripesa limita l\u2019accesso da diverse giurisdizioni, tra cui USA, Regno Unito, Francia, Spagna, Germania e altre. \u00c8 responsabilit\u00e0 del cliente rimanere informato sulle leggi locali applicabili, inclusi eventuali requisiti specifici per l\u2019Italia.<\/p>\n\n\n\n\n<p>Se un cliente risulta in violazione di tali restrizioni, Paripesa pu\u00f2:<\/p>\n\n\n\n\n<ul class=\"wp-block-list\">\n<li>Annullare tutte le scommesse attive<\/li>\n\n\n\n\n<li>Chiudere l\u2019account e rimborsare i depositi (escludendo i profitti fraudolenti)<\/li>\n<\/ul>\n\n\n\n\n<hr class=\"wp-block-separator has-alpha-channel-opacity\"\/>\n\n\n\n\n<h2 class=\"wp-block-heading\"><span class=\"ez-toc-section\" id=\"FAQ_%E2%80%93_Termini_e_Condizioni_di_Paripesa\"><\/span><strong>FAQ \u2013 Termini e Condizioni di Paripesa<\/strong><span class=\"ez-toc-section-end\"><\/span><\/h2>\n\n\n\n\n<h3 class=\"wp-block-heading\"><span class=\"ez-toc-section\" id=\"1_Cosa_sono_i_Termini_e_Condizioni_di_Paripesa\"><\/span><strong>1. Cosa sono i Termini e Condizioni di Paripesa?<\/strong><span class=\"ez-toc-section-end\"><\/span><\/h3>\n\n\n\n\n<p>Sono le regole che disciplinano come puoi usare la piattaforma, piazzare scommesse, depositare o prelevare fondi e accedere ai servizi di casin\u00f2 o sport.<\/p>\n\n\n\n\n<h3 class=\"wp-block-heading\"><span class=\"ez-toc-section\" id=\"2_Perche_devo_accettare_i_Termini_e_Condizioni\"><\/span><strong>2. Perch\u00e9 devo accettare i Termini e Condizioni?<\/strong><span class=\"ez-toc-section-end\"><\/span><\/h3>\n\n\n\n\n<p>Devi accettarli per utilizzare il servizio in modo legale e sicuro. L\u2019accettazione conferma che comprendi i tuoi diritti, le responsabilit\u00e0 e le policy della piattaforma.<\/p>\n\n\n\n\n<h3 class=\"wp-block-heading\"><span class=\"ez-toc-section\" id=\"3_I_Termini_e_Condizioni_sono_diversi_per_ogni_Paese\"><\/span><strong>3. I Termini e Condizioni sono diversi per ogni Paese?<\/strong><span class=\"ez-toc-section-end\"><\/span><\/h3>\n\n\n\n\n<p>Alcune regole possono variare in base alle leggi sulle scommesse della tua regione. Controlla sempre la versione applicabile al tuo Paese.<\/p>\n\n\n\n\n<h3 class=\"wp-block-heading\"><span class=\"ez-toc-section\" id=\"4_Come_posso_trovare_la_versione_piu_recente_dei_Termini_e_Condizioni\"><\/span><strong>4. Come posso trovare la versione pi\u00f9 recente dei Termini e Condizioni?<\/strong><span class=\"ez-toc-section-end\"><\/span><\/h3>\n\n\n\n\n<p>La versione pi\u00f9 aggiornata \u00e8 sempre disponibile sul sito o all\u2019interno dell\u2019app mobile nella sezione \u201cInformazioni Legali\u201d o \u201cTermini e Condizioni\u201d.<\/p>\n\n\n\n\n<h3 class=\"wp-block-heading\"><span class=\"ez-toc-section\" id=\"5_Cosa_succede_se_violi_i_Termini_e_Condizioni\"><\/span><strong>5. Cosa succede se violi i Termini e Condizioni?<\/strong><span class=\"ez-toc-section-end\"><\/span><\/h3>\n\n\n\n\n<p>Il tuo account pu\u00f2 essere limitato, sospeso o chiuso definitivamente. Nei casi pi\u00f9 gravi, le vincite possono essere trattenute secondo le regole.<\/p>\n\n\n\n\n<h3 class=\"wp-block-heading\"><span class=\"ez-toc-section\" id=\"6_Paripesa_puo_aggiornare_i_Termini_e_Condizioni\"><\/span><strong>6. Paripesa pu\u00f2 aggiornare i Termini e Condizioni?<\/strong><span class=\"ez-toc-section-end\"><\/span><\/h3>\n\n\n\n\n<p>S\u00ec. La piattaforma pu\u00f2 aggiornare le regole in qualsiasi momento. Gli utenti verranno informati quando si verificano modifiche importanti.<\/p>\n\n\n\n\n<h3 class=\"wp-block-heading\"><span class=\"ez-toc-section\" id=\"7_Cosa_devo_fare_se_non_sono_daccordo_con_i_Termini_e_Condizioni_aggiornati\"><\/span><strong>7. Cosa devo fare se non sono d\u2019accordo con i Termini e Condizioni aggiornati?<\/strong><span class=\"ez-toc-section-end\"><\/span><\/h3>\n\n\n\n\n<p>Se non sei d\u2019accordo, dovresti smettere di utilizzare la piattaforma e richiedere la chiusura dell\u2019account tramite l\u2019assistenza clienti.<\/p>\n\n\n\n\n<h3 class=\"wp-block-heading\"><span class=\"ez-toc-section\" id=\"8_Ci_sono_limiti_di_eta_nei_Termini_e_Condizioni\"><\/span><strong>8. Ci sono limiti di et\u00e0 nei Termini e Condizioni?<\/strong><span class=\"ez-toc-section-end\"><\/span><\/h3>\n\n\n\n\n<p>S\u00ec. Devi avere almeno <strong>18 anni<\/strong> (o l\u2019et\u00e0 legale per il gioco d\u2019azzardo nella tua regione) per utilizzare qualsiasi servizio.<\/p>\n\n\n\n\n<h3 class=\"wp-block-heading\"><span class=\"ez-toc-section\" id=\"9_I_Termini_spiegano_i_bonus_e_le_regole_di_scommessa_wagering\"><\/span><strong>9. I Termini spiegano i bonus e le regole di scommessa (wagering)?<\/strong><span class=\"ez-toc-section-end\"><\/span><\/h3>\n\n\n\n\n<p>S\u00ec. I requisiti dei bonus, le regole di puntata (wagering) e le limitazioni delle promozioni sono incluse nei T&amp;C.<\/p>\n\n\n\n\n<h3 class=\"wp-block-heading\"><span class=\"ez-toc-section\" id=\"10_Chi_posso_contattare_se_ho_domande_sui_Termini_e_Condizioni\"><\/span><strong>10. Chi posso contattare se ho domande sui Termini e Condizioni?<\/strong><span class=\"ez-toc-section-end\"><\/span><\/h3>\n\n\n\n\n<p>Puoi contattare l\u2019assistenza clienti tramite live chat, email o l\u2019help center per chiarimenti o informazioni aggiuntive.<\/p>\n\n","protected":false},"excerpt":{"rendered":"<p>Termini Generali Termini e Condizioni di Paripesa \ud83d\udccb Panoramica Generale Paripesa offre un\u2019ampia gamma di opzioni per scommettere su sport e su vari eventi globali. Per utilizzare la piattaforma, gli utenti devono avere almeno 18 anni o aver raggiunto l\u2019et\u00e0 legale richiesta nel proprio Paese. Alcune persone \u2014 come atleti, allenatori, arbitri e altri soggetti [&hellip;]<\/p>\n","protected":false},"author":1,"featured_media":0,"parent":0,"menu_order":0,"comment_status":"closed","ping_status":"closed","template":"","meta":{"_sitemap_exclude":false,"_sitemap_priority":"","_sitemap_frequency":"","_monsterinsights_skip_tracking":false,"_monsterinsights_sitenote_active":false,"_monsterinsights_sitenote_note":"","_monsterinsights_sitenote_category":0,"footnotes":""},"class_list":["post-5398","page","type-page","status-publish","hentry"],"acf":[],"yoast_head":"<!-- This site is optimized with the Yoast SEO plugin v27.4 - https:\/\/yoast.com\/product\/yoast-seo-wordpress\/ -->\n<title>Paripesa Termini e Condizioni | Regole, Account, Pagamenti e Bonus<\/title>\n<meta name=\"description\" content=\"Consulta i Termini e Condizioni di Paripesa per l\u2019Italia: regole sull\u2019uso dell\u2019account, scommesse, pagamenti, bonus, gioco responsabile e obblighi degli utenti.\" \/>\n<meta name=\"robots\" content=\"index, follow, max-snippet:-1, max-image-preview:large, max-video-preview:-1\" \/>\n<meta property=\"og:locale\" content=\"it_IT\" \/>\n<meta property=\"og:type\" content=\"article\" \/>\n<meta property=\"og:url\" content=\"https:\/\/paripesa.app\/it\/termini-e-condizioni\/\" \/>\n<meta property=\"article:modified_time\" content=\"2026-01-13T10:19:00+00:00\" \/>\n<meta name=\"twitter:card\" content=\"summary_large_image\" \/>\n<meta name=\"twitter:label1\" content=\"Tempo di lettura stimato\" \/>\n\t<meta name=\"twitter:data1\" content=\"4 minuti\" \/>\n<!-- \/ Yoast SEO plugin. -->","yoast_head_json":{"title":"Paripesa Termini e Condizioni | Regole, Account, Pagamenti e Bonus","description":"Consulta i Termini e Condizioni di Paripesa per l\u2019Italia: regole sull\u2019uso dell\u2019account, scommesse, pagamenti, bonus, gioco responsabile e obblighi degli utenti.","robots":{"index":"index","follow":"follow","max-snippet":"max-snippet:-1","max-image-preview":"max-image-preview:large","max-video-preview":"max-video-preview:-1"},"og_locale":"it_IT","og_type":"article","og_url":"https:\/\/paripesa.app\/it\/termini-e-condizioni\/","article_modified_time":"2026-01-13T10:19:00+00:00","twitter_card":"summary_large_image","twitter_misc":{"Tempo di lettura stimato":"4 minuti"},"schema":{"@context":"https:\/\/schema.org","@graph":[{"@type":"WebPage","@id":"https:\/\/paripesa.app\/it\/termini-e-condizioni\/","url":"https:\/\/paripesa.app\/it\/termini-e-condizioni\/","name":"Paripesa Termini e Condizioni | Regole, Account, Pagamenti e Bonus","isPartOf":{"@id":"https:\/\/paripesa.app\/#website"},"datePublished":"2025-12-03T15:10:02+00:00","dateModified":"2026-01-13T10:19:00+00:00","description":"Consulta i Termini e Condizioni di Paripesa per l\u2019Italia: regole sull\u2019uso dell\u2019account, scommesse, pagamenti, bonus, gioco responsabile e obblighi degli utenti.","breadcrumb":{"@id":"https:\/\/paripesa.app\/it\/termini-e-condizioni\/#breadcrumb"},"inLanguage":"it-IT","potentialAction":[{"@type":"ReadAction","target":["https:\/\/paripesa.app\/it\/termini-e-condizioni\/"]}]},{"@type":"WebSite","@id":"https:\/\/paripesa.app\/#website","url":"https:\/\/paripesa.app\/","name":"paripesa","description":"Paripesa App download","publisher":{"@id":"https:\/\/paripesa.app\/#organization"},"potentialAction":[],"inLanguage":"it-IT"},{"@type":"Organization","@id":"https:\/\/paripesa.app\/#organization","name":"paripesa","url":"https:\/\/paripesa.app\/","logo":{"@type":"ImageObject","inLanguage":"it-IT","@id":"https:\/\/paripesa.app\/#\/schema\/logo\/image\/","url":"https:\/\/paripesa.app\/wp-content\/uploads\/2024\/10\/cropped-logo.png","contentUrl":"https:\/\/paripesa.app\/wp-content\/uploads\/2024\/10\/cropped-logo.png","width":281,"height":44,"caption":"paripesa"},"image":{"@id":"https:\/\/paripesa.app\/#\/schema\/logo\/image\/"}}]}},"_links":{"self":[{"href":"https:\/\/paripesa.app\/it\/wp-json\/wp\/v2\/pages\/5398","targetHints":{"allow":["GET"]}}],"collection":[{"href":"https:\/\/paripesa.app\/it\/wp-json\/wp\/v2\/pages"}],"about":[{"href":"https:\/\/paripesa.app\/it\/wp-json\/wp\/v2\/types\/page"}],"author":[{"embeddable":true,"href":"https:\/\/paripesa.app\/it\/wp-json\/wp\/v2\/users\/1"}],"replies":[{"embeddable":true,"href":"https:\/\/paripesa.app\/it\/wp-json\/wp\/v2\/comments?post=5398"}],"version-history":[{"count":3,"href":"https:\/\/paripesa.app\/it\/wp-json\/wp\/v2\/pages\/5398\/revisions"}],"predecessor-version":[{"id":5717,"href":"https:\/\/paripesa.app\/it\/wp-json\/wp\/v2\/pages\/5398\/revisions\/5717"}],"wp:attachment":[{"href":"https:\/\/paripesa.app\/it\/wp-json\/wp\/v2\/media?parent=5398"}],"curies":[{"name":"wp","href":"https:\/\/api.w.org\/{rel}","templated":true}]}}