{"id":5379,"date":"2025-12-03T17:19:16","date_gmt":"2025-12-03T16:19:16","guid":{"rendered":"https:\/\/paripesa.app\/affiliate-programm\/"},"modified":"2026-01-13T11:18:07","modified_gmt":"2026-01-13T10:18:07","slug":"programma-di-affiliazione","status":"publish","type":"page","link":"https:\/\/paripesa.app\/it\/programma-di-affiliazione\/","title":{"rendered":"Programma di affiliazione Paripesa"},"content":{"rendered":" <h1 class=\"wp-block-heading\">\ud83d\udcbcParipesa affiliateprogram: bli med i Paripesa Partners n\u00e5 og tjen penger p\u00e5 nett<br><br><\/h1>   <p>Paripesa affiliateprogram er en flott mulighet for alle som \u00f8nsker \u00e5 bygge passiv inntekt ved \u00e5 promotere et p\u00e5litelig nettmerke. Enten du er blogger, influencer eller jobber med digital markedsf\u00f8ring, f\u00e5r du fleksible provisjonsmodeller, sporing i sanntid og profesjonelt markedsf\u00f8ringsmateriell som gj\u00f8r det enklere \u00e5 \u00f8ke b\u00e5de rekkevidde og inntekter.<\/p>   <div class=\"wp-block-buttons is-content-justification-center is-layout-flex wp-container-core-buttons-is-layout-16018d1d wp-block-buttons-is-layout-flex\">  <div class=\"wp-block-button\"> <a class=\"wp-block-button__link wp-element-button\" href=\"https:\/\/combodef.com\/L?tag=d_4824720m_147506c_&#038;site=4824720&#038;ad=147506\">Bli med n\u00e5<\/a> <\/div>  <\/div>   <p>Paripesa Partners gir deg alt du trenger for \u00e5 lykkes \u2013 fra detaljerte analyser i Paripesa Global til personlig st\u00f8tte og raske utbetalinger. Etter registrering f\u00e5r du en unik affiliatelenke som du kan dele p\u00e5 alle plattformene dine. N\u00e5r brukere registrerer seg via lenken din, tjener du provisjon basert p\u00e5 aktiviteten deres. Med bel\u00f8nninger basert p\u00e5 resultater og flere utbetalingsalternativer er dette en smart m\u00e5te \u00e5 tjene penger p\u00e5 din digitale tilstedev\u00e6relse.<br><br><\/p>   <p><\/p> ","protected":false},"excerpt":{"rendered":"<p>\ud83d\udcbcParipesa affiliateprogram: bli med i Paripesa Partners n\u00e5 og tjen penger p\u00e5 nett Paripesa affiliateprogram er en flott mulighet for alle som \u00f8nsker \u00e5 bygge passiv inntekt ved \u00e5 promotere et p\u00e5litelig nettmerke. Enten du er blogger, influencer eller jobber med digital markedsf\u00f8ring, f\u00e5r du fleksible provisjonsmodeller, sporing i sanntid og profesjonelt markedsf\u00f8ringsmateriell som gj\u00f8r [&hellip;]<\/p>\n","protected":false},"author":1,"featured_media":0,"parent":0,"menu_order":0,"comment_status":"closed","ping_status":"closed","template":"","meta":{"_sitemap_exclude":false,"_sitemap_priority":"","_sitemap_frequency":"","_monsterinsights_skip_tracking":false,"_monsterinsights_sitenote_active":false,"_monsterinsights_sitenote_note":"","_monsterinsights_sitenote_category":0,"footnotes":""},"class_list":["post-5379","page","type-page","status-publish","hentry"],"acf":[],"yoast_head":"<!-- This site is optimized with the Yoast SEO plugin v27.4 - https:\/\/yoast.com\/product\/yoast-seo-wordpress\/ -->\n<title>Paripesa affiliateprogram \u2013 bli med i Paripesa Partners og tjen penger p\u00e5 nett<\/title>\n<meta name=\"description\" content=\"Oppdag Paripesa affiliateprogram og kom i gang med Paripesa Partners. F\u00e5 fleksible provisjoner, sporing i sanntid og profesjonell st\u00f8tte for \u00e5 \u00f8ke inntektene dine p\u00e5 en m\u00e5lrettet m\u00e5te.\" \/>\n<meta name=\"robots\" content=\"index, follow, max-snippet:-1, max-image-preview:large, max-video-preview:-1\" \/>\n<meta property=\"og:locale\" content=\"it_IT\" \/>\n<meta property=\"og:type\" content=\"article\" \/>\n<meta property=\"og:url\" content=\"https:\/\/paripesa.app\/it\/programma-di-affiliazione\/\" \/>\n<meta property=\"article:modified_time\" content=\"2026-01-13T10:18:07+00:00\" \/>\n<meta name=\"twitter:card\" content=\"summary_large_image\" \/>\n<meta name=\"twitter:label1\" content=\"Tempo di lettura stimato\" \/>\n\t<meta name=\"twitter:data1\" content=\"1 minuto\" \/>\n<!-- \/ Yoast SEO plugin. -->","yoast_head_json":{"title":"Paripesa affiliateprogram \u2013 bli med i Paripesa Partners og tjen penger p\u00e5 nett","description":"Oppdag Paripesa affiliateprogram og kom i gang med Paripesa Partners. F\u00e5 fleksible provisjoner, sporing i sanntid og profesjonell st\u00f8tte for \u00e5 \u00f8ke inntektene dine p\u00e5 en m\u00e5lrettet m\u00e5te.","robots":{"index":"index","follow":"follow","max-snippet":"max-snippet:-1","max-image-preview":"max-image-preview:large","max-video-preview":"max-video-preview:-1"},"og_locale":"it_IT","og_type":"article","og_url":"https:\/\/paripesa.app\/it\/programma-di-affiliazione\/","article_modified_time":"2026-01-13T10:18:07+00:00","twitter_card":"summary_large_image","twitter_misc":{"Tempo di lettura stimato":"1 minuto"},"schema":{"@context":"https:\/\/schema.org","@graph":[{"@type":"WebPage","@id":"https:\/\/paripesa.app\/it\/programma-di-affiliazione\/","url":"https:\/\/paripesa.app\/it\/programma-di-affiliazione\/","name":"Paripesa affiliateprogram \u2013 bli med i Paripesa Partners og tjen penger p\u00e5 nett","isPartOf":{"@id":"https:\/\/paripesa.app\/#website"},"datePublished":"2025-12-03T16:19:16+00:00","dateModified":"2026-01-13T10:18:07+00:00","description":"Oppdag Paripesa affiliateprogram og kom i gang med Paripesa Partners. F\u00e5 fleksible provisjoner, sporing i sanntid og profesjonell st\u00f8tte for \u00e5 \u00f8ke inntektene dine p\u00e5 en m\u00e5lrettet m\u00e5te.","breadcrumb":{"@id":"https:\/\/paripesa.app\/it\/programma-di-affiliazione\/#breadcrumb"},"inLanguage":"it-IT","potentialAction":[{"@type":"ReadAction","target":["https:\/\/paripesa.app\/it\/programma-di-affiliazione\/"]}]},{"@type":"WebSite","@id":"https:\/\/paripesa.app\/#website","url":"https:\/\/paripesa.app\/","name":"paripesa","description":"Paripesa App download","publisher":{"@id":"https:\/\/paripesa.app\/#organization"},"potentialAction":[],"inLanguage":"it-IT"},{"@type":"Organization","@id":"https:\/\/paripesa.app\/#organization","name":"paripesa","url":"https:\/\/paripesa.app\/","logo":{"@type":"ImageObject","inLanguage":"it-IT","@id":"https:\/\/paripesa.app\/#\/schema\/logo\/image\/","url":"https:\/\/paripesa.app\/wp-content\/uploads\/2024\/10\/cropped-logo.png","contentUrl":"https:\/\/paripesa.app\/wp-content\/uploads\/2024\/10\/cropped-logo.png","width":281,"height":44,"caption":"paripesa"},"image":{"@id":"https:\/\/paripesa.app\/#\/schema\/logo\/image\/"}}]}},"_links":{"self":[{"href":"https:\/\/paripesa.app\/it\/wp-json\/wp\/v2\/pages\/5379","targetHints":{"allow":["GET"]}}],"collection":[{"href":"https:\/\/paripesa.app\/it\/wp-json\/wp\/v2\/pages"}],"about":[{"href":"https:\/\/paripesa.app\/it\/wp-json\/wp\/v2\/types\/page"}],"author":[{"embeddable":true,"href":"https:\/\/paripesa.app\/it\/wp-json\/wp\/v2\/users\/1"}],"replies":[{"embeddable":true,"href":"https:\/\/paripesa.app\/it\/wp-json\/wp\/v2\/comments?post=5379"}],"version-history":[{"count":5,"href":"https:\/\/paripesa.app\/it\/wp-json\/wp\/v2\/pages\/5379\/revisions"}],"predecessor-version":[{"id":5389,"href":"https:\/\/paripesa.app\/it\/wp-json\/wp\/v2\/pages\/5379\/revisions\/5389"}],"wp:attachment":[{"href":"https:\/\/paripesa.app\/it\/wp-json\/wp\/v2\/media?parent=5379"}],"curies":[{"name":"wp","href":"https:\/\/api.w.org\/{rel}","templated":true}]}}