{"id":5450,"date":"2025-12-03T16:53:21","date_gmt":"2025-12-03T15:53:21","guid":{"rendered":"https:\/\/paripesa.app\/responsible-gambling\/"},"modified":"2026-01-13T10:53:52","modified_gmt":"2026-01-13T09:53:52","slug":"jeu-responsable","status":"publish","type":"page","link":"https:\/\/paripesa.app\/fr\/jeu-responsable\/","title":{"rendered":"Responsible Gambling"},"content":{"rendered":"\n<h1 class=\"wp-block-heading\"><span class=\"ez-toc-section\" id=\"Jeu_responsable\"><\/span>Jeu responsable<span class=\"ez-toc-section-end\"><\/span><\/h1>\n\n\n<div id=\"ez-toc-container\" class=\"ez-toc-v2_0_82_2 counter-hierarchy ez-toc-counter ez-toc-custom ez-toc-container-direction\">\n<div class=\"ez-toc-title-container\">\n<p class=\"ez-toc-title\" style=\"cursor:inherit\">Table of Contents<\/p>\n<span class=\"ez-toc-title-toggle\"><a href=\"#\" class=\"ez-toc-pull-right ez-toc-btn ez-toc-btn-xs ez-toc-btn-default ez-toc-toggle\" aria-label=\"Toggle Table of Content\"><span class=\"ez-toc-js-icon-con\"><span class=\"\"><span class=\"eztoc-hide\" style=\"display:none;\">Toggle<\/span><span class=\"ez-toc-icon-toggle-span\"><svg style=\"fill: #999;color:#999\" xmlns=\"http:\/\/www.w3.org\/2000\/svg\" class=\"list-377408\" width=\"20px\" height=\"20px\" viewBox=\"0 0 24 24\" fill=\"none\"><path d=\"M6 6H4v2h2V6zm14 0H8v2h12V6zM4 11h2v2H4v-2zm16 0H8v2h12v-2zM4 16h2v2H4v-2zm16 0H8v2h12v-2z\" fill=\"currentColor\"><\/path><\/svg><svg style=\"fill: #999;color:#999\" class=\"arrow-unsorted-368013\" xmlns=\"http:\/\/www.w3.org\/2000\/svg\" width=\"10px\" height=\"10px\" viewBox=\"0 0 24 24\" version=\"1.2\" baseProfile=\"tiny\"><path d=\"M18.2 9.3l-6.2-6.3-6.2 6.3c-.2.2-.3.4-.3.7s.1.5.3.7c.2.2.4.3.7.3h11c.3 0 .5-.1.7-.3.2-.2.3-.5.3-.7s-.1-.5-.3-.7zM5.8 14.7l6.2 6.3 6.2-6.3c.2-.2.3-.5.3-.7s-.1-.5-.3-.7c-.2-.2-.4-.3-.7-.3h-11c-.3 0-.5.1-.7.3-.2.2-.3.5-.3.7s.1.5.3.7z\"\/><\/svg><\/span><\/span><\/span><\/a><\/span><\/div>\n<nav><ul class='ez-toc-list ez-toc-list-level-1 eztoc-toggle-hide-by-default' ><li class='ez-toc-page-1 ez-toc-heading-level-1'><a class=\"ez-toc-link ez-toc-heading-1\" href=\"https:\/\/paripesa.app\/fr\/jeu-responsable\/#Jeu_responsable\" >Jeu responsable<\/a><ul class='ez-toc-list-level-3' ><li class='ez-toc-heading-level-3'><ul class='ez-toc-list-level-3' ><li class='ez-toc-heading-level-3'><a class=\"ez-toc-link ez-toc-heading-2\" href=\"https:\/\/paripesa.app\/fr\/jeu-responsable\/#Notre_engagement\" >Notre engagement<\/a><\/li><li class='ez-toc-page-1 ez-toc-heading-level-3'><a class=\"ez-toc-link ez-toc-heading-3\" href=\"https:\/\/paripesa.app\/fr\/jeu-responsable\/#Proteger_les_mineurs\" >Prot\u00e9ger les mineurs<\/a><\/li><li class='ez-toc-page-1 ez-toc-heading-level-3'><a class=\"ez-toc-link ez-toc-heading-4\" href=\"https:\/\/paripesa.app\/fr\/jeu-responsable\/#Avez-vous_besoin_devaluer_votre_pratique_de_jeu\" >Avez-vous besoin d\u2019\u00e9valuer votre pratique de jeu ?<\/a><\/li><li class='ez-toc-page-1 ez-toc-heading-level-3'><a class=\"ez-toc-link ez-toc-heading-5\" href=\"https:\/\/paripesa.app\/fr\/jeu-responsable\/#Conseils_pour_jouer_de_maniere_plus_sure\" >Conseils pour jouer de mani\u00e8re plus s\u00fbre<\/a><\/li><li class='ez-toc-page-1 ez-toc-heading-level-3'><a class=\"ez-toc-link ez-toc-heading-6\" href=\"https:\/\/paripesa.app\/fr\/jeu-responsable\/#Fixer_des_limites_et_sexclure\" >Fixer des limites et s\u2019exclure<\/a><\/li><li class='ez-toc-page-1 ez-toc-heading-level-3'><a class=\"ez-toc-link ez-toc-heading-7\" href=\"https:\/\/paripesa.app\/fr\/jeu-responsable\/#Ressources_daide_au_jeu_responsable\" >Ressources d\u2019aide au jeu responsable<\/a><\/li><\/ul><\/li><\/ul><\/li><\/ul><\/nav><\/div>\n\n\n\n\n<p>Jouer sur <a href=\"https:\/\/paripesa.app\/fr\/\">Paripesa APP<\/a> doit rester un plaisir \u2013 une forme de divertissement, et non un moyen de gagner de l\u2019argent ou de r\u00e9soudre des difficult\u00e9s financi\u00e8res. Si cela cesse d\u2019\u00eatre agr\u00e9able et commence \u00e0 provoquer du stress, des dettes ou des disputes avec vos proches, cela peut \u00eatre le signe d\u2019un probl\u00e8me de jeu.<\/p>\n\n\n\n<p>Le jeu excessif peut \u00eatre li\u00e9 \u00e0 une d\u00e9t\u00e9rioration de la sant\u00e9 mentale (anxi\u00e9t\u00e9, d\u00e9pression et, dans certains cas, id\u00e9es suicidaires). Il peut aussi affecter la vie familiale, le travail ou les \u00e9tudes, et entra\u00eener de graves difficult\u00e9s financi\u00e8res.<\/p>\n\n\n\n<h3 class=\"wp-block-heading\"><span class=\"ez-toc-section\" id=\"Notre_engagement\"><\/span>Notre engagement<span class=\"ez-toc-section-end\"><\/span><\/h3>\n\n\n\n<ul class=\"wp-block-list\">\n<li>Nous n\u2019autorisons pas le jeu des mineurs. Nos services sont r\u00e9serv\u00e9s aux adultes (18+ ou l\u2019\u00e2ge l\u00e9gal en vigueur dans votre pays).<\/li>\n\n\n\n<li>Nous ne ciblons pas les mineurs ni les personnes vuln\u00e9rables dans nos publicit\u00e9s, parrainages ou actions marketing.<\/li>\n\n\n\n<li>Nous v\u00e9rifions r\u00e9guli\u00e8rement l\u2019\u00e2ge de nos clients. Si nous ne pouvons pas confirmer votre \u00e2ge, nous vous demanderons des documents suppl\u00e9mentaires.<\/li>\n\n\n\n<li>Tant que votre \u00e2ge n\u2019est pas confirm\u00e9, l\u2019acc\u00e8s \u00e0 votre compte peut \u00eatre limit\u00e9 et des fonds peuvent \u00eatre bloqu\u00e9s afin de garantir que vous \u00eates l\u00e9galement autoris\u00e9(e) \u00e0 utiliser le service.<\/li>\n\n\n\n<li>Nos publicit\u00e9s ne promettent pas de gains garantis et ne dissimulent pas les risques li\u00e9s au jeu. Nous encourageons un jeu mod\u00e9r\u00e9 et responsable.<\/li>\n<\/ul>\n\n\n\n<h3 class=\"wp-block-heading\"><span class=\"ez-toc-section\" id=\"Proteger_les_mineurs\"><\/span>Prot\u00e9ger les mineurs<span class=\"ez-toc-section-end\"><\/span><\/h3>\n\n\n\n<p>Si vous partagez votre ordinateur ou votre appareil mobile avec une personne de moins de 18 ans, veuillez vous assurer que :<\/p>\n\n\n\n<ul class=\"wp-block-list\">\n<li>Vos identifiants, mots de passe et informations bancaires restent priv\u00e9s et s\u00e9curis\u00e9s.<\/li>\n\n\n\n<li>Vous vous d\u00e9connectez toujours de votre compte apr\u00e8s avoir jou\u00e9.<\/li>\n\n\n\n<li>Vous envisagez d\u2019utiliser un logiciel de filtrage de contenu ou de contr\u00f4le parental (par exemple NetNanny ou CyberPatrol) pour bloquer les sites de jeux d\u2019argent sur les appareils partag\u00e9s.<\/li>\n<\/ul>\n\n\n\n<h3 class=\"wp-block-heading\"><span class=\"ez-toc-section\" id=\"Avez-vous_besoin_devaluer_votre_pratique_de_jeu\"><\/span>Avez-vous besoin d\u2019\u00e9valuer votre pratique de jeu ?<span class=\"ez-toc-section-end\"><\/span><\/h3>\n\n\n\n<p>Posez-vous les questions ci-dessous et r\u00e9pondez honn\u00eatement par \u00ab Oui \u00bb ou \u00ab Non \u00bb :<\/p>\n\n\n\n<ul class=\"wp-block-list\">\n<li>Vos d\u00e9penses li\u00e9es au jeu commencent-elles \u00e0 vous sembler hors de contr\u00f4le ?<\/li>\n\n\n\n<li>Avez-vous d\u00e9j\u00e0 emprunt\u00e9 de l\u2019argent ou vol\u00e9 pour continuer \u00e0 jouer ?<\/li>\n\n\n\n<li>Passez-vous moins de temps avec votre famille et vos amis \u00e0 cause du jeu ?<\/li>\n\n\n\n<li>Les remarques des autres sur votre jeu vous rendent-elles irrit\u00e9(e) ou sur la d\u00e9fensive ?<\/li>\n\n\n\n<li>Avez-vous perdu de l\u2019int\u00e9r\u00eat pour des loisirs ou des activit\u00e9s que vous aimiez auparavant ?<\/li>\n\n\n\n<li>Vous sentez-vous d\u00e9prim\u00e9(e), d\u00e9sesp\u00e9r\u00e9(e) ou avez-vous des id\u00e9es suicidaires \u00e0 cause de pertes au jeu ?<\/li>\n\n\n\n<li>Avez-vous menti sur le temps ou l\u2019argent que vous consacrez au jeu ?<\/li>\n<\/ul>\n\n\n\n<p>Si vous avez r\u00e9pondu \u00ab Oui \u00bb \u00e0 la plupart de ces questions, vous avez peut-\u00eatre un probl\u00e8me de jeu. Vous n\u2019\u00eates pas seul(e) et de l\u2019aide existe.<\/p>\n\n\n\n<h3 class=\"wp-block-heading\"><span class=\"ez-toc-section\" id=\"Conseils_pour_jouer_de_maniere_plus_sure\"><\/span>Conseils pour jouer de mani\u00e8re plus s\u00fbre<span class=\"ez-toc-section-end\"><\/span><\/h3>\n\n\n\n<ul class=\"wp-block-list\">\n<li>Ne consid\u00e9rez pas le jeu comme votre principale source de revenus.<\/li>\n\n\n\n<li>Fixez un budget et une limite de temps avant de commencer \u2013 et respectez-les.<\/li>\n\n\n\n<li>Ne jouez qu\u2019avec de l\u2019argent que vous pouvez vous permettre de perdre.<\/li>\n\n\n\n<li>Ne cherchez jamais \u00e0 \u00ab vous refaire \u00bb \u2013 acceptez les pertes comme faisant partie du jeu.<\/li>\n\n\n\n<li>Ne jouez pas si vous \u00eates fatigu\u00e9(e), stress\u00e9(e), sous l\u2019influence de l\u2019alcool ou de drogues, ou si vous vous sentez mal.<\/li>\n<\/ul>\n\n\n\n<h3 class=\"wp-block-heading\"><span class=\"ez-toc-section\" id=\"Fixer_des_limites_et_sexclure\"><\/span>Fixer des limites et s\u2019exclure<span class=\"ez-toc-section-end\"><\/span><\/h3>\n\n\n\n<p>Si vous sentez que le jeu commence \u00e0 devenir un probl\u00e8me, nous vous encourageons \u00e0 utiliser nos outils de jeu plus s\u00fbr :<\/p>\n\n\n\n<ul class=\"wp-block-list\">\n<li><strong>Limites de d\u00e9p\u00f4t et de mise :<\/strong> vous pouvez d\u00e9finir des limites sur le montant que vous d\u00e9posez et\/ou misez. Les modifications (en particulier les augmentations) peuvent prendre jusqu\u2019\u00e0 24 heures avant de s\u2019appliquer.<\/li>\n\n\n\n<li><strong>Auto-exclusion (aupr\u00e8s de l\u2019op\u00e9rateur) :<\/strong> vous pouvez demander \u00e0 \u00eatre exclu(e) temporairement de votre compte pour une dur\u00e9e choisie. En France, la dur\u00e9e d\u2019auto-exclusion peut aller de 24 heures \u00e0 12 mois, selon le dispositif propos\u00e9 par l\u2019op\u00e9rateur.<\/li>\n\n\n\n<li><strong>Interdiction volontaire de jeux (France) :<\/strong> si vous souhaitez une mesure plus large, vous pouvez demander une interdiction volontaire de jeux valable <strong>au minimum 3 ans<\/strong>. Elle interdit notamment l\u2019acc\u00e8s aux sites de jeux en ligne agr\u00e9\u00e9s en France, ainsi qu\u2019aux casinos et clubs de jeux concern\u00e9s.<\/li>\n\n\n\n<li>Pour fixer des limites ou demander une exclusion, veuillez contacter notre service d\u2019assistance. Nous sommes l\u00e0 pour vous aider \u00e0 garder le contr\u00f4le sur votre pratique de jeu.<\/li>\n<\/ul>\n\n\n\n<h3 class=\"wp-block-heading\"><span class=\"ez-toc-section\" id=\"Ressources_daide_au_jeu_responsable\"><\/span>Ressources d\u2019aide au jeu responsable<span class=\"ez-toc-section-end\"><\/span><\/h3>\n\n\n\n<p>Si vous vous inqui\u00e9tez pour votre pratique de jeu ou celle d\u2019un proche, une aide professionnelle et confidentielle est disponible. Voici quelques organisations reconnues (France et international) :<\/p>\n\n\n\n<ul class=\"wp-block-list\">\n<li><a href=\"https:\/\/www.joueurs-info-service.fr\/\" target=\"_blank\" rel=\"noreferrer noopener\">Joueurs Info Service<\/a> \u2013 \u00c9coute, information et orientation en France (t\u00e9l\u00e9phone : 09 74 75 13 13, 7j\/7).<\/li>\n\n\n\n<li><a href=\"https:\/\/www.sosjoueurs.org\/\" target=\"_blank\" rel=\"noreferrer noopener\">SOS Joueurs<\/a> \u2013 Accompagnement sp\u00e9cialis\u00e9 pour les joueurs et leurs proches (France).<\/li>\n\n\n\n<li><a href=\"https:\/\/anj.fr\/auto-exclusion\" target=\"_blank\" rel=\"noreferrer noopener\">ANJ (Autorit\u00e9 Nationale des Jeux) \u2013 Auto-exclusion<\/a> \u2013 Informations officielles sur les dispositifs d\u2019exclusion en France.<\/li>\n\n\n\n<li><a href=\"https:\/\/www.gamblingtherapy.org\" target=\"_blank\" rel=\"noreferrer noopener\">Gambling Therapy<\/a> \u2013 Soutien gratuit en ligne et chat pour les personnes concern\u00e9es par le jeu probl\u00e9matique dans le monde entier.<\/li>\n<\/ul>\n\n\n\n<p>Si vous pensez pouvoir vous faire du mal, appelez imm\u00e9diatement les services d\u2019urgence. En France : <strong>112<\/strong> (urgence), <strong>15<\/strong> (SAMU), <strong>17<\/strong> (Police), <strong>18<\/strong> (Pompiers) ou le <strong>3114<\/strong> (Num\u00e9ro national de pr\u00e9vention du suicide, gratuit, 24h\/24 \u2013 7j\/7).<\/p>\n\n\n\n<p><\/p>\n\n","protected":false},"excerpt":{"rendered":"<p>Jeu responsable Jouer sur Paripesa APP doit rester un plaisir \u2013 une forme de divertissement, et non un moyen de gagner de l\u2019argent ou de r\u00e9soudre des difficult\u00e9s financi\u00e8res. Si cela cesse d\u2019\u00eatre agr\u00e9able et commence \u00e0 provoquer du stress, des dettes ou des disputes avec vos proches, cela peut \u00eatre le signe d\u2019un probl\u00e8me [&hellip;]<\/p>\n","protected":false},"author":1,"featured_media":0,"parent":0,"menu_order":0,"comment_status":"closed","ping_status":"closed","template":"","meta":{"_sitemap_exclude":false,"_sitemap_priority":"","_sitemap_frequency":"","_monsterinsights_skip_tracking":false,"_monsterinsights_sitenote_active":false,"_monsterinsights_sitenote_note":"","_monsterinsights_sitenote_category":0,"footnotes":""},"class_list":["post-5450","page","type-page","status-publish","hentry"],"acf":[],"yoast_head":"<!-- This site is optimized with the Yoast SEO plugin v27.4 - https:\/\/yoast.com\/product\/yoast-seo-wordpress\/ -->\n<title>Jeu responsable \u2013 Paripesa | Pr\u00e9vention et contr\u00f4le du jeu<\/title>\n<meta name=\"description\" content=\"D\u00e9couvrez notre politique de jeu responsable : pr\u00e9vention du jeu excessif, protection des mineurs, limites de jeu, auto-exclusion et ressources d\u2019aide en France.\" \/>\n<meta name=\"robots\" content=\"index, follow, max-snippet:-1, max-image-preview:large, max-video-preview:-1\" \/>\n<meta property=\"og:locale\" content=\"fr_FR\" \/>\n<meta property=\"og:type\" content=\"article\" \/>\n<meta property=\"og:url\" content=\"https:\/\/paripesa.app\/fr\/jeu-responsable\/\" \/>\n<meta property=\"article:modified_time\" content=\"2026-01-13T09:53:52+00:00\" \/>\n<meta name=\"twitter:card\" content=\"summary_large_image\" \/>\n<meta name=\"twitter:label1\" content=\"Dur\u00e9e de lecture estim\u00e9e\" \/>\n\t<meta name=\"twitter:data1\" content=\"4 minutes\" \/>\n<!-- \/ Yoast SEO plugin. -->","yoast_head_json":{"title":"Jeu responsable \u2013 Paripesa | Pr\u00e9vention et contr\u00f4le du jeu","description":"D\u00e9couvrez notre politique de jeu responsable : pr\u00e9vention du jeu excessif, protection des mineurs, limites de jeu, auto-exclusion et ressources d\u2019aide en France.","robots":{"index":"index","follow":"follow","max-snippet":"max-snippet:-1","max-image-preview":"max-image-preview:large","max-video-preview":"max-video-preview:-1"},"og_locale":"fr_FR","og_type":"article","og_url":"https:\/\/paripesa.app\/fr\/jeu-responsable\/","article_modified_time":"2026-01-13T09:53:52+00:00","twitter_card":"summary_large_image","twitter_misc":{"Dur\u00e9e de lecture estim\u00e9e":"4 minutes"},"schema":{"@context":"https:\/\/schema.org","@graph":[{"@type":"WebPage","@id":"https:\/\/paripesa.app\/fr\/jeu-responsable\/","url":"https:\/\/paripesa.app\/fr\/jeu-responsable\/","name":"Jeu responsable \u2013 Paripesa | Pr\u00e9vention et contr\u00f4le du jeu","isPartOf":{"@id":"https:\/\/paripesa.app\/#website"},"datePublished":"2025-12-03T15:53:21+00:00","dateModified":"2026-01-13T09:53:52+00:00","description":"D\u00e9couvrez notre politique de jeu responsable : pr\u00e9vention du jeu excessif, protection des mineurs, limites de jeu, auto-exclusion et ressources d\u2019aide en France.","breadcrumb":{"@id":"https:\/\/paripesa.app\/fr\/jeu-responsable\/#breadcrumb"},"inLanguage":"fr-FR","potentialAction":[{"@type":"ReadAction","target":["https:\/\/paripesa.app\/fr\/jeu-responsable\/"]}]},{"@type":"WebSite","@id":"https:\/\/paripesa.app\/#website","url":"https:\/\/paripesa.app\/","name":"paripesa","description":"Paripesa App download","publisher":{"@id":"https:\/\/paripesa.app\/#organization"},"potentialAction":[],"inLanguage":"fr-FR"},{"@type":"Organization","@id":"https:\/\/paripesa.app\/#organization","name":"paripesa","url":"https:\/\/paripesa.app\/","logo":{"@type":"ImageObject","inLanguage":"fr-FR","@id":"https:\/\/paripesa.app\/#\/schema\/logo\/image\/","url":"https:\/\/paripesa.app\/wp-content\/uploads\/2024\/10\/cropped-logo.png","contentUrl":"https:\/\/paripesa.app\/wp-content\/uploads\/2024\/10\/cropped-logo.png","width":281,"height":44,"caption":"paripesa"},"image":{"@id":"https:\/\/paripesa.app\/#\/schema\/logo\/image\/"}}]}},"_links":{"self":[{"href":"https:\/\/paripesa.app\/fr\/wp-json\/wp\/v2\/pages\/5450","targetHints":{"allow":["GET"]}}],"collection":[{"href":"https:\/\/paripesa.app\/fr\/wp-json\/wp\/v2\/pages"}],"about":[{"href":"https:\/\/paripesa.app\/fr\/wp-json\/wp\/v2\/types\/page"}],"author":[{"embeddable":true,"href":"https:\/\/paripesa.app\/fr\/wp-json\/wp\/v2\/users\/1"}],"replies":[{"embeddable":true,"href":"https:\/\/paripesa.app\/fr\/wp-json\/wp\/v2\/comments?post=5450"}],"version-history":[{"count":2,"href":"https:\/\/paripesa.app\/fr\/wp-json\/wp\/v2\/pages\/5450\/revisions"}],"predecessor-version":[{"id":5467,"href":"https:\/\/paripesa.app\/fr\/wp-json\/wp\/v2\/pages\/5450\/revisions\/5467"}],"wp:attachment":[{"href":"https:\/\/paripesa.app\/fr\/wp-json\/wp\/v2\/media?parent=5450"}],"curies":[{"name":"wp","href":"https:\/\/api.w.org\/{rel}","templated":true}]}}