{"id":5395,"date":"2025-12-03T16:10:02","date_gmt":"2025-12-03T15:10:02","guid":{"rendered":"https:\/\/paripesa.app\/terms-and-conditions\/"},"modified":"2026-01-13T10:54:06","modified_gmt":"2026-01-13T09:54:06","slug":"termes-et-conditions","status":"publish","type":"page","link":"https:\/\/paripesa.app\/fr\/termes-et-conditions\/","title":{"rendered":"Terms and Conditions"},"content":{"rendered":"\n<div class=\"wp-block-group alignfull has-text-color has-background\" style=\"color:#000000;background-color:#ffffff\"><div class=\"wp-block-group__inner-container is-layout-flow wp-block-group-is-layout-flow\">\n<div style=\"height:64px\" aria-hidden=\"true\" class=\"wp-block-spacer\"><\/div>\n\n\n\n<p class=\"has-text-align-center has-small-font-size\" style=\"line-height:.9\"><strong>Conditions g\u00e9n\u00e9rales<\/strong><\/p>\n\n\n\n<h1 class=\"wp-block-heading has-text-align-center\" id=\"schedule-a-visit\" style=\"font-size:59px;line-height:1.15\"><span class=\"ez-toc-section\" id=\"Conditions_generales_dutilisation_de_Paripesa\"><\/span>Conditions g\u00e9n\u00e9rales d\u2019utilisation de Paripesa<span class=\"ez-toc-section-end\"><\/span><\/h1>\n\n\n\n<div class=\"wp-block-buttons is-horizontal is-content-justification-center is-layout-flex wp-container-core-buttons-is-layout-499968f5 wp-block-buttons-is-layout-flex\">\n<div class=\"wp-block-button has-custom-width wp-block-button__width-50\"><a class=\"wp-block-button__link has-text-color has-background wp-element-button\" href=\"https:\/\/combodef.com\/L?tag=d_4824720m_147506c_&#038;site=4824720&#038;ad=147506\" style=\"border-radius:50px;color:#ffffff;background-color:#000000\">En savoir plus<\/a><\/div>\n<\/div>\n\n\n\n<div style=\"height:64px\" aria-hidden=\"true\" class=\"wp-block-spacer\"><\/div>\n<\/div><\/div>\n\n\n<div id=\"ez-toc-container\" class=\"ez-toc-v2_0_82_2 counter-hierarchy ez-toc-counter ez-toc-custom ez-toc-container-direction\">\n<div class=\"ez-toc-title-container\">\n<p class=\"ez-toc-title\" style=\"cursor:inherit\">Table of Contents<\/p>\n<span class=\"ez-toc-title-toggle\"><a href=\"#\" class=\"ez-toc-pull-right ez-toc-btn ez-toc-btn-xs ez-toc-btn-default ez-toc-toggle\" aria-label=\"Toggle Table of Content\"><span class=\"ez-toc-js-icon-con\"><span class=\"\"><span class=\"eztoc-hide\" style=\"display:none;\">Toggle<\/span><span class=\"ez-toc-icon-toggle-span\"><svg style=\"fill: #999;color:#999\" xmlns=\"http:\/\/www.w3.org\/2000\/svg\" class=\"list-377408\" width=\"20px\" height=\"20px\" viewBox=\"0 0 24 24\" fill=\"none\"><path d=\"M6 6H4v2h2V6zm14 0H8v2h12V6zM4 11h2v2H4v-2zm16 0H8v2h12v-2zM4 16h2v2H4v-2zm16 0H8v2h12v-2z\" fill=\"currentColor\"><\/path><\/svg><svg style=\"fill: #999;color:#999\" class=\"arrow-unsorted-368013\" xmlns=\"http:\/\/www.w3.org\/2000\/svg\" width=\"10px\" height=\"10px\" viewBox=\"0 0 24 24\" version=\"1.2\" baseProfile=\"tiny\"><path d=\"M18.2 9.3l-6.2-6.3-6.2 6.3c-.2.2-.3.4-.3.7s.1.5.3.7c.2.2.4.3.7.3h11c.3 0 .5-.1.7-.3.2-.2.3-.5.3-.7s-.1-.5-.3-.7zM5.8 14.7l6.2 6.3 6.2-6.3c.2-.2.3-.5.3-.7s-.1-.5-.3-.7c-.2-.2-.4-.3-.7-.3h-11c-.3 0-.5.1-.7.3-.2.2-.3.5-.3.7s.1.5.3.7z\"\/><\/svg><\/span><\/span><\/span><\/a><\/span><\/div>\n<nav><ul class='ez-toc-list ez-toc-list-level-1 eztoc-toggle-hide-by-default' ><li class='ez-toc-page-1 ez-toc-heading-level-1'><a class=\"ez-toc-link ez-toc-heading-1\" href=\"https:\/\/paripesa.app\/fr\/termes-et-conditions\/#Conditions_generales_dutilisation_de_Paripesa\" >Conditions g\u00e9n\u00e9rales d\u2019utilisation de Paripesa<\/a><ul class='ez-toc-list-level-3' ><li class='ez-toc-heading-level-3'><ul class='ez-toc-list-level-3' ><li class='ez-toc-heading-level-3'><a class=\"ez-toc-link ez-toc-heading-2\" href=\"https:\/\/paripesa.app\/fr\/termes-et-conditions\/#%F0%9F%93%8B_Apercu_general\" >\ud83d\udccb Aper\u00e7u g\u00e9n\u00e9ral<\/a><\/li><li class='ez-toc-page-1 ez-toc-heading-level-3'><a class=\"ez-toc-link ez-toc-heading-3\" href=\"https:\/\/paripesa.app\/fr\/termes-et-conditions\/#%F0%9F%92%BC_Regles_du_compte_verification\" >\ud83d\udcbc R\u00e8gles du compte &amp; v\u00e9rification<\/a><\/li><li class='ez-toc-page-1 ez-toc-heading-level-3'><a class=\"ez-toc-link ez-toc-heading-4\" href=\"https:\/\/paripesa.app\/fr\/termes-et-conditions\/#%F0%9F%92%B8_Gains_reclamations\" >\ud83d\udcb8 Gains &amp; r\u00e9clamations<\/a><\/li><li class='ez-toc-page-1 ez-toc-heading-level-3'><a class=\"ez-toc-link ez-toc-heading-5\" href=\"https:\/\/paripesa.app\/fr\/termes-et-conditions\/#%F0%9F%8C%8D_Acces_regional_responsabilite_legale\" >\ud83c\udf0d Acc\u00e8s r\u00e9gional &amp; responsabilit\u00e9 l\u00e9gale<\/a><\/li><\/ul><\/li><li class='ez-toc-page-1 ez-toc-heading-level-2'><a class=\"ez-toc-link ez-toc-heading-6\" href=\"https:\/\/paripesa.app\/fr\/termes-et-conditions\/#FAQ_%E2%80%93_Conditions_generales_de_Paripesa\" >FAQ \u2013 Conditions g\u00e9n\u00e9rales de Paripesa<\/a><ul class='ez-toc-list-level-3' ><li class='ez-toc-heading-level-3'><a class=\"ez-toc-link ez-toc-heading-7\" href=\"https:\/\/paripesa.app\/fr\/termes-et-conditions\/#1_Que_sont_les_Conditions_generales_de_Paripesa\" >1. Que sont les Conditions g\u00e9n\u00e9rales de Paripesa ?<\/a><\/li><li class='ez-toc-page-1 ez-toc-heading-level-3'><a class=\"ez-toc-link ez-toc-heading-8\" href=\"https:\/\/paripesa.app\/fr\/termes-et-conditions\/#2_Pourquoi_dois-je_accepter_les_Conditions_generales\" >2. Pourquoi dois-je accepter les Conditions g\u00e9n\u00e9rales ?<\/a><\/li><li class='ez-toc-page-1 ez-toc-heading-level-3'><a class=\"ez-toc-link ez-toc-heading-9\" href=\"https:\/\/paripesa.app\/fr\/termes-et-conditions\/#3_Les_Conditions_generales_sont-elles_differentes_selon_les_pays\" >3. Les Conditions g\u00e9n\u00e9rales sont-elles diff\u00e9rentes selon les pays ?<\/a><\/li><li class='ez-toc-page-1 ez-toc-heading-level-3'><a class=\"ez-toc-link ez-toc-heading-10\" href=\"https:\/\/paripesa.app\/fr\/termes-et-conditions\/#4_Comment_trouver_la_derniere_version_des_Conditions_generales\" >4. Comment trouver la derni\u00e8re version des Conditions g\u00e9n\u00e9rales ?<\/a><\/li><li class='ez-toc-page-1 ez-toc-heading-level-3'><a class=\"ez-toc-link ez-toc-heading-11\" href=\"https:\/\/paripesa.app\/fr\/termes-et-conditions\/#5_Que_se_passe-t-il_si_je_ne_respecte_pas_les_Conditions_generales\" >5. Que se passe-t-il si je ne respecte pas les Conditions g\u00e9n\u00e9rales ?<\/a><\/li><li class='ez-toc-page-1 ez-toc-heading-level-3'><a class=\"ez-toc-link ez-toc-heading-12\" href=\"https:\/\/paripesa.app\/fr\/termes-et-conditions\/#6_Paripesa_peut-il_modifier_les_Conditions_generales\" >6. Paripesa peut-il modifier les Conditions g\u00e9n\u00e9rales ?<\/a><\/li><li class='ez-toc-page-1 ez-toc-heading-level-3'><a class=\"ez-toc-link ez-toc-heading-13\" href=\"https:\/\/paripesa.app\/fr\/termes-et-conditions\/#7_Que_faire_si_je_ne_suis_pas_daccord_avec_les_Conditions_generales_mises_a_jour\" >7. Que faire si je ne suis pas d\u2019accord avec les Conditions g\u00e9n\u00e9rales mises \u00e0 jour ?<\/a><\/li><li class='ez-toc-page-1 ez-toc-heading-level-3'><a class=\"ez-toc-link ez-toc-heading-14\" href=\"https:\/\/paripesa.app\/fr\/termes-et-conditions\/#8_Y_a-t-il_une_limite_dage_dans_les_Conditions_generales\" >8. Y a-t-il une limite d\u2019\u00e2ge dans les Conditions g\u00e9n\u00e9rales ?<\/a><\/li><li class='ez-toc-page-1 ez-toc-heading-level-3'><a class=\"ez-toc-link ez-toc-heading-15\" href=\"https:\/\/paripesa.app\/fr\/termes-et-conditions\/#9_Les_Conditions_expliquent-elles_les_%D0%B1%D0%BE%D0%BD%D1%83%D1%81_et_les_regles_de_mise\" >9. Les Conditions expliquent-elles les \u0431\u043e\u043d\u0443\u0441 et les r\u00e8gles de mise ?<\/a><\/li><li class='ez-toc-page-1 ez-toc-heading-level-3'><a class=\"ez-toc-link ez-toc-heading-16\" href=\"https:\/\/paripesa.app\/fr\/termes-et-conditions\/#10_Qui_contacter_si_jai_des_questions_sur_les_Conditions_generales\" >10. Qui contacter si j\u2019ai des questions sur les Conditions g\u00e9n\u00e9rales ?<\/a><\/li><\/ul><\/li><\/ul><\/li><\/ul><\/nav><\/div>\n\n\n\n\n<h3 class=\"wp-block-heading\"><span class=\"ez-toc-section\" id=\"%F0%9F%93%8B_Apercu_general\"><\/span>\ud83d\udccb Aper\u00e7u g\u00e9n\u00e9ral<span class=\"ez-toc-section-end\"><\/span><\/h3>\n\n\n\n<p><a href=\"https:\/\/paripesa.app\/fr\/\">Paripesa<\/a> propose un large \u00e9ventail d\u2019options pour placer des paris sur le sport et divers \u00e9v\u00e9nements internationaux. Pour utiliser la plateforme, les utilisateurs doivent avoir <strong>au moins 18 ans<\/strong> ou avoir atteint l\u2019\u00e2ge l\u00e9gal de la majorit\u00e9 dans leur pays. Certaines personnes \u2014 telles que les athl\u00e8tes, entra\u00eeneurs, arbitres et autres acteurs directement impliqu\u00e9s dans les \u00e9v\u00e9nements \u2014 sont strictement <strong>interdites de parier<\/strong> afin de garantir l\u2019\u00e9quit\u00e9.<\/p>\n\n\n\n<p>La soci\u00e9t\u00e9 se r\u00e9serve le droit de <strong>refuser tout pari<\/strong>, notamment en cas de suspicion de violation des r\u00e8gles ou de comportement inappropri\u00e9. Les paris peuvent \u00eatre annul\u00e9s ou d\u00e9clar\u00e9s nuls s\u2019ils sont plac\u00e9s dans des conditions suspectes, y compris l\u2019utilisation d\u2019informations privil\u00e9gi\u00e9es ou toute activit\u00e9 frauduleuse.<\/p>\n\n\n\n<div class=\"wp-block-buttons is-content-justification-center is-layout-flex wp-container-core-buttons-is-layout-16018d1d wp-block-buttons-is-layout-flex\">\n<div class=\"wp-block-button\"><a class=\"wp-block-button__link wp-element-button\" href=\"https:\/\/combodef.com\/L?tag=d_4824720m_147506c_&#038;site=4824720&#038;ad=147506\">EN SAVOIR PLUS<\/a><\/div>\n<\/div>\n\n\n\n<hr class=\"wp-block-separator has-alpha-channel-opacity\"\/>\n\n\n\n<h3 class=\"wp-block-heading\"><span class=\"ez-toc-section\" id=\"%F0%9F%92%BC_Regles_du_compte_verification\"><\/span>\ud83d\udcbc R\u00e8gles du compte &amp; v\u00e9rification<span class=\"ez-toc-section-end\"><\/span><\/h3>\n\n\n\n<p>Chaque utilisateur n\u2019est autoris\u00e9 \u00e0 d\u00e9tenir <strong>qu\u2019un seul compte<\/strong>, qui doit \u00eatre enregistr\u00e9 avec des informations personnelles exactes. La cr\u00e9ation de comptes multiples, l\u2019utilisation de documents falsifi\u00e9s ou la cr\u00e9ation de comptes pour des tiers est interdite. Paripesa peut exiger une <strong>v\u00e9rification d\u2019identit\u00e9<\/strong>, y compris des appels vid\u00e9o ou la soumission de documents, notamment en cas d\u2019activit\u00e9 suspecte.<\/p>\n\n\n\n<p>Si un compte reste <strong>inactif pendant plus de 3 mois<\/strong>, il peut \u00eatre automatiquement bloqu\u00e9. La r\u00e9activation n\u00e9cessite de contacter l\u2019\u00e9quipe de s\u00e9curit\u00e9 de la plateforme. La plateforme peut \u00e9galement demander une v\u00e9rification d\u2019identit\u00e9 avant d\u2019autoriser certains changements, par exemple la mise \u00e0 jour de la devise.<\/p>\n\n\n\n<hr class=\"wp-block-separator has-alpha-channel-opacity\"\/>\n\n\n\n<h3 class=\"wp-block-heading\"><span class=\"ez-toc-section\" id=\"%F0%9F%92%B8_Gains_reclamations\"><\/span>\ud83d\udcb8 Gains &amp; r\u00e9clamations<span class=\"ez-toc-section-end\"><\/span><\/h3>\n\n\n\n<p>Les paris sont r\u00e9gl\u00e9s sur la base des r\u00e9sultats officiels des matchs et de donn\u00e9es v\u00e9rifi\u00e9es. Les gains sont g\u00e9n\u00e9ralement disponibles pour un <strong>retrait dans un d\u00e9lai de 60 jours<\/strong>. Si un utilisateur conteste un r\u00e9sultat ou un paiement, il doit soumettre une r\u00e9clamation d\u00e9taill\u00e9e dans un d\u00e9lai de <strong>10 jours<\/strong>, ou de <strong>72 heures<\/strong> pour certains jeux comme le Cyber-Live.<\/p>\n\n\n\n<p>Paripesa pr\u00e9voit une r\u00e9solution des litiges via une proc\u00e9dure pr\u00e9contentieuse. Si aucun accord \u00e9quitable n\u2019est trouv\u00e9, le diff\u00e9rend peut \u00eatre port\u00e9 devant les juridictions comp\u00e9tentes, selon la juridiction du si\u00e8ge social de la soci\u00e9t\u00e9.<\/p>\n\n\n\n<hr class=\"wp-block-separator has-alpha-channel-opacity\"\/>\n\n\n\n<h3 class=\"wp-block-heading\"><span class=\"ez-toc-section\" id=\"%F0%9F%8C%8D_Acces_regional_responsabilite_legale\"><\/span>\ud83c\udf0d Acc\u00e8s r\u00e9gional &amp; responsabilit\u00e9 l\u00e9gale<span class=\"ez-toc-section-end\"><\/span><\/h3>\n\n\n\n<p>Avant de s\u2019inscrire, les utilisateurs doivent s\u2019assurer que les jeux d\u2019argent et paris en ligne sont <strong>autoris\u00e9s dans leur pays<\/strong>. L\u2019acc\u00e8s \u00e0 Paripesa peut \u00eatre <strong>restreint dans certaines juridictions<\/strong> en fonction de la l\u00e9gislation locale et\/ou de contr\u00f4les de g\u00e9olocalisation. Il est de la responsabilit\u00e9 du client de se tenir inform\u00e9 des lois applicables en France et dans sa r\u00e9gion.<\/p>\n\n\n\n<p>Si un client est identifi\u00e9 comme utilisant le service en violation de ces restrictions, Paripesa peut :<\/p>\n\n\n\n<ul class=\"wp-block-list\">\n<li>Annuler tous les paris actifs<\/li>\n\n\n\n<li>Cl\u00f4turer le compte et rembourser les d\u00e9p\u00f4ts (\u00e0 l\u2019exclusion des profits frauduleux)<\/li>\n<\/ul>\n\n\n\n<hr class=\"wp-block-separator has-alpha-channel-opacity\"\/>\n\n\n\n<h2 class=\"wp-block-heading\"><span class=\"ez-toc-section\" id=\"FAQ_%E2%80%93_Conditions_generales_de_Paripesa\"><\/span><strong>FAQ \u2013 Conditions g\u00e9n\u00e9rales de Paripesa<\/strong><span class=\"ez-toc-section-end\"><\/span><\/h2>\n\n\n\n<h3 class=\"wp-block-heading\"><span class=\"ez-toc-section\" id=\"1_Que_sont_les_Conditions_generales_de_Paripesa\"><\/span><strong>1. Que sont les Conditions g\u00e9n\u00e9rales de Paripesa ?<\/strong><span class=\"ez-toc-section-end\"><\/span><\/h3>\n\n\n\n<p>Ce sont les r\u00e8gles qui encadrent l\u2019utilisation de la plateforme, la prise de paris, les d\u00e9p\u00f4ts et retraits de fonds, ainsi que l\u2019acc\u00e8s aux services de casino ou de paris sportifs.<\/p>\n\n\n\n<h3 class=\"wp-block-heading\"><span class=\"ez-toc-section\" id=\"2_Pourquoi_dois-je_accepter_les_Conditions_generales\"><\/span><strong>2. Pourquoi dois-je accepter les Conditions g\u00e9n\u00e9rales ?<\/strong><span class=\"ez-toc-section-end\"><\/span><\/h3>\n\n\n\n<p>Vous devez les accepter pour utiliser le service de mani\u00e8re l\u00e9gale et s\u00e9curis\u00e9e. L\u2019acceptation confirme que vous comprenez vos droits, vos responsabilit\u00e9s et les politiques de la plateforme.<\/p>\n\n\n\n<h3 class=\"wp-block-heading\"><span class=\"ez-toc-section\" id=\"3_Les_Conditions_generales_sont-elles_differentes_selon_les_pays\"><\/span><strong>3. Les Conditions g\u00e9n\u00e9rales sont-elles diff\u00e9rentes selon les pays ?<\/strong><span class=\"ez-toc-section-end\"><\/span><\/h3>\n\n\n\n<p>Certaines r\u00e8gles peuvent varier selon la l\u00e9gislation de votre pays en mati\u00e8re de paris. V\u00e9rifiez toujours la version applicable \u00e0 votre juridiction.<\/p>\n\n\n\n<h3 class=\"wp-block-heading\"><span class=\"ez-toc-section\" id=\"4_Comment_trouver_la_derniere_version_des_Conditions_generales\"><\/span><strong>4. Comment trouver la derni\u00e8re version des Conditions g\u00e9n\u00e9rales ?<\/strong><span class=\"ez-toc-section-end\"><\/span><\/h3>\n\n\n\n<p>La version la plus r\u00e9cente est toujours disponible sur le site web ou dans l\u2019application mobile, dans la section \u00ab Informations l\u00e9gales \u00bb ou \u00ab Conditions g\u00e9n\u00e9rales \u00bb.<\/p>\n\n\n\n<h3 class=\"wp-block-heading\"><span class=\"ez-toc-section\" id=\"5_Que_se_passe-t-il_si_je_ne_respecte_pas_les_Conditions_generales\"><\/span><strong>5. Que se passe-t-il si je ne respecte pas les Conditions g\u00e9n\u00e9rales ?<\/strong><span class=\"ez-toc-section-end\"><\/span><\/h3>\n\n\n\n<p>Votre compte peut \u00eatre limit\u00e9, suspendu ou d\u00e9finitivement cl\u00f4tur\u00e9. Dans les cas graves, les gains peuvent \u00eatre retenus conform\u00e9ment aux r\u00e8gles.<\/p>\n\n\n\n<h3 class=\"wp-block-heading\"><span class=\"ez-toc-section\" id=\"6_Paripesa_peut-il_modifier_les_Conditions_generales\"><\/span><strong>6. Paripesa peut-il modifier les Conditions g\u00e9n\u00e9rales ?<\/strong><span class=\"ez-toc-section-end\"><\/span><\/h3>\n\n\n\n<p>Oui. La plateforme peut mettre \u00e0 jour les r\u00e8gles \u00e0 tout moment. Les utilisateurs seront inform\u00e9s en cas de changements majeurs.<\/p>\n\n\n\n<h3 class=\"wp-block-heading\"><span class=\"ez-toc-section\" id=\"7_Que_faire_si_je_ne_suis_pas_daccord_avec_les_Conditions_generales_mises_a_jour\"><\/span><strong>7. Que faire si je ne suis pas d\u2019accord avec les Conditions g\u00e9n\u00e9rales mises \u00e0 jour ?<\/strong><span class=\"ez-toc-section-end\"><\/span><\/h3>\n\n\n\n<p>Si vous n\u2019\u00eates pas d\u2019accord, vous devez cesser d\u2019utiliser la plateforme et demander la cl\u00f4ture du compte via le support client.<\/p>\n\n\n\n<h3 class=\"wp-block-heading\"><span class=\"ez-toc-section\" id=\"8_Y_a-t-il_une_limite_dage_dans_les_Conditions_generales\"><\/span><strong>8. Y a-t-il une limite d\u2019\u00e2ge dans les Conditions g\u00e9n\u00e9rales ?<\/strong><span class=\"ez-toc-section-end\"><\/span><\/h3>\n\n\n\n<p>Oui. Vous devez avoir au moins <strong>18 ans<\/strong> (ou l\u2019\u00e2ge l\u00e9gal des jeux d\u2019argent dans votre juridiction) pour utiliser les services.<\/p>\n\n\n\n<h3 class=\"wp-block-heading\"><span class=\"ez-toc-section\" id=\"9_Les_Conditions_expliquent-elles_les_%D0%B1%D0%BE%D0%BD%D1%83%D1%81_et_les_regles_de_mise\"><\/span><strong>9. Les Conditions expliquent-elles les \u0431\u043e\u043d\u0443\u0441 et les r\u00e8gles de mise ?<\/strong><span class=\"ez-toc-section-end\"><\/span><\/h3>\n\n\n\n<p>Oui. Les exigences li\u00e9es aux bonus, les r\u00e8gles de mise (wagering) et les limitations des promotions sont incluses dans les Conditions g\u00e9n\u00e9rales.<\/p>\n\n\n\n<h3 class=\"wp-block-heading\"><span class=\"ez-toc-section\" id=\"10_Qui_contacter_si_jai_des_questions_sur_les_Conditions_generales\"><\/span><strong>10. Qui contacter si j\u2019ai des questions sur les Conditions g\u00e9n\u00e9rales ?<\/strong><span class=\"ez-toc-section-end\"><\/span><\/h3>\n\n\n\n<p>Vous pouvez contacter le support client via le chat en direct, par e-mail ou via le centre d\u2019aide pour toute clarification ou information compl\u00e9mentaire.<\/p>\n\n","protected":false},"excerpt":{"rendered":"<p>Conditions g\u00e9n\u00e9rales Conditions g\u00e9n\u00e9rales d\u2019utilisation de Paripesa \ud83d\udccb Aper\u00e7u g\u00e9n\u00e9ral Paripesa propose un large \u00e9ventail d\u2019options pour placer des paris sur le sport et divers \u00e9v\u00e9nements internationaux. Pour utiliser la plateforme, les utilisateurs doivent avoir au moins 18 ans ou avoir atteint l\u2019\u00e2ge l\u00e9gal de la majorit\u00e9 dans leur pays. Certaines personnes \u2014 telles que [&hellip;]<\/p>\n","protected":false},"author":1,"featured_media":0,"parent":0,"menu_order":0,"comment_status":"closed","ping_status":"closed","template":"","meta":{"_sitemap_exclude":false,"_sitemap_priority":"","_sitemap_frequency":"","_monsterinsights_skip_tracking":false,"_monsterinsights_sitenote_active":false,"_monsterinsights_sitenote_note":"","_monsterinsights_sitenote_category":0,"footnotes":""},"class_list":["post-5395","page","type-page","status-publish","hentry"],"acf":[],"yoast_head":"<!-- This site is optimized with the Yoast SEO plugin v27.4 - https:\/\/yoast.com\/product\/yoast-seo-wordpress\/ -->\n<title>Conditions g\u00e9n\u00e9rales Paripesa | R\u00e8gles, comptes, paiements et paris<\/title>\n<meta name=\"description\" content=\"D\u00e9couvrez les conditions g\u00e9n\u00e9rales de Paripesa : r\u00e8gles d\u2019utilisation, comptes utilisateurs, paiements, bonus, paris sportifs, jeu responsable et obligations l\u00e9gales applicables en France.\" \/>\n<meta name=\"robots\" content=\"index, follow, max-snippet:-1, max-image-preview:large, max-video-preview:-1\" \/>\n<meta property=\"og:locale\" content=\"fr_FR\" \/>\n<meta property=\"og:type\" content=\"article\" \/>\n<meta property=\"og:url\" content=\"https:\/\/paripesa.app\/fr\/termes-et-conditions\/\" \/>\n<meta property=\"article:modified_time\" content=\"2026-01-13T09:54:06+00:00\" \/>\n<meta name=\"twitter:card\" content=\"summary_large_image\" \/>\n<meta name=\"twitter:label1\" content=\"Dur\u00e9e de lecture estim\u00e9e\" \/>\n\t<meta name=\"twitter:data1\" content=\"4 minutes\" \/>\n<!-- \/ Yoast SEO plugin. -->","yoast_head_json":{"title":"Conditions g\u00e9n\u00e9rales Paripesa | R\u00e8gles, comptes, paiements et paris","description":"D\u00e9couvrez les conditions g\u00e9n\u00e9rales de Paripesa : r\u00e8gles d\u2019utilisation, comptes utilisateurs, paiements, bonus, paris sportifs, jeu responsable et obligations l\u00e9gales applicables en France.","robots":{"index":"index","follow":"follow","max-snippet":"max-snippet:-1","max-image-preview":"max-image-preview:large","max-video-preview":"max-video-preview:-1"},"og_locale":"fr_FR","og_type":"article","og_url":"https:\/\/paripesa.app\/fr\/termes-et-conditions\/","article_modified_time":"2026-01-13T09:54:06+00:00","twitter_card":"summary_large_image","twitter_misc":{"Dur\u00e9e de lecture estim\u00e9e":"4 minutes"},"schema":{"@context":"https:\/\/schema.org","@graph":[{"@type":"WebPage","@id":"https:\/\/paripesa.app\/fr\/termes-et-conditions\/","url":"https:\/\/paripesa.app\/fr\/termes-et-conditions\/","name":"Conditions g\u00e9n\u00e9rales Paripesa | R\u00e8gles, comptes, paiements et paris","isPartOf":{"@id":"https:\/\/paripesa.app\/#website"},"datePublished":"2025-12-03T15:10:02+00:00","dateModified":"2026-01-13T09:54:06+00:00","description":"D\u00e9couvrez les conditions g\u00e9n\u00e9rales de Paripesa : r\u00e8gles d\u2019utilisation, comptes utilisateurs, paiements, bonus, paris sportifs, jeu responsable et obligations l\u00e9gales applicables en France.","breadcrumb":{"@id":"https:\/\/paripesa.app\/fr\/termes-et-conditions\/#breadcrumb"},"inLanguage":"fr-FR","potentialAction":[{"@type":"ReadAction","target":["https:\/\/paripesa.app\/fr\/termes-et-conditions\/"]}]},{"@type":"WebSite","@id":"https:\/\/paripesa.app\/#website","url":"https:\/\/paripesa.app\/","name":"paripesa","description":"Paripesa App download","publisher":{"@id":"https:\/\/paripesa.app\/#organization"},"potentialAction":[],"inLanguage":"fr-FR"},{"@type":"Organization","@id":"https:\/\/paripesa.app\/#organization","name":"paripesa","url":"https:\/\/paripesa.app\/","logo":{"@type":"ImageObject","inLanguage":"fr-FR","@id":"https:\/\/paripesa.app\/#\/schema\/logo\/image\/","url":"https:\/\/paripesa.app\/wp-content\/uploads\/2024\/10\/cropped-logo.png","contentUrl":"https:\/\/paripesa.app\/wp-content\/uploads\/2024\/10\/cropped-logo.png","width":281,"height":44,"caption":"paripesa"},"image":{"@id":"https:\/\/paripesa.app\/#\/schema\/logo\/image\/"}}]}},"_links":{"self":[{"href":"https:\/\/paripesa.app\/fr\/wp-json\/wp\/v2\/pages\/5395","targetHints":{"allow":["GET"]}}],"collection":[{"href":"https:\/\/paripesa.app\/fr\/wp-json\/wp\/v2\/pages"}],"about":[{"href":"https:\/\/paripesa.app\/fr\/wp-json\/wp\/v2\/types\/page"}],"author":[{"embeddable":true,"href":"https:\/\/paripesa.app\/fr\/wp-json\/wp\/v2\/users\/1"}],"replies":[{"embeddable":true,"href":"https:\/\/paripesa.app\/fr\/wp-json\/wp\/v2\/comments?post=5395"}],"version-history":[{"count":2,"href":"https:\/\/paripesa.app\/fr\/wp-json\/wp\/v2\/pages\/5395\/revisions"}],"predecessor-version":[{"id":5415,"href":"https:\/\/paripesa.app\/fr\/wp-json\/wp\/v2\/pages\/5395\/revisions\/5415"}],"wp:attachment":[{"href":"https:\/\/paripesa.app\/fr\/wp-json\/wp\/v2\/media?parent=5395"}],"curies":[{"name":"wp","href":"https:\/\/api.w.org\/{rel}","templated":true}]}}