{"id":5360,"date":"2025-12-03T17:19:16","date_gmt":"2025-12-03T16:19:16","guid":{"rendered":"https:\/\/paripesa.app\/affiliate-program\/"},"modified":"2026-01-01T13:35:07","modified_gmt":"2026-01-01T12:35:07","slug":"programme-d-affiliation","status":"publish","type":"page","link":"https:\/\/paripesa.app\/fr\/programme-d-affiliation\/","title":{"rendered":"Programme d\u2019affiliation Paripesa"},"content":{"rendered":"\n<h1 class=\"wp-block-heading\">\ud83d\udcbc<a href=\"Paripesa-Affiliate-Programm: Jetzt Paripesa Partners beitreten und online verdienen\">Programme d\u2019affiliation Paripesa : rejoignez Paripesa Partners d\u00e8s maintenant et gagnez en ligne<\/a><\/h1>\n\n\n\n<p>Le programme d\u2019affiliation Paripesa est une excellente solution pour toutes celles et ceux qui souhaitent d\u00e9velopper des revenus passifs en faisant la promotion d\u2019une marque en ligne fiable. Que vous soyez blogueur, influenceur ou expert en marketing digital, le programme propose des mod\u00e8les de commission flexibles, un suivi en temps r\u00e9el et des supports promotionnels pr\u00eats \u00e0 l\u2019emploi pour augmenter plus facilement votre audience et vos gains.<\/p>\n\n\n\n<div class=\"wp-block-buttons is-content-justification-center is-layout-flex wp-container-core-buttons-is-layout-16018d1d wp-block-buttons-is-layout-flex\">\n<div class=\"wp-block-button\"><a class=\"wp-block-button__link wp-element-button\" href=\"https:\/\/combodef.com\/L?tag=d_4824720m_147506c_&#038;site=4824720&#038;ad=147506\">Rejoignez-nous d\u00e8s maintenant<\/a><\/div>\n<\/div>\n\n\n\n<p>Paripesa Partners met \u00e0 votre disposition tout ce qu\u2019il faut pour r\u00e9ussir : des analyses d\u00e9taill\u00e9es via Paripesa Global, un accompagnement personnalis\u00e9 et des paiements rapides. Une fois inscrit, vous recevez un lien d\u2019affiliation unique \u00e0 partager sur l\u2019ensemble de vos plateformes. Pour chaque inscription r\u00e9alis\u00e9e via votre lien, vous gagnez des commissions bas\u00e9es sur l\u2019activit\u00e9 des utilisateurs. Gr\u00e2ce \u00e0 des r\u00e9compenses li\u00e9es \u00e0 la performance et \u00e0 plusieurs options de paiement, c\u2019est une solution simple et efficace pour mon\u00e9tiser votre pr\u00e9sence en ligne.<\/p>\n","protected":false},"excerpt":{"rendered":"<p>\ud83d\udcbcProgramme d\u2019affiliation Paripesa : rejoignez Paripesa Partners d\u00e8s maintenant et gagnez en ligne Le programme d\u2019affiliation Paripesa est une excellente solution pour toutes celles et ceux qui souhaitent d\u00e9velopper des revenus passifs en faisant la promotion d\u2019une marque en ligne fiable. Que vous soyez blogueur, influenceur ou expert en marketing digital, le programme propose des [&hellip;]<\/p>\n","protected":false},"author":1,"featured_media":0,"parent":0,"menu_order":0,"comment_status":"closed","ping_status":"closed","template":"","meta":{"_sitemap_exclude":false,"_sitemap_priority":"","_sitemap_frequency":"","_monsterinsights_skip_tracking":false,"_monsterinsights_sitenote_active":false,"_monsterinsights_sitenote_note":"","_monsterinsights_sitenote_category":0,"footnotes":""},"class_list":["post-5360","page","type-page","status-publish","hentry"],"acf":[],"yoast_head":"<!-- This site is optimized with the Yoast SEO plugin v27.4 - https:\/\/yoast.com\/product\/yoast-seo-wordpress\/ -->\n<title>Programme d\u2019affiliation Paripesa \u2013 Rejoignez Paripesa Partners et gagnez en ligne<\/title>\n<meta name=\"description\" content=\"D\u00e9couvrez le programme d\u2019affiliation Paripesa et d\u00e9marrez avec Paripesa Partners. Profitez de commissions flexibles, d\u2019un suivi en temps r\u00e9el et d\u2019un accompagnement professionnel pour augmenter vos revenus de mani\u00e8re cibl\u00e9e.\" \/>\n<meta name=\"robots\" content=\"index, follow, max-snippet:-1, max-image-preview:large, max-video-preview:-1\" \/>\n<meta property=\"og:locale\" content=\"fr_FR\" \/>\n<meta property=\"og:type\" content=\"article\" \/>\n<meta property=\"og:url\" content=\"https:\/\/paripesa.app\/fr\/programme-d-affiliation\/\" \/>\n<meta property=\"article:modified_time\" content=\"2026-01-01T12:35:07+00:00\" \/>\n<meta name=\"twitter:card\" content=\"summary_large_image\" \/>\n<meta name=\"twitter:label1\" content=\"Dur\u00e9e de lecture estim\u00e9e\" \/>\n\t<meta name=\"twitter:data1\" content=\"1 minute\" \/>\n<!-- \/ Yoast SEO plugin. -->","yoast_head_json":{"title":"Programme d\u2019affiliation Paripesa \u2013 Rejoignez Paripesa Partners et gagnez en ligne","description":"D\u00e9couvrez le programme d\u2019affiliation Paripesa et d\u00e9marrez avec Paripesa Partners. Profitez de commissions flexibles, d\u2019un suivi en temps r\u00e9el et d\u2019un accompagnement professionnel pour augmenter vos revenus de mani\u00e8re cibl\u00e9e.","robots":{"index":"index","follow":"follow","max-snippet":"max-snippet:-1","max-image-preview":"max-image-preview:large","max-video-preview":"max-video-preview:-1"},"og_locale":"fr_FR","og_type":"article","og_url":"https:\/\/paripesa.app\/fr\/programme-d-affiliation\/","article_modified_time":"2026-01-01T12:35:07+00:00","twitter_card":"summary_large_image","twitter_misc":{"Dur\u00e9e de lecture estim\u00e9e":"1 minute"},"schema":{"@context":"https:\/\/schema.org","@graph":[{"@type":"WebPage","@id":"https:\/\/paripesa.app\/fr\/programme-d-affiliation\/","url":"https:\/\/paripesa.app\/fr\/programme-d-affiliation\/","name":"Programme d\u2019affiliation Paripesa \u2013 Rejoignez Paripesa Partners et gagnez en ligne","isPartOf":{"@id":"https:\/\/paripesa.app\/#website"},"datePublished":"2025-12-03T16:19:16+00:00","dateModified":"2026-01-01T12:35:07+00:00","description":"D\u00e9couvrez le programme d\u2019affiliation Paripesa et d\u00e9marrez avec Paripesa Partners. Profitez de commissions flexibles, d\u2019un suivi en temps r\u00e9el et d\u2019un accompagnement professionnel pour augmenter vos revenus de mani\u00e8re cibl\u00e9e.","breadcrumb":{"@id":"https:\/\/paripesa.app\/fr\/programme-d-affiliation\/#breadcrumb"},"inLanguage":"fr-FR","potentialAction":[{"@type":"ReadAction","target":["https:\/\/paripesa.app\/fr\/programme-d-affiliation\/"]}]},{"@type":"WebSite","@id":"https:\/\/paripesa.app\/#website","url":"https:\/\/paripesa.app\/","name":"paripesa","description":"Paripesa App download","publisher":{"@id":"https:\/\/paripesa.app\/#organization"},"potentialAction":[],"inLanguage":"fr-FR"},{"@type":"Organization","@id":"https:\/\/paripesa.app\/#organization","name":"paripesa","url":"https:\/\/paripesa.app\/","logo":{"@type":"ImageObject","inLanguage":"fr-FR","@id":"https:\/\/paripesa.app\/#\/schema\/logo\/image\/","url":"https:\/\/paripesa.app\/wp-content\/uploads\/2024\/10\/cropped-logo.png","contentUrl":"https:\/\/paripesa.app\/wp-content\/uploads\/2024\/10\/cropped-logo.png","width":281,"height":44,"caption":"paripesa"},"image":{"@id":"https:\/\/paripesa.app\/#\/schema\/logo\/image\/"}}]}},"_links":{"self":[{"href":"https:\/\/paripesa.app\/fr\/wp-json\/wp\/v2\/pages\/5360","targetHints":{"allow":["GET"]}}],"collection":[{"href":"https:\/\/paripesa.app\/fr\/wp-json\/wp\/v2\/pages"}],"about":[{"href":"https:\/\/paripesa.app\/fr\/wp-json\/wp\/v2\/types\/page"}],"author":[{"embeddable":true,"href":"https:\/\/paripesa.app\/fr\/wp-json\/wp\/v2\/users\/1"}],"replies":[{"embeddable":true,"href":"https:\/\/paripesa.app\/fr\/wp-json\/wp\/v2\/comments?post=5360"}],"version-history":[{"count":6,"href":"https:\/\/paripesa.app\/fr\/wp-json\/wp\/v2\/pages\/5360\/revisions"}],"predecessor-version":[{"id":5374,"href":"https:\/\/paripesa.app\/fr\/wp-json\/wp\/v2\/pages\/5360\/revisions\/5374"}],"wp:attachment":[{"href":"https:\/\/paripesa.app\/fr\/wp-json\/wp\/v2\/media?parent=5360"}],"curies":[{"name":"wp","href":"https:\/\/api.w.org\/{rel}","templated":true}]}}