{"id":5041,"date":"2025-12-25T16:40:23","date_gmt":"2025-12-25T15:40:23","guid":{"rendered":"https:\/\/paripesa.app\/jetx\/"},"modified":"2025-12-30T13:21:43","modified_gmt":"2025-12-30T12:21:43","slug":"jetx","status":"publish","type":"page","link":"https:\/\/paripesa.app\/fr\/jetx\/","title":{"rendered":"JetX"},"content":{"rendered":"\n<h1 class=\"wp-block-heading\">Revue du jeu JetX : analyse approfondie de l\u2019un des premiers classiques du crash game<\/h1>\n\n\n\n<p>Le jeu de casino JetX est l\u2019un des titres les plus populaires de la cat\u00e9gorie crash, gr\u00e2ce \u00e0 ses m\u00e9caniques, son rythme rapide et son \u00e9quit\u00e9. Le principe est simple : vous placez une mise sur JetX et encaissez avant que l\u2019avion n\u2019explose. Le jeu de casino JetX a \u00e9t\u00e9 l\u2019un des premiers crash games \u00e0 introduire des skins d\u2019avions en NFT, une tendance qui a ensuite influenc\u00e9 de nombreux autres titres dans le monde entier.<\/p>\n\n\n<div class=\"wp-block-image\">\n<figure class=\"aligncenter size-full\"><img loading=\"lazy\" decoding=\"async\" width=\"600\" height=\"400\" src=\"https:\/\/paripesa.app\/wp-content\/uploads\/2025\/12\/jetx-casino-game.jpg\" alt=\"jeu de casino jetx\" class=\"wp-image-4835\" srcset=\"https:\/\/paripesa.app\/wp-content\/uploads\/2025\/12\/jetx-casino-game.jpg 600w, https:\/\/paripesa.app\/wp-content\/uploads\/2025\/12\/jetx-casino-game-300x200.jpg 300w\" sizes=\"auto, (max-width: 600px) 100vw, 600px\" \/><\/figure><\/div>\n\n\n<p>Dans les sections suivantes, nous allons aborder les avantages, les inconv\u00e9nients, les r\u00e8gles et les strat\u00e9gies de ce jeu.<\/p>\n\n\n\n<div class=\"wp-block-buttons is-content-justification-center is-layout-flex wp-container-core-buttons-is-layout-16018d1d wp-block-buttons-is-layout-flex\">\n<div class=\"wp-block-button\"><a class=\"wp-block-button__link wp-element-button\" href=\"https:\/\/combodef.com\/L?tag=d_4824720m_147506c_&#038;site=4824720&#038;ad=147506\">jouer maintenant<\/a><\/div>\n<\/div>\n\n\n\n<h2 class=\"wp-block-heading\">Comment JetX est devenu un titre incontournable dans la cat\u00e9gorie des crash games<\/h2>\n\n\n\n<p>Le jeu de paris JetX a \u00e9t\u00e9 cr\u00e9\u00e9 en 2018 et s\u2019inspire des premiers concepts d\u2019aviation arcade. L\u2019action d\u00e9marre de la mani\u00e8re suivante : un avion commence \u00e0 monter et le multiplicateur augmente. Pendant ce processus, l\u2019objectif est d\u2019encaisser avant que l\u2019avion n\u2019explose.<\/p>\n\n\n\n<p>\u00c0 l\u2019\u00e9cran, vous voyez une interface \u00e9pur\u00e9e avec des animations fluides. Pour r\u00e9ussir sur JetX, vous avez besoin d\u2019une combinaison de timing, de comp\u00e9tence et de chance.<\/p>\n\n\n\n<h3 class=\"wp-block-heading\">Fonctionnalit\u00e9s cl\u00e9s pour les joueurs en France<\/h3>\n\n\n\n<p>Bien qu\u2019il s\u2019agisse d\u2019une exp\u00e9rience de type slot de casino JetX en ligne, le jeu simule une physique en temps r\u00e9el afin de cr\u00e9er des r\u00e9sultats impr\u00e9visibles. Les manches sont courtes, vous pouvez placer plusieurs mises, l\u2019historique des derniers multiplicateurs est disponible, et l\u2019acc\u00e8s est universel depuis un smartphone, une tablette, un ordinateur portable ou un PC.<\/p>\n\n\n\n<p>Le jeu fonctionne sur la base de m\u00e9caniques de r\u00e9compenses progressives, ce qui vous permet d\u2019obtenir de petits bonus, similaires aux avantages des machines \u00e0 sous. Un autre atout qui distingue JetX sur <a href=\"https:\/\/paripesa.app\/fr\/\">PariPesa<\/a> des autres jeux est la disponibilit\u00e9 de tournois et de d\u00e9fis communautaires.<\/p>\n\n\n\n<h2 class=\"wp-block-heading\">Qu\u2019est-ce qui rend le jeu de casino JetX si diff\u00e9rent ?<\/h2>\n\n\n\n<p>Nous avons d\u00e9j\u00e0 mentionn\u00e9 que les jeux JetX se d\u00e9marquent par leurs multiplicateurs uniques en temps r\u00e9el. Examinons les faits :<\/p>\n\n\n\n<ul class=\"wp-block-list\">\n<li>Le multiplicateur ne progresse pas de mani\u00e8re lin\u00e9aire. Toutes les manches du jeu sont impr\u00e9visibles et intenses.<\/li>\n<li>Il existe un chat mondial et vous pouvez consulter le classement au sein d\u2019une large communaut\u00e9 en ligne.<\/li>\n<li>Chaque multiplicateur est g\u00e9n\u00e9r\u00e9 via un algorithme cryptographique v\u00e9rifiable.<\/li>\n<\/ul>\n\n\n\n<p>Les options de retrait automatique et de mise automatique sont \u00e9galement disponibles. Nous en parlerons en d\u00e9tail dans les sections suivantes.<\/p>\n\n\n\n<div class=\"wp-block-buttons is-content-justification-center is-layout-flex wp-container-core-buttons-is-layout-16018d1d wp-block-buttons-is-layout-flex\">\n<div class=\"wp-block-button\"><a class=\"wp-block-button__link wp-element-button\" href=\"https:\/\/combodef.com\/L?tag=d_4824720m_147506c_&#038;site=4824720&#038;ad=147506\">jouer maintenant<\/a><\/div>\n<\/div>\n\n\n\n<h2 class=\"wp-block-heading\">Comment jouer \u00e0 JetX<\/h2>\n\n\n\n<p>Le design du jeu inclut un syst\u00e8me de paiements \u00e0 plusieurs niveaux et des trajectoires de vol anim\u00e9es qui simulent des sch\u00e9mas d\u2019aviation r\u00e9els. Vous pouvez y jouer via le t\u00e9l\u00e9chargement du jeu JetX sur votre appareil mobile ou tablette, ou directement via le navigateur sur votre PC.<\/p>\n\n\n\n<p>Pour les utilisateurs occasionnels, le mode d\u00e9mo JetX est disponible, mais nous recommandons d\u2019essayer les sessions JetX en argent r\u00e9el pour une exp\u00e9rience plus compl\u00e8te.<\/p>\n\n\n\n<h3 class=\"wp-block-heading\">Guide pour placer des mises sur JetX<\/h3>\n\n\n\n<p>Pour jouer, vous devez suivre ces r\u00e8gles simples :<\/p>\n\n\n\n<ol class=\"wp-block-list\">\n<li>Commencez \u00e0 miser sur JetX avant que l\u2019avion ne commence \u00e0 monter.<\/li>\n<li>Le multiplicateur commence \u00e0 augmenter et, si vous appuyez sur le bouton avant que l\u2019avion n\u2019explose, vous gagnez.<\/li>\n<li>Vous pouvez configurer un retrait automatique afin de limiter vos pertes.<\/li>\n<\/ol>\n\n\n\n<h3 class=\"wp-block-heading\">Quelques-unes des meilleures strat\u00e9gies JetX utilis\u00e9es par les joueurs pour g\u00e9rer le risque<\/h3>\n\n\n\n<p>Les pertes pendant le jeu sont normales, il faut donc \u00e9viter de les poursuivre. Les paris sur JetX sont tr\u00e8s volatils, et tenter de \u00ab se refaire \u00bb apr\u00e8s une manche perdante entra\u00eene souvent davantage d\u2019erreurs.<\/p>\n\n\n\n<p>Le jeu repose sur le hasard, mais voici plusieurs techniques \u00e9prouv\u00e9es pour vous aider \u00e0 g\u00e9rer les risques :<\/p>\n\n\n\n<figure class=\"wp-block-table\"><table class=\"has-fixed-layout\"><tbody>\n<tr><td>Strat\u00e9gie JetX \u00e0 faible risque<\/td><td>Petites mises, multiplicateur x1,20 \u2013 x1,40.<\/td><\/tr>\n<tr><td>Strat\u00e9gie JetX \u00e0 risque mod\u00e9r\u00e9<\/td><td>Mises moyennes, multiplicateur autour de x2.<\/td><\/tr>\n<tr><td>Strat\u00e9gie JetX \u00e0 haut risque<\/td><td>Grosses mises, objectif de multiplicateurs x10 ou plus.<\/td><\/tr>\n<\/tbody><\/table><\/figure>\n\n\n\n<h2 class=\"wp-block-heading\">Bonus et promotions JetX sur PariPesa<\/h2>\n\n\n\n<p>Si vous \u00eates nouveau sur <a href=\"https:\/\/paripesa.app\/fr\/\">l\u2019application PariPesa<\/a>, vous b\u00e9n\u00e9ficiez d\u2019un pack de bonus de bienvenue :<\/p>\n\n\n\n<figure class=\"wp-block-table\"><table class=\"has-fixed-layout\"><tbody>\n<tr><td>Num\u00e9ro du d\u00e9p\u00f4t<\/td><td>D\u00e9p\u00f4t minimum (EUR)<\/td><td>Bonus maximum (EUR)<\/td><\/tr>\n<tr><td>1er d\u00e9p\u00f4t<\/td><td>20<\/td><td>500<\/td><\/tr>\n<tr><td>2e d\u00e9p\u00f4t<\/td><td>30<\/td><td>600<\/td><\/tr>\n<tr><td>3e d\u00e9p\u00f4t<\/td><td>30<\/td><td>750<\/td><\/tr>\n<tr><td>4e d\u00e9p\u00f4t<\/td><td>30<\/td><td>800<\/td><\/tr>\n<\/tbody><\/table><\/figure>\n\n\n\n<p>Chez PariPesa, nous proposons r\u00e9guli\u00e8rement des r\u00e9compenses JetX sous forme de points de fid\u00e9lit\u00e9, de cadeaux d\u2019anniversaire, de points hebdomadaires (3 %), de cashback fid\u00e9lit\u00e9 (10 %) et de nombreuses autres offres sp\u00e9ciales ponctuelles.<\/p>\n\n\n\n<p>Avec un code bonus, JetX devient encore plus avantageux. Utilisez le code \u00ab JBVIP \u00bb pour obtenir un pack de bienvenue plus g\u00e9n\u00e9reux.<\/p>\n\n\n\n<h3 class=\"wp-block-heading\">\u00c9quit\u00e9 et transparence<\/h3>\n\n\n\n<p>La base de tous les <a href=\"https:\/\/paripesa.app\/fr\/?page_id=4869\">crash games<\/a> repose sur un algorithme cryptographique prouv\u00e9 \u00e9quitable, ce qui signifie que le r\u00e9sultat de chaque manche est d\u00e9termin\u00e9 avant que le jet ne s\u2019\u00e9crase.<\/p>\n\n\n\n<p>SmartSoft Gaming utilise l\u2019algorithme de hachage SHA-256 pour JetX comme c\u0153ur de son syst\u00e8me, le m\u00eame standard de hachage que celui employ\u00e9 pour la blockchain et les syst\u00e8mes bancaires.<\/p>\n\n\n\n<h3 class=\"wp-block-heading\">Argent r\u00e9el ou mode d\u00e9mo : que choisir ?<\/h3>\n\n\n\n<p>Les joueurs doivent toujours jouer de mani\u00e8re responsable et r\u00e9fl\u00e9chir \u00e0 leurs actions. Pour acqu\u00e9rir de l\u2019exp\u00e9rience, les utilisateurs peuvent profiter du mode d\u00e9mo JetX.<\/p>\n\n\n\n<p>Gr\u00e2ce aux options de t\u00e9l\u00e9chargement du jeu JetX disponibles via l\u2019<a href=\"https:\/\/paripesa.app\/fr\/\">application PariPesa en France<\/a>, il est d\u00e9sormais possible de passer facilement du mode d\u00e9mo au jeu en argent r\u00e9el.<\/p>\n\n\n<div class=\"wp-block-image\">\n<figure class=\"aligncenter size-full\"><img loading=\"lazy\" decoding=\"async\" width=\"600\" height=\"400\" src=\"https:\/\/paripesa.app\/wp-content\/uploads\/2025\/12\/jetx-game-download.jpg\" alt=\"t\u00e9l\u00e9chargement du jeu jetx\" class=\"wp-image-4849\" srcset=\"https:\/\/paripesa.app\/wp-content\/uploads\/2025\/12\/jetx-game-download.jpg 600w, https:\/\/paripesa.app\/wp-content\/uploads\/2025\/12\/jetx-game-download-300x200.jpg 300w\" sizes=\"auto, (max-width: 600px) 100vw, 600px\" \/><\/figure><\/div>\n\n\n<h2 class=\"wp-block-heading\">Comment le jeu fonctionne-t-il sur Android et iOS ?<\/h2>\n\n\n\n<p>Le jeu fonctionne tr\u00e8s bien sur la plupart des appareils, y compris les smartphones d\u2019entr\u00e9e de gamme populaires en France.<\/p>\n\n\n\n<p>Les utilisateurs fran\u00e7ais peuvent acc\u00e9der au jeu JetX sur Android, iOS ou via un navigateur mobile sans perte de performances. Avec l\u2019utilisation d\u2019un code bonus, JetX peut devenir encore plus avantageux.<\/p>\n\n\n\n<h3 class=\"wp-block-heading\">Jouer sur mobile via l\u2019application PariPesa<\/h3>\n\n\n\n<p>Chez PariPesa, nous fournissons des liens de t\u00e9l\u00e9chargement rapides vers l\u2019application sur notre site. Si vous utilisez Android, il vous suffit de t\u00e9l\u00e9charger le fichier APK, d\u2019autoriser l\u2019installation depuis des sources inconnues, de vous inscrire sur notre plateforme et de profiter du jeu.<\/p>\n\n\n\n<p>Les d\u00e9p\u00f4ts rapides, les retraits instantan\u00e9s et l\u2019affichage des multiplicateurs en temps r\u00e9el sont identiques sur les versions mobile et web.<\/p>\n\n\n\n<h3 class=\"wp-block-heading\">Devises et m\u00e9thodes de paiement prises en charge<\/h3>\n\n\n\n<p>L\u2019application PariPesa JetX prend en charge plusieurs devises. En France, de nombreuses m\u00e9thodes de paiement sont disponibles, notamment :<\/p>\n\n\n\n<ul class=\"wp-block-list\">\n<li>Portefeuilles \u00e9lectroniques : Skrill, Neteller, Jeton,<\/li>\n<li>Cartes bancaires,<\/li>\n<li>Virements bancaires,<\/li>\n<li>Cryptomonnaies telles qu\u2019Ethereum, Bitcoin et plusieurs altcoins.<\/li>\n<\/ul>\n\n\n\n<div class=\"wp-block-buttons is-content-justification-center is-layout-flex wp-container-core-buttons-is-layout-16018d1d wp-block-buttons-is-layout-flex\">\n<div class=\"wp-block-button\"><a class=\"wp-block-button__link wp-element-button\" href=\"https:\/\/combodef.com\/L?tag=d_4824720m_147506c_&#038;site=4824720&#038;ad=147506\">jouer maintenant<\/a><\/div>\n<\/div>\n\n\n\n<h2 class=\"wp-block-heading\">Conclusion : ce qu\u2019il faut garder \u00e0 l\u2019esprit avant de commencer \u00e0 jouer au crash game JetX<\/h2>\n\n\n\n<p>Dans cet article de revue du jeu JetX, nous avons analys\u00e9 les r\u00e8gles et les strat\u00e9gies, examin\u00e9 les bonus et les paiements, et \u00e9tudi\u00e9 la disponibilit\u00e9 mobile sur la plateforme PariPesa.<\/p>\n\n\n\n<p>Et si vous avez encore des questions apr\u00e8s cette lecture, nous sommes \u00e0 votre disposition via :<\/p>\n\n\n\n<ul class=\"wp-block-list\">\n<li>Chat en direct<\/li>\n<li>Email : support-fr@PariPesa.com<\/li>\n<li>Instagram<\/li>\n<li>Telegram<\/li>\n<li>Et Discord.<\/li>\n<\/ul>\n\n\n\n<h2 class=\"wp-block-heading\">FAQ<\/h2>\n\n\n\n<h3 class=\"wp-block-heading\">Quel est le montant minimum pour miser sur PariPesa ?<\/h3>\n\n\n\n<p>Vous pouvez effectuer un premier d\u00e9p\u00f4t \u00e0 partir de 20 EUR. Ensuite, commencez avec de petites mises et construisez votre strat\u00e9gie progressivement.<\/p>\n\n\n\n<h3 class=\"wp-block-heading\">Puis-je placer deux mises en m\u00eame temps ?<\/h3>\n\n\n\n<p>Oui. Vous pouvez \u00e9quilibrer votre exposition en effectuant une mise automatique s\u00e9curis\u00e9e et une mise manuelle avec un risque plus \u00e9lev\u00e9.<\/p>\n\n\n\n<h3 class=\"wp-block-heading\">Les tournois JetX sur PariPesa valent-ils la peine d\u2019y participer ?<\/h3>\n\n\n\n<p>Oui, si vous jouez r\u00e9guli\u00e8rement. Vous gagnez des points et obtenez une place dans le classement pour recevoir des r\u00e9compenses en argent ou des cr\u00e9dits bonus.<\/p>\n\n","protected":false},"excerpt":{"rendered":"<p>Revue du jeu JetX : analyse approfondie de l\u2019un des premiers classiques du crash game Le jeu de casino JetX est l\u2019un des titres les plus populaires de la cat\u00e9gorie crash, gr\u00e2ce \u00e0 ses m\u00e9caniques, son rythme rapide et son \u00e9quit\u00e9. Le principe est simple : vous placez une mise sur JetX et encaissez avant [&hellip;]<\/p>\n","protected":false},"author":1,"featured_media":0,"parent":0,"menu_order":0,"comment_status":"closed","ping_status":"closed","template":"","meta":{"_sitemap_exclude":false,"_sitemap_priority":"","_sitemap_frequency":"","_monsterinsights_skip_tracking":false,"_monsterinsights_sitenote_active":false,"_monsterinsights_sitenote_note":"","_monsterinsights_sitenote_category":0,"footnotes":""},"class_list":["post-5041","page","type-page","status-publish","hentry"],"acf":[],"yoast_head":"<!-- This site is optimized with the Yoast SEO plugin v25.0 - https:\/\/yoast.com\/wordpress\/plugins\/seo\/ -->\n<title>JetX \u2013 Revue compl\u00e8te du crash game | Bonus, r\u00e8gles et strat\u00e9gies en France<\/title>\n<meta name=\"description\" content=\"D\u00e9couvrez JetX, le crash game populaire sur PariPesa France : r\u00e8gles simples, multiplicateurs en temps r\u00e9el, strat\u00e9gies de jeu, bonus de bienvenue, tournois et jeu \u00e9quitable prouv\u00e9. Jouez sur mobile ou PC en toute s\u00e9curit\u00e9.\" \/>\n<meta name=\"robots\" content=\"index, follow, max-snippet:-1, max-image-preview:large, max-video-preview:-1\" \/>\n<meta property=\"og:locale\" content=\"fr_FR\" \/>\n<meta property=\"og:type\" content=\"article\" \/>\n<meta property=\"og:url\" content=\"https:\/\/paripesa.app\/fr\/jetx\/\" \/>\n<meta property=\"article:modified_time\" content=\"2025-12-30T12:21:43+00:00\" \/>\n<meta property=\"og:image\" content=\"https:\/\/paripesa.app\/wp-content\/uploads\/2025\/12\/jetx.jpg\" \/>\n\t<meta property=\"og:image:width\" content=\"200\" \/>\n\t<meta property=\"og:image:height\" content=\"66\" \/>\n\t<meta property=\"og:image:type\" content=\"image\/jpeg\" \/>\n<meta name=\"twitter:card\" content=\"summary_large_image\" \/>\n<meta name=\"twitter:label1\" content=\"Dur\u00e9e de lecture estim\u00e9e\" \/>\n\t<meta name=\"twitter:data1\" content=\"6 minutes\" \/>\n<!-- \/ Yoast SEO plugin. -->","yoast_head_json":{"title":"JetX \u2013 Revue compl\u00e8te du crash game | Bonus, r\u00e8gles et strat\u00e9gies en France","description":"D\u00e9couvrez JetX, le crash game populaire sur PariPesa France : r\u00e8gles simples, multiplicateurs en temps r\u00e9el, strat\u00e9gies de jeu, bonus de bienvenue, tournois et jeu \u00e9quitable prouv\u00e9. Jouez sur mobile ou PC en toute s\u00e9curit\u00e9.","robots":{"index":"index","follow":"follow","max-snippet":"max-snippet:-1","max-image-preview":"max-image-preview:large","max-video-preview":"max-video-preview:-1"},"og_locale":"fr_FR","og_type":"article","og_url":"https:\/\/paripesa.app\/fr\/jetx\/","article_modified_time":"2025-12-30T12:21:43+00:00","og_image":[{"width":200,"height":66,"url":"https:\/\/paripesa.app\/wp-content\/uploads\/2025\/12\/jetx.jpg","type":"image\/jpeg"}],"twitter_card":"summary_large_image","twitter_misc":{"Dur\u00e9e de lecture estim\u00e9e":"6 minutes"},"schema":{"@context":"https:\/\/schema.org","@graph":[{"@type":"WebPage","@id":"https:\/\/paripesa.app\/fr\/jetx\/","url":"https:\/\/paripesa.app\/fr\/jetx\/","name":"JetX \u2013 Revue compl\u00e8te du crash game | Bonus, r\u00e8gles et strat\u00e9gies en France","isPartOf":{"@id":"https:\/\/paripesa.app\/#website"},"primaryImageOfPage":{"@id":"https:\/\/paripesa.app\/fr\/jetx\/#primaryimage"},"image":{"@id":"https:\/\/paripesa.app\/fr\/jetx\/#primaryimage"},"thumbnailUrl":"https:\/\/paripesa.app\/wp-content\/uploads\/2025\/12\/jetx-casino-game.jpg","datePublished":"2025-12-25T15:40:23+00:00","dateModified":"2025-12-30T12:21:43+00:00","description":"D\u00e9couvrez JetX, le crash game populaire sur PariPesa France : r\u00e8gles simples, multiplicateurs en temps r\u00e9el, strat\u00e9gies de jeu, bonus de bienvenue, tournois et jeu \u00e9quitable prouv\u00e9. Jouez sur mobile ou PC en toute s\u00e9curit\u00e9.","breadcrumb":{"@id":"https:\/\/paripesa.app\/fr\/jetx\/#breadcrumb"},"inLanguage":"fr-FR","potentialAction":[{"@type":"ReadAction","target":["https:\/\/paripesa.app\/fr\/jetx\/"]}]},{"@type":"ImageObject","inLanguage":"fr-FR","@id":"https:\/\/paripesa.app\/fr\/jetx\/#primaryimage","url":"https:\/\/paripesa.app\/wp-content\/uploads\/2025\/12\/jetx-casino-game.jpg","contentUrl":"https:\/\/paripesa.app\/wp-content\/uploads\/2025\/12\/jetx-casino-game.jpg"},{"@type":"WebSite","@id":"https:\/\/paripesa.app\/#website","url":"https:\/\/paripesa.app\/","name":"paripesa","description":"Paripesa App download","publisher":{"@id":"https:\/\/paripesa.app\/#organization"},"potentialAction":[],"inLanguage":"fr-FR"},{"@type":"Organization","@id":"https:\/\/paripesa.app\/#organization","name":"paripesa","url":"https:\/\/paripesa.app\/","logo":{"@type":"ImageObject","inLanguage":"fr-FR","@id":"https:\/\/paripesa.app\/#\/schema\/logo\/image\/","url":"https:\/\/paripesa.app\/wp-content\/uploads\/2024\/10\/cropped-logo.png","contentUrl":"https:\/\/paripesa.app\/wp-content\/uploads\/2024\/10\/cropped-logo.png","width":281,"height":44,"caption":"paripesa"},"image":{"@id":"https:\/\/paripesa.app\/#\/schema\/logo\/image\/"}}]}},"_links":{"self":[{"href":"https:\/\/paripesa.app\/fr\/wp-json\/wp\/v2\/pages\/5041","targetHints":{"allow":["GET"]}}],"collection":[{"href":"https:\/\/paripesa.app\/fr\/wp-json\/wp\/v2\/pages"}],"about":[{"href":"https:\/\/paripesa.app\/fr\/wp-json\/wp\/v2\/types\/page"}],"author":[{"embeddable":true,"href":"https:\/\/paripesa.app\/fr\/wp-json\/wp\/v2\/users\/1"}],"replies":[{"embeddable":true,"href":"https:\/\/paripesa.app\/fr\/wp-json\/wp\/v2\/comments?post=5041"}],"version-history":[{"count":2,"href":"https:\/\/paripesa.app\/fr\/wp-json\/wp\/v2\/pages\/5041\/revisions"}],"predecessor-version":[{"id":5085,"href":"https:\/\/paripesa.app\/fr\/wp-json\/wp\/v2\/pages\/5041\/revisions\/5085"}],"wp:attachment":[{"href":"https:\/\/paripesa.app\/fr\/wp-json\/wp\/v2\/media?parent=5041"}],"curies":[{"name":"wp","href":"https:\/\/api.w.org\/{rel}","templated":true}]}}