{"id":3807,"date":"2025-04-15T10:45:24","date_gmt":"2025-04-15T08:45:24","guid":{"rendered":"https:\/\/paripesa.app\/?page_id=3807"},"modified":"2025-12-12T13:21:41","modified_gmt":"2025-12-12T12:21:41","slug":"promotions","status":"publish","type":"page","link":"https:\/\/paripesa.app\/fr\/promotions\/","title":{"rendered":"Promotions"},"content":{"rendered":"\n<h1 class=\"wp-block-heading\"><span class=\"ez-toc-section\" id=\"Paripesa_Bonus_Sur_Application\"><\/span>Paripesa Bonus Sur Application<span class=\"ez-toc-section-end\"><\/span><\/h1>\n\n\n<div id=\"ez-toc-container\" class=\"ez-toc-v2_0_82_2 counter-hierarchy ez-toc-counter ez-toc-custom ez-toc-container-direction\">\n<div class=\"ez-toc-title-container\">\n<p class=\"ez-toc-title\" style=\"cursor:inherit\">Table of Contents<\/p>\n<span class=\"ez-toc-title-toggle\"><a href=\"#\" class=\"ez-toc-pull-right ez-toc-btn ez-toc-btn-xs ez-toc-btn-default ez-toc-toggle\" aria-label=\"Toggle Table of Content\"><span class=\"ez-toc-js-icon-con\"><span class=\"\"><span class=\"eztoc-hide\" style=\"display:none;\">Toggle<\/span><span class=\"ez-toc-icon-toggle-span\"><svg style=\"fill: #999;color:#999\" xmlns=\"http:\/\/www.w3.org\/2000\/svg\" class=\"list-377408\" width=\"20px\" height=\"20px\" viewBox=\"0 0 24 24\" fill=\"none\"><path d=\"M6 6H4v2h2V6zm14 0H8v2h12V6zM4 11h2v2H4v-2zm16 0H8v2h12v-2zM4 16h2v2H4v-2zm16 0H8v2h12v-2z\" fill=\"currentColor\"><\/path><\/svg><svg style=\"fill: #999;color:#999\" class=\"arrow-unsorted-368013\" xmlns=\"http:\/\/www.w3.org\/2000\/svg\" width=\"10px\" height=\"10px\" viewBox=\"0 0 24 24\" version=\"1.2\" baseProfile=\"tiny\"><path d=\"M18.2 9.3l-6.2-6.3-6.2 6.3c-.2.2-.3.4-.3.7s.1.5.3.7c.2.2.4.3.7.3h11c.3 0 .5-.1.7-.3.2-.2.3-.5.3-.7s-.1-.5-.3-.7zM5.8 14.7l6.2 6.3 6.2-6.3c.2-.2.3-.5.3-.7s-.1-.5-.3-.7c-.2-.2-.4-.3-.7-.3h-11c-.3 0-.5.1-.7.3-.2.2-.3.5-.3.7s.1.5.3.7z\"\/><\/svg><\/span><\/span><\/span><\/a><\/span><\/div>\n<nav><ul class='ez-toc-list ez-toc-list-level-1 eztoc-toggle-hide-by-default' ><li class='ez-toc-page-1 ez-toc-heading-level-1'><a class=\"ez-toc-link ez-toc-heading-1\" href=\"https:\/\/paripesa.app\/fr\/promotions\/#Paripesa_Bonus_Sur_Application\" >Paripesa Bonus Sur Application<\/a><ul class='ez-toc-list-level-2' ><li class='ez-toc-heading-level-2'><a class=\"ez-toc-link ez-toc-heading-2\" href=\"https:\/\/paripesa.app\/fr\/promotions\/#Limportance_des_bonus_pour_les_jeux_en_ligne_sur_Paripesa_app\" >L\u2019importance des bonus pour les jeux en ligne sur Paripesa app<\/a><\/li><li class='ez-toc-page-1 ez-toc-heading-level-2'><a class=\"ez-toc-link ez-toc-heading-3\" href=\"https:\/\/paripesa.app\/fr\/promotions\/#Quels_types_de_bonus_sont_disponibles_sur_lapplication_Paripesa\" >Quels types de bonus sont disponibles sur l\u2019application Paripesa ?<\/a><ul class='ez-toc-list-level-3' ><li class='ez-toc-heading-level-3'><a class=\"ez-toc-link ez-toc-heading-4\" href=\"https:\/\/paripesa.app\/fr\/promotions\/#Bonus_de_bienvenue_et_utilisation_du_code_promo_Paripesa\" >Bonus de bienvenue et utilisation du code promo Paripesa<\/a><\/li><li class='ez-toc-page-1 ez-toc-heading-level-3'><a class=\"ez-toc-link ez-toc-heading-5\" href=\"https:\/\/paripesa.app\/fr\/promotions\/#Offres_de_remise_en_argent_et_bonus_de_recharge\" >Offres de remise en argent et bonus de recharge<\/a><\/li><li class='ez-toc-page-1 ez-toc-heading-level-3'><a class=\"ez-toc-link ez-toc-heading-6\" href=\"https:\/\/paripesa.app\/fr\/promotions\/#Paripesa_bonus_du_jeudi_et_tours_gratuits\" >Paripesa bonus du jeudi et tours gratuits<\/a><\/li><li class='ez-toc-page-1 ez-toc-heading-level-3'><a class=\"ez-toc-link ez-toc-heading-7\" href=\"https:\/\/paripesa.app\/fr\/promotions\/#Programme_VIP_et_recompenses_de_fidelite\" >Programme VIP et r\u00e9compenses de fid\u00e9lit\u00e9<\/a><\/li><\/ul><\/li><li class='ez-toc-page-1 ez-toc-heading-level-2'><a class=\"ez-toc-link ez-toc-heading-8\" href=\"https:\/\/paripesa.app\/fr\/promotions\/#Comment_utiliser_le_bonus_Paripesa_et_le_reclamer_sur_lapplication\" >Comment utiliser le bonus Paripesa et le r\u00e9clamer sur l\u2019application ?<\/a><\/li><li class='ez-toc-page-1 ez-toc-heading-level-2'><a class=\"ez-toc-link ez-toc-heading-9\" href=\"https:\/\/paripesa.app\/fr\/promotions\/#Conseils_pour_maximiser_votre_Paripesa_bonus\" >Conseils pour maximiser votre Paripesa bonus<\/a><\/li><li class='ez-toc-page-1 ez-toc-heading-level-2'><a class=\"ez-toc-link ez-toc-heading-10\" href=\"https:\/\/paripesa.app\/fr\/promotions\/#Conditions_generales_du_bonus_Paripesa_ce_quil_faut_savoir\" >Conditions g\u00e9n\u00e9rales du bonus Paripesa : ce qu\u2019il faut savoir !<\/a><\/li><li class='ez-toc-page-1 ez-toc-heading-level-2'><a class=\"ez-toc-link ez-toc-heading-11\" href=\"https:\/\/paripesa.app\/fr\/promotions\/#FAQ\" >FAQ<\/a><ul class='ez-toc-list-level-3' ><li class='ez-toc-heading-level-3'><a class=\"ez-toc-link ez-toc-heading-12\" href=\"https:\/\/paripesa.app\/fr\/promotions\/#Un_Paripesa_promo_code_est-il_necessaire_pour_reclamer_un_bonus\" >Un Paripesa promo code est-il n\u00e9cessaire pour r\u00e9clamer un bonus ?<\/a><\/li><li class='ez-toc-page-1 ez-toc-heading-level-3'><a class=\"ez-toc-link ez-toc-heading-13\" href=\"https:\/\/paripesa.app\/fr\/promotions\/#Comment_beneficier_du_bonus_de_bienvenue\" >Comment b\u00e9n\u00e9ficier du bonus de bienvenue ?<\/a><\/li><li class='ez-toc-page-1 ez-toc-heading-level-3'><a class=\"ez-toc-link ez-toc-heading-14\" href=\"https:\/\/paripesa.app\/fr\/promotions\/#Des_tournois_sont-ils_disponibles_sur_Paripesa\" >Des tournois sont-ils disponibles sur Paripesa ?<\/a><\/li><\/ul><\/li><\/ul><\/li><\/ul><\/nav><\/div>\n\n\n\n<div class=\"wp-block-image\">\n<figure class=\"aligncenter is-resized\"><img loading=\"lazy\" decoding=\"async\" width=\"600\" height=\"390\" src=\"https:\/\/paripesa.app\/wp-content\/uploads\/2024\/08\/1.jpg\" alt=\"Paripesa Promo Code \" class=\"wp-image-1490\" style=\"width:840px;height:auto\" srcset=\"https:\/\/paripesa.app\/wp-content\/uploads\/2024\/08\/1.jpg 600w, https:\/\/paripesa.app\/wp-content\/uploads\/2024\/08\/1-300x195.jpg 300w\" sizes=\"auto, (max-width: 600px) 100vw, 600px\" \/><\/figure><\/div>\n\n\n<p><strong>Paripesa Bonus<\/strong> un site de jeux et de paris sportifs accessible \u00e0 partir d\u2019un navigateur ou via une application t\u00e9l\u00e9chargeable gratuitement sur App Store (iOS) ou Google Play (Android). Vous pourrez booster votre solde de jeu gr\u00e2ce \u00e0 de nombreux bonus disponibles m\u00eame via l\u2019appli mobile de l\u2019op\u00e9rateur. Ces offres promotionnelles vous permettront de tester de nouveaux titres en ligne sans risques, et de d\u00e9crocher des gains si la chance vous sourit.<\/p>\n\n\n\n<div class=\"wp-block-buttons is-content-justification-center is-layout-flex wp-container-core-buttons-is-layout-16018d1d wp-block-buttons-is-layout-flex\">\n<div class=\"wp-block-button\"><a class=\"wp-block-button__link wp-element-button\" href=\"https:\/\/combodef.com\/L?tag=d_4824720m_147506c_&#038;site=4824720&#038;ad=147506\">GET BONUS<\/a><\/div>\n<\/div>\n\n\n\n<h2 class=\"wp-block-heading\" id=\"best-betting-app-nigeria\"><span class=\"ez-toc-section\" id=\"Limportance_des_bonus_pour_les_jeux_en_ligne_sur_Paripesa_app\"><\/span>L\u2019importance des bonus pour les jeux en ligne sur Paripesa app<span class=\"ez-toc-section-end\"><\/span><\/h2>\n\n\n<div class=\"wp-block-image\">\n<figure class=\"aligncenter size-full\"><img loading=\"lazy\" decoding=\"async\" width=\"600\" height=\"400\" src=\"https:\/\/paripesa.app\/wp-content\/uploads\/2025\/02\/2.jpg\" alt=\"paripesa bonus\" class=\"wp-image-3602\" srcset=\"https:\/\/paripesa.app\/wp-content\/uploads\/2025\/02\/2.jpg 600w, https:\/\/paripesa.app\/wp-content\/uploads\/2025\/02\/2-300x200.jpg 300w\" sizes=\"auto, (max-width: 600px) 100vw, 600px\" \/><\/figure><\/div>\n\n\n<p>Les bonus casino permettent d\u2019optimiser votre exp\u00e9rience ludique de plusieurs fa\u00e7ons :<\/p>\n\n\n\n<ul class=\"wp-block-list\">\n<li>Augmentation de votre cagnotte : gr\u00e2ce \u00e0 l\u2019offre de bienvenue, au bonus de recharge et au cashback casino, vous pourrez jouer plus longtemps ;<\/li>\n\n\n\n<li>Exploration sans risque : les tours gratuits (free spins) et les bonus sans d\u00e9p\u00f4t permettent de tester le catalogue de jeux et de tenter d\u2019engranger des gains int\u00e9ressants sans engager votre argent r\u00e9el ;<\/li>\n\n\n\n<li>Gratifications exclusives : les tournois et le programme VIP mettent \u00e0 votre disposition des r\u00e9compenses all\u00e9chantes pour renforcer votre engagement sur la plateforme.<\/li>\n<\/ul>\n\n\n\n<p>Vous pouvez acc\u00e9der \u00e0 toutes ces offres partout et \u00e0 tout moment.<\/p>\n\n\n\n<div class=\"wp-block-buttons is-content-justification-center is-layout-flex wp-container-core-buttons-is-layout-16018d1d wp-block-buttons-is-layout-flex\">\n<div class=\"wp-block-button\"><a class=\"wp-block-button__link wp-element-button\" href=\"https:\/\/combodef.com\/L?tag=d_4824720m_147506c_&#038;site=4824720&#038;ad=147506\">GET BONUS<\/a><\/div>\n<\/div>\n\n\n\n<h2 class=\"wp-block-heading\" id=\"betting-app-kenya\"><span class=\"ez-toc-section\" id=\"Quels_types_de_bonus_sont_disponibles_sur_lapplication_Paripesa\"><\/span>Quels types de bonus sont disponibles sur l\u2019application Paripesa ?<span class=\"ez-toc-section-end\"><\/span><\/h2>\n\n\n\n<p>Bonus de bienvenue, promotions r\u00e9guli\u00e8res, tournois, club VIP, codes promos, vous aurez plusieurs chances de booster votre cagnotte.<\/p>\n\n\n\n<h3 class=\"wp-block-heading\"><span class=\"ez-toc-section\" id=\"Bonus_de_bienvenue_et_utilisation_du_code_promo_Paripesa\"><\/span>Bonus de bienvenue et utilisation du code promo Paripesa<span class=\"ez-toc-section-end\"><\/span><\/h3>\n\n\n<div class=\"wp-block-image\">\n<figure class=\"aligncenter size-full\"><img loading=\"lazy\" decoding=\"async\" width=\"800\" height=\"400\" src=\"https:\/\/paripesa.app\/wp-content\/uploads\/2025\/02\/1.jpg\" alt=\"r\u00e8gles du bonus paripesa\" class=\"wp-image-3582\" srcset=\"https:\/\/paripesa.app\/wp-content\/uploads\/2025\/02\/1.jpg 800w, https:\/\/paripesa.app\/wp-content\/uploads\/2025\/02\/1-300x150.jpg 300w, https:\/\/paripesa.app\/wp-content\/uploads\/2025\/02\/1-768x384.jpg 768w\" sizes=\"auto, (max-width: 800px) 100vw, 800px\" \/><\/figure><\/div>\n\n\n<p>Une fois inscrit via l\u2019application, vous serez \u00e9ligible \u00e0 une offre de bienvenue de 200 % jusqu\u2019\u00e0 975 000 XAF + 150 tours gratuits sur vos 4 premiers d\u00e9p\u00f4ts :<\/p>\n\n\n\n<figure class=\"wp-block-table\"><table class=\"has-fixed-layout\"><tbody><tr><td>Premier d\u00e9p\u00f4t<\/td><td>100 % jusqu\u2019\u00e0 195 000 XAF + 30 Free Spins (FS) sur Juicy Fruits 27 Ways<\/td><\/tr><tr><td>Deuxi\u00e8me d\u00e9p\u00f4t<\/td><td>50 % jusqu\u2019\u00e0 225 000 XAF + 35 FS Juicy Fruits 27 Ways<\/td><\/tr><tr><td>Troisi\u00e8me d\u00e9p\u00f4t<\/td><td>25 % jusqu\u2019\u00e0 265 000 XAF + 40 FS sur Big Bass Bonanza<\/td><\/tr><tr><td>Quatri\u00e8me d\u00e9p\u00f4t<\/td><td>25 % jusqu\u2019\u00e0 290 000 XAF + 45 FS sur Big Bass Bonanza<\/td><\/tr><\/tbody><\/table><\/figure>\n\n\n\n<p>Pour \u00eatre \u00e9ligible aux bonus de bienvenue Paripesa, vous devez effectuer un d\u00e9p\u00f4t d&rsquo;au moins :<\/p>\n\n\n\n<ul class=\"wp-block-list\">\n<li>6500 XAF pour le bonus sur le 1er d\u00e9p\u00f4t ;<\/li>\n\n\n\n<li>9750 XAF pour les bonus sur les 2e \u00e0 4e d\u00e9p\u00f4ts.<\/li>\n<\/ul>\n\n\n\n<p>Vous n\u2019aurez pas besoin d\u2019entrer un code promo Paripesa pour b\u00e9n\u00e9ficier du cadeau de bienvenue offert par <a href=\"https:\/\/paripesa.app\/fr\/\">Paripesa apk<\/a>.<\/p>\n\n\n\n<h3 class=\"wp-block-heading\"><span class=\"ez-toc-section\" id=\"Offres_de_remise_en_argent_et_bonus_de_recharge\"><\/span>Offres de remise en argent et bonus de recharge<span class=\"ez-toc-section-end\"><\/span><\/h3>\n\n\n<div class=\"wp-block-image\">\n<figure class=\"aligncenter size-full is-resized\"><img loading=\"lazy\" decoding=\"async\" width=\"600\" height=\"220\" src=\"https:\/\/paripesa.app\/wp-content\/uploads\/2024\/08\/Picture4.jpg\" alt=\"comment utiliser le bonus paripesa\" class=\"wp-image-1527\" style=\"width:840px;height:auto\" srcset=\"https:\/\/paripesa.app\/wp-content\/uploads\/2024\/08\/Picture4.jpg 600w, https:\/\/paripesa.app\/wp-content\/uploads\/2024\/08\/Picture4-300x110.jpg 300w\" sizes=\"auto, (max-width: 600px) 100vw, 600px\" \/><\/figure><\/div>\n\n\n<p>Maximisez vos gains gr\u00e2ce au cashback et au bonus d\u00e9p\u00f4t. En effet, chaque semaine, l\u2019op\u00e9rateur vous permet de jouer sans trop d\u00e9penser en vous offrant des remboursements sur vos pertes et des possibilit\u00e9s de booster votre capital jeu.<\/p>\n\n\n\n<figure class=\"wp-block-table\"><table class=\"has-fixed-layout\"><tbody><tr><td>Cashback VIP Casino<\/td><td>En fonction de votre niveau, vous pourrez b\u00e9n\u00e9ficier d\u2019un remboursement sur vos \u00e9checs. Ce bonus Paripesa Kenya peut \u00eatre r\u00e9clam\u00e9 tous les jours ou apr\u00e8s quelques jours selon votre grade au sein du programme de fid\u00e9lit\u00e9.<\/td><\/tr><tr><td>Cadeau d&rsquo;anniversaire<\/td><td>Il est offert si votre compte a \u00e9t\u00e9 cr\u00e9\u00e9 depuis d\u00e9j\u00e0 30 jours et que vos d\u00e9p\u00f4ts au cours des 30 derniers jours atteignent au moins 65 000 XAF. Vous pouvez le r\u00e9clamer dans les 7 jours suivant la date de votre anniversaire.<\/td><\/tr><\/tbody><\/table><\/figure>\n\n\n\n<h3 class=\"wp-block-heading\"><span class=\"ez-toc-section\" id=\"Paripesa_bonus_du_jeudi_et_tours_gratuits\"><\/span>Paripesa bonus du jeudi et tours gratuits<span class=\"ez-toc-section-end\"><\/span><\/h3>\n\n\n<div class=\"wp-block-image\">\n<figure class=\"aligncenter size-full is-resized\"><img loading=\"lazy\" decoding=\"async\" width=\"624\" height=\"244\" src=\"https:\/\/paripesa.app\/wp-content\/uploads\/2024\/08\/Picture1.jpg\" alt=\"conditions g\u00e9n\u00e9rales du bonus paripesa\" class=\"wp-image-1479\" style=\"width:840px;height:auto\" srcset=\"https:\/\/paripesa.app\/wp-content\/uploads\/2024\/08\/Picture1.jpg 624w, https:\/\/paripesa.app\/wp-content\/uploads\/2024\/08\/Picture1-300x117.jpg 300w\" sizes=\"auto, (max-width: 624px) 100vw, 624px\" \/><\/figure><\/div>\n\n\n<p>Gr\u00e2ce au \u00ab Jeudi Chanceux \u00bb sur le casino, vous pourrez recevoir jusqu\u2019\u00e0 65 000 XAF et 100 tours gratuits. Faites un d\u00e9p\u00f4t de 6 500 XAF minimum un jeudi, et recevez votre cadeau. Pour ce qui est des conditions de bonus Paripesa, il est disponible si vos mises totales au cours des 6 derniers jours sont d&rsquo;au moins 325 000 XAF, et si vous vous \u00eates inscrit(e) il y a pas moins de 30 jours. Le wager est de 35 x, exploitable dans les 48 heures.<\/p>\n\n\n\n<p>Pour le compte de la m\u00eame promotion du jeudi, vous pouvez \u00e9galement recevoir 100 tours gratuits sur la machine \u00e0 sous gratuite Mancala Quest.<\/p>\n\n\n\n<p>Enfin, tous les vendredis, recevez 20 paris gratuits sur Aviator pour chaque d\u00e9p\u00f4t d&rsquo;au moins 6 550 XAF. Les r\u00e8gles du bonus Paripesa sont simples, et vous pouvez effectuer jusqu&rsquo;\u00e0 3 d\u00e9p\u00f4ts ce jour.<\/p>\n\n\n\n<h3 class=\"wp-block-heading\"><span class=\"ez-toc-section\" id=\"Programme_VIP_et_recompenses_de_fidelite\"><\/span>Programme VIP et r\u00e9compenses de fid\u00e9lit\u00e9<span class=\"ez-toc-section-end\"><\/span><\/h3>\n\n\n\n<p>Les joueurs qui d\u00e9posent et jouent fr\u00e9quemment pourront b\u00e9n\u00e9ficier des r\u00e9compenses exclusives.<\/p>\n\n\n\n<p>Le programme VIP comporte 8 niveaux (Cuivre, Bronze, Argent, Or, Rubis, Saphir, Diamant, Statut VIP). Il vous octroie un montant de cashback du niveau 1 au niveau 7 en fonction de votre activit\u00e9 de jeu.<\/p>\n\n\n\n<p>Vous pourrez \u00e9galement recevoir 100 tours gratuits et 40 % de bonus jusqu\u2019\u00e0 71 500 XAF sur votre huiti\u00e8me d\u00e9p\u00f4t. Pour ce faire, cr\u00e9ez un compte, saisissez toutes les informations personnelles. Pr\u00e9cisons que pour jouir de cette r\u00e9compense VIP votre compte doit \u00eatre confirm\u00e9.<\/p>\n\n\n\n<div class=\"wp-block-buttons is-content-justification-center is-layout-flex wp-container-core-buttons-is-layout-16018d1d wp-block-buttons-is-layout-flex\">\n<div class=\"wp-block-button\"><a class=\"wp-block-button__link wp-element-button\" href=\"https:\/\/combodef.com\/L?tag=d_4824720m_147506c_&#038;site=4824720&#038;ad=147506\">WELCOME BONUS<\/a><\/div>\n<\/div>\n\n\n\n<h2 class=\"wp-block-heading\"><span class=\"ez-toc-section\" id=\"Comment_utiliser_le_bonus_Paripesa_et_le_reclamer_sur_lapplication\"><\/span>Comment utiliser le bonus Paripesa et le r\u00e9clamer sur l\u2019application ?<span class=\"ez-toc-section-end\"><\/span><\/h2>\n\n\n<div class=\"wp-block-image\">\n<figure class=\"aligncenter size-full\"><img loading=\"lazy\" decoding=\"async\" width=\"600\" height=\"598\" src=\"https:\/\/paripesa.app\/wp-content\/uploads\/2025\/02\/6-1.jpg\" alt=\"bonus du samedi paripesa\" class=\"wp-image-3592\" srcset=\"https:\/\/paripesa.app\/wp-content\/uploads\/2025\/02\/6-1.jpg 600w, https:\/\/paripesa.app\/wp-content\/uploads\/2025\/02\/6-1-300x300.jpg 300w, https:\/\/paripesa.app\/wp-content\/uploads\/2025\/02\/6-1-150x150.jpg 150w\" sizes=\"auto, (max-width: 600px) 100vw, 600px\" \/><\/figure><\/div>\n\n\n<p>T\u00e9l\u00e9chargez simplement l\u2019application, ouvrez un compte, effectuez un d\u00e9p\u00f4t minimal et activez le bonus. Avant de chercher \u00e0 savoir comment utiliser le bonus Paripesa, pensez \u00e0 v\u00e9rifier votre identit\u00e9 au pr\u00e9alable.<\/p>\n\n\n\n<h2 class=\"wp-block-heading\"><span class=\"ez-toc-section\" id=\"Conseils_pour_maximiser_votre_Paripesa_bonus\"><\/span>Conseils pour maximiser votre Paripesa bonus<span class=\"ez-toc-section-end\"><\/span><\/h2>\n\n\n\n<p>Pour mettre toutes les chances de votre c\u00f4t\u00e9 en exploitant un bonus, ciblez les slots \u00e0 faible variance comme Juicy Fruits, profitez de toutes les autres promos et remises, participez aux tournois.<\/p>\n\n\n\n<h2 class=\"wp-block-heading\"><span class=\"ez-toc-section\" id=\"Conditions_generales_du_bonus_Paripesa_ce_quil_faut_savoir\"><\/span>Conditions g\u00e9n\u00e9rales du bonus Paripesa : ce qu\u2019il faut savoir !<span class=\"ez-toc-section-end\"><\/span><\/h2>\n\n\n<div class=\"wp-block-image\">\n<figure class=\"aligncenter size-full\"><img loading=\"lazy\" decoding=\"async\" width=\"600\" height=\"400\" src=\"https:\/\/paripesa.app\/wp-content\/uploads\/2025\/02\/15.jpg\" alt=\"bonus de bienvenue paripesa\" class=\"wp-image-3612\" srcset=\"https:\/\/paripesa.app\/wp-content\/uploads\/2025\/02\/15.jpg 600w, https:\/\/paripesa.app\/wp-content\/uploads\/2025\/02\/15-300x200.jpg 300w\" sizes=\"auto, (max-width: 600px) 100vw, 600px\" \/><\/figure><\/div>\n\n\n<p>Les bonus sont r\u00e9clamables dans un d\u00e9lai de 7 jours et vous disposez de 30 jours au plus pour remplir les exigences de mise de 35 fois, sauf pour les gains issus des free spins.<\/p>\n\n\n\n<p><em>En conclusion, jouer via l\u2019application vous permet de profiter de toutes les promotions du casino et bookmaker africain. Que vous soyez sous iOS ou Android, il suffit de t\u00e9l\u00e9charger l\u2019appli via le site officiel Paripesa pour acc\u00e9der \u00e0 ses services.<\/em><\/p>\n\n\n\n<h2 class=\"wp-block-heading\"><span class=\"ez-toc-section\" id=\"FAQ\"><\/span>FAQ<span class=\"ez-toc-section-end\"><\/span><\/h2>\n\n\n\n<h3 class=\"wp-block-heading\"><span class=\"ez-toc-section\" id=\"Un_Paripesa_promo_code_est-il_necessaire_pour_reclamer_un_bonus\"><\/span>Un Paripesa promo code est-il n\u00e9cessaire pour r\u00e9clamer un bonus ?<span class=\"ez-toc-section-end\"><\/span><\/h3>\n\n\n\n<p>Dans la plupart des cas, vous n\u2019aurez pas besoin d\u2019un Paripesa promo code pour r\u00e9clamer une offre. Toutefois, un magasin de codes est disponible pour acqu\u00e9rir votre bonus du samedi Paripesa ou toute autre r\u00e9compense contre de l\u2019argent r\u00e9el.<\/p>\n\n\n\n<h3 class=\"wp-block-heading\"><span class=\"ez-toc-section\" id=\"Comment_beneficier_du_bonus_de_bienvenue\"><\/span>Comment b\u00e9n\u00e9ficier du bonus de bienvenue ?<span class=\"ez-toc-section-end\"><\/span><\/h3>\n\n\n\n<p>Pour obtenir l\u2019offre de bienvenue, t\u00e9l\u00e9chargez l\u2019appli, inscrivez-vous et effectuez le d\u00e9p\u00f4t minimum. N\u2019h\u00e9sitez pas \u00e0 consulter les r\u00e8gles du bonus Paripesa avant d\u2019en profiter.<\/p>\n\n\n\n<h3 class=\"wp-block-heading\"><span class=\"ez-toc-section\" id=\"Des_tournois_sont-ils_disponibles_sur_Paripesa\"><\/span>Des tournois sont-ils disponibles sur Paripesa ?<span class=\"ez-toc-section-end\"><\/span><\/h3>\n\n\n\n<p>La section casino propose diverses comp\u00e9titions avec des cagnottes pouvant aller jusqu\u2019\u00e0 12 000 000 EUR (Spinoleague). Essayez-les !<\/p>\n\n\n\n<p><\/p>\n","protected":false},"excerpt":{"rendered":"<p>Paripesa Bonus Sur Application Paripesa Bonus un site de jeux et de paris sportifs accessible \u00e0 partir d\u2019un navigateur ou via une application t\u00e9l\u00e9chargeable gratuitement sur App Store (iOS) ou Google Play (Android). Vous pourrez booster votre solde de jeu gr\u00e2ce \u00e0 de nombreux bonus disponibles m\u00eame via l\u2019appli mobile de l\u2019op\u00e9rateur. Ces offres promotionnelles [&hellip;]<\/p>\n","protected":false},"author":1,"featured_media":2016,"parent":0,"menu_order":0,"comment_status":"closed","ping_status":"closed","template":"","meta":{"_sitemap_exclude":false,"_sitemap_priority":"","_sitemap_frequency":"","_monsterinsights_skip_tracking":false,"_monsterinsights_sitenote_active":false,"_monsterinsights_sitenote_note":"","_monsterinsights_sitenote_category":0,"footnotes":""},"class_list":["post-3807","page","type-page","status-publish","has-post-thumbnail","hentry"],"acf":[],"yoast_head":"<!-- This site is optimized with the Yoast SEO plugin v27.4 - https:\/\/yoast.com\/product\/yoast-seo-wordpress\/ -->\n<title>Paripesa Bonus du Samedi \u2013 Afrique Francophone 2025<\/title>\n<meta name=\"description\" content=\"Apprenez \u00e0 r\u00e9clamer et utiliser votre Paripesa bonus au S\u00e9n\u00e9gal et en C\u00f4te d\u2019Ivoire. D\u00e9couvrez aussi les conditions g\u00e9n\u00e9rales des promos 2025.\" \/>\n<meta name=\"robots\" content=\"index, follow, max-snippet:-1, max-image-preview:large, max-video-preview:-1\" \/>\n<meta property=\"og:locale\" content=\"fr_FR\" \/>\n<meta property=\"og:type\" content=\"article\" \/>\n<meta property=\"og:url\" content=\"https:\/\/paripesa.app\/fr\/promotions\/\" \/>\n<meta property=\"article:modified_time\" content=\"2025-12-12T12:21:41+00:00\" \/>\n<meta property=\"og:image\" content=\"https:\/\/paripesa.app\/wp-content\/uploads\/2024\/09\/app-1-1600x420-1.jpg\" \/>\n\t<meta property=\"og:image:width\" content=\"1600\" \/>\n\t<meta property=\"og:image:height\" content=\"420\" \/>\n\t<meta property=\"og:image:type\" content=\"image\/jpeg\" \/>\n<meta name=\"twitter:card\" content=\"summary_large_image\" \/>\n<meta name=\"twitter:label1\" content=\"Dur\u00e9e de lecture estim\u00e9e\" \/>\n\t<meta name=\"twitter:data1\" content=\"7 minutes\" \/>\n<!-- \/ Yoast SEO plugin. -->","yoast_head_json":{"title":"Paripesa Bonus du Samedi \u2013 Afrique Francophone 2025","description":"Apprenez \u00e0 r\u00e9clamer et utiliser votre Paripesa bonus au S\u00e9n\u00e9gal et en C\u00f4te d\u2019Ivoire. D\u00e9couvrez aussi les conditions g\u00e9n\u00e9rales des promos 2025.","robots":{"index":"index","follow":"follow","max-snippet":"max-snippet:-1","max-image-preview":"max-image-preview:large","max-video-preview":"max-video-preview:-1"},"og_locale":"fr_FR","og_type":"article","og_url":"https:\/\/paripesa.app\/fr\/promotions\/","article_modified_time":"2025-12-12T12:21:41+00:00","og_image":[{"width":1600,"height":420,"url":"https:\/\/paripesa.app\/wp-content\/uploads\/2024\/09\/app-1-1600x420-1.jpg","type":"image\/jpeg"}],"twitter_card":"summary_large_image","twitter_misc":{"Dur\u00e9e de lecture estim\u00e9e":"7 minutes"},"schema":{"@context":"https:\/\/schema.org","@graph":[{"@type":"WebPage","@id":"https:\/\/paripesa.app\/fr\/promotions\/","url":"https:\/\/paripesa.app\/fr\/promotions\/","name":"Paripesa Bonus du Samedi \u2013 Afrique Francophone 2025","isPartOf":{"@id":"https:\/\/paripesa.app\/#website"},"primaryImageOfPage":{"@id":"https:\/\/paripesa.app\/fr\/promotions\/#primaryimage"},"image":{"@id":"https:\/\/paripesa.app\/fr\/promotions\/#primaryimage"},"thumbnailUrl":"https:\/\/paripesa.app\/wp-content\/uploads\/2024\/09\/app-1-1600x420-1.jpg","datePublished":"2025-04-15T08:45:24+00:00","dateModified":"2025-12-12T12:21:41+00:00","description":"Apprenez \u00e0 r\u00e9clamer et utiliser votre Paripesa bonus au S\u00e9n\u00e9gal et en C\u00f4te d\u2019Ivoire. D\u00e9couvrez aussi les conditions g\u00e9n\u00e9rales des promos 2025.","breadcrumb":{"@id":"https:\/\/paripesa.app\/fr\/promotions\/#breadcrumb"},"inLanguage":"fr-FR","potentialAction":[{"@type":"ReadAction","target":["https:\/\/paripesa.app\/fr\/promotions\/"]}]},{"@type":"ImageObject","inLanguage":"fr-FR","@id":"https:\/\/paripesa.app\/fr\/promotions\/#primaryimage","url":"https:\/\/paripesa.app\/wp-content\/uploads\/2024\/09\/app-1-1600x420-1.jpg","contentUrl":"https:\/\/paripesa.app\/wp-content\/uploads\/2024\/09\/app-1-1600x420-1.jpg","width":1600,"height":420,"caption":"paripesa bonus"},{"@type":"WebSite","@id":"https:\/\/paripesa.app\/#website","url":"https:\/\/paripesa.app\/","name":"paripesa","description":"Paripesa App download","publisher":{"@id":"https:\/\/paripesa.app\/#organization"},"potentialAction":[],"inLanguage":"fr-FR"},{"@type":"Organization","@id":"https:\/\/paripesa.app\/#organization","name":"paripesa","url":"https:\/\/paripesa.app\/","logo":{"@type":"ImageObject","inLanguage":"fr-FR","@id":"https:\/\/paripesa.app\/#\/schema\/logo\/image\/","url":"https:\/\/paripesa.app\/wp-content\/uploads\/2024\/10\/cropped-logo.png","contentUrl":"https:\/\/paripesa.app\/wp-content\/uploads\/2024\/10\/cropped-logo.png","width":281,"height":44,"caption":"paripesa"},"image":{"@id":"https:\/\/paripesa.app\/#\/schema\/logo\/image\/"}}]}},"_links":{"self":[{"href":"https:\/\/paripesa.app\/fr\/wp-json\/wp\/v2\/pages\/3807","targetHints":{"allow":["GET"]}}],"collection":[{"href":"https:\/\/paripesa.app\/fr\/wp-json\/wp\/v2\/pages"}],"about":[{"href":"https:\/\/paripesa.app\/fr\/wp-json\/wp\/v2\/types\/page"}],"author":[{"embeddable":true,"href":"https:\/\/paripesa.app\/fr\/wp-json\/wp\/v2\/users\/1"}],"replies":[{"embeddable":true,"href":"https:\/\/paripesa.app\/fr\/wp-json\/wp\/v2\/comments?post=3807"}],"version-history":[{"count":4,"href":"https:\/\/paripesa.app\/fr\/wp-json\/wp\/v2\/pages\/3807\/revisions"}],"predecessor-version":[{"id":4737,"href":"https:\/\/paripesa.app\/fr\/wp-json\/wp\/v2\/pages\/3807\/revisions\/4737"}],"wp:featuredmedia":[{"embeddable":true,"href":"https:\/\/paripesa.app\/fr\/wp-json\/wp\/v2\/media\/2016"}],"wp:attachment":[{"href":"https:\/\/paripesa.app\/fr\/wp-json\/wp\/v2\/media?parent=3807"}],"curies":[{"name":"wp","href":"https:\/\/api.w.org\/{rel}","templated":true}]}}