{"id":5394,"date":"2025-12-03T16:10:02","date_gmt":"2025-12-03T15:10:02","guid":{"rendered":"https:\/\/paripesa.app\/terms-and-conditions\/"},"modified":"2026-01-13T10:38:50","modified_gmt":"2026-01-13T09:38:50","slug":"kayttoehdot","status":"publish","type":"page","link":"https:\/\/paripesa.app\/fi\/kayttoehdot\/","title":{"rendered":"K\u00e4ytt\u00f6ehdot"},"content":{"rendered":"\n<div class=\"wp-block-group alignfull has-text-color has-background\" style=\"color:#000000;background-color:#ffffff\"><div class=\"wp-block-group__inner-container is-layout-flow wp-block-group-is-layout-flow\">\n<div style=\"height:64px\" aria-hidden=\"true\" class=\"wp-block-spacer\"><\/div>\n\n\n\n<p class=\"has-text-align-center has-small-font-size\" style=\"line-height:.9\"><strong>Yleiset ehdot<\/strong><\/p>\n\n\n\n<h1 class=\"wp-block-heading has-text-align-center\" id=\"schedule-a-visit\" style=\"font-size:59px;line-height:1.15\"><span class=\"ez-toc-section\" id=\"Paripesan_kayttoehdot\"><\/span>Paripesan k\u00e4ytt\u00f6ehdot<span class=\"ez-toc-section-end\"><\/span><\/h1>\n\n\n\n<div class=\"wp-block-buttons is-horizontal is-content-justification-center is-layout-flex wp-container-core-buttons-is-layout-499968f5 wp-block-buttons-is-layout-flex\">\n<div class=\"wp-block-button has-custom-width wp-block-button__width-50\"><a class=\"wp-block-button__link has-text-color has-background wp-element-button\" href=\"https:\/\/combodef.com\/L?tag=d_4824720m_147506c_&#038;site=4824720&#038;ad=147506\" style=\"border-radius:50px;color:#ffffff;background-color:#000000\">Lue lis\u00e4\u00e4<\/a><\/div>\n<\/div>\n\n\n\n<div style=\"height:64px\" aria-hidden=\"true\" class=\"wp-block-spacer\"><\/div>\n<\/div><\/div>\n\n\n<div id=\"ez-toc-container\" class=\"ez-toc-v2_0_82_2 counter-hierarchy ez-toc-counter ez-toc-custom ez-toc-container-direction\">\n<div class=\"ez-toc-title-container\">\n<p class=\"ez-toc-title\" style=\"cursor:inherit\">Table of Contents<\/p>\n<span class=\"ez-toc-title-toggle\"><a href=\"#\" class=\"ez-toc-pull-right ez-toc-btn ez-toc-btn-xs ez-toc-btn-default ez-toc-toggle\" aria-label=\"Toggle Table of Content\"><span class=\"ez-toc-js-icon-con\"><span class=\"\"><span class=\"eztoc-hide\" style=\"display:none;\">Toggle<\/span><span class=\"ez-toc-icon-toggle-span\"><svg style=\"fill: #999;color:#999\" xmlns=\"http:\/\/www.w3.org\/2000\/svg\" class=\"list-377408\" width=\"20px\" height=\"20px\" viewBox=\"0 0 24 24\" fill=\"none\"><path d=\"M6 6H4v2h2V6zm14 0H8v2h12V6zM4 11h2v2H4v-2zm16 0H8v2h12v-2zM4 16h2v2H4v-2zm16 0H8v2h12v-2z\" fill=\"currentColor\"><\/path><\/svg><svg style=\"fill: #999;color:#999\" class=\"arrow-unsorted-368013\" xmlns=\"http:\/\/www.w3.org\/2000\/svg\" width=\"10px\" height=\"10px\" viewBox=\"0 0 24 24\" version=\"1.2\" baseProfile=\"tiny\"><path d=\"M18.2 9.3l-6.2-6.3-6.2 6.3c-.2.2-.3.4-.3.7s.1.5.3.7c.2.2.4.3.7.3h11c.3 0 .5-.1.7-.3.2-.2.3-.5.3-.7s-.1-.5-.3-.7zM5.8 14.7l6.2 6.3 6.2-6.3c.2-.2.3-.5.3-.7s-.1-.5-.3-.7c-.2-.2-.4-.3-.7-.3h-11c-.3 0-.5.1-.7.3-.2.2-.3.5-.3.7s.1.5.3.7z\"\/><\/svg><\/span><\/span><\/span><\/a><\/span><\/div>\n<nav><ul class='ez-toc-list ez-toc-list-level-1 eztoc-toggle-hide-by-default' ><li class='ez-toc-page-1 ez-toc-heading-level-1'><a class=\"ez-toc-link ez-toc-heading-1\" href=\"https:\/\/paripesa.app\/fi\/kayttoehdot\/#Paripesan_kayttoehdot\" >Paripesan k\u00e4ytt\u00f6ehdot<\/a><ul class='ez-toc-list-level-3' ><li class='ez-toc-heading-level-3'><ul class='ez-toc-list-level-3' ><li class='ez-toc-heading-level-3'><a class=\"ez-toc-link ez-toc-heading-2\" href=\"https:\/\/paripesa.app\/fi\/kayttoehdot\/#%F0%9F%93%8B_Yleiskatsaus\" >\ud83d\udccb Yleiskatsaus<\/a><\/li><li class='ez-toc-page-1 ez-toc-heading-level-3'><a class=\"ez-toc-link ez-toc-heading-3\" href=\"https:\/\/paripesa.app\/fi\/kayttoehdot\/#%F0%9F%92%BC_Tilisaannot_ja_varmennus\" >\ud83d\udcbc Tilis\u00e4\u00e4nn\u00f6t ja varmennus<\/a><\/li><li class='ez-toc-page-1 ez-toc-heading-level-3'><a class=\"ez-toc-link ez-toc-heading-4\" href=\"https:\/\/paripesa.app\/fi\/kayttoehdot\/#%F0%9F%92%B8_Voitot_ja_valitukset\" >\ud83d\udcb8 Voitot ja valitukset<\/a><\/li><li class='ez-toc-page-1 ez-toc-heading-level-3'><a class=\"ez-toc-link ez-toc-heading-5\" href=\"https:\/\/paripesa.app\/fi\/kayttoehdot\/#%F0%9F%8C%8D_Alueellinen_paasy_ja_oikeudellinen_vastuu_Suomi\" >\ud83c\udf0d Alueellinen p\u00e4\u00e4sy ja oikeudellinen vastuu (Suomi)<\/a><\/li><\/ul><\/li><li class='ez-toc-page-1 ez-toc-heading-level-2'><a class=\"ez-toc-link ez-toc-heading-6\" href=\"https:\/\/paripesa.app\/fi\/kayttoehdot\/#UKK_%E2%80%93_Paripesan_kayttoehdot\" >UKK \u2013 Paripesan k\u00e4ytt\u00f6ehdot<\/a><ul class='ez-toc-list-level-3' ><li class='ez-toc-heading-level-3'><a class=\"ez-toc-link ez-toc-heading-7\" href=\"https:\/\/paripesa.app\/fi\/kayttoehdot\/#1_Mita_Paripesan_kayttoehdot_ovat\" >1. Mit\u00e4 Paripesan k\u00e4ytt\u00f6ehdot ovat?<\/a><\/li><li class='ez-toc-page-1 ez-toc-heading-level-3'><a class=\"ez-toc-link ez-toc-heading-8\" href=\"https:\/\/paripesa.app\/fi\/kayttoehdot\/#2_Miksi_minun_taytyy_hyvaksya_kayttoehdot\" >2. Miksi minun t\u00e4ytyy hyv\u00e4ksy\u00e4 k\u00e4ytt\u00f6ehdot?<\/a><\/li><li class='ez-toc-page-1 ez-toc-heading-level-3'><a class=\"ez-toc-link ez-toc-heading-9\" href=\"https:\/\/paripesa.app\/fi\/kayttoehdot\/#3_Ovatko_kayttoehdot_erilaiset_eri_maissa\" >3. Ovatko k\u00e4ytt\u00f6ehdot erilaiset eri maissa?<\/a><\/li><li class='ez-toc-page-1 ez-toc-heading-level-3'><a class=\"ez-toc-link ez-toc-heading-10\" href=\"https:\/\/paripesa.app\/fi\/kayttoehdot\/#4_Mista_loydan_uusimman_version_kayttoehdoista\" >4. Mist\u00e4 l\u00f6yd\u00e4n uusimman version k\u00e4ytt\u00f6ehdoista?<\/a><\/li><li class='ez-toc-page-1 ez-toc-heading-level-3'><a class=\"ez-toc-link ez-toc-heading-11\" href=\"https:\/\/paripesa.app\/fi\/kayttoehdot\/#5_Mita_tapahtuu_jos_rikon_kayttoehtoja\" >5. Mit\u00e4 tapahtuu, jos rikon k\u00e4ytt\u00f6ehtoja?<\/a><\/li><li class='ez-toc-page-1 ez-toc-heading-level-3'><a class=\"ez-toc-link ez-toc-heading-12\" href=\"https:\/\/paripesa.app\/fi\/kayttoehdot\/#6_Voiko_Paripesa_paivittaa_kayttoehtoja\" >6. Voiko Paripesa p\u00e4ivitt\u00e4\u00e4 k\u00e4ytt\u00f6ehtoja?<\/a><\/li><li class='ez-toc-page-1 ez-toc-heading-level-3'><a class=\"ez-toc-link ez-toc-heading-13\" href=\"https:\/\/paripesa.app\/fi\/kayttoehdot\/#7_Mita_teen_jos_en_hyvaksy_paivitettyja_kayttoehtoja\" >7. Mit\u00e4 teen, jos en hyv\u00e4ksy p\u00e4ivitettyj\u00e4 k\u00e4ytt\u00f6ehtoja?<\/a><\/li><li class='ez-toc-page-1 ez-toc-heading-level-3'><a class=\"ez-toc-link ez-toc-heading-14\" href=\"https:\/\/paripesa.app\/fi\/kayttoehdot\/#8_Onko_kayttoehdoissa_ikarajoituksia\" >8. Onko k\u00e4ytt\u00f6ehdoissa ik\u00e4rajoituksia?<\/a><\/li><li class='ez-toc-page-1 ez-toc-heading-level-3'><a class=\"ez-toc-link ez-toc-heading-15\" href=\"https:\/\/paripesa.app\/fi\/kayttoehdot\/#9_Selittavatko_kayttoehdot_bonukset_ja_kierratysvaatimukset\" >9. Selitt\u00e4v\u00e4tk\u00f6 k\u00e4ytt\u00f6ehdot bonukset ja kierr\u00e4tysvaatimukset?<\/a><\/li><li class='ez-toc-page-1 ez-toc-heading-level-3'><a class=\"ez-toc-link ez-toc-heading-16\" href=\"https:\/\/paripesa.app\/fi\/kayttoehdot\/#10_Kehen_otan_yhteytta_jos_minulla_on_kysyttavaa_kayttoehdoista\" >10. Kehen otan yhteytt\u00e4, jos minulla on kysytt\u00e4v\u00e4\u00e4 k\u00e4ytt\u00f6ehdoista?<\/a><\/li><\/ul><\/li><\/ul><\/li><\/ul><\/nav><\/div>\n\n\n\n\n<h3 class=\"wp-block-heading\"><span class=\"ez-toc-section\" id=\"%F0%9F%93%8B_Yleiskatsaus\"><\/span>\ud83d\udccb Yleiskatsaus<span class=\"ez-toc-section-end\"><\/span><\/h3>\n\n\n\n<p><a href=\"https:\/\/paripesa.app\/fi\/\">Paripesa<\/a> tarjoaa laajan valikoiman vaihtoehtoja urheiluvedonly\u00f6ntiin ja erilaisiin maailmanlaajuisiin tapahtumiin. Alustan k\u00e4ytt\u00f6 edellytt\u00e4\u00e4, ett\u00e4 k\u00e4ytt\u00e4j\u00e4 on <strong>v\u00e4hint\u00e4\u00e4n 18-vuotias<\/strong> tai t\u00e4ytt\u00e4\u00e4 oman maansa t\u00e4ysi-ik\u00e4isyysvaatimuksen. Tietyt henkil\u00f6t \u2014 kuten urheilijat, valmentajat, tuomarit ja muut tapahtumiin suoraan osallistuvat \u2014 ovat <strong>tiukasti kiellettyj\u00e4 ly\u00f6m\u00e4st\u00e4 vetoa<\/strong> reiluuden varmistamiseksi.<\/p>\n\n\n\n<p>Yhti\u00f6ll\u00e4 on oikeus <strong>hyl\u00e4t\u00e4 mik\u00e4 tahansa veto<\/strong>, erityisesti jos ep\u00e4ill\u00e4\u00e4n s\u00e4\u00e4nt\u00f6rikkomuksia tai sopimatonta toimintaa. Vedot voidaan peruuttaa tai mit\u00e4t\u00f6id\u00e4, jos ne on asetettu ep\u00e4ilytt\u00e4viss\u00e4 olosuhteissa, mukaan lukien sis\u00e4piiritiedon k\u00e4ytt\u00f6 tai vilpillinen toiminta.<\/p>\n\n\n\n<div class=\"wp-block-buttons is-content-justification-center is-layout-flex wp-container-core-buttons-is-layout-16018d1d wp-block-buttons-is-layout-flex\">\n<div class=\"wp-block-button\"><a class=\"wp-block-button__link wp-element-button\" href=\"https:\/\/combodef.com\/L?tag=d_4824720m_147506c_&#038;site=4824720&#038;ad=147506\">LUE LIS\u00c4\u00c4<\/a><\/div>\n<\/div>\n\n\n\n<hr class=\"wp-block-separator has-alpha-channel-opacity\"\/>\n\n\n\n<h3 class=\"wp-block-heading\"><span class=\"ez-toc-section\" id=\"%F0%9F%92%BC_Tilisaannot_ja_varmennus\"><\/span>\ud83d\udcbc Tilis\u00e4\u00e4nn\u00f6t ja varmennus<span class=\"ez-toc-section-end\"><\/span><\/h3>\n\n\n\n<p>Jokaisella k\u00e4ytt\u00e4j\u00e4ll\u00e4 saa olla vain <strong>yksi tili<\/strong>, ja se on rekister\u00f6it\u00e4v\u00e4 oikeilla henkil\u00f6tiedoilla. Useiden tilien luominen, v\u00e4\u00e4rien asiakirjojen k\u00e4ytt\u00e4minen tai tilien tekeminen muiden puolesta ei ole sallittua. Paripesa voi vaatia <strong>henkil\u00f6llisyyden vahvistamista<\/strong>, mukaan lukien videopuhelut tai asiakirjojen toimittaminen, erityisesti ep\u00e4ilytt\u00e4v\u00e4n toiminnan yhteydess\u00e4.<\/p>\n\n\n\n<p>Jos tili on <strong>passiivinen yli 3 kuukautta<\/strong>, se voidaan automaattisesti est\u00e4\u00e4. Uudelleenaktivointi edellytt\u00e4\u00e4 yhteydenottoa alustan turvallisuustiimiin. Alusta voi my\u00f6s pyyt\u00e4\u00e4 henkil\u00f6llisyyden vahvistamista ennen muutosten sallimista, kuten valuutan vaihtamista.<\/p>\n\n\n\n<hr class=\"wp-block-separator has-alpha-channel-opacity\"\/>\n\n\n\n<h3 class=\"wp-block-heading\"><span class=\"ez-toc-section\" id=\"%F0%9F%92%B8_Voitot_ja_valitukset\"><\/span>\ud83d\udcb8 Voitot ja valitukset<span class=\"ez-toc-section-end\"><\/span><\/h3>\n\n\n\n<p>Vedot ratkaistaan virallisten ottelutulosten ja varmennettujen tietojen perusteella. Voitot ovat yleens\u00e4 nostettavissa <strong>60 p\u00e4iv\u00e4n<\/strong> kuluessa. Jos k\u00e4ytt\u00e4j\u00e4ll\u00e4 on huolia tuloksesta tai maksusta, h\u00e4nen tulee tehd\u00e4 perusteltu valitus <strong>10 p\u00e4iv\u00e4n<\/strong> kuluessa tai <strong>72 tunnin<\/strong> kuluessa tietyiss\u00e4 peleiss\u00e4, kuten Cyber-Live.<\/p>\n\n\n\n<p>Paripesa mahdollistaa riitojen ratkaisun esik\u00e4sittely-\/sovittelumenettelyn kautta. Jos oikeudenmukaista ratkaisua ei saavuteta, asia voidaan vied\u00e4 oikeudelliseen k\u00e4sittelyyn yhti\u00f6n rekister\u00f6idyn toimipaikan toimivallan mukaisesti.<\/p>\n\n\n\n<hr class=\"wp-block-separator has-alpha-channel-opacity\"\/>\n\n\n\n<h3 class=\"wp-block-heading\"><span class=\"ez-toc-section\" id=\"%F0%9F%8C%8D_Alueellinen_paasy_ja_oikeudellinen_vastuu_Suomi\"><\/span>\ud83c\udf0d Alueellinen p\u00e4\u00e4sy ja oikeudellinen vastuu (Suomi)<span class=\"ez-toc-section-end\"><\/span><\/h3>\n\n\n\n<p>Ennen rekister\u00f6itymist\u00e4 k\u00e4ytt\u00e4j\u00e4n odotetaan varmistavan, ett\u00e4 nettipelaaminen ja vedonly\u00f6nti on <strong>sallittua Suomen lains\u00e4\u00e4d\u00e4nn\u00f6n<\/strong> ja soveltuvien paikallisten s\u00e4\u00e4nt\u00f6jen mukaan. Paripesa rajoittaa p\u00e4\u00e4sy\u00e4 useista laink\u00e4ytt\u00f6alueista, mukaan lukien USA, Iso-Britannia, Ranska, Espanja, Saksa ja muut. Asiakkaan vastuulla on pysy\u00e4 ajan tasalla paikallisista laeista ja s\u00e4\u00e4ntelyst\u00e4.<\/p>\n\n\n\n<p>Jos asiakkaan todetaan rikkovan n\u00e4it\u00e4 rajoituksia, Paripesa voi:<\/p>\n\n\n\n<ul class=\"wp-block-list\">\n<li>Peruuttaa kaikki aktiiviset vedot<\/li>\n\n\n\n<li>Sulkea tilin ja palauttaa talletukset (pois lukien vilpillisesti saadut voitot)<\/li>\n<\/ul>\n\n\n\n<hr class=\"wp-block-separator has-alpha-channel-opacity\"\/>\n\n\n\n<h2 class=\"wp-block-heading\"><span class=\"ez-toc-section\" id=\"UKK_%E2%80%93_Paripesan_kayttoehdot\"><\/span><strong>UKK \u2013 Paripesan k\u00e4ytt\u00f6ehdot<\/strong><span class=\"ez-toc-section-end\"><\/span><\/h2>\n\n\n\n<h3 class=\"wp-block-heading\"><span class=\"ez-toc-section\" id=\"1_Mita_Paripesan_kayttoehdot_ovat\"><\/span><strong>1. Mit\u00e4 Paripesan k\u00e4ytt\u00f6ehdot ovat?<\/strong><span class=\"ez-toc-section-end\"><\/span><\/h3>\n\n\n\n<p>Ne ovat s\u00e4\u00e4nn\u00f6t, jotka m\u00e4\u00e4rittelev\u00e4t, miten voit k\u00e4ytt\u00e4\u00e4 alustaa, ly\u00f6d\u00e4 vetoa, tallettaa tai nostaa varoja sek\u00e4 k\u00e4ytt\u00e4\u00e4 kasino- tai urheilupalveluita.<\/p>\n\n\n\n<h3 class=\"wp-block-heading\"><span class=\"ez-toc-section\" id=\"2_Miksi_minun_taytyy_hyvaksya_kayttoehdot\"><\/span><strong>2. Miksi minun t\u00e4ytyy hyv\u00e4ksy\u00e4 k\u00e4ytt\u00f6ehdot?<\/strong><span class=\"ez-toc-section-end\"><\/span><\/h3>\n\n\n\n<p>Sinun on hyv\u00e4ksytt\u00e4v\u00e4 ne, jotta voit k\u00e4ytt\u00e4\u00e4 palvelua laillisesti ja turvallisesti. Hyv\u00e4ksyminen vahvistaa, ett\u00e4 ymm\u00e4rr\u00e4t oikeutesi, vastuusi ja alustan k\u00e4yt\u00e4nn\u00f6t.<\/p>\n\n\n\n<h3 class=\"wp-block-heading\"><span class=\"ez-toc-section\" id=\"3_Ovatko_kayttoehdot_erilaiset_eri_maissa\"><\/span><strong>3. Ovatko k\u00e4ytt\u00f6ehdot erilaiset eri maissa?<\/strong><span class=\"ez-toc-section-end\"><\/span><\/h3>\n\n\n\n<p>Osa s\u00e4\u00e4nn\u00f6ist\u00e4 voi vaihdella alueellisten vedonly\u00f6ntilakien mukaan. Tarkista aina versio, joka koskee omaa maatasi (esim. Suomea).<\/p>\n\n\n\n<h3 class=\"wp-block-heading\"><span class=\"ez-toc-section\" id=\"4_Mista_loydan_uusimman_version_kayttoehdoista\"><\/span><strong>4. Mist\u00e4 l\u00f6yd\u00e4n uusimman version k\u00e4ytt\u00f6ehdoista?<\/strong><span class=\"ez-toc-section-end\"><\/span><\/h3>\n\n\n\n<p>Ajantasaisin versio on aina saatavilla verkkosivustolla tai mobiilisovelluksessa kohdassa \u201cLakiasiat\u201d tai \u201cK\u00e4ytt\u00f6ehdot\u201d.<\/p>\n\n\n\n<h3 class=\"wp-block-heading\"><span class=\"ez-toc-section\" id=\"5_Mita_tapahtuu_jos_rikon_kayttoehtoja\"><\/span><strong>5. Mit\u00e4 tapahtuu, jos rikon k\u00e4ytt\u00f6ehtoja?<\/strong><span class=\"ez-toc-section-end\"><\/span><\/h3>\n\n\n\n<p>Tili\u00e4si voidaan rajoittaa, keskeytt\u00e4\u00e4 tai sulkea pysyv\u00e4sti. Vakavissa tapauksissa voittoja voidaan pid\u00e4tt\u00e4\u00e4 s\u00e4\u00e4nt\u00f6jen mukaisesti.<\/p>\n\n\n\n<h3 class=\"wp-block-heading\"><span class=\"ez-toc-section\" id=\"6_Voiko_Paripesa_paivittaa_kayttoehtoja\"><\/span><strong>6. Voiko Paripesa p\u00e4ivitt\u00e4\u00e4 k\u00e4ytt\u00f6ehtoja?<\/strong><span class=\"ez-toc-section-end\"><\/span><\/h3>\n\n\n\n<p>Kyll\u00e4. Alusta voi p\u00e4ivitt\u00e4\u00e4 s\u00e4\u00e4nt\u00f6j\u00e4 milloin tahansa. K\u00e4ytt\u00e4jille ilmoitetaan, kun merkitt\u00e4vi\u00e4 muutoksia tehd\u00e4\u00e4n.<\/p>\n\n\n\n<h3 class=\"wp-block-heading\"><span class=\"ez-toc-section\" id=\"7_Mita_teen_jos_en_hyvaksy_paivitettyja_kayttoehtoja\"><\/span><strong>7. Mit\u00e4 teen, jos en hyv\u00e4ksy p\u00e4ivitettyj\u00e4 k\u00e4ytt\u00f6ehtoja?<\/strong><span class=\"ez-toc-section-end\"><\/span><\/h3>\n\n\n\n<p>Jos et hyv\u00e4ksy ehtoja, sinun tulee lopettaa alustan k\u00e4ytt\u00f6 ja pyyt\u00e4\u00e4 tilin sulkemista asiakastuen kautta.<\/p>\n\n\n\n<h3 class=\"wp-block-heading\"><span class=\"ez-toc-section\" id=\"8_Onko_kayttoehdoissa_ikarajoituksia\"><\/span><strong>8. Onko k\u00e4ytt\u00f6ehdoissa ik\u00e4rajoituksia?<\/strong><span class=\"ez-toc-section-end\"><\/span><\/h3>\n\n\n\n<p>Kyll\u00e4. Sinun on oltava v\u00e4hint\u00e4\u00e4n <strong>18-vuotias<\/strong> (tai alueesi laillinen pelaamisik\u00e4) k\u00e4ytt\u00e4\u00e4ksesi palveluita.<\/p>\n\n\n\n<h3 class=\"wp-block-heading\"><span class=\"ez-toc-section\" id=\"9_Selittavatko_kayttoehdot_bonukset_ja_kierratysvaatimukset\"><\/span><strong>9. Selitt\u00e4v\u00e4tk\u00f6 k\u00e4ytt\u00f6ehdot bonukset ja kierr\u00e4tysvaatimukset?<\/strong><span class=\"ez-toc-section-end\"><\/span><\/h3>\n\n\n\n<p>Kyll\u00e4. Bonusvaatimukset, kierr\u00e4tyss\u00e4\u00e4nn\u00f6t ja kampanjoiden rajoitukset sis\u00e4ltyv\u00e4t k\u00e4ytt\u00f6ehtoihin.<\/p>\n\n\n\n<h3 class=\"wp-block-heading\"><span class=\"ez-toc-section\" id=\"10_Kehen_otan_yhteytta_jos_minulla_on_kysyttavaa_kayttoehdoista\"><\/span><strong>10. Kehen otan yhteytt\u00e4, jos minulla on kysytt\u00e4v\u00e4\u00e4 k\u00e4ytt\u00f6ehdoista?<\/strong><span class=\"ez-toc-section-end\"><\/span><\/h3>\n\n\n\n<p>Voit ottaa yhteytt\u00e4 asiakastukeen live-chatin, s\u00e4hk\u00f6postin tai ohjekeskuksen kautta saadaksesi lis\u00e4tietoja tai tarkennuksia.<\/p>\n\n","protected":false},"excerpt":{"rendered":"<p>Yleiset ehdot Paripesan k\u00e4ytt\u00f6ehdot \ud83d\udccb Yleiskatsaus Paripesa tarjoaa laajan valikoiman vaihtoehtoja urheiluvedonly\u00f6ntiin ja erilaisiin maailmanlaajuisiin tapahtumiin. Alustan k\u00e4ytt\u00f6 edellytt\u00e4\u00e4, ett\u00e4 k\u00e4ytt\u00e4j\u00e4 on v\u00e4hint\u00e4\u00e4n 18-vuotias tai t\u00e4ytt\u00e4\u00e4 oman maansa t\u00e4ysi-ik\u00e4isyysvaatimuksen. Tietyt henkil\u00f6t \u2014 kuten urheilijat, valmentajat, tuomarit ja muut tapahtumiin suoraan osallistuvat \u2014 ovat tiukasti kiellettyj\u00e4 ly\u00f6m\u00e4st\u00e4 vetoa reiluuden varmistamiseksi. Yhti\u00f6ll\u00e4 on oikeus hyl\u00e4t\u00e4 mik\u00e4 tahansa [&hellip;]<\/p>\n","protected":false},"author":1,"featured_media":0,"parent":0,"menu_order":0,"comment_status":"closed","ping_status":"closed","template":"","meta":{"_sitemap_exclude":false,"_sitemap_priority":"","_sitemap_frequency":"","_monsterinsights_skip_tracking":false,"_monsterinsights_sitenote_active":false,"_monsterinsights_sitenote_note":"","_monsterinsights_sitenote_category":0,"footnotes":""},"class_list":["post-5394","page","type-page","status-publish","hentry"],"acf":[],"yoast_head":"<!-- This site is optimized with the Yoast SEO plugin v27.4 - https:\/\/yoast.com\/product\/yoast-seo-wordpress\/ -->\n<title>Paripesa \u2013 K\u00e4ytt\u00f6ehdot | S\u00e4\u00e4nn\u00f6t, tilit, maksut ja vastuut<\/title>\n<meta name=\"description\" content=\"Tutustu Paripesan k\u00e4ytt\u00f6ehtoihin: tilin k\u00e4ytt\u00f6, vedonly\u00f6ntis\u00e4\u00e4nn\u00f6t, maksut, bonukset, vastuullinen pelaaminen ja k\u00e4ytt\u00e4j\u00e4n velvollisuudet Suomessa.\" \/>\n<meta name=\"robots\" content=\"index, follow, max-snippet:-1, max-image-preview:large, max-video-preview:-1\" \/>\n<meta property=\"og:locale\" content=\"fi_FI\" \/>\n<meta property=\"og:type\" content=\"article\" \/>\n<meta property=\"og:url\" content=\"https:\/\/paripesa.app\/fi\/kayttoehdot\/\" \/>\n<meta property=\"article:modified_time\" content=\"2026-01-13T09:38:50+00:00\" \/>\n<meta name=\"twitter:card\" content=\"summary_large_image\" \/>\n<meta name=\"twitter:label1\" content=\"Arvioitu lukuaika\" \/>\n\t<meta name=\"twitter:data1\" content=\"3 minuuttia\" \/>\n<!-- \/ Yoast SEO plugin. -->","yoast_head_json":{"title":"Paripesa \u2013 K\u00e4ytt\u00f6ehdot | S\u00e4\u00e4nn\u00f6t, tilit, maksut ja vastuut","description":"Tutustu Paripesan k\u00e4ytt\u00f6ehtoihin: tilin k\u00e4ytt\u00f6, vedonly\u00f6ntis\u00e4\u00e4nn\u00f6t, maksut, bonukset, vastuullinen pelaaminen ja k\u00e4ytt\u00e4j\u00e4n velvollisuudet Suomessa.","robots":{"index":"index","follow":"follow","max-snippet":"max-snippet:-1","max-image-preview":"max-image-preview:large","max-video-preview":"max-video-preview:-1"},"og_locale":"fi_FI","og_type":"article","og_url":"https:\/\/paripesa.app\/fi\/kayttoehdot\/","article_modified_time":"2026-01-13T09:38:50+00:00","twitter_card":"summary_large_image","twitter_misc":{"Arvioitu lukuaika":"3 minuuttia"},"schema":{"@context":"https:\/\/schema.org","@graph":[{"@type":"WebPage","@id":"https:\/\/paripesa.app\/fi\/kayttoehdot\/","url":"https:\/\/paripesa.app\/fi\/kayttoehdot\/","name":"Paripesa \u2013 K\u00e4ytt\u00f6ehdot | S\u00e4\u00e4nn\u00f6t, tilit, maksut ja vastuut","isPartOf":{"@id":"https:\/\/paripesa.app\/#website"},"datePublished":"2025-12-03T15:10:02+00:00","dateModified":"2026-01-13T09:38:50+00:00","description":"Tutustu Paripesan k\u00e4ytt\u00f6ehtoihin: tilin k\u00e4ytt\u00f6, vedonly\u00f6ntis\u00e4\u00e4nn\u00f6t, maksut, bonukset, vastuullinen pelaaminen ja k\u00e4ytt\u00e4j\u00e4n velvollisuudet Suomessa.","breadcrumb":{"@id":"https:\/\/paripesa.app\/fi\/kayttoehdot\/#breadcrumb"},"inLanguage":"fi","potentialAction":[{"@type":"ReadAction","target":["https:\/\/paripesa.app\/fi\/kayttoehdot\/"]}]},{"@type":"WebSite","@id":"https:\/\/paripesa.app\/#website","url":"https:\/\/paripesa.app\/","name":"paripesa","description":"Paripesa App download","publisher":{"@id":"https:\/\/paripesa.app\/#organization"},"potentialAction":[],"inLanguage":"fi"},{"@type":"Organization","@id":"https:\/\/paripesa.app\/#organization","name":"paripesa","url":"https:\/\/paripesa.app\/","logo":{"@type":"ImageObject","inLanguage":"fi","@id":"https:\/\/paripesa.app\/#\/schema\/logo\/image\/","url":"https:\/\/paripesa.app\/wp-content\/uploads\/2024\/10\/cropped-logo.png","contentUrl":"https:\/\/paripesa.app\/wp-content\/uploads\/2024\/10\/cropped-logo.png","width":281,"height":44,"caption":"paripesa"},"image":{"@id":"https:\/\/paripesa.app\/#\/schema\/logo\/image\/"}}]}},"_links":{"self":[{"href":"https:\/\/paripesa.app\/fi\/wp-json\/wp\/v2\/pages\/5394","targetHints":{"allow":["GET"]}}],"collection":[{"href":"https:\/\/paripesa.app\/fi\/wp-json\/wp\/v2\/pages"}],"about":[{"href":"https:\/\/paripesa.app\/fi\/wp-json\/wp\/v2\/types\/page"}],"author":[{"embeddable":true,"href":"https:\/\/paripesa.app\/fi\/wp-json\/wp\/v2\/users\/1"}],"replies":[{"embeddable":true,"href":"https:\/\/paripesa.app\/fi\/wp-json\/wp\/v2\/comments?post=5394"}],"version-history":[{"count":6,"href":"https:\/\/paripesa.app\/fi\/wp-json\/wp\/v2\/pages\/5394\/revisions"}],"predecessor-version":[{"id":5693,"href":"https:\/\/paripesa.app\/fi\/wp-json\/wp\/v2\/pages\/5394\/revisions\/5693"}],"wp:attachment":[{"href":"https:\/\/paripesa.app\/fi\/wp-json\/wp\/v2\/media?parent=5394"}],"curies":[{"name":"wp","href":"https:\/\/api.w.org\/{rel}","templated":true}]}}