{"id":5359,"date":"2025-12-03T17:19:16","date_gmt":"2025-12-03T16:19:16","guid":{"rendered":"https:\/\/paripesa.app\/affiliate-program\/"},"modified":"2026-01-01T10:58:14","modified_gmt":"2026-01-01T09:58:14","slug":"kumppanuusohjelma","status":"publish","type":"page","link":"https:\/\/paripesa.app\/fi\/kumppanuusohjelma\/","title":{"rendered":"Paripesa-kumppanuusohjelma"},"content":{"rendered":"\n<h1 class=\"wp-block-heading\">\ud83d\udcbc<a href=\"Paripesa-kumppanuusohjelma: Liity mukaan ja ansaitse Paripesa Partnersin kanssa\">Paripesa-kumppanuusohjelma: Liity mukaan ja ansaitse Paripesa Partnersin kanssa<\/a><\/h1>\n\n\n\n<p>Paripesa-kumppanuusohjelma on erinomainen mahdollisuus ansaita passiivista tuloa suosittelemalla luotettavaa verkkobr\u00e4ndi\u00e4. Olitpa sitten bloggaaja, vaikuttaja tai digitaalisen markkinoinnin ammattilainen, ohjelma tarjoaa joustavat komissiomallit, reaaliaikaisen seurannan sek\u00e4 valmiit markkinointimateriaalit, joiden avulla yleis\u00f6si kasvattaminen ja tulojen lis\u00e4\u00e4minen on entist\u00e4 helpompaa.<\/p>\n\n\n\n<div class=\"wp-block-buttons is-content-justification-center is-layout-flex wp-container-core-buttons-is-layout-16018d1d wp-block-buttons-is-layout-flex\">\n<div class=\"wp-block-button\"><a class=\"wp-block-button__link wp-element-button\" href=\"https:\/\/combodef.com\/L?tag=d_4824720m_147506c_&#038;site=4824720&#038;ad=147506\">Liity nyt<\/a><\/div>\n<\/div>\n\n\n\n<p>Paripesa Partners tarjoaa kaiken tarvittavan onnistumiseen \u2013 kattavat Paripesa Global -analytiikat, henkil\u00f6kohtaisen tuen ja nopeat maksut. Rekister\u00f6itymisen j\u00e4lkeen saat oman kumppanilinkin, jonka voit jakaa kaikissa kanavissasi. Kun k\u00e4ytt\u00e4j\u00e4t rekister\u00f6ityv\u00e4t linkkisi kautta, ansaitset komissioita heid\u00e4n aktiivisuutensa perusteella. Suoritusperusteiset palkkiot ja useat maksutavat tekev\u00e4t t\u00e4st\u00e4 fiksun tavan muuttaa n\u00e4kyvyytesi tuloiksi.<\/p>\n","protected":false},"excerpt":{"rendered":"<p>\ud83d\udcbcParipesa-kumppanuusohjelma: Liity mukaan ja ansaitse Paripesa Partnersin kanssa Paripesa-kumppanuusohjelma on erinomainen mahdollisuus ansaita passiivista tuloa suosittelemalla luotettavaa verkkobr\u00e4ndi\u00e4. Olitpa sitten bloggaaja, vaikuttaja tai digitaalisen markkinoinnin ammattilainen, ohjelma tarjoaa joustavat komissiomallit, reaaliaikaisen seurannan sek\u00e4 valmiit markkinointimateriaalit, joiden avulla yleis\u00f6si kasvattaminen ja tulojen lis\u00e4\u00e4minen on entist\u00e4 helpompaa. Paripesa Partners tarjoaa kaiken tarvittavan onnistumiseen \u2013 kattavat Paripesa Global [&hellip;]<\/p>\n","protected":false},"author":1,"featured_media":0,"parent":0,"menu_order":0,"comment_status":"closed","ping_status":"closed","template":"","meta":{"_sitemap_exclude":false,"_sitemap_priority":"","_sitemap_frequency":"","_monsterinsights_skip_tracking":false,"_monsterinsights_sitenote_active":false,"_monsterinsights_sitenote_note":"","_monsterinsights_sitenote_category":0,"footnotes":""},"class_list":["post-5359","page","type-page","status-publish","hentry"],"acf":[],"yoast_head":"<!-- This site is optimized with the Yoast SEO plugin v27.4 - https:\/\/yoast.com\/product\/yoast-seo-wordpress\/ -->\n<title>Paripesa-kumppanuusohjelma \u2013 Liity Paripesa Partnersiin ja ansaitse verkossa<\/title>\n<meta name=\"description\" content=\"Tutustu Paripesa-kumppanuusohjelmaan ja aloita ansaitseminen Paripesa Partnersin kanssa. Saat joustavat komissiot, reaaliaikaisen seurannan ja asiantuntevan tuen, joiden avulla voit kasvattaa tulojasi.\" \/>\n<meta name=\"robots\" content=\"index, follow, max-snippet:-1, max-image-preview:large, max-video-preview:-1\" \/>\n<meta property=\"og:locale\" content=\"fi_FI\" \/>\n<meta property=\"og:type\" content=\"article\" \/>\n<meta property=\"og:url\" content=\"https:\/\/paripesa.app\/fi\/kumppanuusohjelma\/\" \/>\n<meta property=\"article:modified_time\" content=\"2026-01-01T09:58:14+00:00\" \/>\n<meta name=\"twitter:card\" content=\"summary_large_image\" \/>\n<meta name=\"twitter:label1\" content=\"Arvioitu lukuaika\" \/>\n\t<meta name=\"twitter:data1\" content=\"1 minuutti\" \/>\n<!-- \/ Yoast SEO plugin. -->","yoast_head_json":{"title":"Paripesa-kumppanuusohjelma \u2013 Liity Paripesa Partnersiin ja ansaitse verkossa","description":"Tutustu Paripesa-kumppanuusohjelmaan ja aloita ansaitseminen Paripesa Partnersin kanssa. Saat joustavat komissiot, reaaliaikaisen seurannan ja asiantuntevan tuen, joiden avulla voit kasvattaa tulojasi.","robots":{"index":"index","follow":"follow","max-snippet":"max-snippet:-1","max-image-preview":"max-image-preview:large","max-video-preview":"max-video-preview:-1"},"og_locale":"fi_FI","og_type":"article","og_url":"https:\/\/paripesa.app\/fi\/kumppanuusohjelma\/","article_modified_time":"2026-01-01T09:58:14+00:00","twitter_card":"summary_large_image","twitter_misc":{"Arvioitu lukuaika":"1 minuutti"},"schema":{"@context":"https:\/\/schema.org","@graph":[{"@type":"WebPage","@id":"https:\/\/paripesa.app\/fi\/kumppanuusohjelma\/","url":"https:\/\/paripesa.app\/fi\/kumppanuusohjelma\/","name":"Paripesa-kumppanuusohjelma \u2013 Liity Paripesa Partnersiin ja ansaitse verkossa","isPartOf":{"@id":"https:\/\/paripesa.app\/#website"},"datePublished":"2025-12-03T16:19:16+00:00","dateModified":"2026-01-01T09:58:14+00:00","description":"Tutustu Paripesa-kumppanuusohjelmaan ja aloita ansaitseminen Paripesa Partnersin kanssa. Saat joustavat komissiot, reaaliaikaisen seurannan ja asiantuntevan tuen, joiden avulla voit kasvattaa tulojasi.","breadcrumb":{"@id":"https:\/\/paripesa.app\/fi\/kumppanuusohjelma\/#breadcrumb"},"inLanguage":"fi","potentialAction":[{"@type":"ReadAction","target":["https:\/\/paripesa.app\/fi\/kumppanuusohjelma\/"]}]},{"@type":"WebSite","@id":"https:\/\/paripesa.app\/#website","url":"https:\/\/paripesa.app\/","name":"paripesa","description":"Paripesa App download","publisher":{"@id":"https:\/\/paripesa.app\/#organization"},"potentialAction":[],"inLanguage":"fi"},{"@type":"Organization","@id":"https:\/\/paripesa.app\/#organization","name":"paripesa","url":"https:\/\/paripesa.app\/","logo":{"@type":"ImageObject","inLanguage":"fi","@id":"https:\/\/paripesa.app\/#\/schema\/logo\/image\/","url":"https:\/\/paripesa.app\/wp-content\/uploads\/2024\/10\/cropped-logo.png","contentUrl":"https:\/\/paripesa.app\/wp-content\/uploads\/2024\/10\/cropped-logo.png","width":281,"height":44,"caption":"paripesa"},"image":{"@id":"https:\/\/paripesa.app\/#\/schema\/logo\/image\/"}}]}},"_links":{"self":[{"href":"https:\/\/paripesa.app\/fi\/wp-json\/wp\/v2\/pages\/5359","targetHints":{"allow":["GET"]}}],"collection":[{"href":"https:\/\/paripesa.app\/fi\/wp-json\/wp\/v2\/pages"}],"about":[{"href":"https:\/\/paripesa.app\/fi\/wp-json\/wp\/v2\/types\/page"}],"author":[{"embeddable":true,"href":"https:\/\/paripesa.app\/fi\/wp-json\/wp\/v2\/users\/1"}],"replies":[{"embeddable":true,"href":"https:\/\/paripesa.app\/fi\/wp-json\/wp\/v2\/comments?post=5359"}],"version-history":[{"count":2,"href":"https:\/\/paripesa.app\/fi\/wp-json\/wp\/v2\/pages\/5359\/revisions"}],"predecessor-version":[{"id":5364,"href":"https:\/\/paripesa.app\/fi\/wp-json\/wp\/v2\/pages\/5359\/revisions\/5364"}],"wp:attachment":[{"href":"https:\/\/paripesa.app\/fi\/wp-json\/wp\/v2\/media?parent=5359"}],"curies":[{"name":"wp","href":"https:\/\/api.w.org\/{rel}","templated":true}]}}