{"id":5040,"date":"2025-12-25T16:40:23","date_gmt":"2025-12-25T15:40:23","guid":{"rendered":"https:\/\/paripesa.app\/jetx\/"},"modified":"2025-12-30T13:24:14","modified_gmt":"2025-12-30T12:24:14","slug":"jetx","status":"publish","type":"page","link":"https:\/\/paripesa.app\/fi\/jetx\/","title":{"rendered":"JetX"},"content":{"rendered":"\n<h1 class=\"wp-block-heading\">JetX-pelin arvostelu: tarkempi katsaus yhteen ensimm\u00e4isist\u00e4 crash-klassikoista<\/h1>\n\n\n\n<p>JetX-kasinopeli on yksi crash-kategorian suosituimmista peleist\u00e4 mekaniikkansa, nopean pelitemponsa ja reiluutensa ansiosta. Idea on yksinkertainen: asetat JetX-panoksen ja kotiutat voiton ennen kuin lentokone r\u00e4j\u00e4ht\u00e4\u00e4. JetX-kasinopeli oli yksi ensimm\u00e4isist\u00e4 crash-peleist\u00e4, joka toi mukaan NFT-lentokoneskinit \u2013 trendin, joka vaikutti my\u00f6hemmin useisiin muihin peleihin maailmanlaajuisesti.<\/p>\n\n\n<div class=\"wp-block-image\">\n<figure class=\"aligncenter size-full\"><img loading=\"lazy\" decoding=\"async\" width=\"600\" height=\"400\" src=\"https:\/\/paripesa.app\/wp-content\/uploads\/2025\/12\/jetx-casino-game.jpg\" alt=\"jetx kasinopeli\" class=\"wp-image-4835\" srcset=\"https:\/\/paripesa.app\/wp-content\/uploads\/2025\/12\/jetx-casino-game.jpg 600w, https:\/\/paripesa.app\/wp-content\/uploads\/2025\/12\/jetx-casino-game-300x200.jpg 300w\" sizes=\"auto, (max-width: 600px) 100vw, 600px\" \/><\/figure><\/div>\n\n\n<p>Seuraavissa osioissa k\u00e4ymme l\u00e4pi t\u00e4m\u00e4n pelin edut ja haitat, s\u00e4\u00e4nn\u00f6t sek\u00e4 strategiat.<\/p>\n\n\n\n<div class=\"wp-block-buttons is-content-justification-center is-layout-flex wp-container-core-buttons-is-layout-16018d1d wp-block-buttons-is-layout-flex\">\n<div class=\"wp-block-button\"><a class=\"wp-block-button__link wp-element-button\" href=\"https:\/\/combodef.com\/L?tag=d_4824720m_147506c_&#038;site=4824720&#038;ad=147506\">pelaa nyt<\/a><\/div>\n<\/div>\n\n\n\n<h2 class=\"wp-block-heading\">Miten JetX nousi erottuvaksi crash-peliksi<\/h2>\n\n\n\n<p>JetX-panostuspeli luotiin vuonna 2018, ja se sai inspiraationsa varhaisista arcade-tyylisist\u00e4 ilmailukonsepteista. Toiminta alkaa n\u00e4in: lentokone l\u00e4htee nousuun ja kerroin alkaa kasvaa. T\u00e4m\u00e4n aikana tavoitteena on kotiuttaa voitto ennen kuin kone r\u00e4j\u00e4ht\u00e4\u00e4.&nbsp;<\/p>\n\n\n\n<p>N\u00e4yt\u00f6ll\u00e4 n\u00e4et selke\u00e4n k\u00e4ytt\u00f6liittym\u00e4n ja sulavat animaatiot. JetX:ss\u00e4 menestyminen vaatii oikeaa ajoitusta, taitoa ja onnea.<\/p>\n\n\n\n<h3 class=\"wp-block-heading\">Keskeiset ominaisuudet suomalaisille pelaajille<\/h3>\n\n\n\n<p>Vaikka kyseess\u00e4 on JetX-kasinopeli verkossa, peli simuloi reaaliaikaista fysiikkaa luodakseen arvaamattomia lopputuloksia. Kierrokset ovat lyhyit\u00e4, voit tehd\u00e4 useita panoksia, uusin kerroinhistoria on saatavilla, ja peli toimii yleisesti mobiililla, tabletilla, kannettavalla sek\u00e4 p\u00f6yt\u00e4tietokoneella.&nbsp;<\/p>\n\n\n\n<p>Peli perustuu progressiivisiin palkintomekaniikkoihin, joten voit lunastaa pieni\u00e4 bonuksia, jotka toimivat samaan tapaan kuin slot-etuudet. Toinen etu, joka erottaa JetX <a href=\"https:\/\/paripesa.app\/\">PariPesa<\/a> -alustalla muista peleist\u00e4, on turnausten ja yhteis\u00f6haasteiden saatavuus.<\/p>\n\n\n\n<h2 class=\"wp-block-heading\">Mik\u00e4 tekee JetX-kasinopelist\u00e4 niin erilaisen?<\/h2>\n\n\n\n<p>Olemme jo maininneet, ett\u00e4 JetX-pelit erottuvat ainutlaatuisista reaaliaikaisista kertoimistaan. Katsotaan faktat:<\/p>\n\n\n\n<ul class=\"wp-block-list\">\n<li>Kerroin ei kasva suorassa linjassa. Kaikki kierrokset ovat arvaamattomia ja intensiivisi\u00e4.<\/li>\n\n\n\n<li>Tarjolla on globaali chat, ja voit tarkastella tulostaulukkoa suuressa verkkoyhteis\u00f6ss\u00e4. <\/li>\n\n\n\n<li>Jokainen kerroin luodaan varmennettavalla kryptografisella algoritmilla.<\/li>\n<\/ul>\n\n\n\n<p>Saatavilla ovat my\u00f6s automaattinen kotiutus (auto cash-out) ja automaattipanostus (auto-bet). Palaamme n\u00e4ihin tarkemmin seuraavissa osioissa.&nbsp;<\/p>\n\n\n\n<div class=\"wp-block-buttons is-content-justification-center is-layout-flex wp-container-core-buttons-is-layout-16018d1d wp-block-buttons-is-layout-flex\">\n<div class=\"wp-block-button\"><a class=\"wp-block-button__link wp-element-button\" href=\"https:\/\/combodef.com\/L?tag=d_4824720m_147506c_&#038;site=4824720&#038;ad=147506\">pelaa nyt<\/a><\/div>\n<\/div>\n\n\n\n<h2 class=\"wp-block-heading\">Kuinka pelata JetX:\u00e4\u00e4<\/h2>\n\n\n\n<p>Pelin suunnitteluun kuuluu monitasoinen voittomaksuj\u00e4rjestelm\u00e4 ja animoidut lentoreitit, jotka simuloivat oikeita ilmailumalleja. Voit pelata sit\u00e4 JetX-pelin latauksella mobiili-\/tablet-laitteella tai selaimen kautta tietokoneella.&nbsp;<\/p>\n\n\n\n<p>Rennommille pelaajille JetX-demopeli on saatavilla, mutta suosittelemme kokeilemaan JetX:\u00e4\u00e4 oikealla rahalla, jotta saat kattavamman kokemuksen.&nbsp;<\/p>\n\n\n\n<h3 class=\"wp-block-heading\">Ohje JetX-panosten asettamiseen&nbsp;<\/h3>\n\n\n\n<p>Pelin pelaamiseksi noudata n\u00e4it\u00e4 yksinkertaisia s\u00e4\u00e4nt\u00f6j\u00e4:&nbsp;<\/p>\n\n\n\n<ol class=\"wp-block-list\">\n<li>Aloita JetX-panostaminen ennen kuin lentokone alkaa nousta.<\/li>\n\n\n\n<li>Kerroin alkaa kasvaa, ja jos painat painiketta ennen kuin kone r\u00e4j\u00e4ht\u00e4\u00e4, voitat.<\/li>\n\n\n\n<li>Voit asettaa automaattisen kotiutuksen minimoidaksesi tappioita.<\/li>\n<\/ol>\n\n\n\n<h3 class=\"wp-block-heading\">Parhaat JetX-voittostrategiat riskien hallintaan<\/h3>\n\n\n\n<p>Tappiot pelaamisen aikana ovat normaaleja, joten \u00e4l\u00e4 jahtaa niit\u00e4. JetX-panostaminen on eritt\u00e4in volatiilia, ja yritykset \u201cvoittaa takaisin\u201d ep\u00e4onnistunut kierros johtavat usein uusiin virheisiin.<\/p>\n\n\n\n<p>Peli perustuu satunnaisuuteen, mutta t\u00e4ss\u00e4 muutamia hyv\u00e4ksi todettuja tekniikoita riskien hallintaan:<\/p>\n\n\n\n<figure class=\"wp-block-table\"><table class=\"has-fixed-layout\"><tbody><tr><td>Matala-riskinen JetX-panostusstrategia<\/td><td>Pienet panokset, kerroin x1.20 &#8211; x1.40.<\/td><\/tr><tr><td>Keskiriskinen JetX-strategia<\/td><td>Keskisuuret panokset, kerroin noin x2.<\/td><\/tr><tr><td>Korkean riskin JextX-strategia<\/td><td>Suuret panokset, tavoitteena x10+ kertoimet.<\/td><\/tr><\/tbody><\/table><\/figure>\n\n\n\n<h2 class=\"wp-block-heading\">JetX-bonukset ja kampanjat PariPesassa<\/h2>\n\n\n\n<p>Jos olet uusi <a href=\"https:\/\/paripesa.app\/\">PariPesa App<\/a> -k\u00e4ytt\u00e4j\u00e4, saat tervetuliaisbonuspakkauksen: <\/p>\n\n\n\n<figure class=\"wp-block-table\"><table class=\"has-fixed-layout\"><tbody><tr><td>Talletusnumero<\/td><td>Minimitalletus (EUR)<\/td><td>Maksimibonus (EUR)<\/td><\/tr><tr><td>1. talletus<\/td><td>20<\/td><td>400<\/td><\/tr><tr><td>2. talletus<\/td><td>25<\/td><td>450<\/td><\/tr><tr><td>3. talletus<\/td><td>25<\/td><td>550<\/td><\/tr><tr><td>4. talletus<\/td><td>25<\/td><td>600<\/td><\/tr><\/tbody><\/table><\/figure>\n\n\n\n<p>PariPesassa tarjoamme s\u00e4\u00e4nn\u00f6llisesti JetX-bonuspalkintoja uskollisuuspisteiden, syntym\u00e4p\u00e4iv\u00e4lahjojen, viikkopisteiden (3%), uskollisuuscashbackin (10%) sek\u00e4 monien muiden aika ajoin ilmestyvien erikoistarjousten muodossa.&nbsp;<\/p>\n\n\n\n<p>Bonuskoodilla JetX voi olla viel\u00e4kin palkitsevampi. K\u00e4yt\u00e4 koodia \u201cJBVIP\u201d saadaksesi anteliaamman tervetuliaispaketin.&nbsp;<\/p>\n\n\n\n<h3 class=\"wp-block-heading\">Reiluus ja l\u00e4pin\u00e4kyvyys<\/h3>\n\n\n\n<p>Kaikkien <a href=\"https:\/\/paripesa.app\/crash-games-2\/\">crash-pelien<\/a> perusta on todistettavasti reilu kryptografinen algoritmi, joten jokaisen kierroksen lopputulos m\u00e4\u00e4r\u00e4ytyy ennen kuin suihkukone putoaa.<\/p>\n\n\n\n<p>SmartSoft Gaming k\u00e4ytti SHA-256-hajautusalgoritmia JetX:n j\u00e4rjestelm\u00e4n ytimen\u00e4 \u2013 samaa hajautusstandardia, jota k\u00e4ytet\u00e4\u00e4n lohkoketjuissa ja pankkij\u00e4rjestelmiss\u00e4.&nbsp;<\/p>\n\n\n\n<h3 class=\"wp-block-heading\">Oikea raha vai demotila: kumman valita?<\/h3>\n\n\n\n<p>Pelaa aina vastuullisesti ja harkitse toimintaasi. Kokemuksen kartuttamiseksi k\u00e4ytt\u00e4j\u00e4t voivat hy\u00f6dynt\u00e4\u00e4 JetX-demopelitilaa.&nbsp;<\/p>\n\n\n\n<p>JetX-pelin latausvaihtoehtojen ansiosta <a href=\"https:\/\/paripesa.app\/\">PariPesa-sovelluksessa Suomessa<\/a> on nyt mahdollista vaihtaa helposti demopelin ja oikealla rahalla pelaamisen v\u00e4lill\u00e4.<\/p>\n\n\n<div class=\"wp-block-image\">\n<figure class=\"aligncenter size-full\"><img loading=\"lazy\" decoding=\"async\" width=\"600\" height=\"400\" src=\"https:\/\/paripesa.app\/wp-content\/uploads\/2025\/12\/jetx-game-download.jpg\" alt=\"jetx pelin lataus\" class=\"wp-image-4849\" srcset=\"https:\/\/paripesa.app\/wp-content\/uploads\/2025\/12\/jetx-game-download.jpg 600w, https:\/\/paripesa.app\/wp-content\/uploads\/2025\/12\/jetx-game-download-300x200.jpg 300w\" sizes=\"auto, (max-width: 600px) 100vw, 600px\" \/><\/figure><\/div>\n\n\n<h2 class=\"wp-block-heading\">Miten peli toimii Androidilla ja iOS:ll\u00e4?<\/h2>\n\n\n\n<p>Peli toimii hyvin useimmilla laitteilla, mukaan lukien edullisemmat \u00e4lypuhelimet, jotka ovat suosittuja Suomessa.&nbsp;<\/p>\n\n\n\n<p>Suomalaiset k\u00e4ytt\u00e4j\u00e4t voivat pelata JetX:\u00e4\u00e4 Androidilla, iOS:ll\u00e4 tai mobiiliselaimella ilman suorituskyvyn heikkenemist\u00e4. Bonuskoodin avulla JetX voi olla entist\u00e4kin palkitsevampi.<\/p>\n\n\n\n<h3 class=\"wp-block-heading\">Pelaaminen mobiililla PariPesa-sovelluksen kautta<\/h3>\n\n\n\n<p>PariPesassa tarjoamme nopeat latauslinkit sovellukseen verkkosivuillamme. Jos k\u00e4yt\u00e4t Androidia, sinun tarvitsee vain ladata APK-tiedosto, sallia asennukset tuntemattomista l\u00e4hteist\u00e4, rekister\u00f6ity\u00e4 alustallemme ja nauttia pelaamisesta.&nbsp;<\/p>\n\n\n\n<p>Nopeat talletukset, v\u00e4lit\u00f6n kotiutus ja reaaliaikaiset kertoimet ovat samat sek\u00e4 mobiili- ett\u00e4 verkkoversiossa.<\/p>\n\n\n\n<h3 class=\"wp-block-heading\">Tuetut valuutat ja maksutavat<\/h3>\n\n\n\n<p>PariPesa JetX -sovellus tukee useita valuuttoja. Suomessa on k\u00e4ytett\u00e4viss\u00e4 useita maksutapoja, mukaan lukien:&nbsp;<\/p>\n\n\n\n<ul class=\"wp-block-list\">\n<li>Verkkopankkimaksut (suomalaiset pankit),<\/li>\n\n\n\n<li>Mobiilimaksut,<\/li>\n\n\n\n<li>Maksukortit (Visa\/Mastercard),<\/li>\n\n\n\n<li>S\u00e4hk\u00f6iset lompakot,<\/li>\n\n\n\n<li>Ethereum, Bitcoin ja altcoinit. <\/li>\n<\/ul>\n\n\n\n<div class=\"wp-block-buttons is-content-justification-center is-layout-flex wp-container-core-buttons-is-layout-16018d1d wp-block-buttons-is-layout-flex\">\n<div class=\"wp-block-button\"><a class=\"wp-block-button__link wp-element-button\" href=\"https:\/\/combodef.com\/L?tag=d_4824720m_147506c_&#038;site=4824720&#038;ad=147506\">pelaa nyt<\/a><\/div>\n<\/div>\n\n\n\n<h2 class=\"wp-block-heading\">Lopuksi: mit\u00e4 muistaa ennen JetX crash -pelin aloittamista<\/h2>\n\n\n\n<p>T\u00e4ss\u00e4 JetX-peliarvostelussa analysoimme s\u00e4\u00e4nn\u00f6t ja strategiat, tarkastelimme bonuksia ja maksuja sek\u00e4 arvioimme mobiilisaatavuutta PariPesa-alustalla.<\/p>\n\n\n\n<p>Ja jos sinulla on viel\u00e4 kysytt\u00e4v\u00e4\u00e4 t\u00e4m\u00e4n lukemisen j\u00e4lkeen, autamme sinua seuraavien kanavien kautta:&nbsp;<\/p>\n\n\n\n<ul class=\"wp-block-list\">\n<li>Live-chat<\/li>\n\n\n\n<li>S\u00e4hk\u00f6posti: support-fi@PariPesa.com <\/li>\n\n\n\n<li>Instagram <\/li>\n\n\n\n<li>Telegram<\/li>\n\n\n\n<li>Ja Discord. <\/li>\n<\/ul>\n\n\n\n<h2 class=\"wp-block-heading\">UKK<\/h2>\n\n\n\n<h3 class=\"wp-block-heading\">Mik\u00e4 on pienin mahdollinen panos PariPesassa?<\/h3>\n\n\n\n<p>Voit tehd\u00e4 talletuksen jo 20 \u20ac:sta alkaen. T\u00e4m\u00e4n j\u00e4lkeen aloita pienill\u00e4 panoksilla ja rakenna strategiaasi.<\/p>\n\n\n\n<h3 class=\"wp-block-heading\">Voinko asettaa kaksi panosta kerralla?<\/h3>\n\n\n\n<p>Kyll\u00e4. Voit tasapainottaa riskitasoa n\u00e4in: tee yksi turvallisempi automaattisella kotiutuksella ja toinen manuaalinen suuremmalla riskill\u00e4.<\/p>\n\n\n\n<h3 class=\"wp-block-heading\">Kannattaako PariPesan JetX-turnauksiin osallistua?<\/h3>\n\n\n\n<p>Kyll\u00e4, jos pelaat usein. Ker\u00e4\u00e4t pisteit\u00e4 ja saat paikan tulostaulukossa rahapalkintoja tai bonushyvityksi\u00e4 varten.<\/p>\n\n","protected":false},"excerpt":{"rendered":"<p>JetX-pelin arvostelu: tarkempi katsaus yhteen ensimm\u00e4isist\u00e4 crash-klassikoista JetX-kasinopeli on yksi crash-kategorian suosituimmista peleist\u00e4 mekaniikkansa, nopean pelitemponsa ja reiluutensa ansiosta. Idea on yksinkertainen: asetat JetX-panoksen ja kotiutat voiton ennen kuin lentokone r\u00e4j\u00e4ht\u00e4\u00e4. JetX-kasinopeli oli yksi ensimm\u00e4isist\u00e4 crash-peleist\u00e4, joka toi mukaan NFT-lentokoneskinit \u2013 trendin, joka vaikutti my\u00f6hemmin useisiin muihin peleihin maailmanlaajuisesti. Seuraavissa osioissa k\u00e4ymme l\u00e4pi t\u00e4m\u00e4n pelin [&hellip;]<\/p>\n","protected":false},"author":1,"featured_media":0,"parent":0,"menu_order":0,"comment_status":"closed","ping_status":"closed","template":"","meta":{"_sitemap_exclude":false,"_sitemap_priority":"","_sitemap_frequency":"","_monsterinsights_skip_tracking":false,"_monsterinsights_sitenote_active":false,"_monsterinsights_sitenote_note":"","_monsterinsights_sitenote_category":0,"footnotes":""},"class_list":["post-5040","page","type-page","status-publish","hentry"],"acf":[],"yoast_head":"<!-- This site is optimized with the Yoast SEO plugin v27.4 - https:\/\/yoast.com\/product\/yoast-seo-wordpress\/ -->\n<title>JetX Crash -peli arvostelu | S\u00e4\u00e4nn\u00f6t, strategiat &amp; bonukset Suomessa<\/title>\n<meta name=\"description\" content=\"Tutustu JetX crash -peliin PariPesassa: s\u00e4\u00e4nn\u00f6t, reilu pelimekaniikka, strategiat, bonukset ja mobiilipelaaminen Androidilla ja iOS:ll\u00e4 Suomessa.\" \/>\n<meta name=\"robots\" content=\"index, follow, max-snippet:-1, max-image-preview:large, max-video-preview:-1\" \/>\n<meta property=\"og:locale\" content=\"fi_FI\" \/>\n<meta property=\"og:type\" content=\"article\" \/>\n<meta property=\"og:url\" content=\"https:\/\/paripesa.app\/fi\/jetx\/\" \/>\n<meta property=\"article:modified_time\" content=\"2025-12-30T12:24:14+00:00\" \/>\n<meta property=\"og:image\" content=\"https:\/\/paripesa.app\/wp-content\/uploads\/2025\/12\/jetx.jpg\" \/>\n\t<meta property=\"og:image:width\" content=\"200\" \/>\n\t<meta property=\"og:image:height\" content=\"66\" \/>\n\t<meta property=\"og:image:type\" content=\"image\/jpeg\" \/>\n<meta name=\"twitter:card\" content=\"summary_large_image\" \/>\n<meta name=\"twitter:label1\" content=\"Arvioitu lukuaika\" \/>\n\t<meta name=\"twitter:data1\" content=\"4 minuuttia\" \/>\n<!-- \/ Yoast SEO plugin. -->","yoast_head_json":{"title":"JetX Crash -peli arvostelu | S\u00e4\u00e4nn\u00f6t, strategiat & bonukset Suomessa","description":"Tutustu JetX crash -peliin PariPesassa: s\u00e4\u00e4nn\u00f6t, reilu pelimekaniikka, strategiat, bonukset ja mobiilipelaaminen Androidilla ja iOS:ll\u00e4 Suomessa.","robots":{"index":"index","follow":"follow","max-snippet":"max-snippet:-1","max-image-preview":"max-image-preview:large","max-video-preview":"max-video-preview:-1"},"og_locale":"fi_FI","og_type":"article","og_url":"https:\/\/paripesa.app\/fi\/jetx\/","article_modified_time":"2025-12-30T12:24:14+00:00","og_image":[{"width":200,"height":66,"url":"https:\/\/paripesa.app\/wp-content\/uploads\/2025\/12\/jetx.jpg","type":"image\/jpeg"}],"twitter_card":"summary_large_image","twitter_misc":{"Arvioitu lukuaika":"4 minuuttia"},"schema":{"@context":"https:\/\/schema.org","@graph":[{"@type":"WebPage","@id":"https:\/\/paripesa.app\/fi\/jetx\/","url":"https:\/\/paripesa.app\/fi\/jetx\/","name":"JetX Crash -peli arvostelu | S\u00e4\u00e4nn\u00f6t, strategiat & bonukset Suomessa","isPartOf":{"@id":"https:\/\/paripesa.app\/#website"},"primaryImageOfPage":{"@id":"https:\/\/paripesa.app\/fi\/jetx\/#primaryimage"},"image":{"@id":"https:\/\/paripesa.app\/fi\/jetx\/#primaryimage"},"thumbnailUrl":"https:\/\/paripesa.app\/wp-content\/uploads\/2025\/12\/jetx-casino-game.jpg","datePublished":"2025-12-25T15:40:23+00:00","dateModified":"2025-12-30T12:24:14+00:00","description":"Tutustu JetX crash -peliin PariPesassa: s\u00e4\u00e4nn\u00f6t, reilu pelimekaniikka, strategiat, bonukset ja mobiilipelaaminen Androidilla ja iOS:ll\u00e4 Suomessa.","breadcrumb":{"@id":"https:\/\/paripesa.app\/fi\/jetx\/#breadcrumb"},"inLanguage":"fi","potentialAction":[{"@type":"ReadAction","target":["https:\/\/paripesa.app\/fi\/jetx\/"]}]},{"@type":"ImageObject","inLanguage":"fi","@id":"https:\/\/paripesa.app\/fi\/jetx\/#primaryimage","url":"https:\/\/paripesa.app\/wp-content\/uploads\/2025\/12\/jetx-casino-game.jpg","contentUrl":"https:\/\/paripesa.app\/wp-content\/uploads\/2025\/12\/jetx-casino-game.jpg"},{"@type":"WebSite","@id":"https:\/\/paripesa.app\/#website","url":"https:\/\/paripesa.app\/","name":"paripesa","description":"Paripesa App download","publisher":{"@id":"https:\/\/paripesa.app\/#organization"},"potentialAction":[],"inLanguage":"fi"},{"@type":"Organization","@id":"https:\/\/paripesa.app\/#organization","name":"paripesa","url":"https:\/\/paripesa.app\/","logo":{"@type":"ImageObject","inLanguage":"fi","@id":"https:\/\/paripesa.app\/#\/schema\/logo\/image\/","url":"https:\/\/paripesa.app\/wp-content\/uploads\/2024\/10\/cropped-logo.png","contentUrl":"https:\/\/paripesa.app\/wp-content\/uploads\/2024\/10\/cropped-logo.png","width":281,"height":44,"caption":"paripesa"},"image":{"@id":"https:\/\/paripesa.app\/#\/schema\/logo\/image\/"}}]}},"_links":{"self":[{"href":"https:\/\/paripesa.app\/fi\/wp-json\/wp\/v2\/pages\/5040","targetHints":{"allow":["GET"]}}],"collection":[{"href":"https:\/\/paripesa.app\/fi\/wp-json\/wp\/v2\/pages"}],"about":[{"href":"https:\/\/paripesa.app\/fi\/wp-json\/wp\/v2\/types\/page"}],"author":[{"embeddable":true,"href":"https:\/\/paripesa.app\/fi\/wp-json\/wp\/v2\/users\/1"}],"replies":[{"embeddable":true,"href":"https:\/\/paripesa.app\/fi\/wp-json\/wp\/v2\/comments?post=5040"}],"version-history":[{"count":3,"href":"https:\/\/paripesa.app\/fi\/wp-json\/wp\/v2\/pages\/5040\/revisions"}],"predecessor-version":[{"id":5079,"href":"https:\/\/paripesa.app\/fi\/wp-json\/wp\/v2\/pages\/5040\/revisions\/5079"}],"wp:attachment":[{"href":"https:\/\/paripesa.app\/fi\/wp-json\/wp\/v2\/media?parent=5040"}],"curies":[{"name":"wp","href":"https:\/\/api.w.org\/{rel}","templated":true}]}}