{"id":5506,"date":"2025-12-03T17:19:16","date_gmt":"2025-12-03T16:19:16","guid":{"rendered":"https:\/\/paripesa.app\/program-partnerski\/"},"modified":"2026-01-03T11:06:37","modified_gmt":"2026-01-03T10:06:37","slug":"programa-de-afiliados","status":"publish","type":"page","link":"https:\/\/paripesa.app\/es\/programa-de-afiliados\/","title":{"rendered":"Programa de afiliados de Paripesa"},"content":{"rendered":"\n<h1 class=\"wp-block-heading\">\ud83d\udcbcPrograma de afiliados de Paripesa: \u00fanete a Paripesa Partners y gana dinero online<br><\/h1>\n\n\n\n<p>El programa de afiliados de Paripesa es una gran oportunidad para cualquiera que quiera generar ingresos pasivos promocionando una marca online de confianza. Tanto si eres blogger, influencer o profesional del marketing digital, el programa ofrece modelos de comisi\u00f3n flexibles, seguimiento en tiempo real y materiales promocionales profesionales que facilitan aumentar tu alcance y tus ganancias.<br><\/p>\n\n\n\n<div class=\"wp-block-buttons is-content-justification-center is-layout-flex wp-container-core-buttons-is-layout-16018d1d wp-block-buttons-is-layout-flex\">\n<div class=\"wp-block-button\"><a class=\"wp-block-button__link wp-element-button\" href=\"https:\/\/combodef.com\/L?tag=d_4824720m_147506c_&#038;site=4824720&#038;ad=147506\">\u00danete ahora<\/a><\/div>\n<\/div>\n\n\n\n<p>Paripesa Partners te ofrece todo lo que necesitas para tener \u00e9xito: an\u00e1lisis detallados en Paripesa Global, soporte personalizado y pagos r\u00e1pidos. Tras registrarte, recibir\u00e1s un enlace de afiliado \u00fanico para compartirlo en todas tus plataformas. Cuando los usuarios se registran a trav\u00e9s de tu enlace, ganas comisiones seg\u00fan su actividad. Con recompensas basadas en el rendimiento y m\u00faltiples opciones de pago, es una forma inteligente de monetizar tu presencia online.<\/p>\n","protected":false},"excerpt":{"rendered":"<p>\ud83d\udcbcPrograma de afiliados de Paripesa: \u00fanete a Paripesa Partners y gana dinero online El programa de afiliados de Paripesa es una gran oportunidad para cualquiera que quiera generar ingresos pasivos promocionando una marca online de confianza. Tanto si eres blogger, influencer o profesional del marketing digital, el programa ofrece modelos de comisi\u00f3n flexibles, seguimiento en [&hellip;]<\/p>\n","protected":false},"author":1,"featured_media":0,"parent":0,"menu_order":0,"comment_status":"closed","ping_status":"closed","template":"","meta":{"_sitemap_exclude":false,"_sitemap_priority":"","_sitemap_frequency":"","_monsterinsights_skip_tracking":false,"_monsterinsights_sitenote_active":false,"_monsterinsights_sitenote_note":"","_monsterinsights_sitenote_category":0,"footnotes":""},"class_list":["post-5506","page","type-page","status-publish","hentry"],"acf":[],"yoast_head":"<!-- This site is optimized with the Yoast SEO plugin v27.4 - https:\/\/yoast.com\/product\/yoast-seo-wordpress\/ -->\n<title>Programa de afiliados de Paripesa \u2013 \u00fanete a Paripesa Partners y gana dinero online<\/title>\n<meta name=\"description\" content=\"Descubre el programa de afiliados de Paripesa y empieza a crecer con Paripesa Partners. Aprovecha comisiones flexibles, seguimiento en tiempo real y soporte profesional para aumentar tus ingresos de forma eficaz.\" \/>\n<meta name=\"robots\" content=\"index, follow, max-snippet:-1, max-image-preview:large, max-video-preview:-1\" \/>\n<meta property=\"og:locale\" content=\"es_ES\" \/>\n<meta property=\"og:type\" content=\"article\" \/>\n<meta property=\"og:url\" content=\"https:\/\/paripesa.app\/es\/programa-de-afiliados\/\" \/>\n<meta property=\"article:modified_time\" content=\"2026-01-03T10:06:37+00:00\" \/>\n<meta name=\"twitter:card\" content=\"summary_large_image\" \/>\n<meta name=\"twitter:label1\" content=\"Tiempo de lectura\" \/>\n\t<meta name=\"twitter:data1\" content=\"1 minuto\" \/>\n<!-- \/ Yoast SEO plugin. -->","yoast_head_json":{"title":"Programa de afiliados de Paripesa \u2013 \u00fanete a Paripesa Partners y gana dinero online","description":"Descubre el programa de afiliados de Paripesa y empieza a crecer con Paripesa Partners. Aprovecha comisiones flexibles, seguimiento en tiempo real y soporte profesional para aumentar tus ingresos de forma eficaz.","robots":{"index":"index","follow":"follow","max-snippet":"max-snippet:-1","max-image-preview":"max-image-preview:large","max-video-preview":"max-video-preview:-1"},"og_locale":"es_ES","og_type":"article","og_url":"https:\/\/paripesa.app\/es\/programa-de-afiliados\/","article_modified_time":"2026-01-03T10:06:37+00:00","twitter_card":"summary_large_image","twitter_misc":{"Tiempo de lectura":"1 minuto"},"schema":{"@context":"https:\/\/schema.org","@graph":[{"@type":"WebPage","@id":"https:\/\/paripesa.app\/es\/programa-de-afiliados\/","url":"https:\/\/paripesa.app\/es\/programa-de-afiliados\/","name":"Programa de afiliados de Paripesa \u2013 \u00fanete a Paripesa Partners y gana dinero online","isPartOf":{"@id":"https:\/\/paripesa.app\/#website"},"datePublished":"2025-12-03T16:19:16+00:00","dateModified":"2026-01-03T10:06:37+00:00","description":"Descubre el programa de afiliados de Paripesa y empieza a crecer con Paripesa Partners. Aprovecha comisiones flexibles, seguimiento en tiempo real y soporte profesional para aumentar tus ingresos de forma eficaz.","breadcrumb":{"@id":"https:\/\/paripesa.app\/es\/programa-de-afiliados\/#breadcrumb"},"inLanguage":"es","potentialAction":[{"@type":"ReadAction","target":["https:\/\/paripesa.app\/es\/programa-de-afiliados\/"]}]},{"@type":"WebSite","@id":"https:\/\/paripesa.app\/#website","url":"https:\/\/paripesa.app\/","name":"paripesa","description":"Paripesa App download","publisher":{"@id":"https:\/\/paripesa.app\/#organization"},"potentialAction":[],"inLanguage":"es"},{"@type":"Organization","@id":"https:\/\/paripesa.app\/#organization","name":"paripesa","url":"https:\/\/paripesa.app\/","logo":{"@type":"ImageObject","inLanguage":"es","@id":"https:\/\/paripesa.app\/#\/schema\/logo\/image\/","url":"https:\/\/paripesa.app\/wp-content\/uploads\/2024\/10\/cropped-logo.png","contentUrl":"https:\/\/paripesa.app\/wp-content\/uploads\/2024\/10\/cropped-logo.png","width":281,"height":44,"caption":"paripesa"},"image":{"@id":"https:\/\/paripesa.app\/#\/schema\/logo\/image\/"}}]}},"_links":{"self":[{"href":"https:\/\/paripesa.app\/es\/wp-json\/wp\/v2\/pages\/5506","targetHints":{"allow":["GET"]}}],"collection":[{"href":"https:\/\/paripesa.app\/es\/wp-json\/wp\/v2\/pages"}],"about":[{"href":"https:\/\/paripesa.app\/es\/wp-json\/wp\/v2\/types\/page"}],"author":[{"embeddable":true,"href":"https:\/\/paripesa.app\/es\/wp-json\/wp\/v2\/users\/1"}],"replies":[{"embeddable":true,"href":"https:\/\/paripesa.app\/es\/wp-json\/wp\/v2\/comments?post=5506"}],"version-history":[{"count":2,"href":"https:\/\/paripesa.app\/es\/wp-json\/wp\/v2\/pages\/5506\/revisions"}],"predecessor-version":[{"id":5513,"href":"https:\/\/paripesa.app\/es\/wp-json\/wp\/v2\/pages\/5506\/revisions\/5513"}],"wp:attachment":[{"href":"https:\/\/paripesa.app\/es\/wp-json\/wp\/v2\/media?parent=5506"}],"curies":[{"name":"wp","href":"https:\/\/api.w.org\/{rel}","templated":true}]}}