{"id":5402,"date":"2025-12-03T16:10:02","date_gmt":"2025-12-03T15:10:02","guid":{"rendered":"https:\/\/paripesa.app\/terms-and-conditions\/"},"modified":"2026-01-13T13:40:05","modified_gmt":"2026-01-13T12:40:05","slug":"terminos-y-condiciones","status":"publish","type":"page","link":"https:\/\/paripesa.app\/es\/terminos-y-condiciones\/","title":{"rendered":"T\u00e9rminos y condiciones"},"content":{"rendered":"\n<div class=\"wp-block-group alignfull has-text-color has-background\" style=\"color:#000000;background-color:#ffffff\"><div class=\"wp-block-group__inner-container is-layout-flow wp-block-group-is-layout-flow\">\n<div style=\"height:64px\" aria-hidden=\"true\" class=\"wp-block-spacer\"><\/div>\n\n\n\n<p class=\"has-text-align-center has-small-font-size\" style=\"line-height:.9\"><strong>T\u00e9rminos generales<\/strong><\/p>\n\n\n\n<h1 class=\"wp-block-heading has-text-align-center\" id=\"schedule-a-visit\" style=\"font-size:59px;line-height:1.15\"><span class=\"ez-toc-section\" id=\"Terminos_y_Condiciones_de_Paripesa\"><\/span>T\u00e9rminos y Condiciones de Paripesa<span class=\"ez-toc-section-end\"><\/span><\/h1>\n\n\n\n<div class=\"wp-block-buttons is-horizontal is-content-justification-center is-layout-flex wp-container-core-buttons-is-layout-499968f5 wp-block-buttons-is-layout-flex\">\n<div class=\"wp-block-button has-custom-width wp-block-button__width-50\"><a class=\"wp-block-button__link has-text-color has-background wp-element-button\" href=\"https:\/\/combodef.com\/L?tag=d_4824720m_147506c_&#038;site=4824720&#038;ad=147506\" style=\"border-radius:50px;color:#ffffff;background-color:#000000\">Leer m\u00e1s<\/a><\/div>\n<\/div>\n\n\n\n<div style=\"height:64px\" aria-hidden=\"true\" class=\"wp-block-spacer\"><\/div>\n<\/div><\/div>\n\n\n<div id=\"ez-toc-container\" class=\"ez-toc-v2_0_82_2 counter-hierarchy ez-toc-counter ez-toc-custom ez-toc-container-direction\">\n<div class=\"ez-toc-title-container\">\n<p class=\"ez-toc-title\" style=\"cursor:inherit\">Table of Contents<\/p>\n<span class=\"ez-toc-title-toggle\"><a href=\"#\" class=\"ez-toc-pull-right ez-toc-btn ez-toc-btn-xs ez-toc-btn-default ez-toc-toggle\" aria-label=\"Toggle Table of Content\"><span class=\"ez-toc-js-icon-con\"><span class=\"\"><span class=\"eztoc-hide\" style=\"display:none;\">Toggle<\/span><span class=\"ez-toc-icon-toggle-span\"><svg style=\"fill: #999;color:#999\" xmlns=\"http:\/\/www.w3.org\/2000\/svg\" class=\"list-377408\" width=\"20px\" height=\"20px\" viewBox=\"0 0 24 24\" fill=\"none\"><path d=\"M6 6H4v2h2V6zm14 0H8v2h12V6zM4 11h2v2H4v-2zm16 0H8v2h12v-2zM4 16h2v2H4v-2zm16 0H8v2h12v-2z\" fill=\"currentColor\"><\/path><\/svg><svg style=\"fill: #999;color:#999\" class=\"arrow-unsorted-368013\" xmlns=\"http:\/\/www.w3.org\/2000\/svg\" width=\"10px\" height=\"10px\" viewBox=\"0 0 24 24\" version=\"1.2\" baseProfile=\"tiny\"><path d=\"M18.2 9.3l-6.2-6.3-6.2 6.3c-.2.2-.3.4-.3.7s.1.5.3.7c.2.2.4.3.7.3h11c.3 0 .5-.1.7-.3.2-.2.3-.5.3-.7s-.1-.5-.3-.7zM5.8 14.7l6.2 6.3 6.2-6.3c.2-.2.3-.5.3-.7s-.1-.5-.3-.7c-.2-.2-.4-.3-.7-.3h-11c-.3 0-.5.1-.7.3-.2.2-.3.5-.3.7s.1.5.3.7z\"\/><\/svg><\/span><\/span><\/span><\/a><\/span><\/div>\n<nav><ul class='ez-toc-list ez-toc-list-level-1 eztoc-toggle-hide-by-default' ><li class='ez-toc-page-1 ez-toc-heading-level-1'><a class=\"ez-toc-link ez-toc-heading-1\" href=\"https:\/\/paripesa.app\/es\/terminos-y-condiciones\/#Terminos_y_Condiciones_de_Paripesa\" >T\u00e9rminos y Condiciones de Paripesa<\/a><ul class='ez-toc-list-level-3' ><li class='ez-toc-heading-level-3'><ul class='ez-toc-list-level-3' ><li class='ez-toc-heading-level-3'><a class=\"ez-toc-link ez-toc-heading-2\" href=\"https:\/\/paripesa.app\/es\/terminos-y-condiciones\/#%F0%9F%93%8B_Resumen_general\" >\ud83d\udccb Resumen general<\/a><\/li><li class='ez-toc-page-1 ez-toc-heading-level-3'><a class=\"ez-toc-link ez-toc-heading-3\" href=\"https:\/\/paripesa.app\/es\/terminos-y-condiciones\/#%F0%9F%92%BC_Normas_de_cuenta_y_verificacion\" >\ud83d\udcbc Normas de cuenta y verificaci\u00f3n<\/a><\/li><li class='ez-toc-page-1 ez-toc-heading-level-3'><a class=\"ez-toc-link ez-toc-heading-4\" href=\"https:\/\/paripesa.app\/es\/terminos-y-condiciones\/#%F0%9F%92%B8_Premios_y_reclamaciones\" >\ud83d\udcb8 Premios y reclamaciones<\/a><\/li><li class='ez-toc-page-1 ez-toc-heading-level-3'><a class=\"ez-toc-link ez-toc-heading-5\" href=\"https:\/\/paripesa.app\/es\/terminos-y-condiciones\/#%F0%9F%8C%8D_Acceso_regional_y_responsabilidad_legal\" >\ud83c\udf0d Acceso regional y responsabilidad legal<\/a><\/li><\/ul><\/li><li class='ez-toc-page-1 ez-toc-heading-level-2'><a class=\"ez-toc-link ez-toc-heading-6\" href=\"https:\/\/paripesa.app\/es\/terminos-y-condiciones\/#FAQ_%E2%80%93_Terminos_y_Condiciones_de_Paripesa\" >FAQ \u2013 T\u00e9rminos y Condiciones de Paripesa<\/a><ul class='ez-toc-list-level-3' ><li class='ez-toc-heading-level-3'><a class=\"ez-toc-link ez-toc-heading-7\" href=\"https:\/\/paripesa.app\/es\/terminos-y-condiciones\/#1_%C2%BFQue_son_los_Terminos_y_Condiciones_de_Paripesa\" >1. \u00bfQu\u00e9 son los T\u00e9rminos y Condiciones de Paripesa?<\/a><\/li><li class='ez-toc-page-1 ez-toc-heading-level-3'><a class=\"ez-toc-link ez-toc-heading-8\" href=\"https:\/\/paripesa.app\/es\/terminos-y-condiciones\/#2_%C2%BFPor_que_debo_aceptar_los_Terminos_y_Condiciones\" >2. \u00bfPor qu\u00e9 debo aceptar los T\u00e9rminos y Condiciones?<\/a><\/li><li class='ez-toc-page-1 ez-toc-heading-level-3'><a class=\"ez-toc-link ez-toc-heading-9\" href=\"https:\/\/paripesa.app\/es\/terminos-y-condiciones\/#3_%C2%BFLos_Terminos_y_Condiciones_cambian_segun_el_pais\" >3. \u00bfLos T\u00e9rminos y Condiciones cambian seg\u00fan el pa\u00eds?<\/a><\/li><li class='ez-toc-page-1 ez-toc-heading-level-3'><a class=\"ez-toc-link ez-toc-heading-10\" href=\"https:\/\/paripesa.app\/es\/terminos-y-condiciones\/#4_%C2%BFComo_puedo_encontrar_la_version_mas_reciente_de_los_Terminos_y_Condiciones\" >4. \u00bfC\u00f3mo puedo encontrar la versi\u00f3n m\u00e1s reciente de los T\u00e9rminos y Condiciones?<\/a><\/li><li class='ez-toc-page-1 ez-toc-heading-level-3'><a class=\"ez-toc-link ez-toc-heading-11\" href=\"https:\/\/paripesa.app\/es\/terminos-y-condiciones\/#5_%C2%BFQue_pasa_si_incumplo_los_Terminos_y_Condiciones\" >5. \u00bfQu\u00e9 pasa si incumplo los T\u00e9rminos y Condiciones?<\/a><\/li><li class='ez-toc-page-1 ez-toc-heading-level-3'><a class=\"ez-toc-link ez-toc-heading-12\" href=\"https:\/\/paripesa.app\/es\/terminos-y-condiciones\/#6_%C2%BFPuede_Paripesa_actualizar_los_Terminos_y_Condiciones\" >6. \u00bfPuede Paripesa actualizar los T\u00e9rminos y Condiciones?<\/a><\/li><li class='ez-toc-page-1 ez-toc-heading-level-3'><a class=\"ez-toc-link ez-toc-heading-13\" href=\"https:\/\/paripesa.app\/es\/terminos-y-condiciones\/#7_%C2%BFQue_debo_hacer_si_no_estoy_de_acuerdo_con_los_Terminos_y_Condiciones_actualizados\" >7. \u00bfQu\u00e9 debo hacer si no estoy de acuerdo con los T\u00e9rminos y Condiciones actualizados?<\/a><\/li><li class='ez-toc-page-1 ez-toc-heading-level-3'><a class=\"ez-toc-link ez-toc-heading-14\" href=\"https:\/\/paripesa.app\/es\/terminos-y-condiciones\/#8_%C2%BFHay_restricciones_de_edad_en_los_Terminos_y_Condiciones\" >8. \u00bfHay restricciones de edad en los T\u00e9rminos y Condiciones?<\/a><\/li><li class='ez-toc-page-1 ez-toc-heading-level-3'><a class=\"ez-toc-link ez-toc-heading-15\" href=\"https:\/\/paripesa.app\/es\/terminos-y-condiciones\/#9_%C2%BFLos_Terminos_explican_los_bonos_y_las_reglas_de_apuesta\" >9. \u00bfLos T\u00e9rminos explican los bonos y las reglas de apuesta?<\/a><\/li><li class='ez-toc-page-1 ez-toc-heading-level-3'><a class=\"ez-toc-link ez-toc-heading-16\" href=\"https:\/\/paripesa.app\/es\/terminos-y-condiciones\/#10_%C2%BFCon_quien_puedo_contactar_si_tengo_preguntas_sobre_los_Terminos_y_Condiciones\" >10. \u00bfCon qui\u00e9n puedo contactar si tengo preguntas sobre los T\u00e9rminos y Condiciones?<\/a><\/li><\/ul><\/li><\/ul><\/li><\/ul><\/nav><\/div>\n\n\n\n\n<h3 class=\"wp-block-heading\"><span class=\"ez-toc-section\" id=\"%F0%9F%93%8B_Resumen_general\"><\/span>\ud83d\udccb Resumen general<span class=\"ez-toc-section-end\"><\/span><\/h3>\n\n\n\n<p><a href=\"https:\/\/paripesa.app\/es\/\">Paripesa<\/a> ofrece una amplia variedad de opciones para apostar en deportes y en distintos eventos globales. Para utilizar la plataforma, los usuarios deben tener <strong>al menos 18 a\u00f1os<\/strong> o cumplir la mayor\u00eda de edad legal aplicable en su pa\u00eds. Ciertas personas \u2014 como deportistas, entrenadores, \u00e1rbitros y otros participantes directamente involucrados en los eventos \u2014 tienen <strong>prohibido realizar apuestas<\/strong> para garantizar la integridad y la equidad.<\/p>\n\n\n\n<p>La empresa se reserva el derecho de <strong>rechazar cualquier apuesta<\/strong>, especialmente si existe sospecha de infracci\u00f3n de normas o conducta inapropiada. Las apuestas pueden cancelarse o declararse nulas si se realizan en circunstancias sospechosas, incluyendo el uso de informaci\u00f3n privilegiada o actividades fraudulentas.<\/p>\n\n\n\n<div class=\"wp-block-buttons is-content-justification-center is-layout-flex wp-container-core-buttons-is-layout-16018d1d wp-block-buttons-is-layout-flex\">\n<div class=\"wp-block-button\"><a class=\"wp-block-button__link wp-element-button\" href=\"https:\/\/combodef.com\/L?tag=d_4824720m_147506c_&#038;site=4824720&#038;ad=147506\">LEER M\u00c1S<\/a><\/div>\n<\/div>\n\n\n\n<hr class=\"wp-block-separator has-alpha-channel-opacity\"\/>\n\n\n\n<h3 class=\"wp-block-heading\"><span class=\"ez-toc-section\" id=\"%F0%9F%92%BC_Normas_de_cuenta_y_verificacion\"><\/span>\ud83d\udcbc Normas de cuenta y verificaci\u00f3n<span class=\"ez-toc-section-end\"><\/span><\/h3>\n\n\n\n<p>Cada usuario puede tener solo <strong>una cuenta<\/strong>, y debe registrarse utilizando datos personales reales y precisos. No se permite tener m\u00faltiples cuentas, usar documentos falsos ni crear cuentas para terceros. Paripesa puede solicitar <strong>verificaci\u00f3n de identidad<\/strong>, incluyendo videollamadas o env\u00edo de documentos, especialmente ante actividad sospechosa.<\/p>\n\n\n\n<p>Si una cuenta permanece <strong>inactiva durante m\u00e1s de 3 meses<\/strong>, puede bloquearse autom\u00e1ticamente. Para reactivarla, es necesario contactar con el equipo de seguridad de la plataforma. Adem\u00e1s, la plataforma puede solicitar verificaci\u00f3n de identidad antes de permitir cambios como la actualizaci\u00f3n de la divisa.<\/p>\n\n\n\n<hr class=\"wp-block-separator has-alpha-channel-opacity\"\/>\n\n\n\n<h3 class=\"wp-block-heading\"><span class=\"ez-toc-section\" id=\"%F0%9F%92%B8_Premios_y_reclamaciones\"><\/span>\ud83d\udcb8 Premios y reclamaciones<span class=\"ez-toc-section-end\"><\/span><\/h3>\n\n\n\n<p>Las apuestas se liquidan seg\u00fan los resultados oficiales de los partidos y datos verificados. Por lo general, las ganancias est\u00e1n disponibles para <strong>retiro dentro de 60 d\u00edas<\/strong>. Si el usuario tiene dudas sobre un resultado o un pago, debe presentar una reclamaci\u00f3n detallada dentro de <strong>10 d\u00edas<\/strong>, o dentro de <strong>72 horas<\/strong> para determinados juegos como Cyber-Live.<\/p>\n\n\n\n<p>Paripesa permite la resoluci\u00f3n de disputas mediante un proceso previo al juicio. Si no se alcanza una soluci\u00f3n justa, el asunto puede escalarse por v\u00eda legal, seg\u00fan la jurisdicci\u00f3n correspondiente al domicilio social registrado de la empresa.<\/p>\n\n\n\n<hr class=\"wp-block-separator has-alpha-channel-opacity\"\/>\n\n\n\n<h3 class=\"wp-block-heading\"><span class=\"ez-toc-section\" id=\"%F0%9F%8C%8D_Acceso_regional_y_responsabilidad_legal\"><\/span>\ud83c\udf0d Acceso regional y responsabilidad legal<span class=\"ez-toc-section-end\"><\/span><\/h3>\n\n\n\n<p>Antes de registrarse, los usuarios deben asegurarse de que el juego online sea <strong>legal en su pa\u00eds<\/strong>. Paripesa restringe el acceso desde determinadas jurisdicciones, incluyendo EE. UU., Reino Unido, Francia, Alemania y otras. Es responsabilidad del cliente mantenerse informado sobre la normativa local aplicable.<\/p>\n\n\n\n<p>Si se detecta que un cliente infringe estas restricciones, Paripesa puede:<\/p>\n\n\n\n<ul class=\"wp-block-list\">\n<li>Cancelar todas las apuestas activas<\/li>\n\n\n\n<li>Cerrar la cuenta y reembolsar los dep\u00f3sitos (excluyendo beneficios obtenidos de forma fraudulenta)<\/li>\n<\/ul>\n\n\n\n<hr class=\"wp-block-separator has-alpha-channel-opacity\"\/>\n\n\n\n<h2 class=\"wp-block-heading\"><span class=\"ez-toc-section\" id=\"FAQ_%E2%80%93_Terminos_y_Condiciones_de_Paripesa\"><\/span><strong>FAQ \u2013 T\u00e9rminos y Condiciones de Paripesa<\/strong><span class=\"ez-toc-section-end\"><\/span><\/h2>\n\n\n\n<h3 class=\"wp-block-heading\"><span class=\"ez-toc-section\" id=\"1_%C2%BFQue_son_los_Terminos_y_Condiciones_de_Paripesa\"><\/span><strong>1. \u00bfQu\u00e9 son los T\u00e9rminos y Condiciones de Paripesa?<\/strong><span class=\"ez-toc-section-end\"><\/span><\/h3>\n\n\n\n<p>Son las reglas que regulan c\u00f3mo puedes usar la plataforma, realizar apuestas, depositar o retirar fondos y acceder a los servicios de casino o apuestas deportivas.<\/p>\n\n\n\n<h3 class=\"wp-block-heading\"><span class=\"ez-toc-section\" id=\"2_%C2%BFPor_que_debo_aceptar_los_Terminos_y_Condiciones\"><\/span><strong>2. \u00bfPor qu\u00e9 debo aceptar los T\u00e9rminos y Condiciones?<\/strong><span class=\"ez-toc-section-end\"><\/span><\/h3>\n\n\n\n<p>Debes aceptarlos para utilizar el servicio de forma legal y segura. Al aceptarlos confirmas que entiendes tus derechos, responsabilidades y las pol\u00edticas de la plataforma.<\/p>\n\n\n\n<h3 class=\"wp-block-heading\"><span class=\"ez-toc-section\" id=\"3_%C2%BFLos_Terminos_y_Condiciones_cambian_segun_el_pais\"><\/span><strong>3. \u00bfLos T\u00e9rminos y Condiciones cambian seg\u00fan el pa\u00eds?<\/strong><span class=\"ez-toc-section-end\"><\/span><\/h3>\n\n\n\n<p>Algunas normas pueden variar dependiendo de las leyes de apuestas de tu regi\u00f3n. Revisa siempre la versi\u00f3n que aplique a tu pa\u00eds.<\/p>\n\n\n\n<h3 class=\"wp-block-heading\"><span class=\"ez-toc-section\" id=\"4_%C2%BFComo_puedo_encontrar_la_version_mas_reciente_de_los_Terminos_y_Condiciones\"><\/span><strong>4. \u00bfC\u00f3mo puedo encontrar la versi\u00f3n m\u00e1s reciente de los T\u00e9rminos y Condiciones?<\/strong><span class=\"ez-toc-section-end\"><\/span><\/h3>\n\n\n\n<p>La versi\u00f3n m\u00e1s actualizada siempre est\u00e1 disponible en el sitio web o dentro de la aplicaci\u00f3n m\u00f3vil, en \u201cInformaci\u00f3n legal\u201d o \u201cT\u00e9rminos y Condiciones\u201d.<\/p>\n\n\n\n<h3 class=\"wp-block-heading\"><span class=\"ez-toc-section\" id=\"5_%C2%BFQue_pasa_si_incumplo_los_Terminos_y_Condiciones\"><\/span><strong>5. \u00bfQu\u00e9 pasa si incumplo los T\u00e9rminos y Condiciones?<\/strong><span class=\"ez-toc-section-end\"><\/span><\/h3>\n\n\n\n<p>Tu cuenta puede ser limitada, suspendida o cerrada de forma permanente. En casos graves, las ganancias pueden retenerse conforme a las normas.<\/p>\n\n\n\n<h3 class=\"wp-block-heading\"><span class=\"ez-toc-section\" id=\"6_%C2%BFPuede_Paripesa_actualizar_los_Terminos_y_Condiciones\"><\/span><strong>6. \u00bfPuede Paripesa actualizar los T\u00e9rminos y Condiciones?<\/strong><span class=\"ez-toc-section-end\"><\/span><\/h3>\n\n\n\n<p>S\u00ed. La plataforma puede actualizar las normas en cualquier momento. Se informar\u00e1 a los usuarios cuando se produzcan cambios importantes.<\/p>\n\n\n\n<h3 class=\"wp-block-heading\"><span class=\"ez-toc-section\" id=\"7_%C2%BFQue_debo_hacer_si_no_estoy_de_acuerdo_con_los_Terminos_y_Condiciones_actualizados\"><\/span><strong>7. \u00bfQu\u00e9 debo hacer si no estoy de acuerdo con los T\u00e9rminos y Condiciones actualizados?<\/strong><span class=\"ez-toc-section-end\"><\/span><\/h3>\n\n\n\n<p>Si no est\u00e1s de acuerdo, debes dejar de utilizar la plataforma y solicitar el cierre de tu cuenta a trav\u00e9s del soporte al cliente.<\/p>\n\n\n\n<h3 class=\"wp-block-heading\"><span class=\"ez-toc-section\" id=\"8_%C2%BFHay_restricciones_de_edad_en_los_Terminos_y_Condiciones\"><\/span><strong>8. \u00bfHay restricciones de edad en los T\u00e9rminos y Condiciones?<\/strong><span class=\"ez-toc-section-end\"><\/span><\/h3>\n\n\n\n<p>S\u00ed. Debes tener al menos <strong>18 a\u00f1os<\/strong> (o la edad legal para apostar en tu regi\u00f3n) para utilizar cualquier servicio.<\/p>\n\n\n\n<h3 class=\"wp-block-heading\"><span class=\"ez-toc-section\" id=\"9_%C2%BFLos_Terminos_explican_los_bonos_y_las_reglas_de_apuesta\"><\/span><strong>9. \u00bfLos T\u00e9rminos explican los bonos y las reglas de apuesta?<\/strong><span class=\"ez-toc-section-end\"><\/span><\/h3>\n\n\n\n<p>S\u00ed. Los requisitos de bonos, reglas de apuesta y limitaciones promocionales se incluyen en los T&amp;Cs.<\/p>\n\n\n\n<h3 class=\"wp-block-heading\"><span class=\"ez-toc-section\" id=\"10_%C2%BFCon_quien_puedo_contactar_si_tengo_preguntas_sobre_los_Terminos_y_Condiciones\"><\/span><strong>10. \u00bfCon qui\u00e9n puedo contactar si tengo preguntas sobre los T\u00e9rminos y Condiciones?<\/strong><span class=\"ez-toc-section-end\"><\/span><\/h3>\n\n\n\n<p>Puedes contactar con el servicio de atenci\u00f3n al cliente mediante chat en vivo, correo electr\u00f3nico o el centro de ayuda para obtener aclaraciones o informaci\u00f3n adicional.<\/p>\n\n","protected":false},"excerpt":{"rendered":"<p>T\u00e9rminos generales T\u00e9rminos y Condiciones de Paripesa \ud83d\udccb Resumen general Paripesa ofrece una amplia variedad de opciones para apostar en deportes y en distintos eventos globales. Para utilizar la plataforma, los usuarios deben tener al menos 18 a\u00f1os o cumplir la mayor\u00eda de edad legal aplicable en su pa\u00eds. Ciertas personas \u2014 como deportistas, entrenadores, [&hellip;]<\/p>\n","protected":false},"author":1,"featured_media":0,"parent":0,"menu_order":0,"comment_status":"closed","ping_status":"closed","template":"","meta":{"_sitemap_exclude":false,"_sitemap_priority":"","_sitemap_frequency":"","_monsterinsights_skip_tracking":false,"_monsterinsights_sitenote_active":false,"_monsterinsights_sitenote_note":"","_monsterinsights_sitenote_category":0,"footnotes":""},"class_list":["post-5402","page","type-page","status-publish","hentry"],"acf":[],"yoast_head":"<!-- This site is optimized with the Yoast SEO plugin v27.4 - https:\/\/yoast.com\/product\/yoast-seo-wordpress\/ -->\n<title>Paripesa T\u00e9rminos y Condiciones | Reglas, Cuentas y Apuestas<\/title>\n<meta name=\"description\" content=\"Consulta los T\u00e9rminos y Condiciones de Paripesa: reglas de uso, registro de cuenta, pagos, bonos, apuestas deportivas, juego responsable y reclamaciones para usuarios en Espa\u00f1a.\" \/>\n<meta name=\"robots\" content=\"index, follow, max-snippet:-1, max-image-preview:large, max-video-preview:-1\" \/>\n<meta property=\"og:locale\" content=\"es_ES\" \/>\n<meta property=\"og:type\" content=\"article\" \/>\n<meta property=\"og:url\" content=\"https:\/\/paripesa.app\/es\/terminos-y-condiciones\/\" \/>\n<meta property=\"article:modified_time\" content=\"2026-01-13T12:40:05+00:00\" \/>\n<meta name=\"twitter:card\" content=\"summary_large_image\" \/>\n<meta name=\"twitter:label1\" content=\"Tiempo de lectura\" \/>\n\t<meta name=\"twitter:data1\" content=\"4 minutos\" \/>\n<!-- \/ Yoast SEO plugin. -->","yoast_head_json":{"title":"Paripesa T\u00e9rminos y Condiciones | Reglas, Cuentas y Apuestas","description":"Consulta los T\u00e9rminos y Condiciones de Paripesa: reglas de uso, registro de cuenta, pagos, bonos, apuestas deportivas, juego responsable y reclamaciones para usuarios en Espa\u00f1a.","robots":{"index":"index","follow":"follow","max-snippet":"max-snippet:-1","max-image-preview":"max-image-preview:large","max-video-preview":"max-video-preview:-1"},"og_locale":"es_ES","og_type":"article","og_url":"https:\/\/paripesa.app\/es\/terminos-y-condiciones\/","article_modified_time":"2026-01-13T12:40:05+00:00","twitter_card":"summary_large_image","twitter_misc":{"Tiempo de lectura":"4 minutos"},"schema":{"@context":"https:\/\/schema.org","@graph":[{"@type":"WebPage","@id":"https:\/\/paripesa.app\/es\/terminos-y-condiciones\/","url":"https:\/\/paripesa.app\/es\/terminos-y-condiciones\/","name":"Paripesa T\u00e9rminos y Condiciones | Reglas, Cuentas y Apuestas","isPartOf":{"@id":"https:\/\/paripesa.app\/#website"},"datePublished":"2025-12-03T15:10:02+00:00","dateModified":"2026-01-13T12:40:05+00:00","description":"Consulta los T\u00e9rminos y Condiciones de Paripesa: reglas de uso, registro de cuenta, pagos, bonos, apuestas deportivas, juego responsable y reclamaciones para usuarios en Espa\u00f1a.","breadcrumb":{"@id":"https:\/\/paripesa.app\/es\/terminos-y-condiciones\/#breadcrumb"},"inLanguage":"es","potentialAction":[{"@type":"ReadAction","target":["https:\/\/paripesa.app\/es\/terminos-y-condiciones\/"]}]},{"@type":"WebSite","@id":"https:\/\/paripesa.app\/#website","url":"https:\/\/paripesa.app\/","name":"paripesa","description":"Paripesa App download","publisher":{"@id":"https:\/\/paripesa.app\/#organization"},"potentialAction":[],"inLanguage":"es"},{"@type":"Organization","@id":"https:\/\/paripesa.app\/#organization","name":"paripesa","url":"https:\/\/paripesa.app\/","logo":{"@type":"ImageObject","inLanguage":"es","@id":"https:\/\/paripesa.app\/#\/schema\/logo\/image\/","url":"https:\/\/paripesa.app\/wp-content\/uploads\/2024\/10\/cropped-logo.png","contentUrl":"https:\/\/paripesa.app\/wp-content\/uploads\/2024\/10\/cropped-logo.png","width":281,"height":44,"caption":"paripesa"},"image":{"@id":"https:\/\/paripesa.app\/#\/schema\/logo\/image\/"}}]}},"_links":{"self":[{"href":"https:\/\/paripesa.app\/es\/wp-json\/wp\/v2\/pages\/5402","targetHints":{"allow":["GET"]}}],"collection":[{"href":"https:\/\/paripesa.app\/es\/wp-json\/wp\/v2\/pages"}],"about":[{"href":"https:\/\/paripesa.app\/es\/wp-json\/wp\/v2\/types\/page"}],"author":[{"embeddable":true,"href":"https:\/\/paripesa.app\/es\/wp-json\/wp\/v2\/users\/1"}],"replies":[{"embeddable":true,"href":"https:\/\/paripesa.app\/es\/wp-json\/wp\/v2\/comments?post=5402"}],"version-history":[{"count":3,"href":"https:\/\/paripesa.app\/es\/wp-json\/wp\/v2\/pages\/5402\/revisions"}],"predecessor-version":[{"id":5743,"href":"https:\/\/paripesa.app\/es\/wp-json\/wp\/v2\/pages\/5402\/revisions\/5743"}],"wp:attachment":[{"href":"https:\/\/paripesa.app\/es\/wp-json\/wp\/v2\/media?parent=5402"}],"curies":[{"name":"wp","href":"https:\/\/api.w.org\/{rel}","templated":true}]}}