{"id":5266,"date":"2025-03-13T09:54:35","date_gmt":"2025-03-13T08:54:35","guid":{"rendered":"https:\/\/paripesa.app\/jeu-aviator\/"},"modified":"2025-12-30T19:16:43","modified_gmt":"2025-12-30T18:16:43","slug":"juego-aviator","status":"publish","type":"page","link":"https:\/\/paripesa.app\/es\/juego-aviator\/","title":{"rendered":"Juego Aviator"},"content":{"rendered":"\n<h1 class=\"wp-block-heading has-text-align-center\"><span class=\"ez-toc-section\" id=\"Juego_Aviator_online\"><\/span>Juego Aviator online<span class=\"ez-toc-section-end\"><\/span><\/h1>\n\n\n<div id=\"ez-toc-container\" class=\"ez-toc-v2_0_82_2 counter-hierarchy ez-toc-counter ez-toc-custom ez-toc-container-direction\">\n<div class=\"ez-toc-title-container\">\n<p class=\"ez-toc-title\" style=\"cursor:inherit\">Table of Contents<\/p>\n<span class=\"ez-toc-title-toggle\"><a href=\"#\" class=\"ez-toc-pull-right ez-toc-btn ez-toc-btn-xs ez-toc-btn-default ez-toc-toggle\" aria-label=\"Toggle Table of Content\"><span class=\"ez-toc-js-icon-con\"><span class=\"\"><span class=\"eztoc-hide\" style=\"display:none;\">Toggle<\/span><span class=\"ez-toc-icon-toggle-span\"><svg style=\"fill: #999;color:#999\" xmlns=\"http:\/\/www.w3.org\/2000\/svg\" class=\"list-377408\" width=\"20px\" height=\"20px\" viewBox=\"0 0 24 24\" fill=\"none\"><path d=\"M6 6H4v2h2V6zm14 0H8v2h12V6zM4 11h2v2H4v-2zm16 0H8v2h12v-2zM4 16h2v2H4v-2zm16 0H8v2h12v-2z\" fill=\"currentColor\"><\/path><\/svg><svg style=\"fill: #999;color:#999\" class=\"arrow-unsorted-368013\" xmlns=\"http:\/\/www.w3.org\/2000\/svg\" width=\"10px\" height=\"10px\" viewBox=\"0 0 24 24\" version=\"1.2\" baseProfile=\"tiny\"><path d=\"M18.2 9.3l-6.2-6.3-6.2 6.3c-.2.2-.3.4-.3.7s.1.5.3.7c.2.2.4.3.7.3h11c.3 0 .5-.1.7-.3.2-.2.3-.5.3-.7s-.1-.5-.3-.7zM5.8 14.7l6.2 6.3 6.2-6.3c.2-.2.3-.5.3-.7s-.1-.5-.3-.7c-.2-.2-.4-.3-.7-.3h-11c-.3 0-.5.1-.7.3-.2.2-.3.5-.3.7s.1.5.3.7z\"\/><\/svg><\/span><\/span><\/span><\/a><\/span><\/div>\n<nav><ul class='ez-toc-list ez-toc-list-level-1 eztoc-toggle-hide-by-default' ><li class='ez-toc-page-1 ez-toc-heading-level-1'><a class=\"ez-toc-link ez-toc-heading-1\" href=\"https:\/\/paripesa.app\/es\/juego-aviator\/#Juego_Aviator_online\" >Juego Aviator online<\/a><ul class='ez-toc-list-level-2' ><li class='ez-toc-heading-level-2'><a class=\"ez-toc-link ez-toc-heading-2\" href=\"https:\/\/paripesa.app\/es\/juego-aviator\/#Revue_du_jeu_de_pari_Aviator\" >Revue du jeu de pari Aviator<\/a><ul class='ez-toc-list-level-3' ><li class='ez-toc-heading-level-3'><a class=\"ez-toc-link ez-toc-heading-3\" href=\"https:\/\/paripesa.app\/es\/juego-aviator\/#Juego_Aviator_en_Espana_en_Madrid_y_Barcelona\" >Juego Aviator en Espa\u00f1a, en Madrid y Barcelona<\/a><\/li><\/ul><\/li><li class='ez-toc-page-1 ez-toc-heading-level-2'><a class=\"ez-toc-link ez-toc-heading-4\" href=\"https:\/\/paripesa.app\/es\/juego-aviator\/#Aviator_en_la_app_de_Paripesa\" >Aviator en la app de Paripesa<\/a><ul class='ez-toc-list-level-3' ><li class='ez-toc-heading-level-3'><a class=\"ez-toc-link ez-toc-heading-5\" href=\"https:\/\/paripesa.app\/es\/juego-aviator\/#Los_puntos_fuertes_del_juego\" >Los puntos fuertes del juego<\/a><\/li><\/ul><\/li><li class='ez-toc-page-1 ez-toc-heading-level-2'><a class=\"ez-toc-link ez-toc-heading-6\" href=\"https:\/\/paripesa.app\/es\/juego-aviator\/#%F0%9F%94%A5_Puntos_fuertes_del_juego\" >\ud83d\udd25 Puntos fuertes del juego<\/a><ul class='ez-toc-list-level-3' ><li class='ez-toc-heading-level-3'><a class=\"ez-toc-link ez-toc-heading-7\" href=\"https:\/\/paripesa.app\/es\/juego-aviator\/#Consejos_para_tener_exito_en_el_juego\" >Consejos para tener \u00e9xito en el juego<\/a><\/li><\/ul><\/li><li class='ez-toc-page-1 ez-toc-heading-level-2'><a class=\"ez-toc-link ez-toc-heading-8\" href=\"https:\/\/paripesa.app\/es\/juego-aviator\/#Conclusion\" >Conclusi\u00f3n<\/a><\/li><li class='ez-toc-page-1 ez-toc-heading-level-2'><a class=\"ez-toc-link ez-toc-heading-9\" href=\"https:\/\/paripesa.app\/es\/juego-aviator\/#%F0%9F%9B%AB_Opiniones_de_jugadores_sobre_Aviator_%E2%80%93_Paripesa\" >\ud83d\udeeb Opiniones de jugadores sobre Aviator &#8211; Paripesa<\/a><\/li><li class='ez-toc-page-1 ez-toc-heading-level-2'><a class=\"ez-toc-link ez-toc-heading-10\" href=\"https:\/\/paripesa.app\/es\/juego-aviator\/#%E2%9D%93_FAQ_%E2%80%93_Aviator\" >\u2753 FAQ &#8211; Aviator<\/a><ul class='ez-toc-list-level-3' ><li class='ez-toc-heading-level-3'><a class=\"ez-toc-link ez-toc-heading-11\" href=\"https:\/\/paripesa.app\/es\/juego-aviator\/#%F0%9F%8E%AF_%C2%BFCual_es_el_porcentaje_de_retorno_al_jugador_RTP_de_Aviator\" >\ud83c\udfaf \u00bfCu\u00e1l es el porcentaje de retorno al jugador (RTP) de Aviator?<\/a><\/li><li class='ez-toc-page-1 ez-toc-heading-level-3'><a class=\"ez-toc-link ez-toc-heading-12\" href=\"https:\/\/paripesa.app\/es\/juego-aviator\/#%F0%9F%8E%B0_%C2%BFCual_es_el_mejor_casino_gratis_para_jugar\" >\ud83c\udfb0 \u00bfCu\u00e1l es el mejor casino gratis para jugar?<\/a><\/li><li class='ez-toc-page-1 ez-toc-heading-level-3'><a class=\"ez-toc-link ez-toc-heading-13\" href=\"https:\/\/paripesa.app\/es\/juego-aviator\/#%F0%9F%95%B9%EF%B8%8F_%C2%BFComo_jugar_a_Aviator_online\" >\ud83d\udd79\ufe0f \u00bfC\u00f3mo jugar a Aviator online?<\/a><\/li><\/ul><\/li><\/ul><\/li><\/ul><\/nav><\/div>\n\n\n\n<div class=\"wp-block-image\">\n<figure class=\"aligncenter size-full\"><img loading=\"lazy\" decoding=\"async\" width=\"600\" height=\"286\" src=\"https:\/\/paripesa.app\/wp-content\/uploads\/2025\/03\/aviator.jpg\" alt=\"Aviator jeu\" class=\"wp-image-3755\" srcset=\"https:\/\/paripesa.app\/wp-content\/uploads\/2025\/03\/aviator.jpg 600w, https:\/\/paripesa.app\/wp-content\/uploads\/2025\/03\/aviator-300x143.jpg 300w\" sizes=\"auto, (max-width: 600px) 100vw, 600px\" \/><\/figure><\/div>\n\n\n<p>Lanzado por Spribe, Aviator es uno de los juegos m\u00f3viles gratis m\u00e1s populares en la app de Paripesa. Desde 2019, ha conquistado a los jugadores gracias a sus funciones sencillas y f\u00e1ciles de entender. Esta gu\u00eda te ofrece todos los detalles sobre el juego Aviator, incluidas las mejores recomendaciones para aumentar tus posibilidades de ganar.<\/p>\n\n\n\n<div style=\"width: 90%; max-width: 800px; margin: 20px auto; padding: 20px; border: 3px solid #a82c2c; background-color: #f8f8f8; color: #333; font-family: Arial, sans-serif; box-shadow: 0px 0px 10px #a82c2c; border-radius: 10px;\">\n\n   <center>\n  \u2708\ufe0f Funcionalidades del juego Aviator en la app de Paripesa\n<\/center>\n\n    <table style=\"width: 100%; border-collapse: collapse; background-color: white; border-radius: 10px; overflow: hidden;\">\n        <tr style=\"background-color: #a82c2c; color: white; text-align: left;\">\n            <th style=\"padding: 12px; border: 1px solid #ddd;\">Funcionalidad<\/th>\n            <th style=\"padding: 12px; border: 1px solid #ddd;\">Descripci\u00f3n<\/th>\n        <\/tr>\n        <tr>\n            <td style=\"padding: 12px; border: 1px solid #ddd;\">\ud83d\ude80 Juego con ganancias instant\u00e1neas<\/td>\n            <td style=\"padding: 12px; border: 1px solid #ddd;\">Un juego r\u00e1pido y emocionante en el que decides el momento ideal para retirar tus ganancias.<\/td>\n        <\/tr>\n        <tr style=\"background-color: #f0f0f0;\">\n            <td style=\"padding: 12px; border: 1px solid #ddd;\">\ud83d\udcc8 Multiplicadores altos<\/td>\n            <td style=\"padding: 12px; border: 1px solid #ddd;\">Coeficientes que pueden alcanzar x100 o m\u00e1s, ofreciendo oportunidades de ganancias enormes.<\/td>\n        <\/tr>\n        <tr>\n            <td style=\"padding: 12px; border: 1px solid #ddd;\">\ud83c\udfae Jugabilidad multijugador<\/td>\n            <td style=\"padding: 12px; border: 1px solid #ddd;\">Participa en partidas con otros jugadores en tiempo real y sigue sus estrategias.<\/td>\n        <\/tr>\n        <tr style=\"background-color: #f0f0f0;\">\n            <td style=\"padding: 12px; border: 1px solid #ddd;\">\ud83d\udcf2 Disponible en m\u00f3vil<\/td>\n            <td style=\"padding: 12px; border: 1px solid #ddd;\">Accede al juego f\u00e1cilmente desde la app de Paripesa, optimizada para Android e iOS.<\/td>\n        <\/tr>\n        <tr>\n            <td style=\"padding: 12px; border: 1px solid #ddd;\">\ud83d\udcb0 Amplio rango de apuestas<\/td>\n            <td style=\"padding: 12px; border: 1px solid #ddd;\">Apuesta desde 1 EUR, con opciones de hasta 1.000 EUR para quienes prefieren apuestas m\u00e1s altas.<\/td>\n        <\/tr>\n        <tr style=\"background-color: #f0f0f0;\">\n            <td style=\"padding: 12px; border: 1px solid #ddd;\">\ud83d\udd0d Tecnolog\u00eda justa<\/td>\n            <td style=\"padding: 12px; border: 1px solid #ddd;\">Un sistema \u201cProvably Fair\u201d que garantiza transparencia e integridad en los resultados.<\/td>\n        <\/tr>\n        <tr>\n            <td style=\"padding: 12px; border: 1px solid #ddd;\">\ud83c\udf81 Bonos y promociones<\/td>\n            <td style=\"padding: 12px; border: 1px solid #ddd;\">Aprovecha el bono de bienvenida y ofertas exclusivas para maximizar tus ganancias.<\/td>\n        <\/tr>\n    <\/table>\n\n<\/div>\n\n\n\n\n<div class=\"wp-block-buttons is-content-justification-center is-layout-flex wp-container-core-buttons-is-layout-16018d1d wp-block-buttons-is-layout-flex\">\n<div class=\"wp-block-button\"><a class=\"wp-block-button__link wp-element-button\" href=\"https:\/\/combodef.com\/L?tag=d_4824720m_147506c_&#038;site=4824720&#038;ad=147506\">jugar ahora<\/a><\/div>\n<\/div>\n\n\n\n<h2 class=\"wp-block-heading has-text-align-center\"><span class=\"ez-toc-section\" id=\"Revue_du_jeu_de_pari_Aviator\"><\/span>Revue du jeu de pari Aviator<span class=\"ez-toc-section-end\"><\/span><\/h2>\n\n\n<div class=\"wp-block-image\">\n<figure class=\"aligncenter size-full\"><img loading=\"lazy\" decoding=\"async\" width=\"600\" height=\"338\" src=\"https:\/\/paripesa.app\/wp-content\/uploads\/2024\/06\/4a.jpg\" alt=\" jeu Aviator en ligne\" class=\"wp-image-1133\" srcset=\"https:\/\/paripesa.app\/wp-content\/uploads\/2024\/06\/4a.jpg 600w, https:\/\/paripesa.app\/wp-content\/uploads\/2024\/06\/4a-300x169.jpg 300w\" sizes=\"auto, (max-width: 600px) 100vw, 600px\" \/><\/figure><\/div>\n\n\n<p>El juego Aviator online te ofrece una emocionante experiencia de casino m\u00f3vil en la que est\u00e1s al mando de un avi\u00f3n. El objetivo es seguir el despegue y retirar tus ganancias antes de que el avi\u00f3n desaparezca. Este crash game ofrece una jugabilidad muy diferente a la de los juegos cl\u00e1sicos, como las tragamonedas m\u00f3viles y la ruleta m\u00f3vil.<\/p>\n\n\n\n<h3 class=\"wp-block-heading has-text-align-center\"><span class=\"ez-toc-section\" id=\"Juego_Aviator_en_Espana_en_Madrid_y_Barcelona\"><\/span>Juego Aviator en Espa\u00f1a, en Madrid y Barcelona<span class=\"ez-toc-section-end\"><\/span><\/h3>\n\n\n\n<p>Al igual que otros juegos de casino como el blackjack m\u00f3vil, Aviator tambi\u00e9n tiene muchos fans en Europa. En Espa\u00f1a, destaca por la simplicidad de sus reglas y por sus multiplicadores de ganancias.<\/p>\n\n\n\n<p>Adem\u00e1s, los jugadores pueden disfrutar del juego Aviator en su moneda local (EUR) y utilizar m\u00e9todos de pago c\u00f3modos como Bizum y transferencias bancarias. Tambi\u00e9n es posible conseguir ganancias altas por ronda, lo que hace que la experiencia sea a\u00fan m\u00e1s atractiva.<\/p>\n\n\n\n<div class=\"wp-block-buttons is-content-justification-center is-layout-flex wp-container-core-buttons-is-layout-16018d1d wp-block-buttons-is-layout-flex\">\n<div class=\"wp-block-button\"><a class=\"wp-block-button__link wp-element-button\" href=\"https:\/\/combodef.com\/L?tag=d_4824720m_147506c_&#038;site=4824720&#038;ad=147506\">jugar ahora<\/a><\/div>\n<\/div>\n\n\n\n<h2 class=\"wp-block-heading has-text-align-center\"><span class=\"ez-toc-section\" id=\"Aviator_en_la_app_de_Paripesa\"><\/span>Aviator en la app de Paripesa<span class=\"ez-toc-section-end\"><\/span><\/h2>\n\n\n\n<p>Solo tienes que descargar la app m\u00f3vil para jugar a Aviator. Una vez completada la descarga desde la web oficial, sigue la gu\u00eda a continuaci\u00f3n para empezar a divertirte:<\/p>\n\n\n\n<ol class=\"wp-block-list\">\n<li>Abre el archivo APK e inst\u00e1lalo en tu dispositivo m\u00f3vil.<\/li>\n\n\n\n<li>Abre la app y haz clic en \u00abRegistro\u00bb para crear una cuenta con tu correo electr\u00f3nico o n\u00famero de tel\u00e9fono.<\/li>\n\n\n\n<li>Despu\u00e9s del registro, usa tus credenciales para iniciar sesi\u00f3n en tu cuenta.<\/li>\n\n\n\n<li>Busca el juego Aviator en la biblioteca de juegos y \u00e1brelo.<\/li>\n\n\n\n<li>Haz tu primera apuesta de al menos 1 EUR y juega.\u00a0<\/li>\n<\/ol>\n\n\n\n<p>Para poder jugar a Aviator en la app de casino m\u00f3vil, necesitas recargar tu cuenta. Para ello, puedes elegir m\u00e9todos de pago c\u00f3modos como Bizum y transferencia bancaria.<\/p>\n\n\n\n<h3 class=\"wp-block-heading has-text-align-center\"><span class=\"ez-toc-section\" id=\"Los_puntos_fuertes_del_juego\"><\/span>Los puntos fuertes del juego<span class=\"ez-toc-section-end\"><\/span><\/h3>\n\n\n\n<p>Varios aspectos hacen de Aviator un excelente juego de crash que merece la pena probar. En la tabla siguiente encontrar\u00e1s algunos de estos puntos destacados:<\/p>\n\n\n\n<div style=\"width: 90%; max-width: 800px; margin: 20px auto; padding: 20px; border: 3px solid #a82c2c; background-color: #f8f8f8; color: #333; font-family: Arial, sans-serif; box-shadow: 0px 0px 10px #a82c2c; border-radius: 10px;\">\n\n    <h2 style=\"text-align: center; color: #a82c2c;\"><span class=\"ez-toc-section\" id=\"%F0%9F%94%A5_Puntos_fuertes_del_juego\"><\/span>\ud83d\udd25 Puntos fuertes del juego<span class=\"ez-toc-section-end\"><\/span><\/h2>\n\n    <table style=\"width: 100%; border-collapse: collapse; background-color: white; border-radius: 10px; overflow: hidden;\">\n        <tr style=\"background-color: #a82c2c; color: white; text-align: left;\">\n            <th style=\"padding: 12px; border: 1px solid #ddd;\">Punto fuerte<\/th>\n            <th style=\"padding: 12px; border: 1px solid #ddd;\">Descripci\u00f3n<\/th>\n        <\/tr>\n        <tr>\n            <td style=\"padding: 12px; border: 1px solid #ddd;\">\ud83c\udfaf Amplio rango de apuestas<\/td>\n            <td style=\"padding: 12px; border: 1px solid #ddd;\">Las apuestas van desde 1 EUR hasta 1.000 EUR.<\/td>\n        <\/tr>\n        <tr style=\"background-color: #f0f0f0;\">\n            <td style=\"padding: 12px; border: 1px solid #ddd;\">\ud83d\udd12 Juego demostrablemente justo<\/td>\n            <td style=\"padding: 12px; border: 1px solid #ddd;\">La equidad del juego puede verificarse en los ajustes.<\/td>\n        <\/tr>\n        <tr>\n            <td style=\"padding: 12px; border: 1px solid #ddd;\">\ud83e\udd1d Juego multijugador y social<\/td>\n            <td style=\"padding: 12px; border: 1px solid #ddd;\">Juega en directo con otros jugadores para una experiencia competitiva e inmersiva.<\/td>\n        <\/tr>\n    <\/table>\n\n<\/div>\n\n\n\n\n<h3 class=\"wp-block-heading has-text-align-center\"><span class=\"ez-toc-section\" id=\"Consejos_para_tener_exito_en_el_juego\"><\/span>Consejos para tener \u00e9xito en el juego<span class=\"ez-toc-section-end\"><\/span><\/h3>\n\n\n\n<p>Aqu\u00ed tienes algunos consejos pr\u00e1cticos para aumentar tus posibilidades de ganar en el juego Aviator online:<\/p>\n\n\n\n<ul class=\"wp-block-list\">\n<li>Consulta las reglas del juego para entender bien c\u00f3mo funciona.<\/li>\n\n\n\n<li>Establece un presupuesto de juego y resp\u00e9talo para no arriesgar m\u00e1s de la cuenta.<\/li>\n\n\n\n<li>Haz apuestas peque\u00f1as para limitar el riesgo y reducir posibles p\u00e9rdidas.<\/li>\n\n\n\n<li>Juega con bonos de casino, especialmente apuestas gratis, para alargar la experiencia.<\/li>\n\n\n\n<li>Retira tus ganancias en cuanto el multiplicador alcance un valor razonable.<\/li>\n<\/ul>\n\n\n\n<p>Adem\u00e1s, apuesta siempre de forma responsable y deja de jugar si notas se\u00f1ales de adicci\u00f3n.<\/p>\n\n\n\n<h2 class=\"wp-block-heading\"><span class=\"ez-toc-section\" id=\"Conclusion\"><\/span>Conclusi\u00f3n<span class=\"ez-toc-section-end\"><\/span><\/h2>\n\n\n\n<p>Tanto si est\u00e1s en Madrid, Barcelona o Valencia, Aviator es el juego m\u00f3vil ideal para vivir una experiencia diferente a lo habitual. Basado en el azar, est\u00e1 disponible desde solo 1 EUR en la app de Paripesa y destaca por sus multiplicadores de ganancias.<br><br><\/p>\n\n\n\n<div style=\"width: 90%; max-width: 900px; margin: 20px auto; padding: 20px; border: 3px solid #b02d2d; background-color: #f5f5f5; color: #333; font-family: Arial, sans-serif; box-shadow: 0px 0px 10px #b02d2d; border-radius: 10px; padding: 20px;\">\n\n    <h2 style=\"text-align: center; color: #b02d2d;\"><span class=\"ez-toc-section\" id=\"%F0%9F%9B%AB_Opiniones_de_jugadores_sobre_Aviator_%E2%80%93_Paripesa\"><\/span>\ud83d\udeeb Opiniones de jugadores sobre Aviator &#8211; Paripesa<span class=\"ez-toc-section-end\"><\/span><\/h2>\n\n    <table style=\"width: 100%; border-collapse: collapse; background-color: white; border-radius: 10px; overflow: hidden;\">\n        <tr style=\"background-color: #b02d2d; color: white; text-align: left;\">\n            <th style=\"padding: 12px; border: 1px solid #ddd;\">Nombre y ciudad<\/th>\n            <th style=\"padding: 12px; border: 1px solid #ddd;\">Opini\u00f3n del jugador<\/th>\n        <\/tr>\n        <tr>\n            <td style=\"padding: 12px; border: 1px solid #ddd;\">\n                Juan Garc\u00eda &#8211; Madrid, Espa\u00f1a<br>\n                <em>18.12.2024<\/em>\n            <\/td>\n            <td style=\"padding: 12px; border: 1px solid #ddd;\">\n                \u00a1Juegazo! Retir\u00e9 1.500 EUR en pocos minutos. F\u00e1cil de jugar y retiros r\u00e1pidos.\n            <\/td>\n        <\/tr>\n        <tr style=\"background-color: #f0f0f0;\">\n            <td style=\"padding: 12px; border: 1px solid #ddd;\">\n                Ana Mart\u00ednez &#8211; Barcelona, Espa\u00f1a<br>\n                <em>05.01.2025<\/em>\n            <\/td>\n            <td style=\"padding: 12px; border: 1px solid #ddd;\">\n                Me encanta el modo multijugador, hace el juego mucho m\u00e1s divertido. \u00a1Se puede ganar bien!\n            <\/td>\n        <\/tr>\n        <tr>\n            <td style=\"padding: 12px; border: 1px solid #ddd;\">\n                Carlos L\u00f3pez &#8211; Valencia, Espa\u00f1a<br>\n                <em>22.02.2025<\/em>\n            <\/td>\n            <td style=\"padding: 12px; border: 1px solid #ddd;\">\n                Muy satisfecho. Retiro r\u00e1pido de 1.000 EUR con Bizum.\n            <\/td>\n        <\/tr>\n        <tr style=\"background-color: #f0f0f0;\">\n            <td style=\"padding: 12px; border: 1px solid #ddd;\">\n                Laura S\u00e1nchez &#8211; Sevilla, Espa\u00f1a<br>\n                <em>30.12.2024<\/em>\n            <\/td>\n            <td style=\"padding: 12px; border: 1px solid #ddd;\">\n                Dise\u00f1o fluido y bonos interesantes. \u00a1Gan\u00e9 1.700 EUR en una sola ronda!\n            <\/td>\n        <\/tr>\n        <tr>\n            <td style=\"padding: 12px; border: 1px solid #ddd;\">\n\n\n\n\n<div style=\"width: 90%; max-width: 800px; margin: 20px auto; padding: 20px; border: 3px solid #ff5733; background-color: #fff7e6; color: #333; font-family: Arial, sans-serif; box-shadow: 0px 0px 10px #ff5733; border-radius: 10px; padding: 20px;\">\n\n    <h2 style=\"text-align: center; color: #d84315;\"><span class=\"ez-toc-section\" id=\"%E2%9D%93_FAQ_%E2%80%93_Aviator\"><\/span>\u2753 FAQ &#8211; Aviator<span class=\"ez-toc-section-end\"><\/span><\/h2>\n\n    <h3 style=\"color: #ff4500;\"><span class=\"ez-toc-section\" id=\"%F0%9F%8E%AF_%C2%BFCual_es_el_porcentaje_de_retorno_al_jugador_RTP_de_Aviator\"><\/span>\ud83c\udfaf \u00bfCu\u00e1l es el porcentaje de retorno al jugador (RTP) de Aviator?<span class=\"ez-toc-section-end\"><\/span><\/h3>\n    <p style=\"font-size: 18px; line-height: 1.6;\">El juego Aviator tiene un RTP del <strong>97%<\/strong>.<\/p>\n\n    <h3 style=\"color: #ff4500;\"><span class=\"ez-toc-section\" id=\"%F0%9F%8E%B0_%C2%BFCual_es_el_mejor_casino_gratis_para_jugar\"><\/span>\ud83c\udfb0 \u00bfCu\u00e1l es el mejor casino gratis para jugar?<span class=\"ez-toc-section-end\"><\/span><\/h3>\n    <p style=\"font-size: 18px; line-height: 1.6;\">\n        La app de casino Paripesa es el mejor lugar para disfrutar de Aviator.\n        Te ofrece <strong>60 apuestas gratis<\/strong> cada viernes para jugar.\n    <\/p>\n\n    <h3 style=\"color: #ff4500;\"><span class=\"ez-toc-section\" id=\"%F0%9F%95%B9%EF%B8%8F_%C2%BFComo_jugar_a_Aviator_online\"><\/span>\ud83d\udd79\ufe0f \u00bfC\u00f3mo jugar a Aviator online?<span class=\"ez-toc-section-end\"><\/span><\/h3>\n    <p style=\"font-size: 18px; line-height: 1.6;\">\n        Para jugar, <a href=\"https:\/\/paripesa.app\/es\/\">descarga Paripesa<\/a> e inicia sesi\u00f3n en tu cuenta.\n        Despu\u00e9s, abre el juego y elige la apuesta con las opciones \u00ab + \u00bb y \u00ab &#8211; \u00bb.\n    <\/p>\n\n<\/div>\n\n\n\n\n<p><\/p>\n\n\n\n<p><\/p>\n","protected":false},"excerpt":{"rendered":"<p>Juego Aviator online Lanzado por Spribe, Aviator es uno de los juegos m\u00f3viles gratis m\u00e1s populares en la app de Paripesa. Desde 2019, ha conquistado a los jugadores gracias a sus funciones sencillas y f\u00e1ciles de entender. Esta gu\u00eda te ofrece todos los detalles sobre el juego Aviator, incluidas las mejores recomendaciones para aumentar tus [&hellip;]<\/p>\n","protected":false},"author":1,"featured_media":3788,"parent":0,"menu_order":0,"comment_status":"closed","ping_status":"closed","template":"","meta":{"_sitemap_exclude":false,"_sitemap_priority":"","_sitemap_frequency":"","_monsterinsights_skip_tracking":false,"_monsterinsights_sitenote_active":false,"_monsterinsights_sitenote_note":"","_monsterinsights_sitenote_category":0,"footnotes":""},"class_list":["post-5266","page","type-page","status-publish","has-post-thumbnail","hentry"],"acf":[],"yoast_head":"<!-- This site is optimized with the Yoast SEO plugin v27.4 - https:\/\/yoast.com\/product\/yoast-seo-wordpress\/ -->\n<title>Juego Aviator online \u2013 experiencia de juego \u00fanica en Espa\u00f1a! \u26a1<\/title>\n<meta name=\"description\" content=\"Envie de sensations fortes? Essayez le Jeu Aviator en S\u00e9n\u00e9gal, RDC, Mali, et Burkina Faso. Profitez de bonus exclusifs et de paiements rapides! \ud83c\udfc6\" \/>\n<meta name=\"robots\" content=\"index, follow, max-snippet:-1, max-image-preview:large, max-video-preview:-1\" \/>\n<meta property=\"og:locale\" content=\"es_ES\" \/>\n<meta property=\"og:type\" content=\"article\" \/>\n<meta property=\"og:url\" content=\"https:\/\/paripesa.app\/es\/juego-aviator\/\" \/>\n<meta property=\"article:modified_time\" content=\"2025-12-30T18:16:43+00:00\" \/>\n<meta property=\"og:image\" content=\"https:\/\/paripesa.app\/wp-content\/uploads\/2025\/03\/app-aviator-1-1600x420-1.jpg\" \/>\n\t<meta property=\"og:image:width\" content=\"1600\" \/>\n\t<meta property=\"og:image:height\" content=\"420\" \/>\n\t<meta property=\"og:image:type\" content=\"image\/jpeg\" \/>\n<meta name=\"twitter:card\" content=\"summary_large_image\" \/>\n<meta name=\"twitter:label1\" content=\"Tiempo de lectura\" \/>\n\t<meta name=\"twitter:data1\" content=\"5 minutos\" \/>\n<!-- \/ Yoast SEO plugin. -->","yoast_head_json":{"title":"Juego Aviator online \u2013 experiencia de juego \u00fanica en Espa\u00f1a! \u26a1","description":"Envie de sensations fortes? Essayez le Jeu Aviator en S\u00e9n\u00e9gal, RDC, Mali, et Burkina Faso. Profitez de bonus exclusifs et de paiements rapides! \ud83c\udfc6","robots":{"index":"index","follow":"follow","max-snippet":"max-snippet:-1","max-image-preview":"max-image-preview:large","max-video-preview":"max-video-preview:-1"},"og_locale":"es_ES","og_type":"article","og_url":"https:\/\/paripesa.app\/es\/juego-aviator\/","article_modified_time":"2025-12-30T18:16:43+00:00","og_image":[{"width":1600,"height":420,"url":"https:\/\/paripesa.app\/wp-content\/uploads\/2025\/03\/app-aviator-1-1600x420-1.jpg","type":"image\/jpeg"}],"twitter_card":"summary_large_image","twitter_misc":{"Tiempo de lectura":"5 minutos"},"schema":{"@context":"https:\/\/schema.org","@graph":[{"@type":"WebPage","@id":"https:\/\/paripesa.app\/es\/juego-aviator\/","url":"https:\/\/paripesa.app\/es\/juego-aviator\/","name":"Juego Aviator online \u2013 experiencia de juego \u00fanica en Espa\u00f1a! \u26a1","isPartOf":{"@id":"https:\/\/paripesa.app\/#website"},"primaryImageOfPage":{"@id":"https:\/\/paripesa.app\/es\/juego-aviator\/#primaryimage"},"image":{"@id":"https:\/\/paripesa.app\/es\/juego-aviator\/#primaryimage"},"thumbnailUrl":"https:\/\/paripesa.app\/wp-content\/uploads\/2025\/03\/app-aviator-1-1600x420-1.jpg","datePublished":"2025-03-13T08:54:35+00:00","dateModified":"2025-12-30T18:16:43+00:00","description":"Envie de sensations fortes? Essayez le Jeu Aviator en S\u00e9n\u00e9gal, RDC, Mali, et Burkina Faso. Profitez de bonus exclusifs et de paiements rapides! \ud83c\udfc6","breadcrumb":{"@id":"https:\/\/paripesa.app\/es\/juego-aviator\/#breadcrumb"},"inLanguage":"es","potentialAction":[{"@type":"ReadAction","target":["https:\/\/paripesa.app\/es\/juego-aviator\/"]}]},{"@type":"ImageObject","inLanguage":"es","@id":"https:\/\/paripesa.app\/es\/juego-aviator\/#primaryimage","url":"https:\/\/paripesa.app\/wp-content\/uploads\/2025\/03\/app-aviator-1-1600x420-1.jpg","contentUrl":"https:\/\/paripesa.app\/wp-content\/uploads\/2025\/03\/app-aviator-1-1600x420-1.jpg","width":1600,"height":420,"caption":"aviator"},{"@type":"WebSite","@id":"https:\/\/paripesa.app\/#website","url":"https:\/\/paripesa.app\/","name":"paripesa","description":"Paripesa App download","publisher":{"@id":"https:\/\/paripesa.app\/#organization"},"potentialAction":[],"inLanguage":"es"},{"@type":"Organization","@id":"https:\/\/paripesa.app\/#organization","name":"paripesa","url":"https:\/\/paripesa.app\/","logo":{"@type":"ImageObject","inLanguage":"es","@id":"https:\/\/paripesa.app\/#\/schema\/logo\/image\/","url":"https:\/\/paripesa.app\/wp-content\/uploads\/2024\/10\/cropped-logo.png","contentUrl":"https:\/\/paripesa.app\/wp-content\/uploads\/2024\/10\/cropped-logo.png","width":281,"height":44,"caption":"paripesa"},"image":{"@id":"https:\/\/paripesa.app\/#\/schema\/logo\/image\/"}}]}},"_links":{"self":[{"href":"https:\/\/paripesa.app\/es\/wp-json\/wp\/v2\/pages\/5266","targetHints":{"allow":["GET"]}}],"collection":[{"href":"https:\/\/paripesa.app\/es\/wp-json\/wp\/v2\/pages"}],"about":[{"href":"https:\/\/paripesa.app\/es\/wp-json\/wp\/v2\/types\/page"}],"author":[{"embeddable":true,"href":"https:\/\/paripesa.app\/es\/wp-json\/wp\/v2\/users\/1"}],"replies":[{"embeddable":true,"href":"https:\/\/paripesa.app\/es\/wp-json\/wp\/v2\/comments?post=5266"}],"version-history":[{"count":5,"href":"https:\/\/paripesa.app\/es\/wp-json\/wp\/v2\/pages\/5266\/revisions"}],"predecessor-version":[{"id":5283,"href":"https:\/\/paripesa.app\/es\/wp-json\/wp\/v2\/pages\/5266\/revisions\/5283"}],"wp:featuredmedia":[{"embeddable":true,"href":"https:\/\/paripesa.app\/es\/wp-json\/wp\/v2\/media\/3788"}],"wp:attachment":[{"href":"https:\/\/paripesa.app\/es\/wp-json\/wp\/v2\/media?parent=5266"}],"curies":[{"name":"wp","href":"https:\/\/api.w.org\/{rel}","templated":true}]}}