{"id":5451,"date":"2025-12-03T16:53:21","date_gmt":"2025-12-03T15:53:21","guid":{"rendered":"https:\/\/paripesa.app\/responsible-gambling\/"},"modified":"2026-01-13T11:07:56","modified_gmt":"2026-01-13T10:07:56","slug":"verantwortungsbewusstes-spielen","status":"publish","type":"page","link":"https:\/\/paripesa.app\/de\/verantwortungsbewusstes-spielen\/","title":{"rendered":"Verantwortungsbewusstes Spielen"},"content":{"rendered":"\n<h1 class=\"wp-block-heading\"><span class=\"ez-toc-section\" id=\"Verantwortungsbewusstes_Spielen\"><\/span>Verantwortungsbewusstes Spielen<span class=\"ez-toc-section-end\"><\/span><\/h1>\n\n\n<div id=\"ez-toc-container\" class=\"ez-toc-v2_0_82_2 counter-hierarchy ez-toc-counter ez-toc-custom ez-toc-container-direction\">\n<div class=\"ez-toc-title-container\">\n<p class=\"ez-toc-title\" style=\"cursor:inherit\">Table of Contents<\/p>\n<span class=\"ez-toc-title-toggle\"><a href=\"#\" class=\"ez-toc-pull-right ez-toc-btn ez-toc-btn-xs ez-toc-btn-default ez-toc-toggle\" aria-label=\"Toggle Table of Content\"><span class=\"ez-toc-js-icon-con\"><span class=\"\"><span class=\"eztoc-hide\" style=\"display:none;\">Toggle<\/span><span class=\"ez-toc-icon-toggle-span\"><svg style=\"fill: #999;color:#999\" xmlns=\"http:\/\/www.w3.org\/2000\/svg\" class=\"list-377408\" width=\"20px\" height=\"20px\" viewBox=\"0 0 24 24\" fill=\"none\"><path d=\"M6 6H4v2h2V6zm14 0H8v2h12V6zM4 11h2v2H4v-2zm16 0H8v2h12v-2zM4 16h2v2H4v-2zm16 0H8v2h12v-2z\" fill=\"currentColor\"><\/path><\/svg><svg style=\"fill: #999;color:#999\" class=\"arrow-unsorted-368013\" xmlns=\"http:\/\/www.w3.org\/2000\/svg\" width=\"10px\" height=\"10px\" viewBox=\"0 0 24 24\" version=\"1.2\" baseProfile=\"tiny\"><path d=\"M18.2 9.3l-6.2-6.3-6.2 6.3c-.2.2-.3.4-.3.7s.1.5.3.7c.2.2.4.3.7.3h11c.3 0 .5-.1.7-.3.2-.2.3-.5.3-.7s-.1-.5-.3-.7zM5.8 14.7l6.2 6.3 6.2-6.3c.2-.2.3-.5.3-.7s-.1-.5-.3-.7c-.2-.2-.4-.3-.7-.3h-11c-.3 0-.5.1-.7.3-.2.2-.3.5-.3.7s.1.5.3.7z\"\/><\/svg><\/span><\/span><\/span><\/a><\/span><\/div>\n<nav><ul class='ez-toc-list ez-toc-list-level-1 eztoc-toggle-hide-by-default' ><li class='ez-toc-page-1 ez-toc-heading-level-1'><a class=\"ez-toc-link ez-toc-heading-1\" href=\"https:\/\/paripesa.app\/de\/verantwortungsbewusstes-spielen\/#Verantwortungsbewusstes_Spielen\" >Verantwortungsbewusstes Spielen<\/a><ul class='ez-toc-list-level-3' ><li class='ez-toc-heading-level-3'><ul class='ez-toc-list-level-3' ><li class='ez-toc-heading-level-3'><a class=\"ez-toc-link ez-toc-heading-2\" href=\"https:\/\/paripesa.app\/de\/verantwortungsbewusstes-spielen\/#Unser_Anspruch\" >Unser Anspruch<\/a><\/li><li class='ez-toc-page-1 ez-toc-heading-level-3'><a class=\"ez-toc-link ez-toc-heading-3\" href=\"https:\/\/paripesa.app\/de\/verantwortungsbewusstes-spielen\/#Kinder_und_Jugendliche_schuetzen\" >Kinder und Jugendliche sch\u00fctzen<\/a><\/li><li class='ez-toc-page-1 ez-toc-heading-level-3'><a class=\"ez-toc-link ez-toc-heading-4\" href=\"https:\/\/paripesa.app\/de\/verantwortungsbewusstes-spielen\/#Muessen_Sie_Ihr_Spielverhalten_ueberpruefen\" >M\u00fcssen Sie Ihr Spielverhalten \u00fcberpr\u00fcfen?<\/a><\/li><li class='ez-toc-page-1 ez-toc-heading-level-3'><a class=\"ez-toc-link ez-toc-heading-5\" href=\"https:\/\/paripesa.app\/de\/verantwortungsbewusstes-spielen\/#Tipps_fuer_sichereres_Spielen\" >Tipps f\u00fcr sichereres Spielen<\/a><\/li><li class='ez-toc-page-1 ez-toc-heading-level-3'><a class=\"ez-toc-link ez-toc-heading-6\" href=\"https:\/\/paripesa.app\/de\/verantwortungsbewusstes-spielen\/#Limits_setzen_und_Selbstsperre\" >Limits setzen und Selbstsperre<\/a><\/li><li class='ez-toc-page-1 ez-toc-heading-level-3'><a class=\"ez-toc-link ez-toc-heading-7\" href=\"https:\/\/paripesa.app\/de\/verantwortungsbewusstes-spielen\/#Hilfsangebote_in_Deutschland\" >Hilfsangebote in Deutschland<\/a><\/li><\/ul><\/li><\/ul><\/li><\/ul><\/nav><\/div>\n\n\n\n\n<p>Gl\u00fccksspiel auf der <a href=\"https:\/\/paripesa.app\/de\/\">Paripesa APP<\/a> soll Spa\u00df machen \u2013 es ist Unterhaltung und kein Weg, Geld zu verdienen oder finanzielle Probleme zu l\u00f6sen. Wenn es aufh\u00f6rt, sich gut anzuf\u00fchlen, und stattdessen Stress, Schulden oder Streit mit nahestehenden Menschen verursacht, kann das ein Hinweis auf ein Gl\u00fccksspielproblem sein.<\/p>\n\n\n\n<p>Exzessives Gl\u00fccksspiel kann mit psychischen Belastungen zusammenh\u00e4ngen \u2013 zum Beispiel mit Angstzust\u00e4nden, Depressionen und auch suizidalen Gedanken. Au\u00dferdem kann es Beziehungen in der Familie belasten, sich negativ auf Arbeit oder Studium auswirken und zu ernsthaften finanziellen Schwierigkeiten f\u00fchren.<\/p>\n\n\n\n<h3 class=\"wp-block-heading\"><span class=\"ez-toc-section\" id=\"Unser_Anspruch\"><\/span>Unser Anspruch<span class=\"ez-toc-section-end\"><\/span><\/h3>\n\n\n\n<ul class=\"wp-block-list\">\n<li>Wir erlauben kein Gl\u00fccksspiel f\u00fcr Minderj\u00e4hrige. Unsere Dienste sind ausschlie\u00dflich f\u00fcr Erwachsene (in Deutschland grunds\u00e4tzlich 18+).<\/li>\n\n\n\n<li>Wir richten Werbung, Sponsoring oder Marketing nicht an Minderj\u00e4hrige oder besonders gef\u00e4hrdete Personen.<\/li>\n\n\n\n<li>Wir pr\u00fcfen das Alter unserer Kundinnen und Kunden regelm\u00e4\u00dfig. Wenn wir Ihr Alter nicht best\u00e4tigen k\u00f6nnen, bitten wir um zus\u00e4tzliche Dokumente.<\/li>\n\n\n\n<li>Bis Ihr Alter best\u00e4tigt ist, kann der Zugriff auf Ihr Konto eingeschr\u00e4nkt sein und Guthaben k\u00f6nnen vor\u00fcbergehend gesperrt werden, um sicherzustellen, dass Sie den Service rechtm\u00e4\u00dfig nutzen d\u00fcrfen.<\/li>\n\n\n\n<li>Unsere Werbung verspricht keine garantierten Gewinne und verschweigt keine Risiken. Wir f\u00f6rdern ma\u00dfvolles und verantwortungsbewusstes Spielen.<\/li>\n<\/ul>\n\n\n\n<h3 class=\"wp-block-heading\"><span class=\"ez-toc-section\" id=\"Kinder_und_Jugendliche_schuetzen\"><\/span>Kinder und Jugendliche sch\u00fctzen<span class=\"ez-toc-section-end\"><\/span><\/h3>\n\n\n\n<p>Wenn Sie Ihren Computer oder Ihr mobiles Ger\u00e4t mit Personen unter 18 Jahren teilen, achten Sie bitte darauf:<\/p>\n\n\n\n<ul class=\"wp-block-list\">\n<li>Bewahren Sie Benutzernamen, Passw\u00f6rter und Bankdaten vertraulich und sicher auf.<\/li>\n\n\n\n<li>Melden Sie sich nach dem Spielen immer von Ihrem Konto ab.<\/li>\n\n\n\n<li>Erw\u00e4gen Sie den Einsatz von Jugendschutz- oder Filtersoftware (z. B. NetNanny oder CyberPatrol), um Gl\u00fccksspielseiten auf gemeinsam genutzten Ger\u00e4ten zu blockieren.<\/li>\n<\/ul>\n\n\n\n<h3 class=\"wp-block-heading\"><span class=\"ez-toc-section\" id=\"Muessen_Sie_Ihr_Spielverhalten_ueberpruefen\"><\/span>M\u00fcssen Sie Ihr Spielverhalten \u00fcberpr\u00fcfen?<span class=\"ez-toc-section-end\"><\/span><\/h3>\n\n\n\n<p>Beantworten Sie die folgenden Fragen ehrlich mit \u201eJa\u201c oder \u201eNein\u201c:<\/p>\n\n\n\n<ul class=\"wp-block-list\">\n<li>Haben Sie das Gef\u00fchl, dass Ihre Ausgaben f\u00fcrs Gl\u00fccksspiel au\u00dfer Kontrolle geraten?<\/li>\n\n\n\n<li>Haben Sie jemals Geld geliehen oder gestohlen, um weiterspielen zu k\u00f6nnen?<\/li>\n\n\n\n<li>Verbringen Sie wegen des Gl\u00fccksspiels weniger Zeit mit Familie und Freundinnen\/Freunden?<\/li>\n\n\n\n<li>Machen Sie Kommentare anderer \u00fcber Ihr Spielen gereizt oder defensiv?<\/li>\n\n\n\n<li>Haben Sie das Interesse an Hobbys oder Aktivit\u00e4ten verloren, die Ihnen fr\u00fcher Spa\u00df gemacht haben?<\/li>\n\n\n\n<li>F\u00fchlen Sie sich wegen Spielverlusten niedergeschlagen, hoffnungslos oder haben Sie suizidale Gedanken?<\/li>\n\n\n\n<li>Haben Sie dar\u00fcber gelogen, wie viel Zeit oder Geld Sie f\u00fcrs Gl\u00fccksspiel aufwenden?<\/li>\n<\/ul>\n\n\n\n<p>Wenn Sie die meisten Fragen mit \u201eJa\u201c beantwortet haben, k\u00f6nnten Sie ein Gl\u00fccksspielproblem haben. Sie sind nicht allein \u2013 Hilfe ist verf\u00fcgbar.<\/p>\n\n\n\n<h3 class=\"wp-block-heading\"><span class=\"ez-toc-section\" id=\"Tipps_fuer_sichereres_Spielen\"><\/span>Tipps f\u00fcr sichereres Spielen<span class=\"ez-toc-section-end\"><\/span><\/h3>\n\n\n\n<ul class=\"wp-block-list\">\n<li>Betrachten Sie Gl\u00fccksspiel nicht als Haupteinnahmequelle.<\/li>\n\n\n\n<li>Setzen Sie vorab ein Budget und ein Zeitlimit \u2013 und halten Sie sich daran.<\/li>\n\n\n\n<li>Spielen Sie nur mit Geld, dessen Verlust Sie sich leisten k\u00f6nnen.<\/li>\n\n\n\n<li>Jagen Sie Verlusten nicht hinterher \u2013 akzeptieren Sie sie als Teil des Spiels.<\/li>\n\n\n\n<li>Spielen Sie nicht, wenn Sie m\u00fcde, gestresst, unter Alkohol-\/Drogeneinfluss sind oder sich psychisch belastet f\u00fchlen.<\/li>\n<\/ul>\n\n\n\n<h3 class=\"wp-block-heading\"><span class=\"ez-toc-section\" id=\"Limits_setzen_und_Selbstsperre\"><\/span>Limits setzen und Selbstsperre<span class=\"ez-toc-section-end\"><\/span><\/h3>\n\n\n\n<p>Wenn Sie merken, dass Gl\u00fccksspiel problematisch wird, empfehlen wir Ihnen, unsere Tools f\u00fcr verantwortungsbewusstes Spielen zu nutzen:<\/p>\n\n\n\n<ul class=\"wp-block-list\">\n<li><strong>Einzahlungs- und Einsatzlimits:<\/strong> Sie k\u00f6nnen Limits festlegen, wie viel Sie einzahlen oder setzen. \u00c4nderungen an Limits k\u00f6nnen bis zu 24 Stunden ben\u00f6tigen, bis sie wirksam werden.<\/li>\n\n\n\n<li><strong>Selbstsperre (Selbstausschluss):<\/strong> Sie k\u00f6nnen eine vor\u00fcbergehende Kontoschlie\u00dfung oder Einschr\u00e4nkung des Zugangs zum Gl\u00fccksspiel f\u00fcr einen gew\u00e4hlten Zeitraum beantragen (z. B. 6 Monate, 9 Monate oder 1 Jahr). W\u00e4hrend dieser Zeit d\u00fcrfen Sie kein neues Konto er\u00f6ffnen.<\/li>\n\n\n\n<li>Nach Ablauf der Sperrfrist k\u00f6nnen Sie uns kontaktieren, wenn Sie die Dienste wieder nutzen m\u00f6chten. Antr\u00e4ge zur Aufhebung von Einschr\u00e4nkungen vor Ablauf werden sorgf\u00e4ltig gepr\u00fcft und k\u00f6nnen abgelehnt werden.<\/li>\n\n\n\n<li>Um Limits zu setzen oder eine Selbstsperre zu beantragen, wenden Sie sich bitte an unseren Customer Support. Wir helfen Ihnen dabei, die Kontrolle \u00fcber Ihr Spielverhalten zu behalten.<\/li>\n<\/ul>\n\n\n\n<h3 class=\"wp-block-heading\"><span class=\"ez-toc-section\" id=\"Hilfsangebote_in_Deutschland\"><\/span>Hilfsangebote in Deutschland<span class=\"ez-toc-section-end\"><\/span><\/h3>\n\n\n\n<p>Wenn Sie sich um Ihr eigenes Spielverhalten oder das einer anderen Person sorgen, gibt es professionelle und vertrauliche Unterst\u00fctzung. Hier sind anerkannte Anlaufstellen (Deutschland):<\/p>\n\n\n\n<ul class=\"wp-block-list\">\n<li><a href=\"https:\/\/www.check-dein-spiel.de\/\" target=\"_blank\" rel=\"noreferrer noopener\">Check dein Spiel (BI\u00d6G)<\/a> \u2013 Informationen, Selbsttest und Beratung; kostenfreie telefonische Beratung zur Gl\u00fccksspielsucht: <strong>0800 1 37 27 00<\/strong>.<\/li>\n\n\n\n<li><a href=\"https:\/\/www.bioeg.de\/service\/infotelefone\/sucht-drogen-hotline\/\" target=\"_blank\" rel=\"noreferrer noopener\">Sucht &amp; Drogen Hotline<\/a> \u2013 telefonische Beratung und Vermittlung in Hilfsangebote: <strong>01806 313031<\/strong>.<\/li>\n\n\n\n<li><a href=\"https:\/\/www.gluecksspiel-behoerde.de\/de\/fuer-spielende\/gluecksspielsucht-beratungs-und-hilfsangebote\" target=\"_blank\" rel=\"noreferrer noopener\">GGL (Gemeinsame Gl\u00fccksspielbeh\u00f6rde der L\u00e4nder)<\/a> \u2013 \u00dcbersicht zu Beratungs- und Hilfsangeboten sowie weiteren Anlaufstellen.<\/li>\n\n\n\n<li><a href=\"https:\/\/www.bundesweit-gegen-gluecksspielsucht.de\/telefon-beratung\" target=\"_blank\" rel=\"noreferrer noopener\">Landeskoordinierungsstellen Gl\u00fccksspielsucht<\/a> \u2013 Hotline-\u00dcbersicht (u. a. kostenfreie Nummern f\u00fcr Betroffene und Angeh\u00f6rige).<\/li>\n\n\n\n<li><a href=\"https:\/\/www.bundesweit-gegen-gluecksspielsucht.de\/infos-faq\/spielersperre\" target=\"_blank\" rel=\"noreferrer noopener\">Spielersperre (OASIS)<\/a> \u2013 Informationen zur bundesweiten, spielform\u00fcbergreifenden Selbstsperre.<\/li>\n<\/ul>\n\n\n\n<p>Wenn Sie akute Suizidgedanken haben oder bef\u00fcrchten, sich selbst zu verletzen, w\u00e4hlen Sie bitte sofort den Notruf <strong>112<\/strong> (Deutschland) oder wenden Sie sich umgehend an eine Krisenhilfe in Ihrer Region.<\/p>\n\n\n\n<p><\/p>\n\n","protected":false},"excerpt":{"rendered":"<p>Verantwortungsbewusstes Spielen Gl\u00fccksspiel auf der Paripesa APP soll Spa\u00df machen \u2013 es ist Unterhaltung und kein Weg, Geld zu verdienen oder finanzielle Probleme zu l\u00f6sen. Wenn es aufh\u00f6rt, sich gut anzuf\u00fchlen, und stattdessen Stress, Schulden oder Streit mit nahestehenden Menschen verursacht, kann das ein Hinweis auf ein Gl\u00fccksspielproblem sein. Exzessives Gl\u00fccksspiel kann mit psychischen Belastungen [&hellip;]<\/p>\n","protected":false},"author":1,"featured_media":0,"parent":0,"menu_order":0,"comment_status":"closed","ping_status":"closed","template":"","meta":{"_sitemap_exclude":false,"_sitemap_priority":"","_sitemap_frequency":"","_monsterinsights_skip_tracking":false,"_monsterinsights_sitenote_active":false,"_monsterinsights_sitenote_note":"","_monsterinsights_sitenote_category":0,"footnotes":""},"class_list":["post-5451","page","type-page","status-publish","hentry"],"acf":[],"yoast_head":"<!-- This site is optimized with the Yoast SEO plugin v27.4 - https:\/\/yoast.com\/product\/yoast-seo-wordpress\/ -->\n<title>Verantwortungsbewusstes Spielen bei Paripesa Deutschland<\/title>\n<meta name=\"description\" content=\"Setzen Sie Limits, kontrollieren Sie Zeit und Budget und nutzen Sie Hilfsangebote f\u00fcr sicheres und verantwortungsbewusstes Gl\u00fccksspiel in Deutschland.\" \/>\n<meta name=\"robots\" content=\"index, follow, max-snippet:-1, max-image-preview:large, max-video-preview:-1\" \/>\n<meta property=\"og:locale\" content=\"de_DE\" \/>\n<meta property=\"og:type\" content=\"article\" \/>\n<meta property=\"og:url\" content=\"https:\/\/paripesa.app\/de\/verantwortungsbewusstes-spielen\/\" \/>\n<meta property=\"article:modified_time\" content=\"2026-01-13T10:07:56+00:00\" \/>\n<meta name=\"twitter:card\" content=\"summary_large_image\" \/>\n<meta name=\"twitter:label1\" content=\"Gesch\u00e4tzte Lesezeit\" \/>\n\t<meta name=\"twitter:data1\" content=\"3\u00a0Minuten\" \/>\n<!-- \/ Yoast SEO plugin. -->","yoast_head_json":{"title":"Verantwortungsbewusstes Spielen bei Paripesa Deutschland","description":"Setzen Sie Limits, kontrollieren Sie Zeit und Budget und nutzen Sie Hilfsangebote f\u00fcr sicheres und verantwortungsbewusstes Gl\u00fccksspiel in Deutschland.","robots":{"index":"index","follow":"follow","max-snippet":"max-snippet:-1","max-image-preview":"max-image-preview:large","max-video-preview":"max-video-preview:-1"},"og_locale":"de_DE","og_type":"article","og_url":"https:\/\/paripesa.app\/de\/verantwortungsbewusstes-spielen\/","article_modified_time":"2026-01-13T10:07:56+00:00","twitter_card":"summary_large_image","twitter_misc":{"Gesch\u00e4tzte Lesezeit":"3\u00a0Minuten"},"schema":{"@context":"https:\/\/schema.org","@graph":[{"@type":"WebPage","@id":"https:\/\/paripesa.app\/de\/verantwortungsbewusstes-spielen\/","url":"https:\/\/paripesa.app\/de\/verantwortungsbewusstes-spielen\/","name":"Verantwortungsbewusstes Spielen bei Paripesa Deutschland","isPartOf":{"@id":"https:\/\/paripesa.app\/#website"},"datePublished":"2025-12-03T15:53:21+00:00","dateModified":"2026-01-13T10:07:56+00:00","description":"Setzen Sie Limits, kontrollieren Sie Zeit und Budget und nutzen Sie Hilfsangebote f\u00fcr sicheres und verantwortungsbewusstes Gl\u00fccksspiel in Deutschland.","breadcrumb":{"@id":"https:\/\/paripesa.app\/de\/verantwortungsbewusstes-spielen\/#breadcrumb"},"inLanguage":"de","potentialAction":[{"@type":"ReadAction","target":["https:\/\/paripesa.app\/de\/verantwortungsbewusstes-spielen\/"]}]},{"@type":"WebSite","@id":"https:\/\/paripesa.app\/#website","url":"https:\/\/paripesa.app\/","name":"paripesa","description":"Paripesa App download","publisher":{"@id":"https:\/\/paripesa.app\/#organization"},"potentialAction":[],"inLanguage":"de"},{"@type":"Organization","@id":"https:\/\/paripesa.app\/#organization","name":"paripesa","url":"https:\/\/paripesa.app\/","logo":{"@type":"ImageObject","inLanguage":"de","@id":"https:\/\/paripesa.app\/#\/schema\/logo\/image\/","url":"https:\/\/paripesa.app\/wp-content\/uploads\/2024\/10\/cropped-logo.png","contentUrl":"https:\/\/paripesa.app\/wp-content\/uploads\/2024\/10\/cropped-logo.png","width":281,"height":44,"caption":"paripesa"},"image":{"@id":"https:\/\/paripesa.app\/#\/schema\/logo\/image\/"}}]}},"_links":{"self":[{"href":"https:\/\/paripesa.app\/de\/wp-json\/wp\/v2\/pages\/5451","targetHints":{"allow":["GET"]}}],"collection":[{"href":"https:\/\/paripesa.app\/de\/wp-json\/wp\/v2\/pages"}],"about":[{"href":"https:\/\/paripesa.app\/de\/wp-json\/wp\/v2\/types\/page"}],"author":[{"embeddable":true,"href":"https:\/\/paripesa.app\/de\/wp-json\/wp\/v2\/users\/1"}],"replies":[{"embeddable":true,"href":"https:\/\/paripesa.app\/de\/wp-json\/wp\/v2\/comments?post=5451"}],"version-history":[{"count":3,"href":"https:\/\/paripesa.app\/de\/wp-json\/wp\/v2\/pages\/5451\/revisions"}],"predecessor-version":[{"id":5703,"href":"https:\/\/paripesa.app\/de\/wp-json\/wp\/v2\/pages\/5451\/revisions\/5703"}],"wp:attachment":[{"href":"https:\/\/paripesa.app\/de\/wp-json\/wp\/v2\/media?parent=5451"}],"curies":[{"name":"wp","href":"https:\/\/api.w.org\/{rel}","templated":true}]}}