{"id":5361,"date":"2025-12-03T17:19:16","date_gmt":"2025-12-03T16:19:16","guid":{"rendered":"https:\/\/paripesa.app\/affiliate-program\/"},"modified":"2026-01-13T11:10:02","modified_gmt":"2026-01-13T10:10:02","slug":"allgemeine-geschaeftsbedingungen","status":"publish","type":"page","link":"https:\/\/paripesa.app\/de\/allgemeine-geschaeftsbedingungen\/","title":{"rendered":"Allgemeine-Gesch\u00e4ftsbedingungen"},"content":{"rendered":"\n<h1 class=\"wp-block-heading\">\ud83d\udcbc<a href=\"Paripesa-Affiliate-Programm: Jetzt Paripesa Partners beitreten und online verdienen\">Paripesa-Affiliate-Programm: Jetzt Paripesa Partners beitreten und online verdienen<br><\/a><\/h1>\n\n\n\n<p>Das Paripesa-Affiliate-Programm ist eine hervorragende Chance f\u00fcr alle, die durch die Bewerbung einer vertrauensw\u00fcrdigen Online-Marke ein passives Einkommen erzielen m\u00f6chten. Egal ob Blogger, Influencer oder Digital Marketer \u2013 das Programm bietet flexible Provisionsmodelle, Echtzeit-Tracking und professionelle Werbemittel, mit denen Sie Ihre Reichweite und Einnahmen einfacher steigern k\u00f6nnen.<\/p>\n\n\n\n<div class=\"wp-block-buttons is-content-justification-center is-layout-flex wp-container-core-buttons-is-layout-16018d1d wp-block-buttons-is-layout-flex\">\n<div class=\"wp-block-button\"><a class=\"wp-block-button__link wp-element-button\" href=\"https:\/\/combodef.com\/L?tag=d_4824720m_147506c_&#038;site=4824720&#038;ad=147506\">Jetzt beitreten<\/a><\/div>\n<\/div>\n\n\n\n<p>Paripesa Partners bietet Ihnen alles, was Sie f\u00fcr den Erfolg brauchen \u2013 von detaillierten Analysen \u00fcber Paripesa Global bis hin zu pers\u00f6nlichem Support und schnellen Auszahlungen. Nach der Registrierung erhalten Sie einen individuellen Affiliate-Link, den Sie auf all Ihren Plattformen teilen k\u00f6nnen. Wenn sich Nutzer \u00fcber Ihren Link anmelden, verdienen Sie Provisionen basierend auf ihrer Aktivit\u00e4t. Mit leistungsbasierten Pr\u00e4mien und mehreren Auszahlungsm\u00f6glichkeiten ist das eine clevere M\u00f6glichkeit, Ihre Online-Pr\u00e4senz zu monetarisieren.<\/p>\n","protected":false},"excerpt":{"rendered":"<p>\ud83d\udcbcParipesa-Affiliate-Programm: Jetzt Paripesa Partners beitreten und online verdienen Das Paripesa-Affiliate-Programm ist eine hervorragende Chance f\u00fcr alle, die durch die Bewerbung einer vertrauensw\u00fcrdigen Online-Marke ein passives Einkommen erzielen m\u00f6chten. Egal ob Blogger, Influencer oder Digital Marketer \u2013 das Programm bietet flexible Provisionsmodelle, Echtzeit-Tracking und professionelle Werbemittel, mit denen Sie Ihre Reichweite und Einnahmen einfacher steigern k\u00f6nnen. [&hellip;]<\/p>\n","protected":false},"author":1,"featured_media":0,"parent":0,"menu_order":0,"comment_status":"closed","ping_status":"closed","template":"","meta":{"_sitemap_exclude":false,"_sitemap_priority":"","_sitemap_frequency":"","_monsterinsights_skip_tracking":false,"_monsterinsights_sitenote_active":false,"_monsterinsights_sitenote_note":"","_monsterinsights_sitenote_category":0,"footnotes":""},"class_list":["post-5361","page","type-page","status-publish","hentry"],"acf":[],"yoast_head":"<!-- This site is optimized with the Yoast SEO plugin v27.4 - https:\/\/yoast.com\/product\/yoast-seo-wordpress\/ -->\n<title>Paripesa-Affiliate-Programm \u2013 Paripesa Partners beitreten und online verdienen<\/title>\n<meta name=\"description\" content=\"Entdecken Sie das Paripesa-Affiliate-Programm und starten Sie mit Paripesa Partners durch. Profitieren Sie von flexiblen Provisionen, Echtzeit-Tracking und professioneller Unterst\u00fctzung, um Ihr Einkommen gezielt zu steigern.\" \/>\n<meta name=\"robots\" content=\"index, follow, max-snippet:-1, max-image-preview:large, max-video-preview:-1\" \/>\n<meta property=\"og:locale\" content=\"de_DE\" \/>\n<meta property=\"og:type\" content=\"article\" \/>\n<meta property=\"og:url\" content=\"https:\/\/paripesa.app\/de\/allgemeine-geschaeftsbedingungen\/\" \/>\n<meta property=\"article:modified_time\" content=\"2026-01-13T10:10:02+00:00\" \/>\n<meta name=\"twitter:card\" content=\"summary_large_image\" \/>\n<meta name=\"twitter:label1\" content=\"Gesch\u00e4tzte Lesezeit\" \/>\n\t<meta name=\"twitter:data1\" content=\"1\u00a0Minute\" \/>\n<!-- \/ Yoast SEO plugin. -->","yoast_head_json":{"title":"Paripesa-Affiliate-Programm \u2013 Paripesa Partners beitreten und online verdienen","description":"Entdecken Sie das Paripesa-Affiliate-Programm und starten Sie mit Paripesa Partners durch. Profitieren Sie von flexiblen Provisionen, Echtzeit-Tracking und professioneller Unterst\u00fctzung, um Ihr Einkommen gezielt zu steigern.","robots":{"index":"index","follow":"follow","max-snippet":"max-snippet:-1","max-image-preview":"max-image-preview:large","max-video-preview":"max-video-preview:-1"},"og_locale":"de_DE","og_type":"article","og_url":"https:\/\/paripesa.app\/de\/allgemeine-geschaeftsbedingungen\/","article_modified_time":"2026-01-13T10:10:02+00:00","twitter_card":"summary_large_image","twitter_misc":{"Gesch\u00e4tzte Lesezeit":"1\u00a0Minute"},"schema":{"@context":"https:\/\/schema.org","@graph":[{"@type":"WebPage","@id":"https:\/\/paripesa.app\/de\/allgemeine-geschaeftsbedingungen\/","url":"https:\/\/paripesa.app\/de\/allgemeine-geschaeftsbedingungen\/","name":"Paripesa-Affiliate-Programm \u2013 Paripesa Partners beitreten und online verdienen","isPartOf":{"@id":"https:\/\/paripesa.app\/#website"},"datePublished":"2025-12-03T16:19:16+00:00","dateModified":"2026-01-13T10:10:02+00:00","description":"Entdecken Sie das Paripesa-Affiliate-Programm und starten Sie mit Paripesa Partners durch. Profitieren Sie von flexiblen Provisionen, Echtzeit-Tracking und professioneller Unterst\u00fctzung, um Ihr Einkommen gezielt zu steigern.","breadcrumb":{"@id":"https:\/\/paripesa.app\/de\/allgemeine-geschaeftsbedingungen\/#breadcrumb"},"inLanguage":"de","potentialAction":[{"@type":"ReadAction","target":["https:\/\/paripesa.app\/de\/allgemeine-geschaeftsbedingungen\/"]}]},{"@type":"WebSite","@id":"https:\/\/paripesa.app\/#website","url":"https:\/\/paripesa.app\/","name":"paripesa","description":"Paripesa App download","publisher":{"@id":"https:\/\/paripesa.app\/#organization"},"potentialAction":[],"inLanguage":"de"},{"@type":"Organization","@id":"https:\/\/paripesa.app\/#organization","name":"paripesa","url":"https:\/\/paripesa.app\/","logo":{"@type":"ImageObject","inLanguage":"de","@id":"https:\/\/paripesa.app\/#\/schema\/logo\/image\/","url":"https:\/\/paripesa.app\/wp-content\/uploads\/2024\/10\/cropped-logo.png","contentUrl":"https:\/\/paripesa.app\/wp-content\/uploads\/2024\/10\/cropped-logo.png","width":281,"height":44,"caption":"paripesa"},"image":{"@id":"https:\/\/paripesa.app\/#\/schema\/logo\/image\/"}}]}},"_links":{"self":[{"href":"https:\/\/paripesa.app\/de\/wp-json\/wp\/v2\/pages\/5361","targetHints":{"allow":["GET"]}}],"collection":[{"href":"https:\/\/paripesa.app\/de\/wp-json\/wp\/v2\/pages"}],"about":[{"href":"https:\/\/paripesa.app\/de\/wp-json\/wp\/v2\/types\/page"}],"author":[{"embeddable":true,"href":"https:\/\/paripesa.app\/de\/wp-json\/wp\/v2\/users\/1"}],"replies":[{"embeddable":true,"href":"https:\/\/paripesa.app\/de\/wp-json\/wp\/v2\/comments?post=5361"}],"version-history":[{"count":3,"href":"https:\/\/paripesa.app\/de\/wp-json\/wp\/v2\/pages\/5361\/revisions"}],"predecessor-version":[{"id":5708,"href":"https:\/\/paripesa.app\/de\/wp-json\/wp\/v2\/pages\/5361\/revisions\/5708"}],"wp:attachment":[{"href":"https:\/\/paripesa.app\/de\/wp-json\/wp\/v2\/media?parent=5361"}],"curies":[{"name":"wp","href":"https:\/\/api.w.org\/{rel}","templated":true}]}}